{"id":10,"date":"2012-03-21T16:12:38","date_gmt":"2012-03-21T16:12:38","guid":{"rendered":"http:\/\/blog.cofan.es\/master\/?page_id=10"},"modified":"2016-12-30T12:24:50","modified_gmt":"2016-12-30T12:24:50","slug":"empresa","status":"publish","type":"page","link":"https:\/\/blog.cofan.es\/sumhyfer\/empresa\/","title":{"rendered":"Empresa"},"content":{"rendered":"<div class=\"wpb-content-wrapper\"><p>[vc_row css_animation=&#8221;&#8221; row_type=&#8221;row&#8221; use_row_as_full_screen_section=&#8221;no&#8221; type=&#8221;full_width&#8221; angled_section=&#8221;no&#8221; text_align=&#8221;left&#8221; background_image_as_pattern=&#8221;without_pattern&#8221;][vc_column width=&#8221;1\/2&#8243;][vc_column_text]<span style=\"color: #000000;\"><strong>Sumhyfer, S.Coop. Especial<\/strong>, es una empresa fundada el 2 de Mayo del 2.012 y aunque es una empresa joven, contamos con una trayectoria profesional y experiencia laboral de m\u00e1s de 12 a\u00f1os en el sector, dedicados a la venta de <strong><em>material de Ferreter\u00eda, Fontaner\u00eda, Hierros, Mallas y Suministros Industriales en General.<\/em><\/strong><\/span><\/p>\n<p><span style=\"color: #000000;\">Nuestras instalaciones est\u00e1n provistas de un amplio aparcamiento en el interior para que nuestros clientes puedan realizar sus compras con toda comodidad.<\/span>[\/vc_column_text][\/vc_column][vc_column width=&#8221;1\/2&#8243;][vc_column_text]<\/p>\n<p style=\"text-align: center;\"><img loading=\"lazy\" decoding=\"async\" class=\"alignnone size-full wp-image-166\" src=\"\/wp-content\/uploads\/sites\/56\/2012\/03\/img-quienes-somos.jpg\" alt=\"img-quienes-somos\" width=\"250\" height=\"180\" srcset=\"https:\/\/blog.cofan.es\/sumhyfer\/wp-content\/uploads\/sites\/56\/2012\/03\/img-quienes-somos.jpg 250w, https:\/\/blog.cofan.es\/sumhyfer\/wp-content\/uploads\/sites\/56\/2012\/03\/img-quienes-somos-70x50.jpg 70w\" sizes=\"auto, (max-width: 250px) 100vw, 250px\" \/><\/p>\n<p>[\/vc_column_text][vc_empty_space height=&#8221;10px&#8221;][\/vc_column][vc_column css=&#8221;.vc_custom_1483100680122{margin-top: 30px !important;margin-bottom: 30px !important;}&#8221;][vc_column_text]<span style=\"color: #000000;\">Nos encontramos en Villanueva de la Serena, Avda. Hern\u00e1n Cort\u00e9s 223 con salida a c\/Bravo Murillo, 100.<\/span>[\/vc_column_text][\/vc_column][\/vc_row][vc_row css_animation=&#8221;&#8221; row_type=&#8221;row&#8221; use_row_as_full_screen_section=&#8221;no&#8221; type=&#8221;full_width&#8221; angled_section=&#8221;no&#8221; text_align=&#8221;left&#8221; background_image_as_pattern=&#8221;without_pattern&#8221;][vc_column][vc_column_text]<iframe loading=\"lazy\" src=\"http:\/\/www.google.es\/maps?f=q&amp;source=s_q&amp;hl=es&amp;geocode=&amp;q=Calle+de+Hern%C3%A1n+Cort%C3%A9s,+223,+Villanueva+de+la+Serena&amp;aq=1&amp;oq=Calle+de+Hern%C3%A1n+Cort%C3%A9s,+223,+Villanueva+de+la+Serena&amp;sll=38.976826,-5.793443&amp;sspn=0.009759,0.021136&amp;t=h&amp;ie=UTF8&amp;hq=&amp;hnear=Calle+de+Hern%C3%A1n+Cort%C3%A9s,+223,+06700+Villanueva+de+la+Serena,+Badajoz,+Extremadura&amp;ll=38.976826,-5.793486&amp;spn=0.023354,0.051498&amp;z=14&amp;output=embed\" width=\"100%\" height=\"300\" frameborder=\"0\" marginwidth=\"0\" marginheight=\"0\" scrolling=\"no\"><\/iframe>[\/vc_column_text][\/vc_column][\/vc_row]<\/p>\n<\/div>","protected":false},"excerpt":{"rendered":"<p>[vc_row css_animation=&#8221;&#8221; row_type=&#8221;row&#8221; use_row_as_full_screen_section=&#8221;no&#8221; type=&#8221;full_width&#8221; angled_section=&#8221;no&#8221; text_align=&#8221;left&#8221; background_image_as_pattern=&#8221;without_pattern&#8221;][vc_column width=&#8221;1\/2&#8243;][vc_column_text]Sumhyfer, S.Coop. Especial, es una empresa fundada el 2 de Mayo del 2.012 y aunque es una empresa joven, contamos con una trayectoria profesional y experiencia laboral de m\u00e1s de 12 a\u00f1os en el sector, dedicados a&#8230;<\/p>\n","protected":false},"author":1,"featured_media":0,"parent":0,"menu_order":0,"comment_status":"closed","ping_status":"closed","template":"","meta":{"footnotes":""},"class_list":["post-10","page","type-page","status-publish","hentry"],"_links":{"self":[{"href":"https:\/\/blog.cofan.es\/sumhyfer\/wp-json\/wp\/v2\/pages\/10","targetHints":{"allow":["GET"]}}],"collection":[{"href":"https:\/\/blog.cofan.es\/sumhyfer\/wp-json\/wp\/v2\/pages"}],"about":[{"href":"https:\/\/blog.cofan.es\/sumhyfer\/wp-json\/wp\/v2\/types\/page"}],"author":[{"embeddable":true,"href":"https:\/\/blog.cofan.es\/sumhyfer\/wp-json\/wp\/v2\/users\/1"}],"replies":[{"embeddable":true,"href":"https:\/\/blog.cofan.es\/sumhyfer\/wp-json\/wp\/v2\/comments?post=10"}],"version-history":[{"count":6,"href":"https:\/\/blog.cofan.es\/sumhyfer\/wp-json\/wp\/v2\/pages\/10\/revisions"}],"predecessor-version":[{"id":200,"href":"https:\/\/blog.cofan.es\/sumhyfer\/wp-json\/wp\/v2\/pages\/10\/revisions\/200"}],"wp:attachment":[{"href":"https:\/\/blog.cofan.es\/sumhyfer\/wp-json\/wp\/v2\/media?parent=10"}],"curies":[{"name":"wp","href":"https:\/\/api.w.org\/{rel}","templated":true}]}}