{"id":118,"date":"2013-03-01T10:55:43","date_gmt":"2013-03-01T10:55:43","guid":{"rendered":"http:\/\/blog.cofan.es\/ruizyperez-es\/?page_id=118"},"modified":"2016-12-29T15:30:11","modified_gmt":"2016-12-29T15:30:11","slug":"servicios","status":"publish","type":"page","link":"https:\/\/blog.cofan.es\/ruizyperez\/servicios\/","title":{"rendered":"Servicios"},"content":{"rendered":"<div class=\"wpb-content-wrapper\"><p>[vc_row css_animation=&#8221;&#8221; row_type=&#8221;row&#8221; use_row_as_full_screen_section=&#8221;no&#8221; type=&#8221;full_width&#8221; angled_section=&#8221;no&#8221; text_align=&#8221;left&#8221; background_image_as_pattern=&#8221;without_pattern&#8221;][vc_column][vc_column_text]<\/p>\n<h4><span style=\"color: #ea5b0c;\">Servicios<\/span><\/h4>\n<p>[\/vc_column_text][\/vc_column][\/vc_row][vc_row css_animation=&#8221;&#8221; row_type=&#8221;row&#8221; use_row_as_full_screen_section=&#8221;no&#8221; type=&#8221;full_width&#8221; angled_section=&#8221;no&#8221; text_align=&#8221;left&#8221; background_image_as_pattern=&#8221;without_pattern&#8221; css=&#8221;.vc_custom_1483025381954{margin-top: 50px !important;}&#8221;][vc_column][vc_column_text]<\/p>\n<h4><span style=\"color: #ea5b0c;\">Cami\u00f3n gr\u00faa<\/span><\/h4>\n<p>[\/vc_column_text][vc_row_inner row_type=&#8221;row&#8221; type=&#8221;full_width&#8221; text_align=&#8221;left&#8221; css_animation=&#8221;&#8221;][vc_column_inner width=&#8221;1\/4&#8243;][vc_column_text]<img loading=\"lazy\" decoding=\"async\" class=\"size-full wp-image-258 aligncenter\" src=\"\/wp-content\/uploads\/sites\/104\/2013\/03\/camion-grua.png\" alt=\"camion-grua\" width=\"250\" height=\"143\" \/>[\/vc_column_text][vc_empty_space height=&#8221;10px&#8221;][\/vc_column_inner][vc_column_inner width=&#8221;3\/4&#8243;][vc_column_text]<span style=\"color: #000000;\">En <strong>Ruiz y P\u00e9rez<\/strong> disponemos de un cami\u00f3n gr\u00faa para facilitarles el trabajo de una forma c\u00f3moda y sencilla.<\/span>[\/vc_column_text][vc_empty_space height=&#8221;10px&#8221;][\/vc_column_inner][\/vc_row_inner][\/vc_column][\/vc_row][vc_row css_animation=&#8221;&#8221; row_type=&#8221;row&#8221; use_row_as_full_screen_section=&#8221;no&#8221; type=&#8221;full_width&#8221; angled_section=&#8221;no&#8221; text_align=&#8221;left&#8221; background_image_as_pattern=&#8221;without_pattern&#8221;][vc_column][vc_column_text]<\/p>\n<h4><span style=\"color: #ea5b0c;\">Servicio manitou<\/span><\/h4>\n<p>[\/vc_column_text][vc_row_inner row_type=&#8221;row&#8221; type=&#8221;full_width&#8221; text_align=&#8221;left&#8221; css_animation=&#8221;&#8221;][vc_column_inner width=&#8221;1\/4&#8243;][vc_column_text]<img loading=\"lazy\" decoding=\"async\" class=\"size-full wp-image-259 aligncenter\" src=\"\/wp-content\/uploads\/sites\/104\/2013\/03\/servicio-manitou.png\" alt=\"servicio-manitou\" width=\"250\" height=\"143\" \/>[\/vc_column_text][vc_empty_space height=&#8221;10px&#8221;][\/vc_column_inner][vc_column_inner width=&#8221;3\/4&#8243;][vc_column_text]<span style=\"color: #000000;\">Dentro de todos los servicios que ofrecemos, ponemos a tu disposici\u00f3n un servicio de manitou.<\/span>[\/vc_column_text][vc_empty_space height=&#8221;10px&#8221;][\/vc_column_inner][\/vc_row_inner][\/vc_column][\/vc_row]<\/p>\n<\/div>","protected":false},"excerpt":{"rendered":"<p>[vc_row css_animation=&#8221;&#8221; row_type=&#8221;row&#8221; use_row_as_full_screen_section=&#8221;no&#8221; type=&#8221;full_width&#8221; angled_section=&#8221;no&#8221; text_align=&#8221;left&#8221; background_image_as_pattern=&#8221;without_pattern&#8221;][vc_column][vc_column_text] Servicios [\/vc_column_text][\/vc_column][\/vc_row][vc_row css_animation=&#8221;&#8221; row_type=&#8221;row&#8221; use_row_as_full_screen_section=&#8221;no&#8221; type=&#8221;full_width&#8221; angled_section=&#8221;no&#8221; text_align=&#8221;left&#8221; background_image_as_pattern=&#8221;without_pattern&#8221; css=&#8221;.vc_custom_1483025381954{margin-top: 50px !important;}&#8221;][vc_column][vc_column_text] Cami\u00f3n gr\u00faa [\/vc_column_text][vc_row_inner row_type=&#8221;row&#8221; type=&#8221;full_width&#8221; text_align=&#8221;left&#8221; css_animation=&#8221;&#8221;][vc_column_inner width=&#8221;1\/4&#8243;][vc_column_text][\/vc_column_text][vc_empty_space height=&#8221;10px&#8221;][\/vc_column_inner][vc_column_inner width=&#8221;3\/4&#8243;][vc_column_text]En Ruiz y P\u00e9rez disponemos de un cami\u00f3n gr\u00faa para facilitarles el trabajo de una forma&#8230;<\/p>\n","protected":false},"author":1,"featured_media":0,"parent":0,"menu_order":0,"comment_status":"closed","ping_status":"closed","template":"","meta":{"footnotes":""},"class_list":["post-118","page","type-page","status-publish","hentry"],"_links":{"self":[{"href":"https:\/\/blog.cofan.es\/ruizyperez\/wp-json\/wp\/v2\/pages\/118","targetHints":{"allow":["GET"]}}],"collection":[{"href":"https:\/\/blog.cofan.es\/ruizyperez\/wp-json\/wp\/v2\/pages"}],"about":[{"href":"https:\/\/blog.cofan.es\/ruizyperez\/wp-json\/wp\/v2\/types\/page"}],"author":[{"embeddable":true,"href":"https:\/\/blog.cofan.es\/ruizyperez\/wp-json\/wp\/v2\/users\/1"}],"replies":[{"embeddable":true,"href":"https:\/\/blog.cofan.es\/ruizyperez\/wp-json\/wp\/v2\/comments?post=118"}],"version-history":[{"count":3,"href":"https:\/\/blog.cofan.es\/ruizyperez\/wp-json\/wp\/v2\/pages\/118\/revisions"}],"predecessor-version":[{"id":273,"href":"https:\/\/blog.cofan.es\/ruizyperez\/wp-json\/wp\/v2\/pages\/118\/revisions\/273"}],"wp:attachment":[{"href":"https:\/\/blog.cofan.es\/ruizyperez\/wp-json\/wp\/v2\/media?parent=118"}],"curies":[{"name":"wp","href":"https:\/\/api.w.org\/{rel}","templated":true}]}}