{"id":10,"date":"2012-03-21T16:12:38","date_gmt":"2012-03-21T16:12:38","guid":{"rendered":"http:\/\/blog.cofan.es\/master\/?page_id=10"},"modified":"2016-12-29T15:18:19","modified_gmt":"2016-12-29T15:18:19","slug":"empresa","status":"publish","type":"page","link":"https:\/\/blog.cofan.es\/ruizyperez\/empresa\/","title":{"rendered":"Empresa"},"content":{"rendered":"<div class=\"wpb-content-wrapper\"><p>[vc_row css_animation=&#8221;&#8221; row_type=&#8221;row&#8221; use_row_as_full_screen_section=&#8221;no&#8221; type=&#8221;full_width&#8221; angled_section=&#8221;no&#8221; text_align=&#8221;left&#8221; background_image_as_pattern=&#8221;without_pattern&#8221;][vc_column][vc_column_text]<\/p>\n<h4><span style=\"color: #ea5b0c;\">Empresa<\/span><\/h4>\n<p>[\/vc_column_text][\/vc_column][\/vc_row][vc_row css_animation=&#8221;&#8221; row_type=&#8221;row&#8221; use_row_as_full_screen_section=&#8221;no&#8221; type=&#8221;full_width&#8221; angled_section=&#8221;no&#8221; text_align=&#8221;left&#8221; background_image_as_pattern=&#8221;without_pattern&#8221; css=&#8221;.vc_custom_1483024680009{margin-top: 30px !important;}&#8221;][vc_column][vc_column_text]<span style=\"color: #000000;\">Somos una empresa familiar dedicada a la venta de materiales de construcci\u00f3n, recientemente hemos inaugurado una ferreter\u00eda para dar mayor y mejor servicio a nuestros clientes.<\/span><\/p>\n<p><span style=\"color: #000000;\">En Villamalea, un pueblo del coraz\u00f3n de la Manchuela, nace hace ya mas de 50 a\u00f1os <strong>Ruiz y P\u00e9rez<\/strong>, una empresa familiar que en sus or\u00edgenes era una fabrica de vigas, bovedillas y bloques, en continua evoluci\u00f3n que demandaba el mercado se fue gestionando hacia la venta al por mayor de materiales de construcci\u00f3n de todo tipo. En nuestra nueva ferreter\u00eda disponemos de todo tipo de material de \u00faltima generaci\u00f3n.<\/span><\/p>\n<p><span style=\"color: #000000;\">El objetivo de la empresa es dar el mejor servicio y calidad hacia sus clientes.<\/span>[\/vc_column_text][\/vc_column][\/vc_row][vc_row css_animation=&#8221;&#8221; row_type=&#8221;row&#8221; use_row_as_full_screen_section=&#8221;no&#8221; type=&#8221;full_width&#8221; angled_section=&#8221;no&#8221; text_align=&#8221;left&#8221; background_image_as_pattern=&#8221;without_pattern&#8221; css=&#8221;.vc_custom_1483024686327{margin-top: 30px !important;}&#8221;][vc_column][vc_column_text]<iframe loading=\"lazy\" class=\"iframe-google-maps\" style=\"border: 0;\" src=\"https:\/\/www.google.com\/maps\/embed?pb=!1m18!1m12!1m3!1d3084.6046683352038!2d-1.595807124195273!3d39.36518828671191!2m3!1f0!2f0!3f0!3m2!1i1024!2i768!4f13.1!3m3!1m2!1s0xd671e9c4ceadfa5%3A0x70a7cced1bd6f74c!2sRonda+la+Paz%2C+1%2C+02270+Villamalea%2C+Albacete!5e0!3m2!1ses!2ses!4v1446108242243\" width=\"100%\" height=\"450\" frameborder=\"0\" allowfullscreen=\"allowfullscreen\"><\/iframe>[\/vc_column_text][\/vc_column][\/vc_row]<\/p>\n<\/div>","protected":false},"excerpt":{"rendered":"<p>[vc_row css_animation=&#8221;&#8221; row_type=&#8221;row&#8221; use_row_as_full_screen_section=&#8221;no&#8221; type=&#8221;full_width&#8221; angled_section=&#8221;no&#8221; text_align=&#8221;left&#8221; background_image_as_pattern=&#8221;without_pattern&#8221;][vc_column][vc_column_text] Empresa [\/vc_column_text][\/vc_column][\/vc_row][vc_row css_animation=&#8221;&#8221; row_type=&#8221;row&#8221; use_row_as_full_screen_section=&#8221;no&#8221; type=&#8221;full_width&#8221; angled_section=&#8221;no&#8221; text_align=&#8221;left&#8221; background_image_as_pattern=&#8221;without_pattern&#8221; css=&#8221;.vc_custom_1483024680009{margin-top: 30px !important;}&#8221;][vc_column][vc_column_text]Somos una empresa familiar dedicada a la venta de materiales de construcci\u00f3n, recientemente hemos inaugurado una ferreter\u00eda para dar mayor y mejor servicio a nuestros clientes&#8230;.<\/p>\n","protected":false},"author":1,"featured_media":0,"parent":0,"menu_order":0,"comment_status":"closed","ping_status":"closed","template":"","meta":{"footnotes":""},"class_list":["post-10","page","type-page","status-publish","hentry"],"_links":{"self":[{"href":"https:\/\/blog.cofan.es\/ruizyperez\/wp-json\/wp\/v2\/pages\/10","targetHints":{"allow":["GET"]}}],"collection":[{"href":"https:\/\/blog.cofan.es\/ruizyperez\/wp-json\/wp\/v2\/pages"}],"about":[{"href":"https:\/\/blog.cofan.es\/ruizyperez\/wp-json\/wp\/v2\/types\/page"}],"author":[{"embeddable":true,"href":"https:\/\/blog.cofan.es\/ruizyperez\/wp-json\/wp\/v2\/users\/1"}],"replies":[{"embeddable":true,"href":"https:\/\/blog.cofan.es\/ruizyperez\/wp-json\/wp\/v2\/comments?post=10"}],"version-history":[{"count":3,"href":"https:\/\/blog.cofan.es\/ruizyperez\/wp-json\/wp\/v2\/pages\/10\/revisions"}],"predecessor-version":[{"id":269,"href":"https:\/\/blog.cofan.es\/ruizyperez\/wp-json\/wp\/v2\/pages\/10\/revisions\/269"}],"wp:attachment":[{"href":"https:\/\/blog.cofan.es\/ruizyperez\/wp-json\/wp\/v2\/media?parent=10"}],"curies":[{"name":"wp","href":"https:\/\/api.w.org\/{rel}","templated":true}]}}