{"id":69,"date":"2012-07-11T16:34:02","date_gmt":"2012-07-11T16:34:02","guid":{"rendered":"http:\/\/blog.cofan.es\/ferreteriaarrebolaalmiron-es\/?page_id=69"},"modified":"2016-12-27T14:26:41","modified_gmt":"2016-12-27T14:26:41","slug":"servicios","status":"publish","type":"page","link":"https:\/\/blog.cofan.es\/repuestosarrebola\/servicios\/","title":{"rendered":"Servicios"},"content":{"rendered":"<div class=\"wpb-content-wrapper\"><p>[vc_row css_animation=&#8221;&#8221; row_type=&#8221;row&#8221; use_row_as_full_screen_section=&#8221;no&#8221; type=&#8221;full_width&#8221; angled_section=&#8221;no&#8221; text_align=&#8221;left&#8221; background_image_as_pattern=&#8221;without_pattern&#8221;][vc_column][vc_column_text]<span style=\"color: #000000;\"><strong>Ferreter\u00eda y Repuestos Arrebola-Almid\u00f3n<\/strong> te ofrece una gran variedad de servicios para satisfacer todas tus necesidades.<\/span>[\/vc_column_text][\/vc_column][vc_column][vc_empty_space height=&#8221;15px&#8221;][\/vc_column][vc_column width=&#8221;1\/2&#8243; css=&#8221;.vc_custom_1482848782029{margin-top: 30px !important;}&#8221;][vc_column_text]<\/p>\n<div>\n<p><span style=\"color: #000000;\">Gracias al completo <strong>stock<\/strong> del que disponemos, lo que necesites lo tendr\u00e1s al momento. Si no fuese as\u00ed, hacemos las gestiones m\u00e1s r\u00e1pidas para conseguir tu <strong>producto<\/strong>.<\/span><\/p>\n<p><span style=\"color: #000000;\">Reparto a talleres de piezas con <strong>reposici\u00f3n urgente<\/strong>.<\/span><\/p>\n<p><span style=\"color: #000000;\">Te colocamos las escobillas del coche, casi sin protestar.<\/span><\/p>\n<p><span style=\"color: #000000;\"><strong>Formaci\u00f3n y explicaci\u00f3n<\/strong> de usos de los productos en el momento de la venta, total <strong>asesoramiento<\/strong> en cada venta.<\/span><\/p>\n<\/div>\n<p>[\/vc_column_text][\/vc_column][vc_column width=&#8221;1\/2&#8243; css=&#8221;.vc_custom_1482848788771{margin-top: 30px !important;}&#8221;][vc_column_text]<img loading=\"lazy\" decoding=\"async\" class=\"alignnone size-full wp-image-203\" src=\"\/wp-content\/uploads\/sites\/51\/2012\/07\/img-serv.jpg\" alt=\"img-serv\" width=\"300\" height=\"308\" srcset=\"https:\/\/blog.cofan.es\/repuestosarrebola\/wp-content\/uploads\/sites\/51\/2012\/07\/img-serv.jpg 300w, https:\/\/blog.cofan.es\/repuestosarrebola\/wp-content\/uploads\/sites\/51\/2012\/07\/img-serv-292x300.jpg 292w, https:\/\/blog.cofan.es\/repuestosarrebola\/wp-content\/uploads\/sites\/51\/2012\/07\/img-serv-36x36.jpg 36w\" sizes=\"auto, (max-width: 300px) 100vw, 300px\" \/>[\/vc_column_text][\/vc_column][\/vc_row]<\/p>\n<\/div>","protected":false},"excerpt":{"rendered":"<p>[vc_row css_animation=&#8221;&#8221; row_type=&#8221;row&#8221; use_row_as_full_screen_section=&#8221;no&#8221; type=&#8221;full_width&#8221; angled_section=&#8221;no&#8221; text_align=&#8221;left&#8221; background_image_as_pattern=&#8221;without_pattern&#8221;][vc_column][vc_column_text]Ferreter\u00eda y Repuestos Arrebola-Almid\u00f3n te ofrece una gran variedad de servicios para satisfacer todas tus necesidades.[\/vc_column_text][\/vc_column][vc_column][vc_empty_space height=&#8221;15px&#8221;][\/vc_column][vc_column width=&#8221;1\/2&#8243; css=&#8221;.vc_custom_1482848782029{margin-top: 30px !important;}&#8221;][vc_column_text] Gracias al completo stock del que disponemos, lo que necesites lo tendr\u00e1s al momento. Si no fuese&#8230;<\/p>\n","protected":false},"author":1,"featured_media":0,"parent":0,"menu_order":0,"comment_status":"closed","ping_status":"closed","template":"","meta":{"footnotes":""},"class_list":["post-69","page","type-page","status-publish","hentry"],"_links":{"self":[{"href":"https:\/\/blog.cofan.es\/repuestosarrebola\/wp-json\/wp\/v2\/pages\/69","targetHints":{"allow":["GET"]}}],"collection":[{"href":"https:\/\/blog.cofan.es\/repuestosarrebola\/wp-json\/wp\/v2\/pages"}],"about":[{"href":"https:\/\/blog.cofan.es\/repuestosarrebola\/wp-json\/wp\/v2\/types\/page"}],"author":[{"embeddable":true,"href":"https:\/\/blog.cofan.es\/repuestosarrebola\/wp-json\/wp\/v2\/users\/1"}],"replies":[{"embeddable":true,"href":"https:\/\/blog.cofan.es\/repuestosarrebola\/wp-json\/wp\/v2\/comments?post=69"}],"version-history":[{"count":5,"href":"https:\/\/blog.cofan.es\/repuestosarrebola\/wp-json\/wp\/v2\/pages\/69\/revisions"}],"predecessor-version":[{"id":216,"href":"https:\/\/blog.cofan.es\/repuestosarrebola\/wp-json\/wp\/v2\/pages\/69\/revisions\/216"}],"wp:attachment":[{"href":"https:\/\/blog.cofan.es\/repuestosarrebola\/wp-json\/wp\/v2\/media?parent=69"}],"curies":[{"name":"wp","href":"https:\/\/api.w.org\/{rel}","templated":true}]}}