{"id":6,"date":"2012-03-21T16:10:33","date_gmt":"2012-03-21T16:10:33","guid":{"rendered":"http:\/\/blog.cofan.es\/master\/?page_id=5"},"modified":"2024-09-05T09:50:39","modified_gmt":"2024-09-05T09:50:39","slug":"inicio","status":"publish","type":"page","link":"https:\/\/blog.cofan.es\/repuestosarrebola\/","title":{"rendered":"Inicio"},"content":{"rendered":"<div class=\"wpb-content-wrapper\"><p>[vc_row css_animation=&#8221;&#8221; row_type=&#8221;row&#8221; use_row_as_full_screen_section=&#8221;no&#8221; type=&#8221;full_width&#8221; angled_section=&#8221;no&#8221; text_align=&#8221;left&#8221; background_image_as_pattern=&#8221;without_pattern&#8221; css=&#8221;.vc_custom_1482848362395{margin-bottom: 40px !important;}&#8221;][vc_column][rev_slider_vc alias=&#8221;slider1&#8243;][vc_column_text css=&#8221;.vc_custom_1482848138837{margin-top: 20px !important;}&#8221;]<\/p>\n<p style=\"text-align: center;\"><span style=\"color: #000000;\"><strong>Somos una empresa cercana, con un gran surtido de art\u00edculos para ferreter\u00eda y que dispone del mejor servicio y surtido en repuestos de automoci\u00f3n de la zona.<\/strong><\/span><\/p>\n<p>[\/vc_column_text][\/vc_column][\/vc_row][vc_row css_animation=&#8221;&#8221; row_type=&#8221;row&#8221; use_row_as_full_screen_section=&#8221;no&#8221; type=&#8221;full_width&#8221; angled_section=&#8221;no&#8221; text_align=&#8221;left&#8221; background_image_as_pattern=&#8221;without_pattern&#8221;][vc_column width=&#8221;1\/2&#8243;][vc_column_text css=&#8221;&#8221;]<\/p>\n<p style=\"text-align: center;\"><strong><a href=\"\/productos\/\">Productos<\/a><\/strong><\/p>\n<p style=\"text-align: center;\"><a href=\"\/productos\/\"><img loading=\"lazy\" decoding=\"async\" class=\"alignnone size-full wp-image-192\" src=\"\/wp-content\/uploads\/sites\/51\/2024\/09\/PRODUCTOS_160x170.jpg\" alt=\"productos2\" width=\"160\" height=\"170\" \/><\/a><\/p>\n<p>[\/vc_column_text][\/vc_column][vc_column width=&#8221;1\/2&#8243;][vc_column_text css=&#8221;&#8221;]<\/p>\n<p style=\"text-align: center;\"><strong><a href=\"\/servicios\/\">Servicios<\/a><\/strong><\/p>\n<p style=\"text-align: center;\"><a href=\"\/servicios\/\"><img loading=\"lazy\" decoding=\"async\" class=\"alignnone size-full wp-image-193\" src=\"\/wp-content\/uploads\/sites\/51\/2024\/09\/SERVICIOS_160x170.jpg\" alt=\"servicios2\" width=\"160\" height=\"170\" \/><\/a><\/p>\n<p>[\/vc_column_text][\/vc_column][vc_column][vc_empty_space height=&#8221;10px&#8221;][\/vc_column][vc_column width=&#8221;1\/2&#8243;][vc_column_text]<\/p>\n<p style=\"text-align: center;\"><strong><a href=\"\/empresa\/\">\u00bfQui\u00e9nes somos?<\/a><\/strong><\/p>\n<p style=\"text-align: center;\"><a href=\"\/empresa\/\"><img loading=\"lazy\" decoding=\"async\" class=\"alignnone size-full wp-image-195\" src=\"\/wp-content\/uploads\/sites\/51\/2012\/03\/quienesomos2.png\" alt=\"quienesomos2\" width=\"160\" height=\"170\" \/><\/a><\/p>\n<p>[\/vc_column_text][\/vc_column][vc_column width=&#8221;1\/2&#8243;][vc_column_text css=&#8221;&#8221;]<\/p>\n<p style=\"text-align: center;\"><strong><a href=\"\/contacto\/\">Cont\u00e1ctanos<\/a><\/strong><\/p>\n<p style=\"text-align: center;\"><a href=\"\/contacto\/\"><img loading=\"lazy\" decoding=\"async\" class=\"alignnone size-full wp-image-196\" src=\"\/wp-content\/uploads\/sites\/51\/2024\/09\/CONTACTENOS_160x170.jpg\" alt=\"contacta2\" width=\"160\" height=\"170\" \/><\/a><\/p>\n<p>[\/vc_column_text][\/vc_column][\/vc_row][vc_row css_animation=&#8221;&#8221; row_type=&#8221;row&#8221; use_row_as_full_screen_section=&#8221;no&#8221; type=&#8221;full_width&#8221; angled_section=&#8221;no&#8221; text_align=&#8221;left&#8221; background_image_as_pattern=&#8221;without_pattern&#8221; css=&#8221;.vc_custom_1526025908304{margin-top: 40px !important;margin-bottom: 40px !important;}&#8221;][vc_column][vc_column_text css=&#8221;&#8221;]<a href=\"https:\/\/www.cofan.es\/es\/privatearea\/login\/387gungiw\/\" target=\"_blank\" rel=\"noopener\"><br \/>\n<img loading=\"lazy\" decoding=\"async\" class=\"alignnone size-full\" src=\"\/wp-content\/uploads\/sites\/51\/2024\/09\/banner-cofan-nuevo.jpg\" alt=\"Compra Online Cofan\" width=\"1200\" height=\"200\" \/><br \/>\n<\/a>[\/vc_column_text][\/vc_column][\/vc_row]<\/p>\n<\/div>","protected":false},"excerpt":{"rendered":"<p>[vc_row css_animation=&#8221;&#8221; row_type=&#8221;row&#8221; use_row_as_full_screen_section=&#8221;no&#8221; type=&#8221;full_width&#8221; angled_section=&#8221;no&#8221; text_align=&#8221;left&#8221; background_image_as_pattern=&#8221;without_pattern&#8221; css=&#8221;.vc_custom_1482848362395{margin-bottom: 40px !important;}&#8221;][vc_column][rev_slider_vc alias=&#8221;slider1&#8243;][vc_column_text css=&#8221;.vc_custom_1482848138837{margin-top: 20px !important;}&#8221;] Somos una empresa cercana, con un gran surtido de art\u00edculos para ferreter\u00eda y que dispone del mejor servicio y surtido en repuestos de automoci\u00f3n de la zona. [\/vc_column_text][\/vc_column][\/vc_row][vc_row css_animation=&#8221;&#8221; row_type=&#8221;row&#8221;&#8230;<\/p>\n","protected":false},"author":1,"featured_media":0,"parent":0,"menu_order":0,"comment_status":"closed","ping_status":"closed","template":"","meta":{"footnotes":""},"class_list":["post-6","page","type-page","status-publish","hentry"],"_links":{"self":[{"href":"https:\/\/blog.cofan.es\/repuestosarrebola\/wp-json\/wp\/v2\/pages\/6","targetHints":{"allow":["GET"]}}],"collection":[{"href":"https:\/\/blog.cofan.es\/repuestosarrebola\/wp-json\/wp\/v2\/pages"}],"about":[{"href":"https:\/\/blog.cofan.es\/repuestosarrebola\/wp-json\/wp\/v2\/types\/page"}],"author":[{"embeddable":true,"href":"https:\/\/blog.cofan.es\/repuestosarrebola\/wp-json\/wp\/v2\/users\/1"}],"replies":[{"embeddable":true,"href":"https:\/\/blog.cofan.es\/repuestosarrebola\/wp-json\/wp\/v2\/comments?post=6"}],"version-history":[{"count":14,"href":"https:\/\/blog.cofan.es\/repuestosarrebola\/wp-json\/wp\/v2\/pages\/6\/revisions"}],"predecessor-version":[{"id":248,"href":"https:\/\/blog.cofan.es\/repuestosarrebola\/wp-json\/wp\/v2\/pages\/6\/revisions\/248"}],"wp:attachment":[{"href":"https:\/\/blog.cofan.es\/repuestosarrebola\/wp-json\/wp\/v2\/media?parent=6"}],"curies":[{"name":"wp","href":"https:\/\/api.w.org\/{rel}","templated":true}]}}