{"id":14,"date":"2012-03-21T16:13:57","date_gmt":"2012-03-21T16:13:57","guid":{"rendered":"http:\/\/blog.cofan.es\/master\/?page_id=14"},"modified":"2016-12-27T14:25:27","modified_gmt":"2016-12-27T14:25:27","slug":"productos","status":"publish","type":"page","link":"https:\/\/blog.cofan.es\/repuestosarrebola\/productos\/","title":{"rendered":"Productos"},"content":{"rendered":"<div class=\"wpb-content-wrapper\"><p>[vc_row css_animation=&#8221;&#8221; row_type=&#8221;row&#8221; use_row_as_full_screen_section=&#8221;no&#8221; type=&#8221;full_width&#8221; angled_section=&#8221;no&#8221; text_align=&#8221;left&#8221; background_image_as_pattern=&#8221;without_pattern&#8221;][vc_column][vc_column_text]<span style=\"color: #000000;\"><strong>Ferreter\u00eda y Repuestos Arrebola-Almid\u00f3n<\/strong> pone a tu disposici\u00f3n una amplia gama y variedad de productos para satisfacer todas tus necesidades.<\/span>[\/vc_column_text][\/vc_column][vc_column width=&#8221;1\/2&#8243; background_image=&#8221;&#8221; css=&#8221;.vc_custom_1482848707238{margin-top: 30px !important;}&#8221;][vc_column_text]<\/p>\n<div>\n<ul>\n<li><span style=\"color: #000000;\">Amplio surtido de torniller\u00eda<\/span><\/li>\n<li><span style=\"color: #000000;\">Droguer\u00eda y limpieza<\/span><\/li>\n<li><span style=\"color: #000000;\">Art\u00edculos de belleza y hogar<\/span><\/li>\n<li><span style=\"color: #000000;\">Menaje<\/span><\/li>\n<li><span style=\"color: #000000;\">Filtros y aceites para motores<\/span><\/li>\n<li><span style=\"color: #000000;\">Herramienta manual<\/span><\/li>\n<li><span style=\"color: #000000;\">Herramienta neum\u00e1tica<\/span><\/li>\n<\/ul>\n<\/div>\n<p>[\/vc_column_text][\/vc_column][vc_column width=&#8221;1\/2&#8243; background_image=&#8221;&#8221; css=&#8221;.vc_custom_1482848712468{margin-top: 30px !important;}&#8221;][vc_column_text]<\/p>\n<div>\n<ul>\n<li><span style=\"color: #000000;\">Herramienta el\u00e9ctrica<\/span><\/li>\n<li><span style=\"color: #000000;\">Juntas y retenes<\/span><\/li>\n<li><span style=\"color: #000000;\">Embragues y frenos<\/span><\/li>\n<li><span style=\"color: #000000;\">Electricidad<\/span><\/li>\n<li><span style=\"color: #000000;\">Qu\u00edmicos<\/span><\/li>\n<li><span style=\"color: #000000;\">Protecci\u00f3n laboral<\/span><\/li>\n<\/ul>\n<\/div>\n<p>[\/vc_column_text][\/vc_column][\/vc_row]<\/p>\n<\/div>","protected":false},"excerpt":{"rendered":"<p>[vc_row css_animation=&#8221;&#8221; row_type=&#8221;row&#8221; use_row_as_full_screen_section=&#8221;no&#8221; type=&#8221;full_width&#8221; angled_section=&#8221;no&#8221; text_align=&#8221;left&#8221; background_image_as_pattern=&#8221;without_pattern&#8221;][vc_column][vc_column_text]Ferreter\u00eda y Repuestos Arrebola-Almid\u00f3n pone a tu disposici\u00f3n una amplia gama y variedad de productos para satisfacer todas tus necesidades.[\/vc_column_text][\/vc_column][vc_column width=&#8221;1\/2&#8243; background_image=&#8221;&#8221; css=&#8221;.vc_custom_1482848707238{margin-top: 30px !important;}&#8221;][vc_column_text] Amplio surtido de torniller\u00eda Droguer\u00eda y limpieza Art\u00edculos de belleza y hogar Menaje&#8230;<\/p>\n","protected":false},"author":1,"featured_media":0,"parent":0,"menu_order":0,"comment_status":"closed","ping_status":"closed","template":"","meta":{"footnotes":""},"class_list":["post-14","page","type-page","status-publish","hentry"],"_links":{"self":[{"href":"https:\/\/blog.cofan.es\/repuestosarrebola\/wp-json\/wp\/v2\/pages\/14","targetHints":{"allow":["GET"]}}],"collection":[{"href":"https:\/\/blog.cofan.es\/repuestosarrebola\/wp-json\/wp\/v2\/pages"}],"about":[{"href":"https:\/\/blog.cofan.es\/repuestosarrebola\/wp-json\/wp\/v2\/types\/page"}],"author":[{"embeddable":true,"href":"https:\/\/blog.cofan.es\/repuestosarrebola\/wp-json\/wp\/v2\/users\/1"}],"replies":[{"embeddable":true,"href":"https:\/\/blog.cofan.es\/repuestosarrebola\/wp-json\/wp\/v2\/comments?post=14"}],"version-history":[{"count":2,"href":"https:\/\/blog.cofan.es\/repuestosarrebola\/wp-json\/wp\/v2\/pages\/14\/revisions"}],"predecessor-version":[{"id":215,"href":"https:\/\/blog.cofan.es\/repuestosarrebola\/wp-json\/wp\/v2\/pages\/14\/revisions\/215"}],"wp:attachment":[{"href":"https:\/\/blog.cofan.es\/repuestosarrebola\/wp-json\/wp\/v2\/media?parent=14"}],"curies":[{"name":"wp","href":"https:\/\/api.w.org\/{rel}","templated":true}]}}