{"id":6,"date":"2012-03-21T16:10:33","date_gmt":"2012-03-21T16:10:33","guid":{"rendered":"http:\/\/blog.cofan.es\/master\/?page_id=5"},"modified":"2020-10-29T12:03:51","modified_gmt":"2020-10-29T12:03:51","slug":"inicio","status":"publish","type":"page","link":"https:\/\/blog.cofan.es\/onufer\/","title":{"rendered":"Inicio"},"content":{"rendered":"<div class=\"wpb-content-wrapper\"><p>[vc_row css_animation=&#8221;&#8221; row_type=&#8221;row&#8221; use_row_as_full_screen_section=&#8221;no&#8221; type=&#8221;full_width&#8221; angled_section=&#8221;no&#8221; text_align=&#8221;left&#8221; background_image_as_pattern=&#8221;without_pattern&#8221;][vc_column][vc_column_text]<script>function cerraraviso() {\n document.getElementById(\"aviso\").style.display=\"none\";\n}<\/script>[\/vc_column_text][\/vc_column][\/vc_row][vc_row css_animation=&#8221;&#8221; row_type=&#8221;row&#8221; use_row_as_full_screen_section=&#8221;no&#8221; type=&#8221;full_width&#8221; angled_section=&#8221;no&#8221; text_align=&#8221;left&#8221; background_image_as_pattern=&#8221;without_pattern&#8221;][vc_column][rev_slider_vc alias=&#8221;slider1&#8243;][\/vc_column][\/vc_row][vc_row css_animation=&#8221;&#8221; row_type=&#8221;row&#8221; use_row_as_full_screen_section=&#8221;no&#8221; type=&#8221;full_width&#8221; angled_section=&#8221;no&#8221; text_align=&#8221;left&#8221; background_image_as_pattern=&#8221;without_pattern&#8221; css=&#8221;.vc_custom_1482997062943{margin-top: 30px !important;}&#8221;][vc_column width=&#8221;1\/2&#8243;][vc_column_text]<\/p>\n<p style=\"text-align: center;\"><img loading=\"lazy\" decoding=\"async\" class=\"alignnone size-full wp-image-297\" src=\"\/wp-content\/uploads\/sites\/115\/2012\/03\/nueva-web.png\" alt=\"nueva-web\" width=\"229\" height=\"172\" \/><\/p>\n<p>[\/vc_column_text][vc_empty_space height=&#8221;10px&#8221;][\/vc_column][vc_column width=&#8221;1\/2&#8243;][vc_column_text]<\/p>\n<h3><span style=\"color: #033e7d;\">\u00a1Bienvenidos a nuestro nuevo sitio web!<\/span><\/h3>\n<hr \/>\n<p>[\/vc_column_text][vc_column_text]Nos complace informarles del lanzamiento de nuestro nuevo sitio web. Despu\u00e9s de mucho tiempo trabajando, Onufer abre sus puertas a trav\u00e9s de Internet. Desde aqu\u00ed podr\u00e9is seguir todas nuestras novedades, productos en promoci\u00f3n y todas aquellas noticias referentes al sector.[\/vc_column_text][vc_empty_space height=&#8221;10px&#8221;][\/vc_column][\/vc_row][vc_row css_animation=&#8221;&#8221; row_type=&#8221;row&#8221; use_row_as_full_screen_section=&#8221;no&#8221; type=&#8221;full_width&#8221; angled_section=&#8221;no&#8221; text_align=&#8221;left&#8221; background_image_as_pattern=&#8221;without_pattern&#8221; css=&#8221;.vc_custom_1482997083308{margin-top: 30px !important;}&#8221;][vc_column][vc_column_text el_class=&#8221;title_productos&#8221;]<\/p>\n<h3 style=\"text-align: center;\"><span style=\"color: #0060a2;\">PRODUCTOS Y SERVICIOS DE ONUFER<\/span><\/h3>\n<hr \/>\n<p>[\/vc_column_text][vc_row_inner row_type=&#8221;row&#8221; type=&#8221;full_width&#8221; text_align=&#8221;left&#8221; css_animation=&#8221;&#8221; css=&#8221;.vc_custom_1482997099864{margin-top: 15px !important;}&#8221;][vc_column_inner width=&#8221;1\/2&#8243;][vc_column_text]<\/p>\n<h4><span style=\"color: #0060a2;\">Atenci\u00f3n Personalizada<\/span><\/h4>\n<p>[\/vc_column_text][vc_column_text css=&#8221;.vc_custom_1482997122891{margin-top: 15px !important;}&#8221;]<img loading=\"lazy\" decoding=\"async\" class=\"size-full wp-image-298 aligncenter\" src=\"\/wp-content\/uploads\/sites\/115\/2012\/03\/atencion-personalizada.png\" alt=\"atencion-personalizada\" width=\"129\" height=\"87\" \/>[\/vc_column_text][vc_column_text css=&#8221;.vc_custom_1482997460158{margin-top: 15px !important;}&#8221;]<\/p>\n<p style=\"text-align: left;\"><span style=\"color: #000000;\">Todo tipo de servicios para satisfacer tus necesidades. Atenci\u00f3n personalizada, si algo no lo encuentra se lo buscamos. Contacte con nosotros.<\/span><\/p>\n<p>[\/vc_column_text][vc_empty_space height=&#8221;10px&#8221;][\/vc_column_inner][vc_column_inner width=&#8221;1\/2&#8243;][vc_column_text]<\/p>\n<h4><span style=\"color: #0060a2;\">Todo en Ferreter\u00eda y Suministros Industriales<\/span><\/h4>\n<p>[\/vc_column_text][vc_column_text css=&#8221;.vc_custom_1482997129766{margin-top: 15px !important;}&#8221;]<\/p>\n<p style=\"text-align: center;\"><img loading=\"lazy\" decoding=\"async\" class=\"alignnone size-full wp-image-299\" src=\"\/wp-content\/uploads\/sites\/115\/2012\/03\/img-ferre-brico.png\" alt=\"img-ferre-brico\" width=\"129\" height=\"87\" \/><\/p>\n<p>[\/vc_column_text][vc_column_text css=&#8221;.vc_custom_1482997156919{margin-top: 15px !important;}&#8221;]<span style=\"color: #000000;\">Ponemos a tu disposici\u00f3n una gran variedad de productos para satisfacer todas tus necesidades. Encuentra aqu\u00ed todo lo que necesitas.<\/span>[\/vc_column_text][vc_empty_space height=&#8221;10px&#8221;][\/vc_column_inner][\/vc_row_inner][vc_row_inner row_type=&#8221;row&#8221; type=&#8221;full_width&#8221; text_align=&#8221;left&#8221; css_animation=&#8221;&#8221; css=&#8221;.vc_custom_1482997165334{margin-top: 30px !important;}&#8221;][vc_column_inner width=&#8221;1\/3&#8243;][vc_column_text]<\/p>\n<h4 style=\"text-align: center;\"><span style=\"color: #0060a2;\">Suministros<\/span><\/h4>\n<p>[\/vc_column_text][vc_column_text]<span style=\"color: #000000;\">Aqu\u00ed podr\u00e1 encontrar toda la informaci\u00f3n sobre nuestros productos.<\/span>[\/vc_column_text][vc_column_text css=&#8221;.vc_custom_1482997247606{margin-top: 15px !important;}&#8221;]<\/p>\n<p style=\"text-align: center;\"><img loading=\"lazy\" decoding=\"async\" class=\"alignnone size-full wp-image-300\" src=\"\/wp-content\/uploads\/sites\/115\/2012\/03\/productos-onufer.png\" alt=\"productos-onufer\" width=\"195\" height=\"89\" \/><\/p>\n<p>[\/vc_column_text][vc_empty_space height=&#8221;10px&#8221;][\/vc_column_inner][vc_column_inner width=&#8221;1\/3&#8243;][vc_column_text]<\/p>\n<h4 style=\"text-align: center;\"><span style=\"color: #0060a2;\">Alquiler<\/span><\/h4>\n<p>[\/vc_column_text][vc_column_text]<span style=\"color: #000000;\">Servicio de alquiler de todo tipo de maquinaria. Entra y descubre todos nuestros servicios.<\/span>[\/vc_column_text][vc_column_text css=&#8221;.vc_custom_1482997253999{margin-top: 15px !important;}&#8221;]<\/p>\n<p style=\"text-align: center;\"><a href=\"\/servicios\/\"><img loading=\"lazy\" decoding=\"async\" class=\"alignnone size-full wp-image-301\" src=\"\/wp-content\/uploads\/sites\/115\/2012\/03\/servicios-onufer.png\" alt=\"servicios-onufer\" width=\"195\" height=\"89\" \/><\/a><\/p>\n<p>[\/vc_column_text][vc_empty_space height=&#8221;10px&#8221;][\/vc_column_inner][vc_column_inner width=&#8221;1\/3&#8243;][vc_column_text]<\/p>\n<h4 style=\"text-align: center;\"><span style=\"color: #0060a2;\">Contacto<\/span><\/h4>\n<p>[\/vc_column_text][vc_column_text]<span style=\"color: #000000;\">Contamos con personal cualificado para resolver cualquier duda que tengas.<\/span>[\/vc_column_text][vc_column_text css=&#8221;.vc_custom_1482997260637{margin-top: 15px !important;}&#8221;]<\/p>\n<p style=\"text-align: center;\"><a href=\"\/contacto\/\"><img loading=\"lazy\" decoding=\"async\" class=\"alignnone size-full wp-image-302\" src=\"\/wp-content\/uploads\/sites\/115\/2012\/03\/contacto-onufer.png\" alt=\"contacto-onufer\" width=\"195\" height=\"89\" \/><\/a><\/p>\n<p>[\/vc_column_text][vc_empty_space height=&#8221;10px&#8221;][\/vc_column_inner][\/vc_row_inner][\/vc_column][\/vc_row][vc_row css_animation=&#8221;&#8221; row_type=&#8221;row&#8221; use_row_as_full_screen_section=&#8221;no&#8221; type=&#8221;full_width&#8221; angled_section=&#8221;no&#8221; text_align=&#8221;left&#8221; background_image_as_pattern=&#8221;without_pattern&#8221;][vc_column][vc_empty_space][\/vc_column][\/vc_row][vc_row css_animation=&#8221;&#8221; row_type=&#8221;row&#8221; use_row_as_full_screen_section=&#8221;no&#8221; type=&#8221;full_width&#8221; angled_section=&#8221;no&#8221; text_align=&#8221;left&#8221; background_image_as_pattern=&#8221;without_pattern&#8221;][vc_column][vc_raw_html][\/vc_raw_html][\/vc_column][\/vc_row]<\/p>\n<\/div>","protected":false},"excerpt":{"rendered":"<p>[vc_row css_animation=&#8221;&#8221; row_type=&#8221;row&#8221; use_row_as_full_screen_section=&#8221;no&#8221; type=&#8221;full_width&#8221; angled_section=&#8221;no&#8221; text_align=&#8221;left&#8221; background_image_as_pattern=&#8221;without_pattern&#8221;][vc_column][vc_column_text][\/vc_column_text][\/vc_column][\/vc_row][vc_row css_animation=&#8221;&#8221; row_type=&#8221;row&#8221; use_row_as_full_screen_section=&#8221;no&#8221; type=&#8221;full_width&#8221; angled_section=&#8221;no&#8221; text_align=&#8221;left&#8221; background_image_as_pattern=&#8221;without_pattern&#8221;][vc_column][rev_slider_vc alias=&#8221;slider1&#8243;][\/vc_column][\/vc_row][vc_row css_animation=&#8221;&#8221; row_type=&#8221;row&#8221; use_row_as_full_screen_section=&#8221;no&#8221; type=&#8221;full_width&#8221; angled_section=&#8221;no&#8221; text_align=&#8221;left&#8221; background_image_as_pattern=&#8221;without_pattern&#8221; css=&#8221;.vc_custom_1482997062943{margin-top: 30px !important;}&#8221;][vc_column width=&#8221;1\/2&#8243;][vc_column_text] [\/vc_column_text][vc_empty_space height=&#8221;10px&#8221;][\/vc_column][vc_column width=&#8221;1\/2&#8243;][vc_column_text] \u00a1Bienvenidos a nuestro nuevo sitio web! [\/vc_column_text][vc_column_text]Nos complace informarles del lanzamiento de nuestro nuevo sitio&#8230;<\/p>\n","protected":false},"author":1,"featured_media":0,"parent":0,"menu_order":0,"comment_status":"closed","ping_status":"closed","template":"","meta":{"footnotes":""},"class_list":["post-6","page","type-page","status-publish","hentry"],"_links":{"self":[{"href":"https:\/\/blog.cofan.es\/onufer\/wp-json\/wp\/v2\/pages\/6","targetHints":{"allow":["GET"]}}],"collection":[{"href":"https:\/\/blog.cofan.es\/onufer\/wp-json\/wp\/v2\/pages"}],"about":[{"href":"https:\/\/blog.cofan.es\/onufer\/wp-json\/wp\/v2\/types\/page"}],"author":[{"embeddable":true,"href":"https:\/\/blog.cofan.es\/onufer\/wp-json\/wp\/v2\/users\/1"}],"replies":[{"embeddable":true,"href":"https:\/\/blog.cofan.es\/onufer\/wp-json\/wp\/v2\/comments?post=6"}],"version-history":[{"count":17,"href":"https:\/\/blog.cofan.es\/onufer\/wp-json\/wp\/v2\/pages\/6\/revisions"}],"predecessor-version":[{"id":388,"href":"https:\/\/blog.cofan.es\/onufer\/wp-json\/wp\/v2\/pages\/6\/revisions\/388"}],"wp:attachment":[{"href":"https:\/\/blog.cofan.es\/onufer\/wp-json\/wp\/v2\/media?parent=6"}],"curies":[{"name":"wp","href":"https:\/\/api.w.org\/{rel}","templated":true}]}}