{"id":14,"date":"2012-03-21T16:13:57","date_gmt":"2012-03-21T16:13:57","guid":{"rendered":"http:\/\/blog.cofan.es\/master\/?page_id=14"},"modified":"2024-09-04T13:54:48","modified_gmt":"2024-09-04T13:54:48","slug":"productos","status":"publish","type":"page","link":"https:\/\/blog.cofan.es\/onufer\/productos\/","title":{"rendered":"Productos"},"content":{"rendered":"<div class=\"wpb-content-wrapper\"><p>[vc_row css_animation=&#8221;&#8221; row_type=&#8221;row&#8221; use_row_as_full_screen_section=&#8221;no&#8221; type=&#8221;full_width&#8221; angled_section=&#8221;no&#8221; text_align=&#8221;left&#8221; background_image_as_pattern=&#8221;without_pattern&#8221;][vc_column][vc_column_text]<span style=\"color: #000000;\"><strong>Onufer<\/strong> pone a tu disposici\u00f3n una gran variedad de productos para satisfacer todas y cada una de tus necesidades.<\/span><\/p>\n<p><span style=\"color: #000000;\">Todo en ferreter\u00eda y suministros industriales, jardiner\u00eda, agricultura, construcci\u00f3n, pinturas, todo para el mantenimiento integral de piscinas, fabricaci\u00f3n de latiguillos hidr\u00e1ulicos y cadenas de motosierras, todo en se\u00f1alizaci\u00f3n y EPI\u2019s, seguridad individual y colectiva, etc&#8230;<\/span>[\/vc_column_text][\/vc_column][\/vc_row][vc_row css_animation=&#8221;&#8221; row_type=&#8221;row&#8221; use_row_as_full_screen_section=&#8221;no&#8221; type=&#8221;full_width&#8221; angled_section=&#8221;no&#8221; text_align=&#8221;left&#8221; background_image_as_pattern=&#8221;without_pattern&#8221; css=&#8221;.vc_custom_1482997751915{margin-top: 30px !important;}&#8221;][vc_column width=&#8221;1\/4&#8243;][vc_column_text css=&#8221;&#8221;]<img loading=\"lazy\" decoding=\"async\" class=\"size-full wp-image-307 aligncenter\" src=\"\/wp-content\/uploads\/sites\/115\/2024\/09\/ferreteria-253.jpg\" alt=\"ferreteria\" width=\"208\" height=\"112\" \/>[\/vc_column_text][vc_column_text]<\/p>\n<h5 style=\"text-align: center;\"><span style=\"color: #000000;\">TODO EN FERRETER\u00cdA<\/span><\/h5>\n<p>[\/vc_column_text][vc_empty_space height=&#8221;10px&#8221;][\/vc_column][vc_column width=&#8221;1\/4&#8243;][vc_column_text css=&#8221;&#8221;]<img loading=\"lazy\" decoding=\"async\" class=\"size-full wp-image-309 aligncenter\" src=\"\/wp-content\/uploads\/sites\/115\/2024\/09\/botas-seguridad-253.jpg\" alt=\"suministros-industriales\" width=\"208\" height=\"112\" \/>[\/vc_column_text][vc_column_text]<\/p>\n<h5 style=\"text-align: center;\"><span style=\"color: #000000;\">SUMINISTROS INDUSTRIALES<\/span><\/h5>\n<p>[\/vc_column_text][vc_empty_space height=&#8221;10px&#8221;][\/vc_column][vc_column width=&#8221;1\/4&#8243;][vc_column_text css=&#8221;&#8221;]<img loading=\"lazy\" decoding=\"async\" class=\"size-full wp-image-310 aligncenter\" src=\"\/wp-content\/uploads\/sites\/115\/2024\/09\/agricolas-electricas-253.jpg\" alt=\"jardineria\" width=\"208\" height=\"112\" \/>[\/vc_column_text][vc_column_text]<\/p>\n<h5 style=\"text-align: center;\"><span style=\"color: #000000;\">JARDINER\u00cdA<\/span><\/h5>\n<p>[\/vc_column_text][vc_empty_space height=&#8221;10px&#8221;][\/vc_column][vc_column width=&#8221;1\/4&#8243;][vc_column_text css=&#8221;&#8221;]<img loading=\"lazy\" decoding=\"async\" class=\"size-full wp-image-311 aligncenter\" src=\"\/wp-content\/uploads\/sites\/115\/2024\/09\/jardineria-253.jpg\" alt=\"agricultura\" width=\"208\" height=\"112\" \/>[\/vc_column_text][vc_column_text]<\/p>\n<h5 style=\"text-align: center;\"><span style=\"color: #000000;\">AGRICULTURA<\/span><\/h5>\n<p>[\/vc_column_text][vc_empty_space height=&#8221;10px&#8221;][\/vc_column][\/vc_row][vc_row css_animation=&#8221;&#8221; row_type=&#8221;row&#8221; use_row_as_full_screen_section=&#8221;no&#8221; type=&#8221;full_width&#8221; angled_section=&#8221;no&#8221; text_align=&#8221;left&#8221; background_image_as_pattern=&#8221;without_pattern&#8221; css=&#8221;.vc_custom_1482997829980{margin-top: 15px !important;}&#8221;][vc_column width=&#8221;1\/3&#8243;][vc_column_text css=&#8221;&#8221;]<\/p>\n<p style=\"text-align: center;\"><img loading=\"lazy\" decoding=\"async\" class=\"alignnone size-full wp-image-313\" src=\"\/wp-content\/uploads\/sites\/115\/2024\/09\/venta-de-hierro-203.jpg\" alt=\"construccion\" width=\"208\" height=\"112\" \/><\/p>\n<p>[\/vc_column_text][vc_column_text]<\/p>\n<h5 style=\"text-align: center;\"><span style=\"color: #000000;\">CONSTRUCCI\u00d3N<\/span><\/h5>\n<p>[\/vc_column_text][vc_empty_space height=&#8221;10px&#8221;][\/vc_column][vc_column width=&#8221;1\/3&#8243;][vc_column_text]<img loading=\"lazy\" decoding=\"async\" class=\"size-full wp-image-314 aligncenter\" src=\"\/wp-content\/uploads\/sites\/115\/2012\/03\/pinturas.jpg\" alt=\"pinturas\" width=\"208\" height=\"112\" \/>[\/vc_column_text][vc_column_text]<\/p>\n<h5 style=\"text-align: center;\"><span style=\"color: #000000;\">PINTURAS<\/span><\/h5>\n<p>[\/vc_column_text][vc_empty_space height=&#8221;10px&#8221;][\/vc_column][vc_column width=&#8221;1\/3&#8243;][vc_column_text css=&#8221;&#8221;]<\/p>\n<p style=\"text-align: center;\"><img loading=\"lazy\" decoding=\"async\" class=\"alignnone size-full wp-image-315\" src=\"\/wp-content\/uploads\/sites\/115\/2024\/09\/productos-para-piscinas.jpg\" alt=\"piscina1\" width=\"208\" height=\"112\" \/>[\/vc_column_text][vc_column_text]<\/p>\n<h5 style=\"text-align: center;\"><span style=\"color: #000000;\">MANTENIMIENTO PISCINAS<\/span><\/h5>\n<p>[\/vc_column_text][vc_empty_space height=&#8221;10px&#8221;][\/vc_column][\/vc_row]<\/p>\n<\/div>","protected":false},"excerpt":{"rendered":"<p>[vc_row css_animation=&#8221;&#8221; row_type=&#8221;row&#8221; use_row_as_full_screen_section=&#8221;no&#8221; type=&#8221;full_width&#8221; angled_section=&#8221;no&#8221; text_align=&#8221;left&#8221; background_image_as_pattern=&#8221;without_pattern&#8221;][vc_column][vc_column_text]Onufer pone a tu disposici\u00f3n una gran variedad de productos para satisfacer todas y cada una de tus necesidades. Todo en ferreter\u00eda y suministros industriales, jardiner\u00eda, agricultura, construcci\u00f3n, pinturas, todo para el mantenimiento integral de piscinas, fabricaci\u00f3n de&#8230;<\/p>\n","protected":false},"author":1,"featured_media":0,"parent":0,"menu_order":0,"comment_status":"closed","ping_status":"closed","template":"","meta":{"footnotes":""},"class_list":["post-14","page","type-page","status-publish","hentry"],"_links":{"self":[{"href":"https:\/\/blog.cofan.es\/onufer\/wp-json\/wp\/v2\/pages\/14","targetHints":{"allow":["GET"]}}],"collection":[{"href":"https:\/\/blog.cofan.es\/onufer\/wp-json\/wp\/v2\/pages"}],"about":[{"href":"https:\/\/blog.cofan.es\/onufer\/wp-json\/wp\/v2\/types\/page"}],"author":[{"embeddable":true,"href":"https:\/\/blog.cofan.es\/onufer\/wp-json\/wp\/v2\/users\/1"}],"replies":[{"embeddable":true,"href":"https:\/\/blog.cofan.es\/onufer\/wp-json\/wp\/v2\/comments?post=14"}],"version-history":[{"count":6,"href":"https:\/\/blog.cofan.es\/onufer\/wp-json\/wp\/v2\/pages\/14\/revisions"}],"predecessor-version":[{"id":399,"href":"https:\/\/blog.cofan.es\/onufer\/wp-json\/wp\/v2\/pages\/14\/revisions\/399"}],"wp:attachment":[{"href":"https:\/\/blog.cofan.es\/onufer\/wp-json\/wp\/v2\/media?parent=14"}],"curies":[{"name":"wp","href":"https:\/\/api.w.org\/{rel}","templated":true}]}}