{"id":6,"date":"2020-02-27T16:13:30","date_gmt":"2020-02-27T16:13:30","guid":{"rendered":"http:\/\/blog.cofan.es\/maquinaria-nino\/?page_id=6"},"modified":"2024-09-04T13:18:42","modified_gmt":"2024-09-04T13:18:42","slug":"inicio","status":"publish","type":"page","link":"https:\/\/blog.cofan.es\/maquinaria-nino\/","title":{"rendered":"Inicio"},"content":{"rendered":"<div class=\"wpb-content-wrapper\"><p>[vc_row css_animation=&#8221;&#8221; row_type=&#8221;row&#8221; use_row_as_full_screen_section=&#8221;no&#8221; type=&#8221;full_width&#8221; angled_section=&#8221;no&#8221; text_align=&#8221;left&#8221; background_image_as_pattern=&#8221;without_pattern&#8221;][vc_column width=&#8221;1\/6&#8243;][\/vc_column][vc_column width=&#8221;2\/3&#8243;][vc_gallery interval=&#8221;3&#8243; images=&#8221;158,157,129,128,127,126,125,124,123,121&#8243; img_size=&#8221;large&#8221; onclick=&#8221;custom_link&#8221; pause_on_hover=&#8221;yes&#8221; custom_links=&#8221;#E-8_aHR0cHMlM0ElMkYlMkZ3d3cuYXNhLWxpZnQuY29tJTJGYXNhbGlmdCUyQ2h0dHBzJTNBJTJGJTJGd3d3LnN0YW5oYXkuY29tJTJGJTJDJTIzJTJDJTIzJTJDJTIzJTJDJTIzJTJDJTIzJTJDJTIzJTJDJTIzJTJDJTIzJTJD&#8221;][\/vc_column][vc_column width=&#8221;1\/6&#8243;][\/vc_column][\/vc_row][vc_row css_animation=&#8221;&#8221; row_type=&#8221;row&#8221; use_row_as_full_screen_section=&#8221;no&#8221; type=&#8221;full_width&#8221; angled_section=&#8221;no&#8221; text_align=&#8221;left&#8221; background_image_as_pattern=&#8221;without_pattern&#8221; z_index=&#8221;&#8221; background_color=&#8221;#ffffff&#8221;][vc_column width=&#8221;1\/6&#8243;][\/vc_column][vc_column width=&#8221;2\/3&#8243;][vc_column_text]<\/p>\n<h1 id=\"titulo\" style=\"text-align: center;\"><span style=\"color: #61993b;\">Maquinaria y Repuestos Agr\u00edcolas Ni\u00f1o<\/span><\/h1>\n<p>[\/vc_column_text][vc_column_text css=&#8221;.vc_custom_1582892263068{margin-top: 30px !important;}&#8221;]<\/p>\n<p class=\"parrafo\" style=\"text-align: center;\">NI\u00d1O, es una empresa que se dedica a la importaci\u00f3n, venta, reparaci\u00f3n y suministro de repuestos para maquinaria agr\u00edcola. Adem\u00e1s de contar con unas instalaciones donde vendemos todo tipo de suministros industriales. Empresa fundada en\u00a0<strong>1986<\/strong>, dedicada a la importaci\u00f3n y venta de maquinaria agr\u00edcola para productos hort\u00edcolas (zanahoria, puerro, etc) Ahora con la segunda generaci\u00f3n al frente, su pol\u00edtica de servicio al cliente se mantiene intacta<\/p>\n<p>[\/vc_column_text][\/vc_column][vc_column width=&#8221;1\/6&#8243;][\/vc_column][\/vc_row][vc_row css_animation=&#8221;&#8221; row_type=&#8221;row&#8221; use_row_as_full_screen_section=&#8221;no&#8221; type=&#8221;full_width&#8221; angled_section=&#8221;no&#8221; text_align=&#8221;left&#8221; background_image_as_pattern=&#8221;without_pattern&#8221;][vc_column][vc_empty_space height=&#8221;50px&#8221;][\/vc_column][\/vc_row][vc_row css_animation=&#8221;&#8221; row_type=&#8221;row&#8221; use_row_as_full_screen_section=&#8221;no&#8221; type=&#8221;full_width&#8221; angled_section=&#8221;no&#8221; text_align=&#8221;left&#8221; background_image_as_pattern=&#8221;without_pattern&#8221;][vc_column width=&#8221;1\/6&#8243;][\/vc_column][vc_column width=&#8221;2\/3&#8243;][vc_row_inner row_type=&#8221;row&#8221; type=&#8221;full_width&#8221; text_align=&#8221;left&#8221; css_animation=&#8221;&#8221;][vc_column_inner width=&#8221;1\/2&#8243;][vc_gallery interval=&#8221;3&#8243; images=&#8221;75,76,77,74&#8243; img_size=&#8221;large&#8221; onclick=&#8221;&#8221;][\/vc_column_inner][vc_column_inner width=&#8221;1\/2&#8243;][vc_column_text]<\/p>\n<p class=\"parrafo\"><strong>Maquinaria y Repuestos Ni\u00f1o<\/strong> le ofrece una amplia gama de maquinaria para la preparaci\u00f3n, siembra y recolecci\u00f3n de sus productos hort\u00edcolas.<\/p>\n<p class=\"parrafo\">Adem\u00e1s de una gran experiencia acumulada durante m\u00e1s de 30 a\u00f1os.<\/p>\n<p class=\"parrafo\">Inf\u00f3rmenos de cu\u00e1l es su cultivo y su necesidad y nosotros le facilitaremos una soluci\u00f3n a su medida.<\/p>\n<p>&nbsp;<\/p>\n<p class=\"parrafo\">Realizamos y reparamos todo tipo de <strong>latiguillos<\/strong> hidr\u00e1ulicos.<\/p>\n<p>[\/vc_column_text][\/vc_column_inner][\/vc_row_inner][\/vc_column][vc_column width=&#8221;1\/6&#8243;][\/vc_column][\/vc_row][vc_row css_animation=&#8221;&#8221; row_type=&#8221;row&#8221; use_row_as_full_screen_section=&#8221;no&#8221; type=&#8221;full_width&#8221; angled_section=&#8221;no&#8221; text_align=&#8221;left&#8221; background_image_as_pattern=&#8221;without_pattern&#8221;][vc_column][vc_column_text]<\/p>\n<h2 style=\"text-align: center;\"><span style=\"color: #61993b;\"><em>distribuidor exclusivo para Espa\u00f1a de Asa-Lift y Stanhay<\/em><\/span><\/h2>\n<p>[\/vc_column_text][\/vc_column][\/vc_row][vc_row css_animation=&#8221;&#8221; row_type=&#8221;row&#8221; use_row_as_full_screen_section=&#8221;no&#8221; type=&#8221;full_width&#8221; angled_section=&#8221;no&#8221; text_align=&#8221;left&#8221; background_image_as_pattern=&#8221;without_pattern&#8221;][vc_column][vc_empty_space height=&#8221;50px&#8221;][\/vc_column][\/vc_row][vc_row css_animation=&#8221;&#8221; row_type=&#8221;row&#8221; use_row_as_full_screen_section=&#8221;no&#8221; type=&#8221;full_width&#8221; angled_section=&#8221;no&#8221; text_align=&#8221;left&#8221; background_image_as_pattern=&#8221;without_pattern&#8221;][vc_column css=&#8221;.vc_custom_1590413339189{background-color: #61993b !important;}&#8221;][vc_column_text]<\/p>\n<h2 class=\"heading2\" style=\"text-align: center;\"><span style=\"color: #ffffff;\">\u00bfD\u00f3nde estamos?<\/span><\/h2>\n<p>[\/vc_column_text][\/vc_column][\/vc_row][vc_row css_animation=&#8221;&#8221; row_type=&#8221;row&#8221; use_row_as_full_screen_section=&#8221;no&#8221; type=&#8221;full_width&#8221; angled_section=&#8221;no&#8221; text_align=&#8221;left&#8221; background_image_as_pattern=&#8221;without_pattern&#8221;][vc_column][vc_empty_space][\/vc_column][\/vc_row][vc_row css_animation=&#8221;&#8221; row_type=&#8221;row&#8221; use_row_as_full_screen_section=&#8221;no&#8221; type=&#8221;full_width&#8221; angled_section=&#8221;no&#8221; text_align=&#8221;left&#8221; background_image_as_pattern=&#8221;without_pattern&#8221;][vc_column width=&#8221;1\/6&#8243;][\/vc_column][vc_column width=&#8221;2\/3&#8243;][vc_row_inner row_type=&#8221;row&#8221; type=&#8221;full_width&#8221; text_align=&#8221;left&#8221; css_animation=&#8221;&#8221;][vc_column_inner width=&#8221;1\/4&#8243;][vc_column_text]<\/p>\n<p class=\"parrafo\">Avda. Camilo Jos\u00e9 Cela n\u00ba49<\/p>\n<p class=\"parrafo\">CP: 40200. Cuellar, Segovia<\/p>\n<p>[\/vc_column_text][\/vc_column_inner][vc_column_inner width=&#8221;3\/4&#8243;][vc_gmaps link=&#8221;#E-8_JTNDaWZyYW1lJTIwc3JjJTNEJTIyaHR0cHMlM0ElMkYlMkZ3d3cuZ29vZ2xlLmNvbSUyRm1hcHMlMkZlbWJlZCUzRnBiJTNEJTIxMW0xNCUyMTFtOCUyMTFtMyUyMTFkMTE5NzEuNzAzNDI3OTk5OTYzJTIxMmQtNC4zMDgwODUlMjEzZDQxLjM5NzQxNjUlMjEzbTIlMjExaTEwMjQlMjEyaTc2OCUyMTRmMTMuMSUyMTNtMyUyMTFtMiUyMTFzMHgwJTI1M0EweGUyYTQzMzMyMDVkMGQyZCUyMTJzTmklMjVDMyUyNUIxbyUyNTIwTWFxdWluYXJpYSUyNTIwQWdyJTI1QzMlMjVBRGNvbGElMjE1ZTAlMjEzbTIlMjExc2VzJTIxMnNlcyUyMTR2MTU4Mjg4MTI0Mzg4NCUyMTVtMiUyMTFzZXMlMjEyc2VzJTIyJTIwd2lkdGglM0QlMjI2MDAlMjIlMjBoZWlnaHQlM0QlMjI0NTAlMjIlMjBmcmFtZWJvcmRlciUzRCUyMjAlMjIlMjBzdHlsZSUzRCUyMmJvcmRlciUzQTAlMjIlMjBhbGxvd2Z1bGxzY3JlZW4lM0UlM0MlMkZpZnJhbWUlM0U=&#8221;][\/vc_column_inner][\/vc_row_inner][\/vc_column][vc_column width=&#8221;1\/6&#8243;][\/vc_column][\/vc_row][vc_row css_animation=&#8221;&#8221; row_type=&#8221;row&#8221; use_row_as_full_screen_section=&#8221;no&#8221; type=&#8221;full_width&#8221; angled_section=&#8221;no&#8221; text_align=&#8221;left&#8221; background_image_as_pattern=&#8221;without_pattern&#8221;][vc_column][vc_empty_space][\/vc_column][\/vc_row][vc_row css_animation=&#8221;&#8221; row_type=&#8221;row&#8221; use_row_as_full_screen_section=&#8221;no&#8221; type=&#8221;full_width&#8221; angled_section=&#8221;no&#8221; text_align=&#8221;left&#8221; background_image_as_pattern=&#8221;without_pattern&#8221;][vc_column css=&#8221;.vc_custom_1590413346608{background-color: #61993b !important;}&#8221;][vc_column_text]<\/p>\n<h2 class=\"heading2\" style=\"text-align: center;\"><span style=\"color: #ffffff;\">Marcas con las que trabajamos<\/span><\/h2>\n<p>[\/vc_column_text][\/vc_column][\/vc_row][vc_row css_animation=&#8221;&#8221; row_type=&#8221;row&#8221; use_row_as_full_screen_section=&#8221;no&#8221; type=&#8221;full_width&#8221; angled_section=&#8221;no&#8221; text_align=&#8221;left&#8221; background_image_as_pattern=&#8221;without_pattern&#8221; css=&#8221;.vc_custom_1582876996506{padding-top: 30px !important;}&#8221; z_index=&#8221;&#8221; background_color=&#8221;#ffffff&#8221;][vc_column width=&#8221;1\/6&#8243;][\/vc_column][vc_column width=&#8221;2\/3&#8243;][vc_column_text css=&#8221;.vc_custom_1587367797727{margin-bottom: 20px !important;}&#8221;]<\/p>\n<div class=\"qode_clients clearfix two_columns default\">\n<div class=\"qode_client_holder\">\n<div class=\"qode_client_holder_inner\">\n<div class=\"qode_client_image_holder\"><a href=\"https:\/\/www.asa-lift.com\/asalift\" target=\"_self\" rel=\"noopener noreferrer\"><br \/>\n<img decoding=\"async\" class=\"qode_client_main_image\" src=\"https:\/\/blog.cofan.es\/maquinaria-nino\/wp-content\/uploads\/sites\/159\/2020\/04\/asalift.png\" alt=\"asalift\" \/><br \/>\n<\/a><\/div>\n<div class=\"qode_client_image_hover\"><\/div>\n<\/div>\n<\/div>\n<div class=\"qode_client_holder\">\n<div class=\"qode_client_holder_inner\">\n<div class=\"qode_client_image_holder\"><a href=\"https:\/\/www.stanhay.com\/\" target=\"_self\" rel=\"noopener noreferrer\"><br \/>\n<img decoding=\"async\" class=\"qode_client_main_image\" src=\"https:\/\/blog.cofan.es\/maquinaria-nino\/wp-content\/uploads\/sites\/159\/2020\/04\/Stanhay.png\" alt=\"stanhay\" \/><br \/>\n<\/a><\/div>\n<div class=\"qode_client_image_hover\"><\/div>\n<\/div>\n<\/div>\n<\/div>\n<p>[\/vc_column_text][vc_column_text css=&#8221;.vc_custom_1725450981295{background-color: #ffffff !important;}&#8221;]<\/p>\n<div class=\"qode_clients clearfix five_columns default\">\n<div class=\"qode_client_holder\">\n<div class=\"qode_client_holder_inner\">\n<div class=\"qode_client_image_holder\"><a target=\"_self\" rel=\"noopener noreferrer\"><br \/>\n<img loading=\"lazy\" decoding=\"async\" class=\"qode_client_main_image\" src=\"https:\/\/blog.cofan.es\/suministros947\/wp-content\/uploads\/sites\/159\/2024\/09\/logotipo-cofan-peque.jpg\" alt=\"cofan\" width=\"114\" height=\"34\" \/><br \/>\n<\/a><\/div>\n<div class=\"qode_client_image_hover\"><\/div>\n<\/div>\n<\/div>\n<div class=\"qode_client_holder\">\n<div class=\"qode_client_holder_inner\">\n<div class=\"qode_client_image_holder\"><a target=\"_self\" rel=\"noopener noreferrer\"><br \/>\n<img decoding=\"async\" class=\"qode_client_main_image\" src=\"https:\/\/blog.cofan.es\/suministros947\/wp-content\/uploads\/sites\/159\/2020\/02\/airum.png\" alt=\"airum\" \/><br \/>\n<\/a><\/div>\n<div class=\"qode_client_image_hover\"><\/div>\n<\/div>\n<\/div>\n<div class=\"qode_client_holder\">\n<div class=\"qode_client_holder_inner\">\n<div class=\"qode_client_image_holder\"><a target=\"_self\" rel=\"noopener noreferrer\"><br \/>\n<img decoding=\"async\" class=\"qode_client_main_image\" src=\"https:\/\/blog.cofan.es\/suministros947\/wp-content\/uploads\/sites\/159\/2020\/02\/bahco.jpg\" alt=\"bahco\" \/><br \/>\n<\/a><\/div>\n<div class=\"qode_client_image_hover\"><\/div>\n<\/div>\n<\/div>\n<div class=\"qode_client_holder\">\n<div class=\"qode_client_holder_inner\">\n<div class=\"qode_client_image_holder\"><a target=\"_self\" rel=\"noopener noreferrer\"><br \/>\n<img decoding=\"async\" class=\"qode_client_main_image\" src=\"https:\/\/blog.cofan.es\/suministros947\/wp-content\/uploads\/sites\/159\/2020\/02\/bellota.jpg\" alt=\"bellota\" \/><br \/>\n<\/a><\/div>\n<div class=\"qode_client_image_hover\"><\/div>\n<\/div>\n<\/div>\n<div class=\"qode_client_holder\">\n<div class=\"qode_client_holder_inner\">\n<div class=\"qode_client_image_holder\"><a target=\"_self\" rel=\"noopener noreferrer\"><br \/>\n<img decoding=\"async\" class=\"qode_client_main_image\" src=\"https:\/\/blog.cofan.es\/suministros947\/wp-content\/uploads\/sites\/159\/2020\/02\/bosch.jpg\" alt=\"bosch\" \/><br \/>\n<\/a><\/div>\n<div class=\"qode_client_image_hover\"><\/div>\n<\/div>\n<\/div>\n<div class=\"qode_client_holder\">\n<div class=\"qode_client_holder_inner\">\n<div class=\"qode_client_image_holder\"><a target=\"_self\" rel=\"noopener noreferrer\"><br \/>\n<img decoding=\"async\" class=\"qode_client_main_image\" src=\"https:\/\/blog.cofan.es\/suministros947\/wp-content\/uploads\/sites\/159\/2020\/02\/bralo.jpg\" alt=\"bralo\" \/><br \/>\n<\/a><\/div>\n<div class=\"qode_client_image_hover\"><\/div>\n<\/div>\n<\/div>\n<div class=\"qode_client_holder\">\n<div class=\"qode_client_holder_inner\">\n<div class=\"qode_client_image_holder\"><a target=\"_self\" rel=\"noopener noreferrer\"><br \/>\n<img decoding=\"async\" class=\"qode_client_main_image\" src=\"https:\/\/blog.cofan.es\/suministros947\/wp-content\/uploads\/sites\/159\/2020\/02\/cartes.png\" alt=\"cartes\" \/><br \/>\n<\/a><\/div>\n<div class=\"qode_client_image_hover\"><\/div>\n<\/div>\n<\/div>\n<div class=\"qode_client_holder\">\n<div class=\"qode_client_holder_inner\">\n<div class=\"qode_client_image_holder\"><a target=\"_self\" rel=\"noopener noreferrer\"><br \/>\n<img decoding=\"async\" class=\"qode_client_main_image\" src=\"https:\/\/blog.cofan.es\/suministros947\/wp-content\/uploads\/sites\/159\/2020\/02\/cepsa.png\" alt=\"cepsa\" \/><br \/>\n<\/a><\/div>\n<div class=\"qode_client_image_hover\"><\/div>\n<\/div>\n<\/div>\n<div class=\"qode_client_holder\">\n<div class=\"qode_client_holder_inner\">\n<div class=\"qode_client_image_holder\"><a target=\"_self\" rel=\"noopener noreferrer\"><br \/>\n<img decoding=\"async\" class=\"qode_client_main_image\" src=\"https:\/\/blog.cofan.es\/suministros947\/wp-content\/uploads\/sites\/159\/2020\/02\/faherma.jpg\" alt=\"faherma\" \/><br \/>\n<\/a><\/div>\n<div class=\"qode_client_image_hover\"><\/div>\n<\/div>\n<\/div>\n<div class=\"qode_client_holder\">\n<div class=\"qode_client_holder_inner\">\n<div class=\"qode_client_image_holder\"><a target=\"_self\" rel=\"noopener noreferrer\"><br \/>\n<img decoding=\"async\" class=\"qode_client_main_image\" src=\"https:\/\/blog.cofan.es\/suministros947\/wp-content\/uploads\/sites\/159\/2020\/02\/ferve.jpg\" alt=\"ferve\" \/><br \/>\n<\/a><\/div>\n<div class=\"qode_client_image_hover\"><\/div>\n<\/div>\n<\/div>\n<div class=\"qode_client_holder\">\n<div class=\"qode_client_holder_inner\">\n<div class=\"qode_client_image_holder\"><a target=\"_self\" rel=\"noopener noreferrer\"><br \/>\n<img decoding=\"async\" class=\"qode_client_main_image\" src=\"https:\/\/blog.cofan.es\/suministros947\/wp-content\/uploads\/sites\/159\/2020\/02\/fuster.png\" alt=\"fuster\" \/><br \/>\n<\/a><\/div>\n<div class=\"qode_client_image_hover\"><\/div>\n<\/div>\n<\/div>\n<div class=\"qode_client_holder\">\n<div class=\"qode_client_holder_inner\">\n<div class=\"qode_client_image_holder\"><a target=\"_self\" rel=\"noopener noreferrer\"><br \/>\n<img decoding=\"async\" class=\"qode_client_main_image\" src=\"https:\/\/blog.cofan.es\/suministros947\/wp-content\/uploads\/sites\/159\/2020\/02\/gayner.jpg\" alt=\"gayner\" \/><br \/>\n<\/a><\/div>\n<div class=\"qode_client_image_hover\"><\/div>\n<\/div>\n<\/div>\n<div class=\"qode_client_holder\">\n<div class=\"qode_client_holder_inner\">\n<div class=\"qode_client_image_holder\"><a target=\"_self\" rel=\"noopener noreferrer\"><br \/>\n<img decoding=\"async\" class=\"qode_client_main_image\" src=\"https:\/\/blog.cofan.es\/suministros947\/wp-content\/uploads\/sites\/159\/2020\/02\/grammer.png\" alt=\"grammer\" \/><br \/>\n<\/a><\/div>\n<div class=\"qode_client_image_hover\"><\/div>\n<\/div>\n<\/div>\n<div class=\"qode_client_holder\">\n<div class=\"qode_client_holder_inner\">\n<div class=\"qode_client_image_holder\"><a target=\"_self\" rel=\"noopener noreferrer\"><br \/>\n<img decoding=\"async\" class=\"qode_client_main_image\" src=\"https:\/\/blog.cofan.es\/suministros947\/wp-content\/uploads\/sites\/159\/2020\/02\/hinmen.png\" alt=\"hinmen\" \/><br \/>\n<\/a><\/div>\n<div class=\"qode_client_image_hover\"><\/div>\n<\/div>\n<\/div>\n<div class=\"qode_client_holder\">\n<div class=\"qode_client_holder_inner\">\n<div class=\"qode_client_image_holder\"><a target=\"_self\" rel=\"noopener noreferrer\"><br \/>\n<img decoding=\"async\" class=\"qode_client_main_image\" src=\"https:\/\/blog.cofan.es\/suministros947\/wp-content\/uploads\/sites\/159\/2020\/02\/irimo.jpg\" alt=\"irimo\" \/><br \/>\n<\/a><\/div>\n<div class=\"qode_client_image_hover\"><\/div>\n<\/div>\n<\/div>\n<div class=\"qode_client_holder\">\n<div class=\"qode_client_holder_inner\">\n<div class=\"qode_client_image_holder\"><a target=\"_self\" rel=\"noopener noreferrer\"><br \/>\n<img decoding=\"async\" class=\"qode_client_main_image\" src=\"https:\/\/blog.cofan.es\/suministros947\/wp-content\/uploads\/sites\/159\/2020\/02\/izar.jpg\" alt=\"izar\" \/><br \/>\n<\/a><\/div>\n<div class=\"qode_client_image_hover\"><\/div>\n<\/div>\n<\/div>\n<div class=\"qode_client_holder\">\n<div class=\"qode_client_holder_inner\">\n<div class=\"qode_client_image_holder\"><a target=\"_self\" rel=\"noopener noreferrer\"><br \/>\n<img decoding=\"async\" class=\"qode_client_main_image\" src=\"https:\/\/blog.cofan.es\/suministros947\/wp-content\/uploads\/sites\/159\/2020\/02\/karcher.jpg\" alt=\"karcher\" \/><br \/>\n<\/a><\/div>\n<div class=\"qode_client_image_hover\"><\/div>\n<\/div>\n<\/div>\n<div class=\"qode_client_holder\">\n<div class=\"qode_client_holder_inner\">\n<div class=\"qode_client_image_holder\"><a target=\"_self\" rel=\"noopener noreferrer\"><br \/>\n<img decoding=\"async\" class=\"qode_client_main_image\" src=\"https:\/\/blog.cofan.es\/suministros947\/wp-content\/uploads\/sites\/159\/2020\/02\/la-pina-logo.png\" alt=\"la-pina-logo\" \/><br \/>\n<\/a><\/div>\n<div class=\"qode_client_image_hover\"><\/div>\n<\/div>\n<\/div>\n<div class=\"qode_client_holder\">\n<div class=\"qode_client_holder_inner\">\n<div class=\"qode_client_image_holder\"><a target=\"_self\" rel=\"noopener noreferrer\"><br \/>\n<img decoding=\"async\" class=\"qode_client_main_image\" src=\"https:\/\/blog.cofan.es\/suministros947\/wp-content\/uploads\/sites\/159\/2020\/02\/lincoln.jpg\" alt=\"lincoln\" \/><br \/>\n<\/a><\/div>\n<div class=\"qode_client_image_hover\"><\/div>\n<\/div>\n<\/div>\n<div class=\"qode_client_holder\">\n<div class=\"qode_client_holder_inner\">\n<div class=\"qode_client_image_holder\"><a target=\"_self\" rel=\"noopener noreferrer\"><br \/>\n<img decoding=\"async\" class=\"qode_client_main_image\" src=\"https:\/\/blog.cofan.es\/suministros947\/wp-content\/uploads\/sites\/159\/2020\/02\/mega.jpg\" alt=\"mega\" \/><br \/>\n<\/a><\/div>\n<div class=\"qode_client_image_hover\"><\/div>\n<\/div>\n<\/div>\n<div class=\"qode_client_holder\">\n<div class=\"qode_client_holder_inner\">\n<div class=\"qode_client_image_holder\"><a target=\"_self\" rel=\"noopener noreferrer\"><br \/>\n<img decoding=\"async\" class=\"qode_client_main_image\" src=\"https:\/\/blog.cofan.es\/suministros947\/wp-content\/uploads\/sites\/159\/2020\/02\/salvador-moreno.png\" alt=\"salvador-moreno\" \/><br \/>\n<\/a><\/div>\n<div class=\"qode_client_image_hover\"><\/div>\n<\/div>\n<\/div>\n<div class=\"qode_client_holder\">\n<div class=\"qode_client_holder_inner\">\n<div class=\"qode_client_image_holder\"><a target=\"_self\" rel=\"noopener noreferrer\"><br \/>\n<img decoding=\"async\" class=\"qode_client_main_image\" src=\"https:\/\/blog.cofan.es\/suministros947\/wp-content\/uploads\/sites\/159\/2020\/02\/samoa.jpg\" alt=\"samoa\" \/><br \/>\n<\/a><\/div>\n<div class=\"qode_client_image_hover\"><\/div>\n<\/div>\n<\/div>\n<div class=\"qode_client_holder\">\n<div class=\"qode_client_holder_inner\">\n<div class=\"qode_client_image_holder\"><a target=\"_self\" rel=\"noopener noreferrer\"><br \/>\n<img decoding=\"async\" class=\"qode_client_main_image\" src=\"https:\/\/blog.cofan.es\/suministros947\/wp-content\/uploads\/sites\/159\/2020\/02\/solter.jpg\" alt=\"solter\" \/><br \/>\n<\/a><\/div>\n<div class=\"qode_client_image_hover\"><\/div>\n<\/div>\n<\/div>\n<div class=\"qode_client_holder\">\n<div class=\"qode_client_holder_inner\">\n<div class=\"qode_client_image_holder\"><a target=\"_self\" rel=\"noopener noreferrer\"><br \/>\n<img decoding=\"async\" class=\"qode_client_main_image\" src=\"https:\/\/blog.cofan.es\/suministros947\/wp-content\/uploads\/sites\/159\/2020\/02\/tayg.jpg\" alt=\"tayg\" \/><br \/>\n<\/a><\/div>\n<div class=\"qode_client_image_hover\"><\/div>\n<\/div>\n<\/div>\n<div class=\"qode_client_holder\">\n<div class=\"qode_client_holder_inner\">\n<div class=\"qode_client_image_holder\"><a target=\"_self\" rel=\"noopener noreferrer\"><br \/>\n<img decoding=\"async\" class=\"qode_client_main_image\" src=\"https:\/\/blog.cofan.es\/suministros947\/wp-content\/uploads\/sites\/159\/2020\/02\/tudor.png\" alt=\"tudor\" \/><br \/>\n<\/a><\/div>\n<\/div>\n<\/div>\n<\/div>\n<p>[\/vc_column_text][\/vc_column][vc_column width=&#8221;1\/6&#8243;][\/vc_column][\/vc_row][vc_row css_animation=&#8221;&#8221; row_type=&#8221;row&#8221; use_row_as_full_screen_section=&#8221;no&#8221; type=&#8221;full_width&#8221; angled_section=&#8221;no&#8221; text_align=&#8221;left&#8221; background_image_as_pattern=&#8221;without_pattern&#8221;][vc_column][vc_empty_space][\/vc_column][\/vc_row][vc_row css_animation=&#8221;&#8221; row_type=&#8221;row&#8221; use_row_as_full_screen_section=&#8221;no&#8221; type=&#8221;full_width&#8221; angled_section=&#8221;no&#8221; text_align=&#8221;left&#8221; background_image_as_pattern=&#8221;without_pattern&#8221; css=&#8221;.vc_custom_1583141335921{margin-top: 20px !important;margin-bottom: 20px !important;}&#8221; z_index=&#8221;&#8221;][vc_column width=&#8221;1\/5&#8243;][\/vc_column][vc_column width=&#8221;1\/5&#8243;][\/vc_column][vc_column width=&#8221;1\/5&#8243;]<a id=\"enlace-contacto\" itemprop=\"url\" href=\"\/maquinaria-nino\/contacto\" target=\"_self\" data-hover-background-color=\"#ffffff\" data-hover-border-color=\"#61993b\" data-hover-color=\"#61993b\" class=\"qbutton  large center default\" style=\"color: #ffffff; border-color: #61993b; font-weight: 600; font-size: 25px; border-radius: 25pxpx;-moz-border-radius: 25pxpx;-webkit-border-radius: 25pxpx; background-color:#61993b;\">Contacta con nosotros<\/a>[\/vc_column][vc_column width=&#8221;1\/5&#8243;][\/vc_column][vc_column width=&#8221;1\/5&#8243;][\/vc_column][\/vc_row][vc_row css_animation=&#8221;&#8221; row_type=&#8221;row&#8221; use_row_as_full_screen_section=&#8221;no&#8221; type=&#8221;full_width&#8221; angled_section=&#8221;no&#8221; text_align=&#8221;left&#8221; background_image_as_pattern=&#8221;without_pattern&#8221;][vc_column width=&#8221;1\/6&#8243;][\/vc_column][vc_column width=&#8221;2\/3&#8243;][vc_column_text css=&#8221;&#8221;]<a href=\"https:\/\/www.cofan.es\/es\/privatearea\/login\/zygkgj76s\/\"><br \/>\n<img loading=\"lazy\" decoding=\"async\" class=\"aligncenter\" src=\"\/wp-content\/uploads\/sites\/159\/2024\/09\/banner-cofan-nuevo.jpg\" width=\"1200\" height=\"200\" \/><\/a>[\/vc_column_text][\/vc_column][vc_column width=&#8221;1\/6&#8243;][\/vc_column][\/vc_row]<\/p>\n<\/div>","protected":false},"excerpt":{"rendered":"<p>[vc_row css_animation=&#8221;&#8221; row_type=&#8221;row&#8221; use_row_as_full_screen_section=&#8221;no&#8221; type=&#8221;full_width&#8221; angled_section=&#8221;no&#8221; text_align=&#8221;left&#8221; background_image_as_pattern=&#8221;without_pattern&#8221;][vc_column width=&#8221;1\/6&#8243;][\/vc_column][vc_column width=&#8221;2\/3&#8243;][vc_gallery interval=&#8221;3&#8243; images=&#8221;158,157,129,128,127,126,125,124,123,121&#8243; img_size=&#8221;large&#8221; onclick=&#8221;custom_link&#8221; pause_on_hover=&#8221;yes&#8221; custom_links=&#8221;#E-8_aHR0cHMlM0ElMkYlMkZ3d3cuYXNhLWxpZnQuY29tJTJGYXNhbGlmdCUyQ2h0dHBzJTNBJTJGJTJGd3d3LnN0YW5oYXkuY29tJTJGJTJDJTIzJTJDJTIzJTJDJTIzJTJDJTIzJTJDJTIzJTJDJTIzJTJDJTIzJTJDJTIzJTJD&#8221;][\/vc_column][vc_column width=&#8221;1\/6&#8243;][\/vc_column][\/vc_row][vc_row css_animation=&#8221;&#8221; row_type=&#8221;row&#8221; use_row_as_full_screen_section=&#8221;no&#8221; type=&#8221;full_width&#8221; angled_section=&#8221;no&#8221; text_align=&#8221;left&#8221; background_image_as_pattern=&#8221;without_pattern&#8221; z_index=&#8221;&#8221; background_color=&#8221;#ffffff&#8221;][vc_column width=&#8221;1\/6&#8243;][\/vc_column][vc_column width=&#8221;2\/3&#8243;][vc_column_text] Maquinaria y Repuestos Agr\u00edcolas Ni\u00f1o [\/vc_column_text][vc_column_text css=&#8221;.vc_custom_1582892263068{margin-top: 30px !important;}&#8221;] NI\u00d1O, es una empresa que se dedica a&#8230;<\/p>\n","protected":false},"author":1,"featured_media":0,"parent":0,"menu_order":0,"comment_status":"closed","ping_status":"closed","template":"full_width.php","meta":{"footnotes":""},"class_list":["post-6","page","type-page","status-publish","hentry"],"_links":{"self":[{"href":"https:\/\/blog.cofan.es\/maquinaria-nino\/wp-json\/wp\/v2\/pages\/6","targetHints":{"allow":["GET"]}}],"collection":[{"href":"https:\/\/blog.cofan.es\/maquinaria-nino\/wp-json\/wp\/v2\/pages"}],"about":[{"href":"https:\/\/blog.cofan.es\/maquinaria-nino\/wp-json\/wp\/v2\/types\/page"}],"author":[{"embeddable":true,"href":"https:\/\/blog.cofan.es\/maquinaria-nino\/wp-json\/wp\/v2\/users\/1"}],"replies":[{"embeddable":true,"href":"https:\/\/blog.cofan.es\/maquinaria-nino\/wp-json\/wp\/v2\/comments?post=6"}],"version-history":[{"count":34,"href":"https:\/\/blog.cofan.es\/maquinaria-nino\/wp-json\/wp\/v2\/pages\/6\/revisions"}],"predecessor-version":[{"id":188,"href":"https:\/\/blog.cofan.es\/maquinaria-nino\/wp-json\/wp\/v2\/pages\/6\/revisions\/188"}],"wp:attachment":[{"href":"https:\/\/blog.cofan.es\/maquinaria-nino\/wp-json\/wp\/v2\/media?parent=6"}],"curies":[{"name":"wp","href":"https:\/\/api.w.org\/{rel}","templated":true}]}}