{"id":204,"date":"2012-04-11T14:29:40","date_gmt":"2012-04-11T14:29:40","guid":{"rendered":"http:\/\/blog.cofan.es\/lossantos2006-es\/?page_id=204"},"modified":"2016-12-28T10:55:02","modified_gmt":"2016-12-28T10:55:02","slug":"instalaciones","status":"publish","type":"page","link":"https:\/\/blog.cofan.es\/lossantos2006\/instalaciones\/","title":{"rendered":"Instalaciones"},"content":{"rendered":"<div class=\"wpb-content-wrapper\"><p>[vc_row css_animation=&#8221;&#8221; row_type=&#8221;row&#8221; use_row_as_full_screen_section=&#8221;no&#8221; type=&#8221;full_width&#8221; angled_section=&#8221;no&#8221; text_align=&#8221;left&#8221; background_image_as_pattern=&#8221;without_pattern&#8221;][vc_column][vc_column_text]<span style=\"color: #000000;\">En las instalaciones, de dimensiones 1000 m2, se dispone tambi\u00e9n de un <strong>taller equipado con dos puentes gr\u00faas de 5TN <\/strong>en el que se realizan reparaciones y mantenimiento de cualquier tipo de maquinaria agr\u00edcola o industrial.<\/span>[\/vc_column_text][vc_column_text css=&#8221;.vc_custom_1482922496817{margin-top: 20px !important;}&#8221;]<iframe loading=\"lazy\" src=\"http:\/\/maps.google.es\/maps?near=Fuente+Palmera&amp;geocode=Cau1VhV1PqXBFRVOPwId4B6y_yl3b2JZgs0SDTGQTXaleNIDBA&amp;q=poligono+industrial&amp;f=l&amp;gl=es&amp;hl=es&amp;sll=37.730539,-5.103836&amp;sspn=0.291083,0.676346&amp;ie=UTF8&amp;hq=poligono+industrial&amp;hnear=&amp;t=m&amp;fll=37.711223,-5.094824&amp;fspn=0.009099,0.021136&amp;st=107658235038825379151&amp;rq=1&amp;ev=zi&amp;split=1&amp;ll=37.708202,-5.099716&amp;spn=0.013581,0.025663&amp;z=14&amp;output=embed\" width=\"100%\" height=\"250px\" frameborder=\"0\" marginwidth=\"0\" marginheight=\"0\" scrolling=\"no\"><\/iframe>[\/vc_column_text][\/vc_column][\/vc_row]<\/p>\n<\/div>","protected":false},"excerpt":{"rendered":"<p>[vc_row css_animation=&#8221;&#8221; row_type=&#8221;row&#8221; use_row_as_full_screen_section=&#8221;no&#8221; type=&#8221;full_width&#8221; angled_section=&#8221;no&#8221; text_align=&#8221;left&#8221; background_image_as_pattern=&#8221;without_pattern&#8221;][vc_column][vc_column_text]En las instalaciones, de dimensiones 1000 m2, se dispone tambi\u00e9n de un taller equipado con dos puentes gr\u00faas de 5TN en el que se realizan reparaciones y mantenimiento de cualquier tipo de maquinaria agr\u00edcola o industrial.[\/vc_column_text][vc_column_text css=&#8221;.vc_custom_1482922496817{margin-top: 20px&#8230;<\/p>\n","protected":false},"author":1,"featured_media":0,"parent":0,"menu_order":0,"comment_status":"closed","ping_status":"closed","template":"","meta":{"footnotes":""},"class_list":["post-204","page","type-page","status-publish","hentry"],"_links":{"self":[{"href":"https:\/\/blog.cofan.es\/lossantos2006\/wp-json\/wp\/v2\/pages\/204","targetHints":{"allow":["GET"]}}],"collection":[{"href":"https:\/\/blog.cofan.es\/lossantos2006\/wp-json\/wp\/v2\/pages"}],"about":[{"href":"https:\/\/blog.cofan.es\/lossantos2006\/wp-json\/wp\/v2\/types\/page"}],"author":[{"embeddable":true,"href":"https:\/\/blog.cofan.es\/lossantos2006\/wp-json\/wp\/v2\/users\/1"}],"replies":[{"embeddable":true,"href":"https:\/\/blog.cofan.es\/lossantos2006\/wp-json\/wp\/v2\/comments?post=204"}],"version-history":[{"count":4,"href":"https:\/\/blog.cofan.es\/lossantos2006\/wp-json\/wp\/v2\/pages\/204\/revisions"}],"predecessor-version":[{"id":568,"href":"https:\/\/blog.cofan.es\/lossantos2006\/wp-json\/wp\/v2\/pages\/204\/revisions\/568"}],"wp:attachment":[{"href":"https:\/\/blog.cofan.es\/lossantos2006\/wp-json\/wp\/v2\/media?parent=204"}],"curies":[{"name":"wp","href":"https:\/\/api.w.org\/{rel}","templated":true}]}}