{"id":108,"date":"2012-03-23T17:42:53","date_gmt":"2012-03-23T17:42:53","guid":{"rendered":"http:\/\/blog.cofan.es\/suministrosverodan-es\/?page_id=108"},"modified":"2016-12-28T11:34:11","modified_gmt":"2016-12-28T11:34:11","slug":"servicios","status":"publish","type":"page","link":"https:\/\/blog.cofan.es\/lossantos2006\/servicios\/","title":{"rendered":"Servicios"},"content":{"rendered":"<div class=\"wpb-content-wrapper\"><p>[vc_row css_animation=&#8221;&#8221; row_type=&#8221;row&#8221; use_row_as_full_screen_section=&#8221;no&#8221; type=&#8221;full_width&#8221; angled_section=&#8221;no&#8221; text_align=&#8221;left&#8221; background_image_as_pattern=&#8221;without_pattern&#8221;][vc_column][vc_column_text]<span style=\"color: #000000;\">Nuestros servicios son:<\/span>[\/vc_column_text][vc_row_inner row_type=&#8221;row&#8221; type=&#8221;full_width&#8221; text_align=&#8221;left&#8221; css_animation=&#8221;&#8221; css=&#8221;.vc_custom_1482924737055{margin-top: 20px !important;}&#8221;][vc_column_inner width=&#8221;1\/3&#8243;][vc_column_text]<\/p>\n<p style=\"text-align: center;\"><img loading=\"lazy\" decoding=\"async\" class=\"alignnone size-full wp-image-510\" src=\"\/wp-content\/uploads\/sites\/26\/2012\/03\/servicios1.jpg\" alt=\"servicios1\" width=\"209\" height=\"132\" \/><\/p>\n<p style=\"text-align: center;\"><span style=\"color: #000000;\">Construcciones met\u00e1licas, fabricaci\u00f3n de naves agr\u00edcolas e industriales.<\/span><\/p>\n<p>[\/vc_column_text][\/vc_column_inner][vc_column_inner width=&#8221;1\/3&#8243;][vc_column_text]<\/p>\n<p style=\"text-align: center;\"><img loading=\"lazy\" decoding=\"async\" class=\"alignnone size-full wp-image-512\" src=\"\/wp-content\/uploads\/sites\/26\/2012\/03\/servicios2.jpg\" alt=\"servicios2\" width=\"209\" height=\"132\" \/><\/p>\n<p style=\"text-align: center;\"><span style=\"color: #000000;\">Carpinter\u00eda met\u00e1lica, fabricaci\u00f3n de puertas, rejas, etc&#8230;<\/span><\/p>\n<p>[\/vc_column_text][\/vc_column_inner][vc_column_inner width=&#8221;1\/3&#8243;][vc_column_text]<\/p>\n<p style=\"text-align: center;\"><img loading=\"lazy\" decoding=\"async\" class=\"alignnone size-full wp-image-513\" src=\"\/wp-content\/uploads\/sites\/26\/2012\/03\/servicios3.jpg\" alt=\"servicios3\" width=\"209\" height=\"132\" \/><\/p>\n<p style=\"text-align: center;\"><span style=\"color: #000000;\">Fabricaci\u00f3n y reparaci\u00f3n de maquinaria agr\u00edcola<\/span><\/p>\n<p>[\/vc_column_text][\/vc_column_inner][\/vc_row_inner][vc_row_inner row_type=&#8221;row&#8221; type=&#8221;full_width&#8221; text_align=&#8221;left&#8221; css_animation=&#8221;&#8221; css=&#8221;.vc_custom_1482924842295{margin-top: 20px !important;}&#8221;][vc_column_inner width=&#8221;1\/3&#8243;][vc_column_text]<\/p>\n<p style=\"text-align: center;\"><img loading=\"lazy\" decoding=\"async\" class=\"alignnone size-full wp-image-514\" src=\"\/wp-content\/uploads\/sites\/26\/2012\/03\/servicios4.jpg\" alt=\"servicios4\" width=\"209\" height=\"132\" \/><\/p>\n<p style=\"text-align: center;\"><span style=\"color: #000000;\">Fabricaci\u00f3n de latiguillos de alta presi\u00f3n<\/span><\/p>\n<p>[\/vc_column_text][\/vc_column_inner][vc_column_inner width=&#8221;1\/3&#8243;][vc_column_text]<\/p>\n<p style=\"text-align: center;\"><img loading=\"lazy\" decoding=\"async\" class=\"alignnone size-full wp-image-515\" src=\"\/wp-content\/uploads\/sites\/26\/2012\/03\/servicios5.jpg\" alt=\"servicios5\" width=\"209\" height=\"132\" \/><\/p>\n<p style=\"text-align: center;\"><span style=\"color: #000000;\">Calderer\u00eda para riegos, montajes e instalaci\u00f3n de riegos<\/span><\/p>\n<p>[\/vc_column_text][\/vc_column_inner][vc_column_inner width=&#8221;1\/3&#8243;][vc_column_text]<\/p>\n<p style=\"text-align: center;\"><img loading=\"lazy\" decoding=\"async\" class=\"alignnone size-full wp-image-516\" src=\"\/wp-content\/uploads\/sites\/26\/2012\/03\/servicios6.jpg\" alt=\"servicios6\" width=\"209\" height=\"132\" \/><\/p>\n<p style=\"text-align: center;\"><span style=\"color: #000000;\">Mantenimientos de Fincas y empresas<\/span><\/p>\n<p>[\/vc_column_text][\/vc_column_inner][\/vc_row_inner][\/vc_column][\/vc_row][vc_row css_animation=&#8221;&#8221; row_type=&#8221;row&#8221; use_row_as_full_screen_section=&#8221;no&#8221; type=&#8221;full_width&#8221; angled_section=&#8221;no&#8221; text_align=&#8221;left&#8221; background_image_as_pattern=&#8221;without_pattern&#8221; css=&#8221;.vc_custom_1482924847997{margin-top: 20px !important;}&#8221;][vc_column][vc_column_text css=&#8221;.vc_custom_1482924830687{margin-top: 20px !important;}&#8221;]<\/p>\n<p style=\"text-align: center;\"><img loading=\"lazy\" decoding=\"async\" class=\"alignnone size-full wp-image-519\" src=\"\/wp-content\/uploads\/sites\/26\/2012\/03\/repuestos.jpg\" alt=\"repuestos\" width=\"658\" height=\"424\" srcset=\"https:\/\/blog.cofan.es\/lossantos2006\/wp-content\/uploads\/sites\/26\/2012\/03\/repuestos.jpg 658w, https:\/\/blog.cofan.es\/lossantos2006\/wp-content\/uploads\/sites\/26\/2012\/03\/repuestos-300x193.jpg 300w\" sizes=\"auto, (max-width: 658px) 100vw, 658px\" \/><\/p>\n<p style=\"text-align: center;\"><span style=\"color: #000000;\">Repuestos agr\u00edcolas e industriales<\/span><\/p>\n<p>[\/vc_column_text][vc_column_text]<\/p>\n<p style=\"text-align: center;\"><img loading=\"lazy\" decoding=\"async\" class=\"alignnone size-full wp-image-518\" src=\"\/wp-content\/uploads\/sites\/26\/2012\/03\/servicio-bautista-santillana.jpg\" alt=\"servicio-bautista-santillana\" width=\"658\" height=\"314\" srcset=\"https:\/\/blog.cofan.es\/lossantos2006\/wp-content\/uploads\/sites\/26\/2012\/03\/servicio-bautista-santillana.jpg 658w, https:\/\/blog.cofan.es\/lossantos2006\/wp-content\/uploads\/sites\/26\/2012\/03\/servicio-bautista-santillana-300x143.jpg 300w\" sizes=\"auto, (max-width: 658px) 100vw, 658px\" \/><\/p>\n<p style=\"text-align: center;\"><span style=\"color: #000000;\">Distribuidor Oficial y Servicio T\u00e9cnico de Vibradores Bautista Santillana<\/span><\/p>\n<p>[\/vc_column_text][\/vc_column][\/vc_row]<\/p>\n<\/div>","protected":false},"excerpt":{"rendered":"<p>[vc_row css_animation=&#8221;&#8221; row_type=&#8221;row&#8221; use_row_as_full_screen_section=&#8221;no&#8221; type=&#8221;full_width&#8221; angled_section=&#8221;no&#8221; text_align=&#8221;left&#8221; background_image_as_pattern=&#8221;without_pattern&#8221;][vc_column][vc_column_text]Nuestros servicios son:[\/vc_column_text][vc_row_inner row_type=&#8221;row&#8221; type=&#8221;full_width&#8221; text_align=&#8221;left&#8221; css_animation=&#8221;&#8221; css=&#8221;.vc_custom_1482924737055{margin-top: 20px !important;}&#8221;][vc_column_inner width=&#8221;1\/3&#8243;][vc_column_text] Construcciones met\u00e1licas, fabricaci\u00f3n de naves agr\u00edcolas e industriales. [\/vc_column_text][\/vc_column_inner][vc_column_inner width=&#8221;1\/3&#8243;][vc_column_text] Carpinter\u00eda met\u00e1lica, fabricaci\u00f3n de puertas, rejas, etc&#8230; [\/vc_column_text][\/vc_column_inner][vc_column_inner width=&#8221;1\/3&#8243;][vc_column_text] Fabricaci\u00f3n y reparaci\u00f3n de maquinaria agr\u00edcola [\/vc_column_text][\/vc_column_inner][\/vc_row_inner][vc_row_inner row_type=&#8221;row&#8221;&#8230;<\/p>\n","protected":false},"author":1,"featured_media":0,"parent":0,"menu_order":0,"comment_status":"closed","ping_status":"closed","template":"","meta":{"footnotes":""},"class_list":["post-108","page","type-page","status-publish","hentry"],"_links":{"self":[{"href":"https:\/\/blog.cofan.es\/lossantos2006\/wp-json\/wp\/v2\/pages\/108","targetHints":{"allow":["GET"]}}],"collection":[{"href":"https:\/\/blog.cofan.es\/lossantos2006\/wp-json\/wp\/v2\/pages"}],"about":[{"href":"https:\/\/blog.cofan.es\/lossantos2006\/wp-json\/wp\/v2\/types\/page"}],"author":[{"embeddable":true,"href":"https:\/\/blog.cofan.es\/lossantos2006\/wp-json\/wp\/v2\/users\/1"}],"replies":[{"embeddable":true,"href":"https:\/\/blog.cofan.es\/lossantos2006\/wp-json\/wp\/v2\/comments?post=108"}],"version-history":[{"count":5,"href":"https:\/\/blog.cofan.es\/lossantos2006\/wp-json\/wp\/v2\/pages\/108\/revisions"}],"predecessor-version":[{"id":591,"href":"https:\/\/blog.cofan.es\/lossantos2006\/wp-json\/wp\/v2\/pages\/108\/revisions\/591"}],"wp:attachment":[{"href":"https:\/\/blog.cofan.es\/lossantos2006\/wp-json\/wp\/v2\/media?parent=108"}],"curies":[{"name":"wp","href":"https:\/\/api.w.org\/{rel}","templated":true}]}}