{"id":483,"date":"2014-10-03T07:57:08","date_gmt":"2014-10-03T07:57:08","guid":{"rendered":"http:\/\/blog.cofan.es\/la-biela-es\/?page_id=483"},"modified":"2015-10-28T15:14:24","modified_gmt":"2015-10-28T15:14:24","slug":"politica-de-cookies","status":"publish","type":"page","link":"https:\/\/blog.cofan.es\/labiela\/politica-de-cookies\/","title":{"rendered":"Pol\u00edtica de Cookies"},"content":{"rendered":"<div class=\"wpb-content-wrapper\"><p>[vc_row][vc_column][vc_column_text]<\/p>\n<p class=\"parrafo\">Una cookie es un peque\u00f1o archivo de texto que se transfiere al equipo, tel\u00e9fono inteligente o tableta del usuario a trav\u00e9s del navegador web. Nuestro sistema transfiere cookies al almacenamiento permanente de su dispositivo cuando visita nuestro sitio web, para poder reconocerle cuando vuelva a visitarnos y para ayudarnos a mejorar el uso que los usuarios hacen de nuestro sitio.<\/p>\n<p class=\"parrafo\">Al acceder a cualquiera de nuestros Sitios web, usted acepta que esta Pol\u00edtica de cookies se aplicar\u00e1 cada vez que acceda a los Sitios web desde cualquier dispositivo.<\/p>\n<p class=\"parrafo\">Puedes revocar tu permiso y gestionar la forma en que tu navegador controla las cookies (permitir, conocer, bloquear o eliminar las cookies instaladas en tu equipo) mediante la configuraci\u00f3n de las opciones del navegador que utilizas..<\/p>\n<h2>\u00bfQu\u00e9 tipo de cookies utilizamos?<\/h2>\n<ul>\n<li class=\"parrafo\"><strong>Cookies propias: <\/strong>aqu\u00e9llas que se env\u00edan al equipo terminal del usuario desde un equipo o dominio gestionado por el propio editor y desde el que se presta el servicio solicitado por el usuario.<\/li>\n<li class=\"parrafo\"><strong>Cookies de an\u00e1lisis: <\/strong>nos permiten cuantificar el n\u00famero de usuarios y as\u00ed realizar la medici\u00f3n y an\u00e1lisis estad\u00edstico de la utilizaci\u00f3n que hacen los usuarios del servicio ofertado. Para ello se analiza su navegaci\u00f3n en nuestra p\u00e1gina web con el fin de mejorar la oferta de productos o servicios que le ofrecemos.<\/li>\n<\/ul>\n<h2>Configuraci\u00f3n de cookies en los navegadores:<\/h2>\n<p>&nbsp;<\/p>\n<p class=\"parrafo\">Encontrar\u00e1s la forma de hacerlo para cada navegador en las siguientes referencias:<\/p>\n<ul>\n<li class=\"parrafo\">Chrome: <a href=\"http:\/\/support.google.com\/chrome\/bin\/answer.py?hl=es&amp;answer=95647\" target=\"_blank\" rel=\"nofollow\">http:\/\/support.google.com\/chrome\/bin\/answer.py?hl=es&amp;answer=95647<\/a><\/li>\n<li class=\"parrafo\">Explorer: <a href=\"http:\/\/windows.microsoft.com\/es-es\/windows7\/how-to-manage-cookies-in-internet-explorer-9\" target=\"_blank\" rel=\"nofollow\">http:\/\/windows.microsoft.com\/es-es\/windows7\/how-to-manage-cookies-in-internet-explorer-9<\/a><\/li>\n<li class=\"parrafo\">Firefox: <a href=\"https:\/\/support.mozilla.org\/es\/kb\/cookies-informacion-que-los-sitios-web-guardan-en-?esab=a&amp;s=cookies&amp;r=1&amp;as=s\" target=\"_blank\" rel=\"nofollow\">http:\/\/support.mozilla.org\/es\/products\/firefox\/cookies<\/a><\/li>\n<li class=\"parrafo\">Safari: <a href=\"http:\/\/support.apple.com\/kb\/ph5042\" target=\"_blank\" rel=\"nofollow\">http:\/\/support.apple.com\/kb\/ph5042<\/a><\/li>\n<\/ul>\n<p>[\/vc_column_text][\/vc_column][\/vc_row]<\/p>\n<\/div>","protected":false},"excerpt":{"rendered":"<p>[vc_row][vc_column][vc_column_text] Una cookie es un peque\u00f1o archivo de texto que se transfiere al equipo, tel\u00e9fono inteligente o tableta del usuario a trav\u00e9s del navegador web. Nuestro sistema transfiere cookies al almacenamiento permanente de su dispositivo cuando visita nuestro sitio web, para poder reconocerle cuando vuelva&#8230;<\/p>\n","protected":false},"author":6,"featured_media":0,"parent":0,"menu_order":0,"comment_status":"closed","ping_status":"closed","template":"","meta":{"footnotes":""},"class_list":["post-483","page","type-page","status-publish","hentry"],"_links":{"self":[{"href":"https:\/\/blog.cofan.es\/labiela\/wp-json\/wp\/v2\/pages\/483","targetHints":{"allow":["GET"]}}],"collection":[{"href":"https:\/\/blog.cofan.es\/labiela\/wp-json\/wp\/v2\/pages"}],"about":[{"href":"https:\/\/blog.cofan.es\/labiela\/wp-json\/wp\/v2\/types\/page"}],"author":[{"embeddable":true,"href":"https:\/\/blog.cofan.es\/labiela\/wp-json\/wp\/v2\/users\/6"}],"replies":[{"embeddable":true,"href":"https:\/\/blog.cofan.es\/labiela\/wp-json\/wp\/v2\/comments?post=483"}],"version-history":[{"count":1,"href":"https:\/\/blog.cofan.es\/labiela\/wp-json\/wp\/v2\/pages\/483\/revisions"}],"predecessor-version":[{"id":662,"href":"https:\/\/blog.cofan.es\/labiela\/wp-json\/wp\/v2\/pages\/483\/revisions\/662"}],"wp:attachment":[{"href":"https:\/\/blog.cofan.es\/labiela\/wp-json\/wp\/v2\/media?parent=483"}],"curies":[{"name":"wp","href":"https:\/\/api.w.org\/{rel}","templated":true}]}}