{"id":418,"date":"2014-10-02T10:15:15","date_gmt":"2014-10-02T10:15:15","guid":{"rendered":"http:\/\/blog.cofan.es\/la-biela-es\/?page_id=418"},"modified":"2018-05-11T09:21:05","modified_gmt":"2018-05-11T09:21:05","slug":"empresa","status":"publish","type":"page","link":"https:\/\/blog.cofan.es\/labiela\/empresa\/","title":{"rendered":"Empresa"},"content":{"rendered":"<div class=\"wpb-content-wrapper\"><p>[vc_row css_animation=&#8221;&#8221; row_type=&#8221;row&#8221; use_row_as_full_screen_section=&#8221;no&#8221; type=&#8221;full_width&#8221; angled_section=&#8221;no&#8221; text_align=&#8221;left&#8221; background_image_as_pattern=&#8221;without_pattern&#8221; css=&#8221;.vc_custom_1526030463247{margin-bottom: 50px !important;}&#8221;][vc_column][vc_column_text]<span style=\"color: #000000;\">Nuestro Autorecambio, fue fundado en 2007 para dar un servicio al profesional de la zona. En 2012, la Empresa apost\u00f3 por la ampliaci\u00f3n de la distribuci\u00f3n, incrementando la superficie tanto de tienda como de almac\u00e9n, incorporando tambi\u00e9n material de ferreter\u00eda para cubrir las carencias del pol\u00edgono, siendo hoy en d\u00eda un referente en la Ciudad.<\/span>[\/vc_column_text][vc_row_inner row_type=&#8221;row&#8221; type=&#8221;full_width&#8221; text_align=&#8221;left&#8221; css_animation=&#8221;&#8221; css=&#8221;.vc_custom_1482228920990{padding-top: 30px !important;}&#8221;][vc_column_inner width=&#8221;1\/2&#8243;][vc_column_text]<span style=\"color: #000000;\">La Empresa pertenece a un gran grupo de distribuci\u00f3n AD. Despu\u00e9s de siete a\u00f1os de experiencia, seguimos apostando por nuestros clientes, y todo lo que necesitan lo pueden encontrar en nuestras instalaciones.<\/span>[\/vc_column_text][vc_empty_space height=&#8221;10px&#8221;][\/vc_column_inner][vc_column_inner width=&#8221;1\/2&#8243;][vc_column_text]<\/p>\n<p style=\"text-align: center;\"><img loading=\"lazy\" decoding=\"async\" class=\"alignnone size-full wp-image-610\" src=\"\/wp-content\/uploads\/sites\/101\/2014\/10\/puerta_labiela.jpg\" alt=\"puerta_labiela\" width=\"266\" height=\"138\" \/><\/p>\n<p>[\/vc_column_text][\/vc_column_inner][\/vc_row_inner][\/vc_column][\/vc_row]<\/p>\n<\/div>","protected":false},"excerpt":{"rendered":"<p>[vc_row css_animation=&#8221;&#8221; row_type=&#8221;row&#8221; use_row_as_full_screen_section=&#8221;no&#8221; type=&#8221;full_width&#8221; angled_section=&#8221;no&#8221; text_align=&#8221;left&#8221; background_image_as_pattern=&#8221;without_pattern&#8221; css=&#8221;.vc_custom_1526030463247{margin-bottom: 50px !important;}&#8221;][vc_column][vc_column_text]Nuestro Autorecambio, fue fundado en 2007 para dar un servicio al profesional de la zona. En 2012, la Empresa apost\u00f3 por la ampliaci\u00f3n de la distribuci\u00f3n, incrementando la superficie tanto de tienda como de almac\u00e9n,&#8230;<\/p>\n","protected":false},"author":6,"featured_media":0,"parent":0,"menu_order":0,"comment_status":"closed","ping_status":"closed","template":"","meta":{"footnotes":""},"class_list":["post-418","page","type-page","status-publish","hentry"],"_links":{"self":[{"href":"https:\/\/blog.cofan.es\/labiela\/wp-json\/wp\/v2\/pages\/418","targetHints":{"allow":["GET"]}}],"collection":[{"href":"https:\/\/blog.cofan.es\/labiela\/wp-json\/wp\/v2\/pages"}],"about":[{"href":"https:\/\/blog.cofan.es\/labiela\/wp-json\/wp\/v2\/types\/page"}],"author":[{"embeddable":true,"href":"https:\/\/blog.cofan.es\/labiela\/wp-json\/wp\/v2\/users\/6"}],"replies":[{"embeddable":true,"href":"https:\/\/blog.cofan.es\/labiela\/wp-json\/wp\/v2\/comments?post=418"}],"version-history":[{"count":7,"href":"https:\/\/blog.cofan.es\/labiela\/wp-json\/wp\/v2\/pages\/418\/revisions"}],"predecessor-version":[{"id":704,"href":"https:\/\/blog.cofan.es\/labiela\/wp-json\/wp\/v2\/pages\/418\/revisions\/704"}],"wp:attachment":[{"href":"https:\/\/blog.cofan.es\/labiela\/wp-json\/wp\/v2\/media?parent=418"}],"curies":[{"name":"wp","href":"https:\/\/api.w.org\/{rel}","templated":true}]}}