{"id":2,"date":"2020-07-20T15:48:45","date_gmt":"2020-07-20T15:48:45","guid":{"rendered":"http:\/\/blog.cofan.es\/herrajessantomera2\/?page_id=2"},"modified":"2024-09-05T08:18:01","modified_gmt":"2024-09-05T08:18:01","slug":"inicio","status":"publish","type":"page","link":"https:\/\/blog.cofan.es\/herrajessantomera2\/","title":{"rendered":"Inicio"},"content":{"rendered":"<div class=\"wpb-content-wrapper\"><p>[vc_row css_animation=&#8221;&#8221; row_type=&#8221;row&#8221; use_row_as_full_screen_section=&#8221;no&#8221; type=&#8221;full_width&#8221; angled_section=&#8221;no&#8221; text_align=&#8221;left&#8221; background_image_as_pattern=&#8221;without_pattern&#8221;][vc_column][vc_gallery interval=&#8221;3&#8243; images=&#8221;13,11,14,15,12,10,16&#8243; img_size=&#8221;large&#8221; onclick=&#8221;&#8221;][\/vc_column][\/vc_row][vc_row css_animation=&#8221;&#8221; row_type=&#8221;row&#8221; use_row_as_full_screen_section=&#8221;no&#8221; type=&#8221;full_width&#8221; angled_section=&#8221;no&#8221; text_align=&#8221;left&#8221; background_image_as_pattern=&#8221;without_pattern&#8221;][vc_column][vc_column_text css=&#8221;.vc_custom_1595420697520{padding-bottom: 40px !important;}&#8221; el_class=&#8221;titulo-custom&#8221;]<\/p>\n<h1 style=\"text-align: center;\"><span style=\"color: #26348b;\"><span style=\"color: #f39200;\">H<\/span>ERRAJES <span style=\"color: #f39200;\">S<\/span>ANTOMERA<\/span><\/h1>\n<p>[\/vc_column_text][vc_column_text css=&#8221;.vc_custom_1595405755258{padding-top: 10px !important;padding-bottom: 10px !important;}&#8221;]<\/p>\n<p style=\"text-align: center;\">Somos una Empresa familiar que llevamos <strong>15 a\u00f1os<\/strong> dando servicio tanto a empresas c\u00f3mo a particulares, nuestro af\u00e1n de mejora y prestar mejor servicio al cliente nos hemos aventurado a la venta online creando esta p\u00e1gina web donde poder llegar a m\u00e1s rincones poniendo a vuestro disposici\u00f3n nuestra experiencia y trato personalizado. A\u00f1adiendo a nuestro amplio stock mas de <strong>30.000 referencias<\/strong> disponibles en menos de 24 horas.<\/p>\n<p>[\/vc_column_text][vc_column_text css=&#8221;.vc_custom_1595414840012{padding-top: 30px !important;}&#8221;]<\/p>\n<p style=\"text-align: center;\">Especialistas en herrajes, mandos a distancia y estamos encantados de poder ayudarte y asesorarte en todo lo que necesites. no dudes en acercarte a nuestras instalaciones o llamarnos para ponerte en contacto con un autentico experto ferretero.<\/p>\n<p>[\/vc_column_text][\/vc_column][\/vc_row][vc_row css_animation=&#8221;&#8221; row_type=&#8221;row&#8221; use_row_as_full_screen_section=&#8221;no&#8221; type=&#8221;full_width&#8221; angled_section=&#8221;no&#8221; text_align=&#8221;left&#8221; background_image_as_pattern=&#8221;without_pattern&#8221;][vc_column][vc_empty_space height=&#8221;50px&#8221;][\/vc_column][\/vc_row][vc_row css_animation=&#8221;&#8221; row_type=&#8221;row&#8221; use_row_as_full_screen_section=&#8221;no&#8221; type=&#8221;full_width&#8221; angled_section=&#8221;no&#8221; text_align=&#8221;left&#8221; background_image_as_pattern=&#8221;without_pattern&#8221;][vc_column css=&#8221;.vc_custom_1595340282422{border-top-width: 3px !important;border-right-width: 3px !important;border-bottom-width: 3px !important;border-left-width: 3px !important;padding-top: 15px !important;padding-right: 15px !important;padding-bottom: 15px !important;padding-left: 15px !important;border-left-color: #f39200 !important;border-left-style: double !important;border-right-color: #f39200 !important;border-right-style: double !important;border-top-color: #f39200 !important;border-top-style: double !important;border-bottom-color: #f39200 !important;border-bottom-style: double !important;}&#8221;][vc_column_text]<\/p>\n<h2 style=\"text-align: center;\"><span style=\"color: #26348b;\">Nuestros productos<\/span><\/h2>\n<p>[\/vc_column_text][\/vc_column][\/vc_row][vc_row css_animation=&#8221;&#8221; row_type=&#8221;row&#8221; use_row_as_full_screen_section=&#8221;no&#8221; type=&#8221;full_width&#8221; angled_section=&#8221;no&#8221; text_align=&#8221;left&#8221; background_image_as_pattern=&#8221;without_pattern&#8221;][vc_column css=&#8221;.vc_custom_1595405846853{padding-top: 15px !important;}&#8221;][vc_column_text]<\/p>\n<p style=\"text-align: center;\">Disponemos de una gran variedad de productos a su disposici\u00f3n. Tenemos un amplio cat\u00e1logo en el cual contamos<\/p>\n<p style=\"text-align: center;\">con m\u00e1s de 25.000 referencias de productos en los que podremos encontrar:<\/p>\n<p>[\/vc_column_text][\/vc_column][\/vc_row][vc_row css_animation=&#8221;&#8221; row_type=&#8221;row&#8221; use_row_as_full_screen_section=&#8221;no&#8221; type=&#8221;full_width&#8221; angled_section=&#8221;no&#8221; text_align=&#8221;left&#8221; background_image_as_pattern=&#8221;without_pattern&#8221;][vc_column][vc_empty_space height=&#8221;40px&#8221;][\/vc_column][\/vc_row][vc_row css_animation=&#8221;&#8221; row_type=&#8221;row&#8221; use_row_as_full_screen_section=&#8221;no&#8221; type=&#8221;full_width&#8221; angled_section=&#8221;no&#8221; text_align=&#8221;left&#8221; background_image_as_pattern=&#8221;without_pattern&#8221;][vc_column width=&#8221;1\/2&#8243; css=&#8221;.vc_custom_1595405367431{padding-top: 15px !important;padding-bottom: 15px !important;}&#8221;][vc_single_image image=&#8221;39&#8243; img_size=&#8221;large&#8221; alignment=&#8221;center&#8221; qode_css_animation=&#8221;&#8221;][vc_column_text css=&#8221;.vc_custom_1595410430628{padding-top: 15px !important;}&#8221;]<\/p>\n<p style=\"text-align: center;\">Amplia gama de herramientas manuales: Alicates, destornilladores\u2026<\/p>\n<p>[\/vc_column_text][\/vc_column][vc_column width=&#8221;1\/2&#8243; css=&#8221;.vc_custom_1595405378377{padding-top: 15px !important;padding-bottom: 15px !important;}&#8221;][vc_single_image image=&#8221;40&#8243; img_size=&#8221;large&#8221; qode_css_animation=&#8221;&#8221;][vc_column_text css=&#8221;.vc_custom_1595410436366{padding-top: 15px !important;}&#8221;]<\/p>\n<p style=\"text-align: center;\">Disponemos de toda una gama amplia de accesorios de todo tipo de bricolaje<\/p>\n<p>[\/vc_column_text][\/vc_column][\/vc_row][vc_row css_animation=&#8221;&#8221; row_type=&#8221;row&#8221; use_row_as_full_screen_section=&#8221;no&#8221; type=&#8221;full_width&#8221; angled_section=&#8221;no&#8221; text_align=&#8221;left&#8221; background_image_as_pattern=&#8221;without_pattern&#8221;][vc_column][vc_empty_space height=&#8221;30px&#8221; el_class=&#8221;separator-custom&#8221;][\/vc_column][\/vc_row][vc_row css_animation=&#8221;&#8221; row_type=&#8221;row&#8221; use_row_as_full_screen_section=&#8221;no&#8221; type=&#8221;full_width&#8221; angled_section=&#8221;no&#8221; text_align=&#8221;left&#8221; background_image_as_pattern=&#8221;without_pattern&#8221;][vc_column width=&#8221;1\/2&#8243; css=&#8221;.vc_custom_1595405293956{padding-top: 15px !important;padding-bottom: 15px !important;}&#8221;][vc_single_image image=&#8221;41&#8243; img_size=&#8221;large&#8221; qode_css_animation=&#8221;&#8221;][vc_column_text css=&#8221;.vc_custom_1595410446135{padding-top: 15px !important;}&#8221;]<\/p>\n<p style=\"text-align: center;\">Gafas, m\u00e1scaras, guantes, filtros, limas&#8230;<\/p>\n<p>[\/vc_column_text][\/vc_column][vc_column width=&#8221;1\/2&#8243; css=&#8221;.vc_custom_1595405308374{padding-top: 15px !important;padding-bottom: 15px !important;}&#8221;][vc_single_image image=&#8221;33&#8243; img_size=&#8221;large&#8221; qode_css_animation=&#8221;&#8221;][vc_column_text css=&#8221;.vc_custom_1595410452132{padding-top: 15px !important;}&#8221;]<\/p>\n<p style=\"text-align: center;\">Contamos con diferentes elementos de fijaci\u00f3n industrial de calidad para adaptarlos a tus necesidades<\/p>\n<p>[\/vc_column_text][\/vc_column][\/vc_row][vc_row css_animation=&#8221;&#8221; row_type=&#8221;row&#8221; use_row_as_full_screen_section=&#8221;no&#8221; type=&#8221;full_width&#8221; angled_section=&#8221;no&#8221; text_align=&#8221;left&#8221; background_image_as_pattern=&#8221;without_pattern&#8221;][vc_column][vc_empty_space height=&#8221;30px&#8221; el_class=&#8221;separator-custom&#8221;][\/vc_column][\/vc_row][vc_row css_animation=&#8221;&#8221; row_type=&#8221;row&#8221; use_row_as_full_screen_section=&#8221;no&#8221; type=&#8221;full_width&#8221; angled_section=&#8221;no&#8221; text_align=&#8221;left&#8221; background_image_as_pattern=&#8221;without_pattern&#8221;][vc_column width=&#8221;1\/2&#8243; css=&#8221;.vc_custom_1595405392299{padding-top: 15px !important;padding-bottom: 15px !important;}&#8221;][vc_single_image image=&#8221;36&#8243; img_size=&#8221;large&#8221; qode_css_animation=&#8221;&#8221;][vc_column_text css=&#8221;.vc_custom_1595410459038{padding-top: 15px !important;}&#8221;]<\/p>\n<p style=\"text-align: center;\">Compra productos para tu jard\u00edn, huerto o terraza<\/p>\n<p>[\/vc_column_text][\/vc_column][vc_column width=&#8221;1\/2&#8243; css=&#8221;.vc_custom_1595405402337{padding-top: 15px !important;padding-bottom: 15px !important;}&#8221;][vc_single_image image=&#8221;34&#8243; img_size=&#8221;large&#8221; qode_css_animation=&#8221;&#8221;][vc_column_text css=&#8221;.vc_custom_1595410464524{padding-top: 15px !important;}&#8221;]<\/p>\n<p style=\"text-align: center;\">\u00bfNecesitas pintura para pintar las paredes de tu hogar? Aqu\u00ed encontrar\u00e1s la pintura que est\u00e1s buscando<\/p>\n<p>[\/vc_column_text][\/vc_column][\/vc_row][vc_row css_animation=&#8221;&#8221; row_type=&#8221;row&#8221; use_row_as_full_screen_section=&#8221;no&#8221; type=&#8221;full_width&#8221; angled_section=&#8221;no&#8221; text_align=&#8221;left&#8221; background_image_as_pattern=&#8221;without_pattern&#8221;][vc_column css=&#8221;.vc_custom_1595414700935{padding-top: 40px !important;padding-bottom: 40px !important;}&#8221;][vc_column_text]<\/p>\n<h3 style=\"text-align: center;\"><span style=\"color: #f39200;\"><em>para nosotros es importante que el cliente se vaya satisfecho con lo que ha comprado a su casa , c\u00f3mo ofrecer un buena atenci\u00f3n postventa, disponemos de servicio de recogida de<\/em><\/span><span style=\"color: #f39200;\"><em> mater<\/em><\/span><span style=\"color: #f39200;\"><em>ial<\/em><\/span><span style=\"color: #f39200;\"><em> en tienda, nos llama y se lo dejamos preparado. Ponemos nuestra experiencia al servicio del cliente<\/em><\/span><\/h3>\n<p>[\/vc_column_text][\/vc_column][\/vc_row][vc_row css_animation=&#8221;&#8221; row_type=&#8221;row&#8221; use_row_as_full_screen_section=&#8221;no&#8221; type=&#8221;full_width&#8221; angled_section=&#8221;no&#8221; text_align=&#8221;left&#8221; background_image_as_pattern=&#8221;without_pattern&#8221;][vc_column][vc_empty_space height=&#8221;70px&#8221;][\/vc_column][\/vc_row][vc_row css_animation=&#8221;&#8221; row_type=&#8221;row&#8221; use_row_as_full_screen_section=&#8221;no&#8221; type=&#8221;full_width&#8221; angled_section=&#8221;no&#8221; text_align=&#8221;left&#8221; background_image_as_pattern=&#8221;without_pattern&#8221;][vc_column css=&#8221;.vc_custom_1595340282422{border-top-width: 3px !important;border-right-width: 3px !important;border-bottom-width: 3px !important;border-left-width: 3px !important;padding-top: 15px !important;padding-right: 15px !important;padding-bottom: 15px !important;padding-left: 15px !important;border-left-color: #f39200 !important;border-left-style: double !important;border-right-color: #f39200 !important;border-right-style: double !important;border-top-color: #f39200 !important;border-top-style: double !important;border-bottom-color: #f39200 !important;border-bottom-style: double !important;}&#8221;][vc_column_text]<\/p>\n<h2 style=\"text-align: center;\"><span style=\"color: #26348b;\">Marcas con las que trabajamos<\/span><\/h2>\n<p>[\/vc_column_text][\/vc_column][\/vc_row][vc_row css_animation=&#8221;&#8221; row_type=&#8221;row&#8221; use_row_as_full_screen_section=&#8221;no&#8221; type=&#8221;full_width&#8221; angled_section=&#8221;no&#8221; text_align=&#8221;left&#8221; background_image_as_pattern=&#8221;without_pattern&#8221;][vc_column css=&#8221;.vc_custom_1595410153098{padding-top: 50px !important;}&#8221;][vc_column_text css=&#8221;&#8221;]<\/p>\n<div class=\"qode_clients clearfix five_columns default\">\n<div class=\"qode_client_holder\">\n<div class=\"qode_client_holder_inner\">\n<div class=\"qode_client_image_holder\"><a target=\"_self\" rel=\"noopener noreferrer\"><br \/>\n<img loading=\"lazy\" decoding=\"async\" class=\"qode_client_main_image\" src=\"\/wp-content\/uploads\/sites\/160\/2024\/09\/logotipo-cofan-peque.jpg\" alt=\"cofan\" width=\"114\" height=\"34\" \/><br \/>\n<\/a><\/div>\n<div class=\"qode_client_image_hover\"><\/div>\n<\/div>\n<\/div>\n<div class=\"qode_client_holder\">\n<div class=\"qode_client_holder_inner\">\n<div class=\"qode_client_image_holder\"><a target=\"_self\" rel=\"noopener noreferrer\"><br \/>\n<img decoding=\"async\" class=\"qode_client_main_image\" src=\"https:\/\/blog.cofan.es\/herrajessantomera2\/wp-content\/uploads\/sites\/160\/2020\/07\/azbe.jpg\" alt=\"azbe\" \/><br \/>\n<\/a><\/div>\n<div class=\"qode_client_image_hover\"><\/div>\n<\/div>\n<\/div>\n<div class=\"qode_client_holder\">\n<div class=\"qode_client_holder_inner\">\n<div class=\"qode_client_image_holder\"><a target=\"_self\" rel=\"noopener noreferrer\"><br \/>\n<img decoding=\"async\" class=\"qode_client_main_image\" src=\"https:\/\/blog.cofan.es\/herrajessantomera2\/wp-content\/uploads\/sites\/160\/2020\/07\/bellota.jpg\" alt=\"bellota\" \/><br \/>\n<\/a><\/div>\n<div class=\"qode_client_image_hover\"><\/div>\n<\/div>\n<\/div>\n<div class=\"qode_client_holder\">\n<div class=\"qode_client_holder_inner\">\n<div class=\"qode_client_image_holder\"><a target=\"_self\" rel=\"noopener noreferrer\"><br \/>\n<img decoding=\"async\" class=\"qode_client_main_image\" src=\"https:\/\/blog.cofan.es\/herrajessantomera2\/wp-content\/uploads\/sites\/160\/2020\/07\/bosch.jpg\" alt=\"bosch\" \/><br \/>\n<\/a><\/div>\n<div class=\"qode_client_image_hover\"><\/div>\n<\/div>\n<\/div>\n<div class=\"qode_client_holder\">\n<div class=\"qode_client_holder_inner\">\n<div class=\"qode_client_image_holder\"><a target=\"_self\" rel=\"noopener noreferrer\"><br \/>\n<img decoding=\"async\" class=\"qode_client_main_image\" style=\"background-color: #2c2d6e;\" src=\"https:\/\/blog.cofan.es\/herrajessantomera2\/wp-content\/uploads\/sites\/160\/2020\/07\/carvi.png\" alt=\"carvi\" \/><br \/>\n<\/a><\/div>\n<div class=\"qode_client_image_hover\"><\/div>\n<\/div>\n<\/div>\n<div class=\"qode_client_holder\">\n<div class=\"qode_client_holder_inner\">\n<div class=\"qode_client_image_holder\"><a target=\"_self\" rel=\"noopener noreferrer\"><br \/>\n<img decoding=\"async\" class=\"qode_client_main_image\" src=\"https:\/\/blog.cofan.es\/herrajessantomera2\/wp-content\/uploads\/sites\/160\/2020\/07\/cvl.jpg\" alt=\"cvl\" \/><br \/>\n<\/a><\/div>\n<div class=\"qode_client_image_hover\"><\/div>\n<\/div>\n<\/div>\n<div class=\"qode_client_holder\">\n<div class=\"qode_client_holder_inner\">\n<div class=\"qode_client_image_holder\"><a target=\"_self\" rel=\"noopener noreferrer\"><br \/>\n<img decoding=\"async\" class=\"qode_client_main_image\" src=\"https:\/\/blog.cofan.es\/herrajessantomera2\/wp-content\/uploads\/sites\/160\/2020\/07\/fischer.jpg\" alt=\"fischer\" \/><br \/>\n<\/a><\/div>\n<div class=\"qode_client_image_hover\"><\/div>\n<\/div>\n<\/div>\n<div class=\"qode_client_holder\">\n<div class=\"qode_client_holder_inner\">\n<div class=\"qode_client_image_holder\"><a target=\"_self\" rel=\"noopener noreferrer\"><br \/>\n<img decoding=\"async\" class=\"qode_client_main_image\" src=\"https:\/\/blog.cofan.es\/herrajessantomera2\/wp-content\/uploads\/sites\/160\/2020\/07\/hepyc.jpg\" alt=\"hepyc\" \/><br \/>\n<\/a><\/div>\n<div class=\"qode_client_image_hover\"><\/div>\n<\/div>\n<\/div>\n<div class=\"qode_client_holder\">\n<div class=\"qode_client_holder_inner\">\n<div class=\"qode_client_image_holder\"><a target=\"_self\" rel=\"noopener noreferrer\"><br \/>\n<img decoding=\"async\" class=\"qode_client_main_image\" src=\"https:\/\/blog.cofan.es\/herrajessantomera2\/wp-content\/uploads\/sites\/160\/2020\/07\/ingco.png\" alt=\"ingco\" \/><br \/>\n<\/a><\/div>\n<div class=\"qode_client_image_hover\"><\/div>\n<\/div>\n<\/div>\n<div class=\"qode_client_holder\">\n<div class=\"qode_client_holder_inner\">\n<div class=\"qode_client_image_holder\"><a target=\"_self\" rel=\"noopener noreferrer\"><br \/>\n<img decoding=\"async\" class=\"qode_client_main_image\" src=\"https:\/\/blog.cofan.es\/herrajessantomera2\/wp-content\/uploads\/sites\/160\/2020\/07\/jandel.png\" alt=\"jandel\" \/><br \/>\n<\/a><\/div>\n<div class=\"qode_client_image_hover\"><\/div>\n<\/div>\n<\/div>\n<div class=\"qode_client_holder\">\n<div class=\"qode_client_holder_inner\">\n<div class=\"qode_client_image_holder\"><a target=\"_self\" rel=\"noopener noreferrer\"><br \/>\n<img decoding=\"async\" class=\"qode_client_main_image\" src=\"https:\/\/blog.cofan.es\/herrajessantomera2\/wp-content\/uploads\/sites\/160\/2020\/07\/makita.jpg\" alt=\"makita\" \/><br \/>\n<\/a><\/div>\n<div class=\"qode_client_image_hover\"><\/div>\n<\/div>\n<\/div>\n<div class=\"qode_client_holder\">\n<div class=\"qode_client_holder_inner\">\n<div class=\"qode_client_image_holder\"><a target=\"_self\" rel=\"noopener noreferrer\"><br \/>\n<img decoding=\"async\" class=\"qode_client_main_image\" src=\"https:\/\/blog.cofan.es\/herrajessantomera2\/wp-content\/uploads\/sites\/160\/2020\/07\/pinturas-moype.png\" alt=\"pinturas-moype\" \/><br \/>\n<\/a><\/div>\n<div class=\"qode_client_image_hover\"><\/div>\n<\/div>\n<\/div>\n<div class=\"qode_client_holder\">\n<div class=\"qode_client_holder_inner\">\n<div class=\"qode_client_image_holder\"><a target=\"_self\" rel=\"noopener noreferrer\"><br \/>\n<img decoding=\"async\" class=\"qode_client_main_image\" src=\"https:\/\/blog.cofan.es\/herrajessantomera2\/wp-content\/uploads\/sites\/160\/2020\/07\/quilosa.jpg\" alt=\"quilosa\" \/><br \/>\n<\/a><\/div>\n<div class=\"qode_client_image_hover\"><\/div>\n<\/div>\n<\/div>\n<div class=\"qode_client_holder\">\n<div class=\"qode_client_holder_inner\">\n<div class=\"qode_client_image_holder\"><a target=\"_self\" rel=\"noopener noreferrer\"><br \/>\n<img decoding=\"async\" class=\"qode_client_main_image\" src=\"https:\/\/blog.cofan.es\/herrajessantomera2\/wp-content\/uploads\/sites\/160\/2020\/07\/soudal.jpg\" alt=\"soudal\" \/><br \/>\n<\/a><\/div>\n<div class=\"qode_client_image_hover\"><\/div>\n<\/div>\n<\/div>\n<div class=\"qode_client_holder\">\n<div class=\"qode_client_holder_inner\">\n<div class=\"qode_client_image_holder\"><a target=\"_self\" rel=\"noopener noreferrer\"><br \/>\n<img decoding=\"async\" class=\"qode_client_main_image\" src=\"https:\/\/blog.cofan.es\/herrajessantomera2\/wp-content\/uploads\/sites\/160\/2020\/07\/stihl.jpg\" alt=\"stihl\" \/><br \/>\n<\/a><\/div>\n<div class=\"qode_client_image_hover\"><\/div>\n<\/div>\n<\/div>\n<div class=\"qode_client_holder\">\n<div class=\"qode_client_holder_inner\">\n<div class=\"qode_client_image_holder\"><a target=\"_self\" rel=\"noopener noreferrer\"><br \/>\n<img decoding=\"async\" class=\"qode_client_main_image\" src=\"https:\/\/blog.cofan.es\/herrajessantomera2\/wp-content\/uploads\/sites\/160\/2020\/07\/tayg.jpg\" alt=\"tayg\" \/><br \/>\n<\/a><\/div>\n<div class=\"qode_client_image_hover\"><\/div>\n<\/div>\n<\/div>\n<div class=\"qode_client_holder\">\n<div class=\"qode_client_holder_inner\">\n<div class=\"qode_client_image_holder\"><a target=\"_self\" rel=\"noopener noreferrer\"><br \/>\n<img decoding=\"async\" class=\"qode_client_main_image\" src=\"https:\/\/blog.cofan.es\/herrajessantomera2\/wp-content\/uploads\/sites\/160\/2020\/07\/tesa.jpg\" alt=\"tesa\" \/><br \/>\n<\/a><\/div>\n<\/div>\n<\/div>\n<\/div>\n<p>[\/vc_column_text][\/vc_column][\/vc_row][vc_row css_animation=&#8221;&#8221; row_type=&#8221;row&#8221; use_row_as_full_screen_section=&#8221;no&#8221; type=&#8221;full_width&#8221; angled_section=&#8221;no&#8221; text_align=&#8221;left&#8221; background_image_as_pattern=&#8221;without_pattern&#8221;][vc_column][vc_empty_space height=&#8221;50px&#8221;][\/vc_column][\/vc_row][vc_row css_animation=&#8221;&#8221; row_type=&#8221;row&#8221; use_row_as_full_screen_section=&#8221;no&#8221; type=&#8221;full_width&#8221; angled_section=&#8221;no&#8221; text_align=&#8221;left&#8221; background_image_as_pattern=&#8221;without_pattern&#8221;][vc_column css=&#8221;.vc_custom_1595859219794{margin-bottom: 50px !important;}&#8221;][vc_single_image source=&#8221;external_link&#8221; onclick=&#8221;custom_link&#8221; img_link_target=&#8221;_blank&#8221; css=&#8221;&#8221; qode_css_animation=&#8221;&#8221; custom_src=&#8221;\/wp-content\/uploads\/sites\/160\/2024\/09\/banner-cofan-nuevo.jpg&#8221; link=&#8221;https:\/\/www.cofan.es\/es\/privatearea\/login\/F44pfhdNV\/&#8221;][\/vc_column][\/vc_row]<\/p>\n<\/div>","protected":false},"excerpt":{"rendered":"<p>[vc_row css_animation=&#8221;&#8221; row_type=&#8221;row&#8221; use_row_as_full_screen_section=&#8221;no&#8221; type=&#8221;full_width&#8221; angled_section=&#8221;no&#8221; text_align=&#8221;left&#8221; background_image_as_pattern=&#8221;without_pattern&#8221;][vc_column][vc_gallery interval=&#8221;3&#8243; images=&#8221;13,11,14,15,12,10,16&#8243; img_size=&#8221;large&#8221; onclick=&#8221;&#8221;][\/vc_column][\/vc_row][vc_row css_animation=&#8221;&#8221; row_type=&#8221;row&#8221; use_row_as_full_screen_section=&#8221;no&#8221; type=&#8221;full_width&#8221; angled_section=&#8221;no&#8221; text_align=&#8221;left&#8221; background_image_as_pattern=&#8221;without_pattern&#8221;][vc_column][vc_column_text css=&#8221;.vc_custom_1595420697520{padding-bottom: 40px !important;}&#8221; el_class=&#8221;titulo-custom&#8221;] HERRAJES SANTOMERA [\/vc_column_text][vc_column_text css=&#8221;.vc_custom_1595405755258{padding-top: 10px !important;padding-bottom: 10px !important;}&#8221;] Somos una Empresa familiar que llevamos 15 a\u00f1os dando servicio tanto a empresas c\u00f3mo&#8230;<\/p>\n","protected":false},"author":1,"featured_media":0,"parent":0,"menu_order":0,"comment_status":"closed","ping_status":"closed","template":"","meta":{"footnotes":""},"class_list":["post-2","page","type-page","status-publish","hentry"],"_links":{"self":[{"href":"https:\/\/blog.cofan.es\/herrajessantomera2\/wp-json\/wp\/v2\/pages\/2","targetHints":{"allow":["GET"]}}],"collection":[{"href":"https:\/\/blog.cofan.es\/herrajessantomera2\/wp-json\/wp\/v2\/pages"}],"about":[{"href":"https:\/\/blog.cofan.es\/herrajessantomera2\/wp-json\/wp\/v2\/types\/page"}],"author":[{"embeddable":true,"href":"https:\/\/blog.cofan.es\/herrajessantomera2\/wp-json\/wp\/v2\/users\/1"}],"replies":[{"embeddable":true,"href":"https:\/\/blog.cofan.es\/herrajessantomera2\/wp-json\/wp\/v2\/comments?post=2"}],"version-history":[{"count":24,"href":"https:\/\/blog.cofan.es\/herrajessantomera2\/wp-json\/wp\/v2\/pages\/2\/revisions"}],"predecessor-version":[{"id":136,"href":"https:\/\/blog.cofan.es\/herrajessantomera2\/wp-json\/wp\/v2\/pages\/2\/revisions\/136"}],"wp:attachment":[{"href":"https:\/\/blog.cofan.es\/herrajessantomera2\/wp-json\/wp\/v2\/media?parent=2"}],"curies":[{"name":"wp","href":"https:\/\/api.w.org\/{rel}","templated":true}]}}