{"id":83,"date":"2014-10-29T12:44:15","date_gmt":"2014-10-29T12:44:15","guid":{"rendered":"http:\/\/blog.cofan.es\/ferreteriahnoscarmona-es\/?page_id=83"},"modified":"2024-09-05T11:23:40","modified_gmt":"2024-09-05T11:23:40","slug":"catalogos","status":"publish","type":"page","link":"https:\/\/blog.cofan.es\/hermanoscarmona\/catalogos\/","title":{"rendered":"Cat\u00e1logos"},"content":{"rendered":"<div class=\"wpb-content-wrapper\"><p>[vc_row css_animation=&#8221;&#8221; row_type=&#8221;row&#8221; use_row_as_full_screen_section=&#8221;no&#8221; type=&#8221;full_width&#8221; angled_section=&#8221;no&#8221; text_align=&#8221;left&#8221; background_image_as_pattern=&#8221;without_pattern&#8221;][vc_column][vc_column_text]<span style=\"color: #000000;\">Descarga en nuestra secci\u00f3n de cat\u00e1logos todos los pdf con todos lo productos, ofertas y promociones categorizados en las distintas familias.<\/span>[\/vc_column_text][vc_row_inner row_type=&#8221;row&#8221; type=&#8221;full_width&#8221; text_align=&#8221;left&#8221; css_animation=&#8221;&#8221; css=&#8221;.vc_custom_1482422498923{margin-top: 30px !important;}&#8221;][vc_column_inner width=&#8221;1\/3&#8243;][vc_column_text]<\/p>\n<p style=\"text-align: center;\"><img loading=\"lazy\" decoding=\"async\" class=\"alignnone size-full wp-image-331\" src=\"\/wp-content\/uploads\/sites\/92\/2014\/10\/toldos.jpg\" alt=\"toldos\" width=\"200\" height=\"110\" \/><\/p>\n<p>[\/vc_column_text][vc_column_text css=&#8221;.vc_custom_1482422362071{padding-top: 15px !important;}&#8221;]<\/p>\n<h4>Toldos<\/h4>\n<p>[\/vc_column_text][vc_column_text css=&#8221;.vc_custom_1482422336383{padding-top: 15px !important;}&#8221;]<span style=\"color: #000000;\">Toldos en varios colores, de rafia Extra, ca\u00f1izo, brezo, bamb\u00fa, pl\u00e1stico[\u2026]<\/span>[\/vc_column_text][vc_column_text]<span style=\"color: #1f88cc;\"><a style=\"color: #1f88cc;\" href=\"\/wp-content\/uploads\/sites\/92\/2015\/10\/toldos-b.jpg\">Descargar<\/a><\/span>[\/vc_column_text][\/vc_column_inner][vc_column_inner width=&#8221;1\/3&#8243;][vc_column_text]<\/p>\n<p style=\"text-align: center;\"><img loading=\"lazy\" decoding=\"async\" class=\"alignnone wp-image-334 size-full\" src=\"\/wp-content\/uploads\/sites\/92\/2014\/10\/productos-clorados.jpg\" alt=\"productos-clorados\" width=\"200\" height=\"110\" \/><\/p>\n<p>[\/vc_column_text][vc_column_text css=&#8221;.vc_custom_1482422366850{padding-top: 15px !important;}&#8221;]<\/p>\n<h4 class=\"titleCatalogo\"><span id=\"ContentPlaceHolder1_ctl00_lbTitulo\">Productos Clorados \u201cClorama\u201d<\/span><\/h4>\n<p>[\/vc_column_text][vc_column_text css=&#8221;.vc_custom_1482422523724{padding-top: 15px !important;}&#8221;]<span style=\"color: #000000;\">Clorama multifunci\u00f3n, P-Tricoloro en polvo, en grano, etc. [\u2026]<\/span>[\/vc_column_text][vc_column_text]<span style=\"color: #1f88cc;\"><a style=\"color: #1f88cc;\" href=\"\/wp-content\/uploads\/sites\/92\/2015\/10\/productos-clorados-b.jpg\">Descargar<\/a><\/span>[\/vc_column_text][\/vc_column_inner][vc_column_inner width=&#8221;1\/3&#8243;][vc_column_text]<\/p>\n<p style=\"text-align: center;\"><img loading=\"lazy\" decoding=\"async\" class=\"alignnone size-full wp-image-336\" src=\"\/wp-content\/uploads\/sites\/92\/2014\/10\/material-riego.jpg\" alt=\"material-riego\" width=\"200\" height=\"110\" \/><\/p>\n<p>[\/vc_column_text][vc_column_text css=&#8221;.vc_custom_1482422410482{padding-top: 15px !important;}&#8221;]<\/p>\n<h4 class=\"titleCatalogo\"><span id=\"ContentPlaceHolder1_ctl00_lbTitulo\">Material de Riego<\/span><\/h4>\n<p>[\/vc_column_text][vc_column_text css=&#8221;.vc_custom_1482422530603{padding-top: 15px !important;}&#8221;]<span style=\"color: #000000;\">Material de riego en polietileno, enlace reducido, codo mixto, etc. [\u2026]<\/span>[\/vc_column_text][vc_column_text]<span style=\"color: #1f88cc;\"><a style=\"color: #1f88cc;\" href=\"\/wp-content\/uploads\/sites\/92\/2015\/10\/riego-por-goteo-b.jpg\">Descargar<\/a><\/span>[\/vc_column_text][\/vc_column_inner][\/vc_row_inner][vc_row_inner row_type=&#8221;row&#8221; type=&#8221;full_width&#8221; text_align=&#8221;left&#8221; css_animation=&#8221;&#8221; css=&#8221;.vc_custom_1482423569497{margin-top: 30px !important;}&#8221;][vc_column_inner width=&#8221;1\/3&#8243;][vc_column_text]<\/p>\n<p style=\"text-align: center;\"><img loading=\"lazy\" decoding=\"async\" class=\"alignnone size-full wp-image-338\" src=\"\/wp-content\/uploads\/sites\/92\/2014\/10\/filtros.jpg\" alt=\"filtros\" width=\"200\" height=\"110\" \/><\/p>\n<p>[\/vc_column_text][vc_column_text css=&#8221;.vc_custom_1482423600221{padding-top: 15px !important;}&#8221;]<\/p>\n<h4>Filtros y Bombas<\/h4>\n<p>[\/vc_column_text][vc_column_text css=&#8221;.vc_custom_1482423634625{padding-top: 15px !important;}&#8221;]<span style=\"color: #000000;\">Filtros star-plus, bombas autoaspirantes para piscinas, etc.[\u2026]<\/span>[\/vc_column_text][vc_column_text]<span style=\"color: #1f88cc;\"><a style=\"color: #1f88cc;\" href=\"\/wp-content\/uploads\/sites\/92\/2015\/10\/filtros1.jpg\">Descargar<\/a><\/span>[\/vc_column_text][\/vc_column_inner][vc_column_inner width=&#8221;1\/3&#8243;][vc_column_text]<\/p>\n<p style=\"text-align: center;\"><img loading=\"lazy\" decoding=\"async\" class=\"alignnone size-full wp-image-340\" src=\"\/wp-content\/uploads\/sites\/92\/2014\/10\/riego-por-goteo.jpg\" alt=\"riego-por-goteo\" width=\"200\" height=\"110\" \/><\/p>\n<p>[\/vc_column_text][vc_column_text css=&#8221;.vc_custom_1482423646845{padding-top: 15px !important;}&#8221;]<\/p>\n<h4 class=\"titleCatalogo\"><span style=\"color: #000000;\">Riego por goteo<\/span><\/h4>\n<p>[\/vc_column_text][vc_column_text css=&#8221;.vc_custom_1482423664917{padding-top: 15px !important;}&#8221;]<span style=\"color: #000000;\">Toda clase de accesorios para riego por goteo [\u2026]<\/span>[\/vc_column_text][vc_column_text]<span style=\"color: #1f88cc;\"><a style=\"color: #1f88cc;\" href=\"\/wp-content\/uploads\/sites\/92\/2015\/10\/riego-por-goteo-b1.jpg\">Descargar<\/a><\/span>[\/vc_column_text][\/vc_column_inner][vc_column_inner width=&#8221;1\/3&#8243;][vc_column_text]<\/p>\n<p style=\"text-align: center;\"><img loading=\"lazy\" decoding=\"async\" class=\"alignnone size-full wp-image-342\" src=\"\/wp-content\/uploads\/sites\/92\/2014\/10\/pulverizadores-conectores.jpg\" alt=\"pulverizadores-conectores\" width=\"200\" height=\"110\" \/><\/p>\n<p>[\/vc_column_text][vc_column_text css=&#8221;.vc_custom_1482423613986{padding-top: 15px !important;}&#8221;]<\/p>\n<h4 class=\"titleCatalogo\"><span id=\"ContentPlaceHolder1_ctl00_lbTitulo\" style=\"color: #000000;\">Pulverizadores y conectores<\/span><\/h4>\n<p>[\/vc_column_text][vc_column_text css=&#8221;.vc_custom_1482423681672{padding-top: 15px !important;}&#8221;]<span style=\"color: #000000;\">Pulverizadores de 12 y 18 litros, conectores r\u00e1pidos para manguera, etc [\u2026]<\/span>[\/vc_column_text][vc_column_text]<span style=\"color: #1f88cc;\"><a style=\"color: #1f88cc;\" href=\"\/wp-content\/uploads\/sites\/92\/2015\/10\/pulverizadores-conectores-b.jpg\">Descargar<\/a><\/span>[\/vc_column_text][\/vc_column_inner][\/vc_row_inner][\/vc_column][\/vc_row][vc_row css_animation=&#8221;&#8221; row_type=&#8221;row&#8221; use_row_as_full_screen_section=&#8221;no&#8221; type=&#8221;full_width&#8221; angled_section=&#8221;no&#8221; text_align=&#8221;left&#8221; background_image_as_pattern=&#8221;without_pattern&#8221; css=&#8221;.vc_custom_1482423720787{margin-top: 30px !important;}&#8221;][vc_column][vc_column_text css=&#8221;&#8221;]<\/p>\n<p style=\"text-align: center;\"><a href=\"https:\/\/www.cofan.es\/catalogos\/catalogo-general.pdf\" target=\"_blank\" rel=\"noopener\"><img loading=\"lazy\" decoding=\"async\" class=\"alignnone wp-image-377\" src=\"\/wp-content\/uploads\/sites\/92\/2024\/09\/portadaCatalogo-grande.jpg\" alt=\"catalogo_cofan_2016\" width=\"180\" height=\"255\" \/><\/a><\/p>\n<p style=\"text-align: center;\"><a href=\"https:\/\/www.cofan.es\/catalogos\/catalogo-general.pdf\" target=\"_blank\" rel=\"noopener\"><strong>Descargar Cat\u00e1logo<\/strong><\/a><\/p>\n<p>[\/vc_column_text][\/vc_column][\/vc_row]<\/p>\n<\/div>","protected":false},"excerpt":{"rendered":"<p>[vc_row css_animation=&#8221;&#8221; row_type=&#8221;row&#8221; use_row_as_full_screen_section=&#8221;no&#8221; type=&#8221;full_width&#8221; angled_section=&#8221;no&#8221; text_align=&#8221;left&#8221; background_image_as_pattern=&#8221;without_pattern&#8221;][vc_column][vc_column_text]Descarga en nuestra secci\u00f3n de cat\u00e1logos todos los pdf con todos lo productos, ofertas y promociones categorizados en las distintas familias.[\/vc_column_text][vc_row_inner row_type=&#8221;row&#8221; type=&#8221;full_width&#8221; text_align=&#8221;left&#8221; css_animation=&#8221;&#8221; css=&#8221;.vc_custom_1482422498923{margin-top: 30px !important;}&#8221;][vc_column_inner width=&#8221;1\/3&#8243;][vc_column_text] [\/vc_column_text][vc_column_text css=&#8221;.vc_custom_1482422362071{padding-top: 15px !important;}&#8221;] Toldos [\/vc_column_text][vc_column_text css=&#8221;.vc_custom_1482422336383{padding-top: 15px !important;}&#8221;]Toldos&#8230;<\/p>\n","protected":false},"author":4,"featured_media":0,"parent":0,"menu_order":0,"comment_status":"closed","ping_status":"closed","template":"","meta":{"footnotes":""},"class_list":["post-83","page","type-page","status-publish","hentry"],"_links":{"self":[{"href":"https:\/\/blog.cofan.es\/hermanoscarmona\/wp-json\/wp\/v2\/pages\/83","targetHints":{"allow":["GET"]}}],"collection":[{"href":"https:\/\/blog.cofan.es\/hermanoscarmona\/wp-json\/wp\/v2\/pages"}],"about":[{"href":"https:\/\/blog.cofan.es\/hermanoscarmona\/wp-json\/wp\/v2\/types\/page"}],"author":[{"embeddable":true,"href":"https:\/\/blog.cofan.es\/hermanoscarmona\/wp-json\/wp\/v2\/users\/4"}],"replies":[{"embeddable":true,"href":"https:\/\/blog.cofan.es\/hermanoscarmona\/wp-json\/wp\/v2\/comments?post=83"}],"version-history":[{"count":14,"href":"https:\/\/blog.cofan.es\/hermanoscarmona\/wp-json\/wp\/v2\/pages\/83\/revisions"}],"predecessor-version":[{"id":409,"href":"https:\/\/blog.cofan.es\/hermanoscarmona\/wp-json\/wp\/v2\/pages\/83\/revisions\/409"}],"wp:attachment":[{"href":"https:\/\/blog.cofan.es\/hermanoscarmona\/wp-json\/wp\/v2\/media?parent=83"}],"curies":[{"name":"wp","href":"https:\/\/api.w.org\/{rel}","templated":true}]}}