{"id":56,"date":"2014-10-29T10:50:23","date_gmt":"2014-10-29T10:50:23","guid":{"rendered":"http:\/\/blog.cofan.es\/ferreteriahnoscarmona-es\/?page_id=56"},"modified":"2024-09-05T13:18:08","modified_gmt":"2024-09-05T13:18:08","slug":"inicio","status":"publish","type":"page","link":"https:\/\/blog.cofan.es\/hermanoscarmona\/","title":{"rendered":"Inicio"},"content":{"rendered":"<div class=\"wpb-content-wrapper\"><p>[vc_row css_animation=&#8221;&#8221; row_type=&#8221;row&#8221; use_row_as_full_screen_section=&#8221;no&#8221; type=&#8221;full_width&#8221; angled_section=&#8221;no&#8221; text_align=&#8221;left&#8221; background_image_as_pattern=&#8221;without_pattern&#8221;][vc_column width=&#8221;1\/2&#8243;][vc_column_text]<\/p>\n<p style=\"text-align: center;\"><img loading=\"lazy\" decoding=\"async\" class=\"alignnone wp-image-285\" src=\"\/wp-content\/uploads\/sites\/92\/2014\/10\/fachada-hnos-carmona.jpg\" alt=\"fachada-hnos-carmona\" width=\"400\" height=\"217\" srcset=\"https:\/\/blog.cofan.es\/hermanoscarmona\/wp-content\/uploads\/sites\/92\/2014\/10\/fachada-hnos-carmona.jpg 600w, https:\/\/blog.cofan.es\/hermanoscarmona\/wp-content\/uploads\/sites\/92\/2014\/10\/fachada-hnos-carmona-300x163.jpg 300w\" sizes=\"auto, (max-width: 400px) 100vw, 400px\" \/><\/p>\n<p>[\/vc_column_text][\/vc_column][vc_column width=&#8221;1\/2&#8243;][vc_column_text]<\/p>\n<p class=\"textoHome\"><span style=\"color: #000000;\">Bienvenidos a<\/span> <span style=\"color: #0e71b4;\"><strong>Ferreter\u00eda Hnos. Carmona<\/strong><\/span><span style=\"color: #000000;\">. Despu\u00e9s de mucho tiempo trabajando, lanzamos nuestra nueva p\u00e1gina web. Desde aqu\u00ed podr\u00e9is seguir todas nuestras novedades, productos en promoci\u00f3n y todas aquellas noticias referentes al sector.<\/span><\/p>\n<p class=\"textoHome\"><span style=\"color: #000000;\">Para quien no nos conozca, estamos situados en Villarrubia, C\u00f3rdoba.<\/span><\/p>\n<p class=\"textoHome\"><span style=\"color: #000000;\">En<\/span> <span style=\"color: #0e71b4;\"><strong>Ferreter\u00eda Hnos. Carmona<\/strong><\/span> <span style=\"color: #000000;\">ponemos a disposici\u00f3n de nuestros clientes el mejor asesoramiento y profesionalidad posible.<\/span><\/p>\n<p>[\/vc_column_text][\/vc_column][\/vc_row][vc_row css_animation=&#8221;&#8221; row_type=&#8221;row&#8221; use_row_as_full_screen_section=&#8221;no&#8221; type=&#8221;full_width&#8221; angled_section=&#8221;no&#8221; text_align=&#8221;left&#8221; background_image_as_pattern=&#8221;without_pattern&#8221; css=&#8221;.vc_custom_1482421203404{padding-top: 50px !important;}&#8221;][vc_column][vc_column_text]<\/p>\n<h3 id=\"subtitleHome\" style=\"text-align: center;\"><span style=\"color: #000000;\"><em>TRABAJO EN EQUIPO, EXIGENCIA Y COMPROMISO NOS DIFERENCIA<\/em><\/span><\/h3>\n<p>[\/vc_column_text][vc_row_inner row_type=&#8221;row&#8221; type=&#8221;full_width&#8221; text_align=&#8221;left&#8221; css_animation=&#8221;&#8221; css=&#8221;.vc_custom_1482421255674{margin-bottom: 30px !important;padding-top: 50px !important;}&#8221;][vc_column_inner width=&#8221;1\/3&#8243;][vc_column_text css=&#8221;&#8221;]<\/p>\n<p style=\"text-align: center;\"><a href=\"\/productos\/\"><img loading=\"lazy\" decoding=\"async\" class=\"alignnone wp-image-288\" src=\"\/wp-content\/uploads\/sites\/92\/2024\/09\/NUESTROS-PRODUCTOS_230X161.jpg\" alt=\"thumb_post_productos\" width=\"230\" height=\"161\" \/><\/a><\/p>\n<p>[\/vc_column_text][vc_column_text]<\/p>\n<h4 style=\"text-align: center;\"><span style=\"color: #000000;\"><strong><a style=\"color: #000000;\" href=\"\/productos\/\">Nuestros Productos<\/a><\/strong><\/span><\/h4>\n<p>[\/vc_column_text][vc_column_text css=&#8221;.vc_custom_1482421019434{padding-top: 15px !important;}&#8221;]<\/p>\n<p style=\"text-align: center;\"><span style=\"color: #000000;\">Ferreter\u00eda: Herramienta manual, discos, brocas, etc.<\/span><br \/>\n<span style=\"color: #000000;\">Bricolaje: Pintura, utensilios de pintura, etc.<\/span><br \/>\n<span style=\"color: #000000;\">Suministro Industrial. [\u2026]<\/span><\/p>\n<p style=\"text-align: center;\"><span style=\"color: #3fb0df;\"><a style=\"color: #3fb0df;\" href=\"\/productos\/\">Leer m\u00e1s<\/a><\/span><\/p>\n<p>[\/vc_column_text][\/vc_column_inner][vc_column_inner width=&#8221;1\/3&#8243;][vc_column_text css=&#8221;&#8221;]<\/p>\n<p style=\"text-align: center;\"><a href=\"\/catalogos\/\"><img loading=\"lazy\" decoding=\"async\" class=\"alignnone wp-image-289\" src=\"\/wp-content\/uploads\/sites\/92\/2024\/09\/Nuestros-catalogos_230x161px.jpg\" alt=\"thumb_catalogos\" width=\"230\" height=\"161\" \/><\/a><br \/>\n[\/vc_column_text][vc_column_text]<\/p>\n<h4 style=\"text-align: center;\"><span style=\"color: #000000;\"><a style=\"color: #000000;\" href=\"\/catalogos\/\"><strong>Nuestros\u00a0Cat\u00e1logos<\/strong><\/a><\/span><\/h4>\n<p>[\/vc_column_text][vc_column_text css=&#8221;.vc_custom_1482421067790{padding-top: 15px !important;}&#8221;]<\/p>\n<p style=\"text-align: center;\"><span style=\"color: #000000;\">Descarga en nuestra secci\u00f3n de cat\u00e1logos, todos los pdf con todos los productos, ofertas y promociones, categorizados [&#8230;]<\/span><\/p>\n<p style=\"text-align: center;\"><span style=\"color: #00a2df;\"><a style=\"color: #00a2df;\" href=\"\/catalogos\/\">Leer m\u00e1s<\/a><\/span><\/p>\n<p>[\/vc_column_text][\/vc_column_inner][vc_column_inner width=&#8221;1\/3&#8243;][vc_column_text css=&#8221;&#8221;]<\/p>\n<p style=\"text-align: center;\"><a href=\"https:\/\/www.cofan.es\/es\/privatearea\/login\/oo1jd7zby\/\"><img loading=\"lazy\" decoding=\"async\" class=\"alignnone wp-image-290\" src=\"\/wp-content\/uploads\/sites\/92\/2024\/09\/COMPRA-ONLINE-COFAN_230X161.jpg\" alt=\"compra_online_cofan\" width=\"230\" height=\"161\" \/><\/a><\/p>\n<p>[\/vc_column_text][vc_column_text]<\/p>\n<h4 style=\"text-align: center;\"><span style=\"color: #000000;\"><strong><a style=\"color: #000000;\" href=\"https:\/\/www.cofan.es\/es\/privatearea\/login\/oo1jd7zby\/\">Compra Online Cofan<\/a><\/strong><\/span><\/h4>\n<p>[\/vc_column_text][vc_column_text css=&#8221;.vc_custom_1482421079412{padding-top: 15px !important;}&#8221;]<\/p>\n<p style=\"text-align: center;\"><span style=\"color: #000000;\">Compra productos de alta calidad de la marca Cofan a trav\u00e9s de nuestra web. Reg\u00edstrate y comienza a comprar&#8230; \u00a1as\u00ed de f\u00e1cil!<\/span><\/p>\n<p style=\"text-align: center;\"><span style=\"color: #5197d6;\"><a style=\"color: #5197d6;\" href=\"https:\/\/www.cofan.es\/es\/privatearea\/login\/oo1jd7zby\/\">Leer m\u00e1s<\/a><\/span><\/p>\n<p>[\/vc_column_text][\/vc_column_inner][\/vc_row_inner][\/vc_column][\/vc_row][vc_row css_animation=&#8221;&#8221; row_type=&#8221;row&#8221; use_row_as_full_screen_section=&#8221;no&#8221; type=&#8221;full_width&#8221; angled_section=&#8221;no&#8221; text_align=&#8221;left&#8221; background_image_as_pattern=&#8221;without_pattern&#8221; css=&#8221;.vc_custom_1526644203486{margin-top: 30px !important;margin-bottom: 30px !important;}&#8221;][vc_column][vc_column_text css=&#8221;&#8221;]<a href=\"https:\/\/www.cofan.es\/es\/privatearea\/login\/oo1jd7zby\/\" target=\"_blank\" rel=\"noopener\"><br \/>\n<img loading=\"lazy\" decoding=\"async\" class=\"aligncenter size-full\" src=\"\/wp-content\/uploads\/sites\/92\/2024\/09\/banner-cofan-nuevo.jpg\" alt=\"Compra Online Cofan\" width=\"1200\" height=\"200\" \/><br \/>\n<\/a>[\/vc_column_text][\/vc_column][\/vc_row]<\/p>\n<\/div>","protected":false},"excerpt":{"rendered":"<p>[vc_row css_animation=&#8221;&#8221; row_type=&#8221;row&#8221; use_row_as_full_screen_section=&#8221;no&#8221; type=&#8221;full_width&#8221; angled_section=&#8221;no&#8221; text_align=&#8221;left&#8221; background_image_as_pattern=&#8221;without_pattern&#8221;][vc_column width=&#8221;1\/2&#8243;][vc_column_text] [\/vc_column_text][\/vc_column][vc_column width=&#8221;1\/2&#8243;][vc_column_text] Bienvenidos a Ferreter\u00eda Hnos. Carmona. Despu\u00e9s de mucho tiempo trabajando, lanzamos nuestra nueva p\u00e1gina web. Desde aqu\u00ed podr\u00e9is seguir todas nuestras novedades, productos en promoci\u00f3n y todas aquellas noticias referentes al sector. Para quien&#8230;<\/p>\n","protected":false},"author":4,"featured_media":0,"parent":0,"menu_order":0,"comment_status":"closed","ping_status":"closed","template":"","meta":{"footnotes":""},"class_list":["post-56","page","type-page","status-publish","hentry"],"_links":{"self":[{"href":"https:\/\/blog.cofan.es\/hermanoscarmona\/wp-json\/wp\/v2\/pages\/56","targetHints":{"allow":["GET"]}}],"collection":[{"href":"https:\/\/blog.cofan.es\/hermanoscarmona\/wp-json\/wp\/v2\/pages"}],"about":[{"href":"https:\/\/blog.cofan.es\/hermanoscarmona\/wp-json\/wp\/v2\/types\/page"}],"author":[{"embeddable":true,"href":"https:\/\/blog.cofan.es\/hermanoscarmona\/wp-json\/wp\/v2\/users\/4"}],"replies":[{"embeddable":true,"href":"https:\/\/blog.cofan.es\/hermanoscarmona\/wp-json\/wp\/v2\/comments?post=56"}],"version-history":[{"count":16,"href":"https:\/\/blog.cofan.es\/hermanoscarmona\/wp-json\/wp\/v2\/pages\/56\/revisions"}],"predecessor-version":[{"id":413,"href":"https:\/\/blog.cofan.es\/hermanoscarmona\/wp-json\/wp\/v2\/pages\/56\/revisions\/413"}],"wp:attachment":[{"href":"https:\/\/blog.cofan.es\/hermanoscarmona\/wp-json\/wp\/v2\/media?parent=56"}],"curies":[{"name":"wp","href":"https:\/\/api.w.org\/{rel}","templated":true}]}}