{"id":44,"date":"2014-10-29T08:51:13","date_gmt":"2014-10-29T08:51:13","guid":{"rendered":"http:\/\/blog.cofan.es\/ferreteriahnoscarmona-es\/?page_id=44"},"modified":"2016-12-22T15:42:43","modified_gmt":"2016-12-22T15:42:43","slug":"empresa","status":"publish","type":"page","link":"https:\/\/blog.cofan.es\/hermanoscarmona\/empresa\/","title":{"rendered":"Empresa"},"content":{"rendered":"<div class=\"wpb-content-wrapper\"><p>[vc_row css_animation=&#8221;&#8221; row_type=&#8221;row&#8221; use_row_as_full_screen_section=&#8221;no&#8221; type=&#8221;full_width&#8221; angled_section=&#8221;no&#8221; text_align=&#8221;left&#8221; background_image_as_pattern=&#8221;without_pattern&#8221;][vc_column][vc_column_text]<iframe loading=\"lazy\" style=\"border: 0;\" src=\"https:\/\/www.google.com\/maps\/embed?pb=!1m18!1m12!1m3!1d3150.759320695148!2d-4.89838868468041!3d37.84251997974723!2m3!1f0!2f0!3f0!3m2!1i1024!2i768!4f13.1!3m3!1m2!1s0xd6d2879aaa6052d%3A0x974643b1261238f4!2sCarretera+Puesta+Riego+Lagar+Rubio%2C+4%2C+14710+Cortijo+el+Rubio%2C+C%C3%B3rdoba!5e0!3m2!1ses!2ses!4v1445934343094\" width=\"100%\" height=\"300\" frameborder=\"0\" allowfullscreen=\"allowfullscreen\"><\/iframe>[\/vc_column_text][vc_column_text css=&#8221;.vc_custom_1482421356678{margin-top: 30px !important;margin-bottom: 30px !important;}&#8221;]<span style=\"color: #000000;\">Somos una empresa familiar creada en el a\u00f1o 2.001. Ponemos a disposici\u00f3n de nuestros clientes el mejor asesoramiento y profesionalidad posible.<\/span><\/p>\n<p><span style=\"color: #000000;\">Nuestro mayor objetivo es dar lo mejor en servicio, calidad y precio, adaptado a las necesidades ya a la satisfacci\u00f3n de nuestros clientes. Trabajo en equipo, exigencia y compromiso nos diferencia, ofreciendo el mejor asesoramiento y profesionalidad posible.<\/span><\/p>\n<p><span style=\"color: #000000;\">Ponemos a tu disposici\u00f3n una gran variedad de productos para satisfacer todas tus necesidades: Ferreter\u00eda, piensos, jardiner\u00eda, riegos, fontaner\u00eda, electricidad y droguer\u00eda.<\/span>[\/vc_column_text][vc_column_text]<\/p>\n<p style=\"text-align: center;\"><img loading=\"lazy\" decoding=\"async\" class=\"alignnone size-full wp-image-297\" src=\"\/wp-content\/uploads\/sites\/92\/2014\/10\/fachada-carmona.jpg\" alt=\"fachada-carmona\" width=\"1200\" height=\"675\" srcset=\"https:\/\/blog.cofan.es\/hermanoscarmona\/wp-content\/uploads\/sites\/92\/2014\/10\/fachada-carmona.jpg 1200w, https:\/\/blog.cofan.es\/hermanoscarmona\/wp-content\/uploads\/sites\/92\/2014\/10\/fachada-carmona-300x169.jpg 300w, https:\/\/blog.cofan.es\/hermanoscarmona\/wp-content\/uploads\/sites\/92\/2014\/10\/fachada-carmona-1024x576.jpg 1024w, https:\/\/blog.cofan.es\/hermanoscarmona\/wp-content\/uploads\/sites\/92\/2014\/10\/fachada-carmona-930x523.jpg 930w\" sizes=\"auto, (max-width: 1200px) 100vw, 1200px\" \/><\/p>\n<p>[\/vc_column_text][vc_column_text]<\/p>\n<p style=\"text-align: center;\"><img loading=\"lazy\" decoding=\"async\" class=\"alignnone size-full wp-image-298\" src=\"\/wp-content\/uploads\/sites\/92\/2014\/10\/img013.jpg\" alt=\"img013\" width=\"1078\" height=\"506\" srcset=\"https:\/\/blog.cofan.es\/hermanoscarmona\/wp-content\/uploads\/sites\/92\/2014\/10\/img013.jpg 1078w, https:\/\/blog.cofan.es\/hermanoscarmona\/wp-content\/uploads\/sites\/92\/2014\/10\/img013-300x141.jpg 300w, https:\/\/blog.cofan.es\/hermanoscarmona\/wp-content\/uploads\/sites\/92\/2014\/10\/img013-1024x481.jpg 1024w, https:\/\/blog.cofan.es\/hermanoscarmona\/wp-content\/uploads\/sites\/92\/2014\/10\/img013-930x437.jpg 930w\" sizes=\"auto, (max-width: 1078px) 100vw, 1078px\" \/><\/p>\n<p>[\/vc_column_text][\/vc_column][\/vc_row]<\/p>\n<\/div>","protected":false},"excerpt":{"rendered":"<p>[vc_row css_animation=&#8221;&#8221; row_type=&#8221;row&#8221; use_row_as_full_screen_section=&#8221;no&#8221; type=&#8221;full_width&#8221; angled_section=&#8221;no&#8221; text_align=&#8221;left&#8221; background_image_as_pattern=&#8221;without_pattern&#8221;][vc_column][vc_column_text][\/vc_column_text][vc_column_text css=&#8221;.vc_custom_1482421356678{margin-top: 30px !important;margin-bottom: 30px !important;}&#8221;]Somos una empresa familiar creada en el a\u00f1o 2.001. Ponemos a disposici\u00f3n de nuestros clientes el mejor asesoramiento y profesionalidad posible. Nuestro mayor objetivo es dar lo mejor en servicio, calidad y precio,&#8230;<\/p>\n","protected":false},"author":4,"featured_media":0,"parent":0,"menu_order":0,"comment_status":"closed","ping_status":"closed","template":"","meta":{"footnotes":""},"class_list":["post-44","page","type-page","status-publish","hentry"],"_links":{"self":[{"href":"https:\/\/blog.cofan.es\/hermanoscarmona\/wp-json\/wp\/v2\/pages\/44","targetHints":{"allow":["GET"]}}],"collection":[{"href":"https:\/\/blog.cofan.es\/hermanoscarmona\/wp-json\/wp\/v2\/pages"}],"about":[{"href":"https:\/\/blog.cofan.es\/hermanoscarmona\/wp-json\/wp\/v2\/types\/page"}],"author":[{"embeddable":true,"href":"https:\/\/blog.cofan.es\/hermanoscarmona\/wp-json\/wp\/v2\/users\/4"}],"replies":[{"embeddable":true,"href":"https:\/\/blog.cofan.es\/hermanoscarmona\/wp-json\/wp\/v2\/comments?post=44"}],"version-history":[{"count":4,"href":"https:\/\/blog.cofan.es\/hermanoscarmona\/wp-json\/wp\/v2\/pages\/44\/revisions"}],"predecessor-version":[{"id":384,"href":"https:\/\/blog.cofan.es\/hermanoscarmona\/wp-json\/wp\/v2\/pages\/44\/revisions\/384"}],"wp:attachment":[{"href":"https:\/\/blog.cofan.es\/hermanoscarmona\/wp-json\/wp\/v2\/media?parent=44"}],"curies":[{"name":"wp","href":"https:\/\/api.w.org\/{rel}","templated":true}]}}