{"id":16,"date":"2024-10-03T16:21:52","date_gmt":"2024-10-03T14:21:52","guid":{"rendered":"http:\/\/blog.cofan.es\/ferreteriamorera\/?page_id=16"},"modified":"2024-10-25T11:45:22","modified_gmt":"2024-10-25T09:45:22","slug":"inicio","status":"publish","type":"page","link":"https:\/\/blog.cofan.es\/ferreteriamorera\/","title":{"rendered":"Inicio"},"content":{"rendered":"<div class=\"wpb-content-wrapper\"><p>[vc_row css_animation=\u00bb\u00bb row_type=\u00bbrow\u00bb use_row_as_full_screen_section=\u00bbno\u00bb type=\u00bbfull_width\u00bb angled_section=\u00bbno\u00bb text_align=\u00bbleft\u00bb background_image_as_pattern=\u00bbwithout_pattern\u00bb][vc_column][vc_empty_space height=\u00bb70px\u00bb el_class=\u00bbmargenSuperior\u00bb][\/vc_column][\/vc_row][vc_row css_animation=\u00bb\u00bb row_type=\u00bbrow\u00bb use_row_as_full_screen_section=\u00bbno\u00bb type=\u00bbfull_width\u00bb angled_section=\u00bbno\u00bb text_align=\u00bbleft\u00bb background_image_as_pattern=\u00bbwithout_pattern\u00bb][vc_column][vc_single_image image=\u00bb59&#8243; img_size=\u00bb1600&#215;200&#8243; alignment=\u00bbcenter\u00bb css=\u00bb\u00bb qode_css_animation=\u00bb\u00bb el_class=\u00bbbannerMorera\u00bb][\/vc_column][\/vc_row][vc_row css_animation=\u00bb\u00bb row_type=\u00bbrow\u00bb use_row_as_full_screen_section=\u00bbno\u00bb type=\u00bbfull_width\u00bb angled_section=\u00bbno\u00bb text_align=\u00bbleft\u00bb background_image_as_pattern=\u00bbwithout_pattern\u00bb][vc_column][vc_empty_space height=\u00bb60px\u00bb][\/vc_column][\/vc_row][vc_row css_animation=\u00bb\u00bb row_type=\u00bbrow\u00bb use_row_as_full_screen_section=\u00bbno\u00bb type=\u00bbfull_width\u00bb angled_section=\u00bbno\u00bb text_align=\u00bbleft\u00bb background_image_as_pattern=\u00bbwithout_pattern\u00bb][vc_column]\n\t\t\t\t<p class=\"rs-p-wp-fix\"><\/p>\n\t\t\t\t<sr7-module data-alias=\"slider-1\" data-id=\"1\" id=\"SR7_1_1\" class=\"rs-ov-hidden\" data-version=\"6.7.51\">\n\t\t\t\t\t<sr7-adjuster><\/sr7-adjuster>\n\t\t\t\t\t<sr7-content>\n\t\t\t\t\t\t<sr7-slide id=\"SR7_1_1-1\" data-key=\"1\">\n\t\t\t\t\t\t<\/sr7-slide>\n\t\t\t\t\t\t<sr7-slide id=\"SR7_1_1-3\" data-key=\"3\">\n\t\t\t\t\t\t<\/sr7-slide>\n\t\t\t\t\t\t<sr7-slide id=\"SR7_1_1-4\" data-key=\"4\">\n\t\t\t\t\t\t<\/sr7-slide>\n\t\t\t\t\t\t<sr7-slide id=\"SR7_1_1-5\" data-key=\"5\">\n\t\t\t\t\t\t<\/sr7-slide>\n\t\t\t\t\t\t<sr7-slide id=\"SR7_1_1-6\" data-key=\"6\">\n\t\t\t\t\t\t<\/sr7-slide>\n\t\t\t\t\t\t<sr7-slide id=\"SR7_1_1-7\" data-key=\"7\">\n\t\t\t\t\t\t<\/sr7-slide>\n\t\t\t\t\t\t<sr7-slide id=\"SR7_1_1-9\" data-key=\"9\">\n\t\t\t\t\t\t<\/sr7-slide>\n\t\t\t\t\t\t<sr7-slide id=\"SR7_1_1-2\" data-key=\"2\">\n\t\t\t\t\t\t<\/sr7-slide>\n\t\t\t\t\t<\/sr7-content>\n\t\t\t\t\t<image_lists style=\"display:none\">\n\t\t\t\t\t\t<img data-src=\"\/\/blog.cofan.es\/ferreteriamorera\/wp-content\/uploads\/sites\/167\/2024\/10\/20241007_134055.jpg\" data-libid=\"203\" data-lib=\"medialibrary\" title=\"20241007_134055\" width=\"0\" height=\"0\" data-dbsrc=\"Ly9ibG9nLmNvZmFuLmVzL2ZlcnJldGVyaWFtb3JlcmEvd3AtY29udGVudC91cGxvYWRzL3NpdGVzLzE2Ny8yMDI0LzEwLzIwMjQxMDA3XzEzNDA1NS5qcGc=\"\/>\n\t\t\t\t\t\t<img data-src=\"\/\/blog.cofan.es\/ferreteriamorera\/wp-content\/uploads\/sites\/167\/2024\/10\/20241007_134037.jpg\" data-libid=\"202\" data-lib=\"medialibrary\" title=\"20241007_134037\" width=\"0\" height=\"0\" data-dbsrc=\"Ly9ibG9nLmNvZmFuLmVzL2ZlcnJldGVyaWFtb3JlcmEvd3AtY29udGVudC91cGxvYWRzL3NpdGVzLzE2Ny8yMDI0LzEwLzIwMjQxMDA3XzEzNDAzNy5qcGc=\"\/>\n\t\t\t\t\t\t<img data-src=\"\/\/blog.cofan.es\/ferreteriamorera\/wp-content\/uploads\/sites\/167\/2024\/10\/20241023_105606.jpg\" data-libid=\"252\" data-lib=\"medialibrary\" title=\"20241023_105606\" width=\"0\" height=\"0\" data-dbsrc=\"Ly9ibG9nLmNvZmFuLmVzL2ZlcnJldGVyaWFtb3JlcmEvd3AtY29udGVudC91cGxvYWRzL3NpdGVzLzE2Ny8yMDI0LzEwLzIwMjQxMDIzXzEwNTYwNi5qcGc=\"\/>\n\t\t\t\t\t\t<img data-src=\"\/\/blog.cofan.es\/ferreteriamorera\/wp-content\/uploads\/sites\/167\/2024\/10\/20241023_105528.jpg\" data-libid=\"251\" data-lib=\"medialibrary\" title=\"20241023_105528\" width=\"0\" height=\"0\" data-dbsrc=\"Ly9ibG9nLmNvZmFuLmVzL2ZlcnJldGVyaWFtb3JlcmEvd3AtY29udGVudC91cGxvYWRzL3NpdGVzLzE2Ny8yMDI0LzEwLzIwMjQxMDIzXzEwNTUyOC5qcGc=\"\/>\n\t\t\t\t\t\t<img data-src=\"\/\/blog.cofan.es\/ferreteriamorera\/wp-content\/uploads\/sites\/167\/2024\/10\/20241007_133934.jpg\" data-libid=\"201\" data-lib=\"medialibrary\" title=\"20241007_133934\" width=\"0\" height=\"0\" data-dbsrc=\"Ly9ibG9nLmNvZmFuLmVzL2ZlcnJldGVyaWFtb3JlcmEvd3AtY29udGVudC91cGxvYWRzL3NpdGVzLzE2Ny8yMDI0LzEwLzIwMjQxMDA3XzEzMzkzNC5qcGc=\"\/>\n\t\t\t\t\t\t<img data-src=\"\/\/blog.cofan.es\/ferreteriamorera\/wp-content\/uploads\/sites\/167\/2024\/10\/1-20241007_134128.jpg\" data-libid=\"206\" title=\"20241007_134128\" width=\"0\" height=\"0\" data-dbsrc=\"Ly9ibG9nLmNvZmFuLmVzL2ZlcnJldGVyaWFtb3JlcmEvd3AtY29udGVudC91cGxvYWRzL3NpdGVzLzE2Ny8yMDI0LzEwLzEtMjAyNDEwMDdfMTM0MTI4LmpwZw==\"\/>\n\t\t\t\t\t\t<img data-src=\"\/\/blog.cofan.es\/ferreteriamorera\/wp-content\/uploads\/sites\/167\/2024\/10\/20241007_133955.jpg\" data-libid=\"211\" data-lib=\"medialibrary\" title=\"20241007_133955\" width=\"0\" height=\"0\" data-dbsrc=\"Ly9ibG9nLmNvZmFuLmVzL2ZlcnJldGVyaWFtb3JlcmEvd3AtY29udGVudC91cGxvYWRzL3NpdGVzLzE2Ny8yMDI0LzEwLzIwMjQxMDA3XzEzMzk1NS5qcGc=\"\/>\n\t\t\t\t\t<\/image_lists>\n\t\t\t\t<\/sr7-module>\n\t\t\t\t<script>\n\t\t\t\t\twindow.SR7 ??={};SR7.PMH ??={}; SR7.PMH[\"SR7_1_1\"] = {cn:100,state:false,fn: function() { if (window._tpt!==undefined && window._tpt.prepareModuleHeight !== undefined) {  _tpt.prepareModuleHeight({id:\"SR7_1_1\",el:[619,619,768,960,720],type:'standard',shdw:'0',gh:[619,619,576,438,270],gw:[1100,1100,1024,778,480],vpt:['100px'],size:{fullWidth:true, fullHeight:false},mh:'0',onh:0,onw:0,bg:{color:'{\"orig\":\"transparent\",\"type\":\"solid\",\"string\":\"transparent\"}'}});   SR7.PMH[\"SR7_1_1\"].state=true;} else if(SR7.PMH[\"SR7_1_1\"].cn-->0)\tsetTimeout( SR7.PMH[\"SR7_1_1\"].fn,19);}};SR7.PMH[\"SR7_1_1\" ].fn();\n\t\t\t\t<\/script>\n[\/vc_column][\/vc_row][vc_row css_animation=\u00bb\u00bb row_type=\u00bbrow\u00bb use_row_as_full_screen_section=\u00bbno\u00bb type=\u00bbfull_width\u00bb angled_section=\u00bbno\u00bb text_align=\u00bbleft\u00bb background_image_as_pattern=\u00bbwithout_pattern\u00bb][vc_column][vc_empty_space height=\u00bb60px\u00bb][\/vc_column][\/vc_row][vc_row css_animation=\u00bb\u00bb row_type=\u00bbrow\u00bb use_row_as_full_screen_section=\u00bbno\u00bb type=\u00bbfull_width\u00bb angled_section=\u00bbno\u00bb text_align=\u00bbleft\u00bb background_image_as_pattern=\u00bbwithout_pattern\u00bb][vc_column width=\u00bb1\/3&#8243;]<span data-type=\"circle\" data-hover-bg-color=\"#ffffff\" data-hover-icon-color=\"#eaed38\" class=\"qode_icon_shortcode fa-stack q_font_awsome_icon_stack fa-4x pull-center \" style=\" \"><i class=\"fa fa-circle fa-stack-base fa-stack-2x\" style=\"color: #eaed38;\"><\/i><i class=\"qode_icon_font_awesome fa fa-calendar qode_icon_element fa-stack-1x\" style=\"color: #ffffff;\" ><\/i><\/span>[vc_empty_space height=\u00bb15px\u00bb][vc_column_text css=\u00bb\u00bb]<\/p>\n<h3 style=\"text-align: center;\"><strong>M\u00c1S DE 40 A\u00d1OS<\/strong><\/h3>\n<p>[\/vc_column_text][vc_column_text css=\u00bb.vc_custom_1728388101571{margin-top: 15px !important;}\u00bb]<\/p>\n<h4 style=\"text-align: center;\"><span style=\"color: #000000;\">M\u00e1s de 40 a\u00f1os en el sector de la ferreter\u00eda.<br \/>\n2\u00aa Generaci\u00f3n de ferreteros. <\/span><\/h4>\n<p>[\/vc_column_text][\/vc_column][vc_column width=\u00bb1\/3&#8243;]<span data-type=\"circle\" data-hover-bg-color=\"#ffffff\" data-hover-icon-color=\"#eaed38\" class=\"qode_icon_shortcode fa-stack q_font_awsome_icon_stack fa-4x pull-center \" style=\" \"><i class=\"fa fa-circle fa-stack-base fa-stack-2x\" style=\"color: #eaed38;\"><\/i><i class=\"qode_icon_font_awesome fa fa-users qode_icon_element fa-stack-1x\" style=\"color: #ffffff;\" ><\/i><\/span>[vc_column_text css=\u00bb.vc_custom_1487749557108{margin-top: 15px !important;}\u00bb]<\/p>\n<h3 style=\"text-align: center;\"><strong>ATENCI\u00d3N AL CLIENTE<\/strong><\/h3>\n<p>[\/vc_column_text][vc_column_text css=\u00bb.vc_custom_1727962976769{margin-top: 15px !important;}\u00bb]<\/p>\n<h4 style=\"text-align: center;\"><span style=\"color: #000000;\">P\u00f3ngase en contacto con nosotros para cualquier duda o consulta.<\/span><\/h4>\n<p>[\/vc_column_text][\/vc_column][vc_column width=\u00bb1\/3&#8243;]<span data-type=\"circle\" data-hover-bg-color=\"#ffffff\" data-hover-icon-color=\"#eaed38\" class=\"qode_icon_shortcode fa-stack q_font_awsome_icon_stack fa-4x pull-center \" style=\" \"><i class=\"fa fa-circle fa-stack-base fa-stack-2x\" style=\"color: #eaed38;\"><\/i><i class=\"qode_icon_font_awesome fa fa-rss qode_icon_element fa-stack-1x\" style=\"color: #ffffff;\" ><\/i><\/span>[vc_column_text css=\u00bb.vc_custom_1487749862655{margin-top: 15px !important;}\u00bb]<\/p>\n<h3 style=\"text-align: center;\"><strong>\u00a1S\u00cdGUENOS!<\/strong><\/h3>\n<p>[\/vc_column_text][vc_column_text css=\u00bb.vc_custom_1727962987689{margin-top: 15px !important;}\u00bb]<\/p>\n<h4 style=\"text-align: center;\"><span style=\"color: #000000;\">S\u00edguenos en las redes sociales para estar informado de todas las novedades.<\/span><\/h4>\n<p>[\/vc_column_text][\/vc_column][\/vc_row][vc_row css_animation=\u00bb\u00bb row_type=\u00bbrow\u00bb use_row_as_full_screen_section=\u00bbno\u00bb type=\u00bbfull_width\u00bb angled_section=\u00bbno\u00bb text_align=\u00bbleft\u00bb background_image_as_pattern=\u00bbwithout_pattern\u00bb][vc_column][vc_empty_space height=\u00bb60px\u00bb][vc_single_image image=\u00bb37&#8243; img_size=\u00bbfull\u00bb alignment=\u00bbcenter\u00bb css=\u00bb\u00bb qode_css_animation=\u00bb\u00bb][vc_empty_space height=\u00bb60px\u00bb][vc_column_text css=\u00bb.vc_custom_1727963184658{margin-top: 20px !important;}\u00bb]<\/p>\n<h4 style=\"text-align: center;\"><span style=\"color: #000000;\">Somos una empresa din\u00e1mica, que se adapta a las nuevas tecnolog\u00edas, fundada en el a\u00f1o 1983, dedicada a la venta de material de ferreter\u00eda.<\/span><\/h4>\n<p>&nbsp;<\/p>\n<h4 style=\"text-align: center;\"><span style=\"color: #000000;\">En Ferreter\u00eda Morera, sabemos tratar a nuestros clientes, por eso estudiamos y asesoramos cada consulta que se nos hace, d\u00e1ndoles la mejor soluci\u00f3n, ya que contamos con el personal altamente cualificado.<\/span><\/h4>\n<p>&nbsp;<\/p>\n<h4 style=\"text-align: center;\"><span style=\"color: #000000;\">No dude en ponerse en contacto con nosotros para pedirnos cualquier tipo de presupuesto o consulta, nuestra empresa estar\u00e1 encantada de poder atenderles y asesorar les sobre cualquier duda que tuviera.<\/span><\/h4>\n<p>[\/vc_column_text][\/vc_column][\/vc_row][vc_row css_animation=\u00bb\u00bb row_type=\u00bbrow\u00bb use_row_as_full_screen_section=\u00bbno\u00bb type=\u00bbfull_width\u00bb angled_section=\u00bbno\u00bb text_align=\u00bbleft\u00bb background_image_as_pattern=\u00bbwithout_pattern\u00bb][vc_column][\/vc_column][\/vc_row][vc_row css_animation=\u00bb\u00bb row_type=\u00bbrow\u00bb use_row_as_full_screen_section=\u00bbno\u00bb type=\u00bbfull_width\u00bb angled_section=\u00bbno\u00bb text_align=\u00bbleft\u00bb background_image_as_pattern=\u00bbwithout_pattern\u00bb][vc_column][vc_column_text css=\u00bb\u00bb]<a href=\"https:\/\/www.cofan.es\/es\/privatearea\/login\/8lm5eh94a\/\" target=\"_blank\" rel=\"noopener\"><br \/>\n<img loading=\"lazy\" decoding=\"async\" class=\"alignnone size-full\" src=\"https:\/\/www.cofan.es\/images\/banners\/compra-online-cofan-landscape.jpg\" alt=\"Compra Online Cofan\" width=\"1200\" height=\"200\" \/><br \/>\n<\/a>[\/vc_column_text][vc_empty_space][\/vc_column][\/vc_row][vc_row css_animation=\u00bb\u00bb row_type=\u00bbrow\u00bb use_row_as_full_screen_section=\u00bbno\u00bb type=\u00bbfull_width\u00bb angled_section=\u00bbno\u00bb text_align=\u00bbleft\u00bb background_image_as_pattern=\u00bbwithout_pattern\u00bb][vc_column width=\u00bb1\/4&#8243;]<span data-type=\"circle\" data-hover-bg-color=\"#ffffff\" data-hover-icon-color=\"#ece931\" class=\"qode_icon_shortcode fa-stack q_font_awsome_icon_stack fa-4x pull-center \" style=\" \"><a  itemprop=\"url\" href=\"\/productos\/\" target=\"_self\"><i class=\"fa fa-circle fa-stack-base fa-stack-2x\" style=\"color: #ece931;\"><\/i><i class=\"qode_icon_font_awesome fa fa-cart-plus qode_icon_element fa-stack-1x\" style=\"color: #ffffff;\" ><\/i><\/a><\/span>[vc_column_text css=\u00bb.vc_custom_1728367895659{margin-top: 15px !important;}\u00bb]<\/p>\n<h3 style=\"text-align: center;\"><a href=\"\/productos\/\"><strong>PRODUCTOS<\/strong><\/a><\/h3>\n<p>[\/vc_column_text][\/vc_column][vc_column width=\u00bb1\/4&#8243;]<span data-type=\"circle\" data-hover-bg-color=\"#ffffff\" data-hover-icon-color=\"#ece931\" class=\"qode_icon_shortcode fa-stack q_font_awsome_icon_stack fa-4x pull-center \" style=\" \"><a  itemprop=\"url\" href=\"\/servicios\/\" target=\"_self\"><i class=\"fa fa-circle fa-stack-base fa-stack-2x\" style=\"color: #ece931;\"><\/i><i class=\"qode_icon_font_awesome fa fa-wrench qode_icon_element fa-stack-1x\" style=\"color: #ffffff;\" ><\/i><\/a><\/span>[vc_column_text css=\u00bb.vc_custom_1487755196048{margin-top: 15px !important;}\u00bb]<\/p>\n<h3 style=\"text-align: center;\"><a href=\"\/servicios\/\"><strong>SERVICIOS<\/strong><\/a><\/h3>\n<p>[\/vc_column_text][\/vc_column][vc_column width=\u00bb1\/4&#8243;]<span data-type=\"circle\" data-hover-bg-color=\"#ffffff\" data-hover-icon-color=\"#ece931\" class=\"qode_icon_shortcode fa-stack q_font_awsome_icon_stack fa-4x pull-center \" style=\" \"><a  itemprop=\"url\" href=\"\/contacto\/\" target=\"_self\"><i class=\"fa fa-circle fa-stack-base fa-stack-2x\" style=\"color: #ece931;\"><\/i><i class=\"qode_icon_font_awesome fa fa-phone qode_icon_element fa-stack-1x\" style=\"color: #ffffff;\" ><\/i><\/a><\/span>[vc_column_text css=\u00bb.vc_custom_1487755187946{margin-top: 15px !important;}\u00bb]<\/p>\n<h3 style=\"text-align: center;\"><a href=\"\/contacto\/\"><strong>CONTACTO<\/strong><\/a><\/h3>\n<p>[\/vc_column_text][\/vc_column][vc_column width=\u00bb1\/4&#8243;]<span data-type=\"circle\" data-hover-bg-color=\"#ffffff\" data-hover-icon-color=\"#ece931\" class=\"qode_icon_shortcode fa-stack q_font_awsome_icon_stack fa-4x pull-center \" style=\" \"><a  itemprop=\"url\" href=\"\/marcas\/\" target=\"_self\"><i class=\"fa fa-circle fa-stack-base fa-stack-2x\" style=\"color: #ece931;\"><\/i><i class=\"qode_icon_font_awesome fa fa-copyright qode_icon_element fa-stack-1x\" style=\"color: #ffffff;\" ><\/i><\/a><\/span>[vc_column_text css=\u00bb.vc_custom_1487755203325{margin-top: 15px !important;}\u00bb]<\/p>\n<h3 style=\"text-align: center;\"><a href=\"\/marcas\/\"><strong>MARCAS<\/strong><\/a><\/h3>\n<p>[\/vc_column_text][\/vc_column][\/vc_row][vc_row css_animation=\u00bb\u00bb row_type=\u00bbrow\u00bb use_row_as_full_screen_section=\u00bbno\u00bb type=\u00bbfull_width\u00bb angled_section=\u00bbno\u00bb text_align=\u00bbleft\u00bb background_image_as_pattern=\u00bbwithout_pattern\u00bb][vc_column][vc_empty_space height=\u00bb120px\u00bb][\/vc_column][\/vc_row]<\/p>\n<\/div>","protected":false},"excerpt":{"rendered":"<p>[vc_row css_animation=\u00bb\u00bb row_type=\u00bbrow\u00bb use_row_as_full_screen_section=\u00bbno\u00bb type=\u00bbfull_width\u00bb angled_section=\u00bbno\u00bb text_align=\u00bbleft\u00bb background_image_as_pattern=\u00bbwithout_pattern\u00bb][vc_column][vc_empty_space height=\u00bb70px\u00bb el_class=\u00bbmargenSuperior\u00bb][\/vc_column][\/vc_row][vc_row css_animation=\u00bb\u00bb row_type=\u00bbrow\u00bb use_row_as_full_screen_section=\u00bbno\u00bb type=\u00bbfull_width\u00bb angled_section=\u00bbno\u00bb text_align=\u00bbleft\u00bb background_image_as_pattern=\u00bbwithout_pattern\u00bb][vc_column][vc_single_image image=\u00bb59&#8243; img_size=\u00bb1600&#215;200&#8243; alignment=\u00bbcenter\u00bb css=\u00bb\u00bb qode_css_animation=\u00bb\u00bb el_class=\u00bbbannerMorera\u00bb][\/vc_column][\/vc_row][vc_row css_animation=\u00bb\u00bb row_type=\u00bbrow\u00bb use_row_as_full_screen_section=\u00bbno\u00bb type=\u00bbfull_width\u00bb angled_section=\u00bbno\u00bb text_align=\u00bbleft\u00bb background_image_as_pattern=\u00bbwithout_pattern\u00bb][vc_column][vc_empty_space height=\u00bb60px\u00bb][\/vc_column][\/vc_row][vc_row css_animation=\u00bb\u00bb row_type=\u00bbrow\u00bb use_row_as_full_screen_section=\u00bbno\u00bb type=\u00bbfull_width\u00bb angled_section=\u00bbno\u00bb text_align=\u00bbleft\u00bb background_image_as_pattern=\u00bbwithout_pattern\u00bb][vc_column][\/vc_column][\/vc_row][vc_row css_animation=\u00bb\u00bb row_type=\u00bbrow\u00bb use_row_as_full_screen_section=\u00bbno\u00bb type=\u00bbfull_width\u00bb angled_section=\u00bbno\u00bb text_align=\u00bbleft\u00bb background_image_as_pattern=\u00bbwithout_pattern\u00bb][vc_column][vc_empty_space&#8230;<\/p>\n","protected":false},"author":1,"featured_media":0,"parent":0,"menu_order":0,"comment_status":"closed","ping_status":"closed","template":"","meta":{"footnotes":""},"class_list":["post-16","page","type-page","status-publish","hentry"],"_links":{"self":[{"href":"https:\/\/blog.cofan.es\/ferreteriamorera\/wp-json\/wp\/v2\/pages\/16","targetHints":{"allow":["GET"]}}],"collection":[{"href":"https:\/\/blog.cofan.es\/ferreteriamorera\/wp-json\/wp\/v2\/pages"}],"about":[{"href":"https:\/\/blog.cofan.es\/ferreteriamorera\/wp-json\/wp\/v2\/types\/page"}],"author":[{"embeddable":true,"href":"https:\/\/blog.cofan.es\/ferreteriamorera\/wp-json\/wp\/v2\/users\/1"}],"replies":[{"embeddable":true,"href":"https:\/\/blog.cofan.es\/ferreteriamorera\/wp-json\/wp\/v2\/comments?post=16"}],"version-history":[{"count":37,"href":"https:\/\/blog.cofan.es\/ferreteriamorera\/wp-json\/wp\/v2\/pages\/16\/revisions"}],"predecessor-version":[{"id":271,"href":"https:\/\/blog.cofan.es\/ferreteriamorera\/wp-json\/wp\/v2\/pages\/16\/revisions\/271"}],"wp:attachment":[{"href":"https:\/\/blog.cofan.es\/ferreteriamorera\/wp-json\/wp\/v2\/media?parent=16"}],"curies":[{"name":"wp","href":"https:\/\/api.w.org\/{rel}","templated":true}]}}