{"id":7,"date":"2012-03-21T16:10:33","date_gmt":"2012-03-21T16:10:33","guid":{"rendered":"http:\/\/blog.cofan.es\/master\/?page_id=5"},"modified":"2024-09-05T13:47:29","modified_gmt":"2024-09-05T13:47:29","slug":"inicio","status":"publish","type":"page","link":"https:\/\/blog.cofan.es\/ferreteriadaganzo\/","title":{"rendered":"Inicio"},"content":{"rendered":"<div class=\"wpb-content-wrapper\"><p>[vc_row css_animation=&#8221;&#8221; row_type=&#8221;row&#8221; use_row_as_full_screen_section=&#8221;no&#8221; type=&#8221;full_width&#8221; angled_section=&#8221;no&#8221; text_align=&#8221;left&#8221; background_image_as_pattern=&#8221;without_pattern&#8221;][vc_column][rev_slider_vc alias=&#8221;slider1&#8243;][vc_column_text css=&#8221;.vc_custom_1482407420923{margin-bottom: 30px !important;padding-top: 30px !important;}&#8221;]<\/p>\n<h3 style=\"text-align: center;\"><span style=\"color: #659c0c;\"><em>TENEMOS EL PRODUCTO QUE SE AJUSTA A SU NECESIDAD<\/em><\/span><\/h3>\n<p>[\/vc_column_text][vc_column_text]<span style=\"color: #000000;\">Somos un grupo de profesionales, que con una dilatada experiencia en el sector de la ferreter\u00eda y suministro industrial, ponemos al servicio de su empresa todos los medios de los que disponemos para ofrecer a su negocio, una soluci\u00f3n din\u00e1mica y moderna acorde con la \u00e9poca que vivimos.<\/span>[\/vc_column_text][vc_empty_space height=&#8221;10px&#8221;][\/vc_column][\/vc_row][vc_row css_animation=&#8221;&#8221; row_type=&#8221;row&#8221; use_row_as_full_screen_section=&#8221;no&#8221; type=&#8221;full_width&#8221; angled_section=&#8221;no&#8221; text_align=&#8221;left&#8221; background_image_as_pattern=&#8221;without_pattern&#8221; css=&#8221;.vc_custom_1482407522798{margin-top: 50px !important;margin-bottom: 30px !important;}&#8221;][vc_column width=&#8221;1\/3&#8243;][vc_column_text]<\/p>\n<h4 style=\"text-align: center;\"><span style=\"color: #000000;\">DESCARGAS<\/span><\/h4>\n<p>[\/vc_column_text][vc_column_text css=&#8221;.vc_custom_1482407500567{padding-top: 20px !important;}&#8221;]<\/p>\n<p style=\"text-align: center;\"><a href=\"\/descargas\/\"><img loading=\"lazy\" decoding=\"async\" class=\"alignnone size-full wp-image-570\" src=\"\/wp-content\/uploads\/sites\/110\/2012\/03\/Catalogo.jpg\" alt=\"Catalogo\" width=\"300\" height=\"171\" \/><\/a><\/p>\n<p>[\/vc_column_text][vc_empty_space height=&#8221;10px&#8221;][\/vc_column][vc_column width=&#8221;1\/3&#8243;][vc_column_text]<\/p>\n<h4 style=\"text-align: center;\"><span style=\"color: #000000;\">PRODUCTOS<\/span><\/h4>\n<p>[\/vc_column_text][vc_column_text css=&#8221;.vc_custom_1482407505579{padding-top: 20px !important;}&#8221;]<\/p>\n<p style=\"text-align: center;\"><a href=\"\/productos\/\"><img loading=\"lazy\" decoding=\"async\" class=\"alignnone size-full wp-image-571\" src=\"\/wp-content\/uploads\/sites\/110\/2012\/03\/productos.jpg\" alt=\"productos\" width=\"300\" height=\"171\" \/><\/a><\/p>\n<p>[\/vc_column_text][vc_empty_space height=&#8221;10px&#8221;][\/vc_column][vc_column width=&#8221;1\/3&#8243;][vc_column_text]<\/p>\n<h4 style=\"text-align: center;\"><span style=\"color: #000000;\">\u00bfQUI\u00c9NES SOMOS?<\/span><\/h4>\n<p>[\/vc_column_text][vc_column_text css=&#8221;.vc_custom_1482407512130{padding-top: 20px !important;}&#8221;]<\/p>\n<p style=\"text-align: center;\"><a href=\"\/empresa\/\"><img loading=\"lazy\" decoding=\"async\" class=\"alignnone size-full wp-image-573\" src=\"\/wp-content\/uploads\/sites\/110\/2012\/03\/empresa.jpg\" alt=\"empresa\" width=\"300\" height=\"171\" \/><\/a><\/p>\n<p>[\/vc_column_text][vc_empty_space height=&#8221;10px&#8221;][\/vc_column][\/vc_row][vc_row css_animation=&#8221;&#8221; row_type=&#8221;row&#8221; use_row_as_full_screen_section=&#8221;no&#8221; type=&#8221;full_width&#8221; angled_section=&#8221;no&#8221; text_align=&#8221;left&#8221; background_image_as_pattern=&#8221;without_pattern&#8221; css=&#8221;.vc_custom_1526645552030{margin-top: 30px !important;margin-bottom: 30px !important;}&#8221;][vc_column][vc_column_text css=&#8221;&#8221;]<a href=\"https:\/\/www.cofan.es\/es\/privatearea\/login\/woibbhlm2\/\" target=\"_blank\" rel=\"noopener\"><br \/>\n<img loading=\"lazy\" decoding=\"async\" class=\"alignnone size-full\" src=\"\/wp-content\/uploads\/sites\/110\/2024\/09\/banner-cofan-nuevo.jpg\" alt=\"Compra Online Cofan\" width=\"1200\" height=\"200\" \/><br \/>\n<\/a><br \/>\n[\/vc_column_text][\/vc_column][\/vc_row]<\/p>\n<\/div>","protected":false},"excerpt":{"rendered":"<p>[vc_row css_animation=&#8221;&#8221; row_type=&#8221;row&#8221; use_row_as_full_screen_section=&#8221;no&#8221; type=&#8221;full_width&#8221; angled_section=&#8221;no&#8221; text_align=&#8221;left&#8221; background_image_as_pattern=&#8221;without_pattern&#8221;][vc_column][rev_slider_vc alias=&#8221;slider1&#8243;][vc_column_text css=&#8221;.vc_custom_1482407420923{margin-bottom: 30px !important;padding-top: 30px !important;}&#8221;] TENEMOS EL PRODUCTO QUE SE AJUSTA A SU NECESIDAD [\/vc_column_text][vc_column_text]Somos un grupo de profesionales, que con una dilatada experiencia en el sector de la ferreter\u00eda y suministro industrial, ponemos al servicio&#8230;<\/p>\n","protected":false},"author":1,"featured_media":0,"parent":0,"menu_order":0,"comment_status":"closed","ping_status":"closed","template":"","meta":{"footnotes":""},"class_list":["post-7","page","type-page","status-publish","hentry"],"_links":{"self":[{"href":"https:\/\/blog.cofan.es\/ferreteriadaganzo\/wp-json\/wp\/v2\/pages\/7","targetHints":{"allow":["GET"]}}],"collection":[{"href":"https:\/\/blog.cofan.es\/ferreteriadaganzo\/wp-json\/wp\/v2\/pages"}],"about":[{"href":"https:\/\/blog.cofan.es\/ferreteriadaganzo\/wp-json\/wp\/v2\/types\/page"}],"author":[{"embeddable":true,"href":"https:\/\/blog.cofan.es\/ferreteriadaganzo\/wp-json\/wp\/v2\/users\/1"}],"replies":[{"embeddable":true,"href":"https:\/\/blog.cofan.es\/ferreteriadaganzo\/wp-json\/wp\/v2\/comments?post=7"}],"version-history":[{"count":12,"href":"https:\/\/blog.cofan.es\/ferreteriadaganzo\/wp-json\/wp\/v2\/pages\/7\/revisions"}],"predecessor-version":[{"id":1032,"href":"https:\/\/blog.cofan.es\/ferreteriadaganzo\/wp-json\/wp\/v2\/pages\/7\/revisions\/1032"}],"wp:attachment":[{"href":"https:\/\/blog.cofan.es\/ferreteriadaganzo\/wp-json\/wp\/v2\/media?parent=7"}],"curies":[{"name":"wp","href":"https:\/\/api.w.org\/{rel}","templated":true}]}}