{"id":10,"date":"2012-03-21T16:12:38","date_gmt":"2012-03-21T16:12:38","guid":{"rendered":"http:\/\/blog.cofan.es\/master\/?page_id=10"},"modified":"2016-12-22T12:16:09","modified_gmt":"2016-12-22T12:16:09","slug":"empresa","status":"publish","type":"page","link":"https:\/\/blog.cofan.es\/ferreteriadaganzo\/empresa\/","title":{"rendered":"Empresa"},"content":{"rendered":"<div class=\"wpb-content-wrapper\"><p>[vc_row css_animation=&#8221;&#8221; row_type=&#8221;row&#8221; use_row_as_full_screen_section=&#8221;no&#8221; type=&#8221;full_width&#8221; angled_section=&#8221;no&#8221; text_align=&#8221;left&#8221; background_image_as_pattern=&#8221;without_pattern&#8221;][vc_column][vc_column_text]<span style=\"color: #000000;\">En Julio de 2008 nace Ferreter\u00eda Daganzo, S.L. Una empresa \u00e1gil, eficaz e innovadora.<\/span><\/p>\n<p><span style=\"color: #000000;\">Pensada con el \u00e1nimo de ofrecer a nuestros clientes una excelente calidad en el servicio y\u00a0optimizar la relaci\u00f3n calidad-precio.<\/span><\/p>\n<p><span style=\"color: #000000;\">Somos un grupo de profesionales, que con una dilatada experiencia en el sector de la ferreter\u00eda y suministro industrial, ponemos al servicio de su empresa todos los medios de los que disponemos para ofrecer a su negocio, una soluci\u00f3n din\u00e1mica y moderna acorde con la \u00e9poca que vivimos.<\/span><\/p>\n<p><span style=\"color: #000000;\">Disponemos de medios t\u00e9cnicos y humanos capaces de satisfacer las m\u00e1s exigentes necesidades para el funcionamiento de su empresa.<\/span><\/p>\n<p><span style=\"color: #000000;\">Nuestra flota de veh\u00edculos permite que la entrega de materiales se efect\u00fae en el d\u00eda, lo que garantiza que su negocio no se ver\u00e1 afectado por innecesarias y costosas paradas o esperas. Todo ello, complementado con la alta calificaci\u00f3n de nuestro personal, hace de Ferreter\u00eda Daganzo el socio ideal para su empresa.<\/span>[\/vc_column_text][vc_column_text css=&#8221;.vc_custom_1482408966364{padding-top: 30px !important;}&#8221;]<iframe loading=\"lazy\" style=\"border: 0;\" src=\"https:\/\/www.google.com\/maps\/embed?pb=!1m18!1m12!1m3!1d12126.847808625322!2d-3.4601235500000302!3d40.5479526!2m3!1f0!2f0!3f0!3m2!1i1024!2i768!4f13.1!3m3!1m2!1s0xd4234fdf9064ec5%3A0x590551d46d1795a9!2s28814+Daganzo+de+Arriba!5e0!3m2!1ses!2ses!4v1396943205866\" width=\"100%\" height=\"300\" frameborder=\"0\"><\/iframe>[\/vc_column_text][\/vc_column][\/vc_row]<\/p>\n<\/div>","protected":false},"excerpt":{"rendered":"<p>[vc_row css_animation=&#8221;&#8221; row_type=&#8221;row&#8221; use_row_as_full_screen_section=&#8221;no&#8221; type=&#8221;full_width&#8221; angled_section=&#8221;no&#8221; text_align=&#8221;left&#8221; background_image_as_pattern=&#8221;without_pattern&#8221;][vc_column][vc_column_text]En Julio de 2008 nace Ferreter\u00eda Daganzo, S.L. Una empresa \u00e1gil, eficaz e innovadora. Pensada con el \u00e1nimo de ofrecer a nuestros clientes una excelente calidad en el servicio y\u00a0optimizar la relaci\u00f3n calidad-precio. Somos un grupo de profesionales,&#8230;<\/p>\n","protected":false},"author":1,"featured_media":0,"parent":0,"menu_order":0,"comment_status":"closed","ping_status":"closed","template":"","meta":{"footnotes":""},"class_list":["post-10","page","type-page","status-publish","hentry"],"_links":{"self":[{"href":"https:\/\/blog.cofan.es\/ferreteriadaganzo\/wp-json\/wp\/v2\/pages\/10","targetHints":{"allow":["GET"]}}],"collection":[{"href":"https:\/\/blog.cofan.es\/ferreteriadaganzo\/wp-json\/wp\/v2\/pages"}],"about":[{"href":"https:\/\/blog.cofan.es\/ferreteriadaganzo\/wp-json\/wp\/v2\/types\/page"}],"author":[{"embeddable":true,"href":"https:\/\/blog.cofan.es\/ferreteriadaganzo\/wp-json\/wp\/v2\/users\/1"}],"replies":[{"embeddable":true,"href":"https:\/\/blog.cofan.es\/ferreteriadaganzo\/wp-json\/wp\/v2\/comments?post=10"}],"version-history":[{"count":3,"href":"https:\/\/blog.cofan.es\/ferreteriadaganzo\/wp-json\/wp\/v2\/pages\/10\/revisions"}],"predecessor-version":[{"id":918,"href":"https:\/\/blog.cofan.es\/ferreteriadaganzo\/wp-json\/wp\/v2\/pages\/10\/revisions\/918"}],"wp:attachment":[{"href":"https:\/\/blog.cofan.es\/ferreteriadaganzo\/wp-json\/wp\/v2\/media?parent=10"}],"curies":[{"name":"wp","href":"https:\/\/api.w.org\/{rel}","templated":true}]}}