{"id":10,"date":"2012-03-21T16:12:38","date_gmt":"2012-03-21T16:12:38","guid":{"rendered":"http:\/\/blog.cofan.es\/master\/?page_id=10"},"modified":"2016-12-22T10:06:28","modified_gmt":"2016-12-22T10:06:28","slug":"empresa","status":"publish","type":"page","link":"https:\/\/blog.cofan.es\/ferreteriacanovas\/empresa\/","title":{"rendered":"\u00bfQui\u00e9nes somos?"},"content":{"rendered":"<div class=\"wpb-content-wrapper\"><p>[vc_row css_animation=&#8221;&#8221; row_type=&#8221;row&#8221; use_row_as_full_screen_section=&#8221;no&#8221; type=&#8221;full_width&#8221; angled_section=&#8221;no&#8221; text_align=&#8221;left&#8221; background_image_as_pattern=&#8221;without_pattern&#8221;][vc_column][vc_column_text]<span style=\"color: #000000;\">Ferreter\u00eda C\u00e1novas surge y se desarrolla hasta el momento como una empresa de car\u00e1cter familiar, joven, pero con experiencia en el sector industrial.<\/span><\/p>\n<p><span style=\"color: #000000;\">Desde su fundaci\u00f3n en 1988 nuestra empresa sigue una constante evoluci\u00f3n con el firme prop\u00f3sito de satisfacer las necesidades de nuestros clientes.<\/span><\/p>\n<p><span style=\"color: #000000;\">Fruto de ello es la especializaci\u00f3n en torniller\u00eda y fijaciones, para dar servicio a la industria de nuestra regi\u00f3n, que es nuestro principal objetivo.<\/span><\/p>\n<p><span style=\"color: #000000;\">Nuestro activo principal es el contacto directo con el cliente, al que asesoramos para buscar la soluci\u00f3n m\u00e1s adecuada.<\/span>[\/vc_column_text][\/vc_column][\/vc_row][vc_row css_animation=&#8221;&#8221; row_type=&#8221;row&#8221; use_row_as_full_screen_section=&#8221;no&#8221; type=&#8221;full_width&#8221; angled_section=&#8221;no&#8221; text_align=&#8221;left&#8221; background_image_as_pattern=&#8221;without_pattern&#8221; css=&#8221;.vc_custom_1482401185352{padding-top: 60px !important;}&#8221;][vc_column][vc_column_text]<iframe loading=\"lazy\" style=\"border: 0;\" src=\"https:\/\/www.google.com\/maps\/embed?pb=!1m18!1m12!1m3!1d3104.424670568198!2d-6.341688684649142!3d38.914269979568104!2m3!1f0!2f0!3f0!3m2!1i1024!2i768!4f13.1!3m3!1m2!1s0xd1426b94f3941fd%3A0xbdd8944cf09d82dd!2sCalle+C%C3%A1novas+Castillo%2C+1%2C+06800+M%C3%A9rida%2C+Badajoz!5e0!3m2!1ses!2ses!4v1445859294213\" width=\"100%\" height=\"300\" frameborder=\"0\" allowfullscreen=\"allowfullscreen\"><\/iframe>[\/vc_column_text][\/vc_column][\/vc_row]<\/p>\n<\/div>","protected":false},"excerpt":{"rendered":"<p>[vc_row css_animation=&#8221;&#8221; row_type=&#8221;row&#8221; use_row_as_full_screen_section=&#8221;no&#8221; type=&#8221;full_width&#8221; angled_section=&#8221;no&#8221; text_align=&#8221;left&#8221; background_image_as_pattern=&#8221;without_pattern&#8221;][vc_column][vc_column_text]Ferreter\u00eda C\u00e1novas surge y se desarrolla hasta el momento como una empresa de car\u00e1cter familiar, joven, pero con experiencia en el sector industrial. Desde su fundaci\u00f3n en 1988 nuestra empresa sigue una constante evoluci\u00f3n con el firme prop\u00f3sito&#8230;<\/p>\n","protected":false},"author":1,"featured_media":0,"parent":0,"menu_order":0,"comment_status":"closed","ping_status":"closed","template":"","meta":{"footnotes":""},"class_list":["post-10","page","type-page","status-publish","hentry"],"_links":{"self":[{"href":"https:\/\/blog.cofan.es\/ferreteriacanovas\/wp-json\/wp\/v2\/pages\/10","targetHints":{"allow":["GET"]}}],"collection":[{"href":"https:\/\/blog.cofan.es\/ferreteriacanovas\/wp-json\/wp\/v2\/pages"}],"about":[{"href":"https:\/\/blog.cofan.es\/ferreteriacanovas\/wp-json\/wp\/v2\/types\/page"}],"author":[{"embeddable":true,"href":"https:\/\/blog.cofan.es\/ferreteriacanovas\/wp-json\/wp\/v2\/users\/1"}],"replies":[{"embeddable":true,"href":"https:\/\/blog.cofan.es\/ferreteriacanovas\/wp-json\/wp\/v2\/comments?post=10"}],"version-history":[{"count":5,"href":"https:\/\/blog.cofan.es\/ferreteriacanovas\/wp-json\/wp\/v2\/pages\/10\/revisions"}],"predecessor-version":[{"id":256,"href":"https:\/\/blog.cofan.es\/ferreteriacanovas\/wp-json\/wp\/v2\/pages\/10\/revisions\/256"}],"wp:attachment":[{"href":"https:\/\/blog.cofan.es\/ferreteriacanovas\/wp-json\/wp\/v2\/media?parent=10"}],"curies":[{"name":"wp","href":"https:\/\/api.w.org\/{rel}","templated":true}]}}