{"id":2809,"date":"2015-01-12T11:42:34","date_gmt":"2015-01-12T11:42:34","guid":{"rendered":"http:\/\/blog.cofan.es\/esteticabelenalberca-es\/?page_id=2809"},"modified":"2023-03-30T11:30:25","modified_gmt":"2023-03-30T11:30:25","slug":"instalaciones","status":"publish","type":"page","link":"https:\/\/blog.cofan.es\/esteticabelenalberca\/empresa\/instalaciones\/","title":{"rendered":"Instalaciones"},"content":{"rendered":"<div class=\"wpb-content-wrapper\"><p>[vc_row css_animation=&#8221;&#8221; row_type=&#8221;row&#8221; use_row_as_full_screen_section=&#8221;no&#8221; type=&#8221;full_width&#8221; angled_section=&#8221;no&#8221; text_align=&#8221;left&#8221; background_image_as_pattern=&#8221;without_pattern&#8221;][vc_column][vc_column_text]<b>Desde el primer momento, nuestro prop\u00f3sito ha sido innovar en el \u00e1mbito del cuidado de la piel, aport\u00e1ndoles a nuestros clientes un amplio abanico de posibilidades donde elegir, haciendo que cada tratamiento sea espec\u00edfico y personalizado.<\/b><\/p>\n<p>&nbsp;<\/p>\n<p>Para poder llevar a cabo cada tratamiento el Centro de Est\u00e9tica Bel\u00e9n Alberca dispone de los \u00faltimos avances tecnol\u00f3gicos en tratamientos m\u00e9dicos y est\u00e9ticos, garantizando profesionalidad y calidad en la ejecuci\u00f3n de los mismos, gracias a la continua formaci\u00f3n del personal que realiza dichos tratamientos y a la calidad de los productos utilizados en los mismos (Natura, Bisse, Alquimia).[\/vc_column_text][vc_empty_space height=&#8221;5px&#8221;][\/vc_column][\/vc_row][vc_row css_animation=&#8221;&#8221; row_type=&#8221;row&#8221; use_row_as_full_screen_section=&#8221;no&#8221; type=&#8221;full_width&#8221; angled_section=&#8221;no&#8221; text_align=&#8221;left&#8221; background_image_as_pattern=&#8221;without_pattern&#8221;][vc_column][vc_column_text]<\/p>\n<hr \/>\n<p>[\/vc_column_text][vc_empty_space height=&#8221;5px&#8221;][\/vc_column][\/vc_row][vc_row css_animation=&#8221;&#8221; row_type=&#8221;row&#8221; use_row_as_full_screen_section=&#8221;no&#8221; type=&#8221;full_width&#8221; angled_section=&#8221;no&#8221; text_align=&#8221;left&#8221; background_image_as_pattern=&#8221;without_pattern&#8221;][vc_column width=&#8221;2\/3&#8243;][vc_gallery interval=&#8221;3&#8243; images=&#8221;3991,3992,3993,3994,3995,3996,3997,3998,3999,4000,4002,4001,4003,4004,4005,4006&#8243; img_size=&#8221;1920&#215;1080&#8243; onclick=&#8221;img_link_large&#8221; custom_links_target=&#8221;_blank&#8221;][\/vc_column][vc_column width=&#8221;1\/3&#8243;][vc_gallery interval=&#8221;5&#8243; images=&#8221;4007,4008,4009,4010,4011,4012,4013,4014,4015,4016,4017,4018,4019,4020,4021,4022,4023,4024,4025&#8243; img_size=&#8221;346X406&#8243; onclick=&#8221;img_link_large&#8221; custom_links_target=&#8221;_blank&#8221;][\/vc_column][\/vc_row]<\/p>\n<\/div>","protected":false},"excerpt":{"rendered":"<p>[vc_row css_animation=&#8221;&#8221; row_type=&#8221;row&#8221; use_row_as_full_screen_section=&#8221;no&#8221; type=&#8221;full_width&#8221; angled_section=&#8221;no&#8221; text_align=&#8221;left&#8221; background_image_as_pattern=&#8221;without_pattern&#8221;][vc_column][vc_column_text]Desde el primer momento, nuestro prop\u00f3sito ha sido innovar en el \u00e1mbito del cuidado de la piel, aport\u00e1ndoles a nuestros clientes un amplio abanico de posibilidades donde elegir, haciendo que cada tratamiento sea espec\u00edfico y personalizado. &nbsp; Para&#8230;<\/p>\n","protected":false},"author":12,"featured_media":0,"parent":1797,"menu_order":0,"comment_status":"closed","ping_status":"closed","template":"","meta":{"footnotes":""},"class_list":["post-2809","page","type-page","status-publish","hentry"],"_links":{"self":[{"href":"https:\/\/blog.cofan.es\/esteticabelenalberca\/wp-json\/wp\/v2\/pages\/2809","targetHints":{"allow":["GET"]}}],"collection":[{"href":"https:\/\/blog.cofan.es\/esteticabelenalberca\/wp-json\/wp\/v2\/pages"}],"about":[{"href":"https:\/\/blog.cofan.es\/esteticabelenalberca\/wp-json\/wp\/v2\/types\/page"}],"author":[{"embeddable":true,"href":"https:\/\/blog.cofan.es\/esteticabelenalberca\/wp-json\/wp\/v2\/users\/12"}],"replies":[{"embeddable":true,"href":"https:\/\/blog.cofan.es\/esteticabelenalberca\/wp-json\/wp\/v2\/comments?post=2809"}],"version-history":[{"count":14,"href":"https:\/\/blog.cofan.es\/esteticabelenalberca\/wp-json\/wp\/v2\/pages\/2809\/revisions"}],"predecessor-version":[{"id":4027,"href":"https:\/\/blog.cofan.es\/esteticabelenalberca\/wp-json\/wp\/v2\/pages\/2809\/revisions\/4027"}],"up":[{"embeddable":true,"href":"https:\/\/blog.cofan.es\/esteticabelenalberca\/wp-json\/wp\/v2\/pages\/1797"}],"wp:attachment":[{"href":"https:\/\/blog.cofan.es\/esteticabelenalberca\/wp-json\/wp\/v2\/media?parent=2809"}],"curies":[{"name":"wp","href":"https:\/\/api.w.org\/{rel}","templated":true}]}}