{"id":2745,"date":"2015-01-12T08:44:34","date_gmt":"2015-01-12T08:44:34","guid":{"rendered":"http:\/\/blog.cofan.es\/esteticabelenalberca-es\/?page_id=2745"},"modified":"2017-01-11T09:05:50","modified_gmt":"2017-01-11T09:05:50","slug":"talleres-de-automaquillaje","status":"publish","type":"page","link":"https:\/\/blog.cofan.es\/esteticabelenalberca\/tratamientos\/maquillaje\/talleres-de-automaquillaje\/","title":{"rendered":"Talleres de Automaquillaje"},"content":{"rendered":"<div class=\"wpb-content-wrapper\"><p>[vc_row css_animation=&#8221;&#8221; row_type=&#8221;row&#8221; use_row_as_full_screen_section=&#8221;no&#8221; type=&#8221;full_width&#8221; angled_section=&#8221;no&#8221; text_align=&#8221;left&#8221; background_image_as_pattern=&#8221;without_pattern&#8221;][vc_column][vc_column_text]<b>Aprender\u00e9is a maquillaros en un ambiente de diversi\u00f3n de una forma muy sencilla y facilmente, podr\u00e9is incluir lunch, sesi\u00f3n de photocall\u2026 todo a vuestro gusto.<\/b><\/p>\n<ul class=\"list-pages\">\n<li>Fiestas<\/li>\n<li>Cumplea\u00f1os<\/li>\n<li>Eventos Especiales<\/li>\n<li>Despedida de Soltera<\/li>\n<\/ul>\n<p>De la mano de Centro de Est\u00e9tica Bel\u00e9n Alberca conseguir\u00e1s estar perfecta en cualquier ocasi\u00f3n.[\/vc_column_text][vc_empty_space height=&#8221;10px&#8221;][\/vc_column][\/vc_row][vc_row css_animation=&#8221;&#8221; row_type=&#8221;row&#8221; use_row_as_full_screen_section=&#8221;no&#8221; type=&#8221;full_width&#8221; angled_section=&#8221;no&#8221; text_align=&#8221;left&#8221; background_image_as_pattern=&#8221;without_pattern&#8221;][vc_column][vc_gallery type=&#8221;image_grid&#8221; images=&#8221;3328,3329,3330,3332,3333&#8243; img_size=&#8221;150&#215;150&#8243; column_number=&#8221;5&#8243; grayscale=&#8221;no&#8221; images_space=&#8221;gallery_without_space&#8221;][\/vc_column][\/vc_row]<\/p>\n<\/div>","protected":false},"excerpt":{"rendered":"<p>[vc_row css_animation=&#8221;&#8221; row_type=&#8221;row&#8221; use_row_as_full_screen_section=&#8221;no&#8221; type=&#8221;full_width&#8221; angled_section=&#8221;no&#8221; text_align=&#8221;left&#8221; background_image_as_pattern=&#8221;without_pattern&#8221;][vc_column][vc_column_text]Aprender\u00e9is a maquillaros en un ambiente de diversi\u00f3n de una forma muy sencilla y facilmente, podr\u00e9is incluir lunch, sesi\u00f3n de photocall\u2026 todo a vuestro gusto. Fiestas Cumplea\u00f1os Eventos Especiales Despedida de Soltera De la mano de Centro de&#8230;<\/p>\n","protected":false},"author":12,"featured_media":0,"parent":2184,"menu_order":0,"comment_status":"closed","ping_status":"closed","template":"","meta":{"footnotes":""},"class_list":["post-2745","page","type-page","status-publish","hentry"],"_links":{"self":[{"href":"https:\/\/blog.cofan.es\/esteticabelenalberca\/wp-json\/wp\/v2\/pages\/2745","targetHints":{"allow":["GET"]}}],"collection":[{"href":"https:\/\/blog.cofan.es\/esteticabelenalberca\/wp-json\/wp\/v2\/pages"}],"about":[{"href":"https:\/\/blog.cofan.es\/esteticabelenalberca\/wp-json\/wp\/v2\/types\/page"}],"author":[{"embeddable":true,"href":"https:\/\/blog.cofan.es\/esteticabelenalberca\/wp-json\/wp\/v2\/users\/12"}],"replies":[{"embeddable":true,"href":"https:\/\/blog.cofan.es\/esteticabelenalberca\/wp-json\/wp\/v2\/comments?post=2745"}],"version-history":[{"count":4,"href":"https:\/\/blog.cofan.es\/esteticabelenalberca\/wp-json\/wp\/v2\/pages\/2745\/revisions"}],"predecessor-version":[{"id":3598,"href":"https:\/\/blog.cofan.es\/esteticabelenalberca\/wp-json\/wp\/v2\/pages\/2745\/revisions\/3598"}],"up":[{"embeddable":true,"href":"https:\/\/blog.cofan.es\/esteticabelenalberca\/wp-json\/wp\/v2\/pages\/2184"}],"wp:attachment":[{"href":"https:\/\/blog.cofan.es\/esteticabelenalberca\/wp-json\/wp\/v2\/media?parent=2745"}],"curies":[{"name":"wp","href":"https:\/\/api.w.org\/{rel}","templated":true}]}}