{"id":2357,"date":"2014-12-23T15:41:25","date_gmt":"2014-12-23T15:41:25","guid":{"rendered":"http:\/\/blog.cofan.es\/esteticabelenalberca-es\/?page_id=2357"},"modified":"2017-01-11T12:22:15","modified_gmt":"2017-01-11T12:22:15","slug":"fotorejuvenecimiento-con-ipl","status":"publish","type":"page","link":"https:\/\/blog.cofan.es\/esteticabelenalberca\/tratamientos\/tratamientos-faciales\/fotorejuvenecimiento-con-ipl\/","title":{"rendered":"Fotorejuvenecimiento con IPL"},"content":{"rendered":"<div class=\"wpb-content-wrapper\"><p>[vc_row css_animation=&#8221;&#8221; row_type=&#8221;row&#8221; use_row_as_full_screen_section=&#8221;no&#8221; type=&#8221;full_width&#8221; angled_section=&#8221;no&#8221; text_align=&#8221;left&#8221; background_image_as_pattern=&#8221;without_pattern&#8221; css=&#8221;.vc_custom_1484137328472{margin-bottom: 30px !important;}&#8221;][vc_column][vc_column_text]<b>Centro de Est\u00e9tica Bel\u00e9n Alberca ofrece este novedoso tratamiento que m\u00e1s aceptaci\u00f3n est\u00e1 teniendo entre el p\u00fablico de todo el mundo.<\/b><\/p>\n<p>El fotorejuvenecimiento mediante la aplicaci\u00f3n de la Luz Intensa Pulsada (IPL), es uno de los m\u00e1s modernos tratamientos para recuperar la belleza natural de la piel, de forma r\u00e1pida, indolora y sin per\u00edodo de recuperaci\u00f3n.<\/p>\n<p>Con la aplicaci\u00f3n de pulsos de luz se mejora eficazmente los signos visibles del envejecimiento cut\u00e1neo y no solo borra las arrugas sino que mejora la textura de la piel y devuelve al rostro su luminosidad.<\/p>\n<p><img loading=\"lazy\" decoding=\"async\" class=\"img-border aligncenter wp-image-3291 size-full\" src=\"\/wp-content\/uploads\/sites\/120\/2014\/12\/ellipse-fotorejuve.jpg\" alt=\"ellipse-fotorejuve\" width=\"667\" height=\"265\" srcset=\"https:\/\/blog.cofan.es\/esteticabelenalberca\/wp-content\/uploads\/sites\/120\/2014\/12\/ellipse-fotorejuve.jpg 667w, https:\/\/blog.cofan.es\/esteticabelenalberca\/wp-content\/uploads\/sites\/120\/2014\/12\/ellipse-fotorejuve-300x119.jpg 300w\" sizes=\"auto, (max-width: 667px) 100vw, 667px\" \/><\/p>\n<p>Fotorejuvenecimiento con IPL[\/vc_column_text][\/vc_column][\/vc_row]<\/p>\n<\/div>","protected":false},"excerpt":{"rendered":"<p>[vc_row css_animation=&#8221;&#8221; row_type=&#8221;row&#8221; use_row_as_full_screen_section=&#8221;no&#8221; type=&#8221;full_width&#8221; angled_section=&#8221;no&#8221; text_align=&#8221;left&#8221; background_image_as_pattern=&#8221;without_pattern&#8221; css=&#8221;.vc_custom_1484137328472{margin-bottom: 30px !important;}&#8221;][vc_column][vc_column_text]Centro de Est\u00e9tica Bel\u00e9n Alberca ofrece este novedoso tratamiento que m\u00e1s aceptaci\u00f3n est\u00e1 teniendo entre el p\u00fablico de todo el mundo. El fotorejuvenecimiento mediante la aplicaci\u00f3n de la Luz Intensa Pulsada (IPL), es uno de&#8230;<\/p>\n","protected":false},"author":12,"featured_media":0,"parent":2174,"menu_order":0,"comment_status":"closed","ping_status":"closed","template":"","meta":{"footnotes":""},"class_list":["post-2357","page","type-page","status-publish","hentry"],"_links":{"self":[{"href":"https:\/\/blog.cofan.es\/esteticabelenalberca\/wp-json\/wp\/v2\/pages\/2357","targetHints":{"allow":["GET"]}}],"collection":[{"href":"https:\/\/blog.cofan.es\/esteticabelenalberca\/wp-json\/wp\/v2\/pages"}],"about":[{"href":"https:\/\/blog.cofan.es\/esteticabelenalberca\/wp-json\/wp\/v2\/types\/page"}],"author":[{"embeddable":true,"href":"https:\/\/blog.cofan.es\/esteticabelenalberca\/wp-json\/wp\/v2\/users\/12"}],"replies":[{"embeddable":true,"href":"https:\/\/blog.cofan.es\/esteticabelenalberca\/wp-json\/wp\/v2\/comments?post=2357"}],"version-history":[{"count":3,"href":"https:\/\/blog.cofan.es\/esteticabelenalberca\/wp-json\/wp\/v2\/pages\/2357\/revisions"}],"predecessor-version":[{"id":3760,"href":"https:\/\/blog.cofan.es\/esteticabelenalberca\/wp-json\/wp\/v2\/pages\/2357\/revisions\/3760"}],"up":[{"embeddable":true,"href":"https:\/\/blog.cofan.es\/esteticabelenalberca\/wp-json\/wp\/v2\/pages\/2174"}],"wp:attachment":[{"href":"https:\/\/blog.cofan.es\/esteticabelenalberca\/wp-json\/wp\/v2\/media?parent=2357"}],"curies":[{"name":"wp","href":"https:\/\/api.w.org\/{rel}","templated":true}]}}