{"id":2355,"date":"2014-12-23T15:40:52","date_gmt":"2014-12-23T15:40:52","guid":{"rendered":"http:\/\/blog.cofan.es\/esteticabelenalberca-es\/?page_id=2355"},"modified":"2017-01-11T12:21:17","modified_gmt":"2017-01-11T12:21:17","slug":"higiene-facial-basica","status":"publish","type":"page","link":"https:\/\/blog.cofan.es\/esteticabelenalberca\/tratamientos\/tratamientos-faciales\/higiene-facial-basica\/","title":{"rendered":"Higiene Facial B\u00e1sica"},"content":{"rendered":"<div class=\"wpb-content-wrapper\"><p>[vc_row css_animation=&#8221;&#8221; row_type=&#8221;row&#8221; use_row_as_full_screen_section=&#8221;no&#8221; type=&#8221;full_width&#8221; angled_section=&#8221;no&#8221; text_align=&#8221;left&#8221; background_image_as_pattern=&#8221;without_pattern&#8221; css=&#8221;.vc_custom_1484137269746{margin-bottom: 30px !important;}&#8221;][vc_column][vc_column_text]<strong>Centro de Est\u00e9tica Bel\u00e9n Alberca<\/strong> os ofrece una limpieza de la piel en profundidad que conjunta su sencillez y fiabilidad, sacando el m\u00e1ximo partido a nuestra piel de la manera m\u00e1s econ\u00f3mica.<\/p>\n<p><img loading=\"lazy\" decoding=\"async\" class=\"img-border aligncenter wp-image-3288 size-full\" src=\"\/wp-content\/uploads\/sites\/120\/2014\/12\/thumb-higiene-facial-2.jpg\" alt=\"thumb-higiene-facial-2\" width=\"696\" height=\"340\" srcset=\"https:\/\/blog.cofan.es\/esteticabelenalberca\/wp-content\/uploads\/sites\/120\/2014\/12\/thumb-higiene-facial-2.jpg 696w, https:\/\/blog.cofan.es\/esteticabelenalberca\/wp-content\/uploads\/sites\/120\/2014\/12\/thumb-higiene-facial-2-300x147.jpg 300w\" sizes=\"auto, (max-width: 696px) 100vw, 696px\" \/>[\/vc_column_text][\/vc_column][\/vc_row]<\/p>\n<\/div>","protected":false},"excerpt":{"rendered":"<p>[vc_row css_animation=&#8221;&#8221; row_type=&#8221;row&#8221; use_row_as_full_screen_section=&#8221;no&#8221; type=&#8221;full_width&#8221; angled_section=&#8221;no&#8221; text_align=&#8221;left&#8221; background_image_as_pattern=&#8221;without_pattern&#8221; css=&#8221;.vc_custom_1484137269746{margin-bottom: 30px !important;}&#8221;][vc_column][vc_column_text]Centro de Est\u00e9tica Bel\u00e9n Alberca os ofrece una limpieza de la piel en profundidad que conjunta su sencillez y fiabilidad, sacando el m\u00e1ximo partido a nuestra piel de la manera m\u00e1s econ\u00f3mica. [\/vc_column_text][\/vc_column][\/vc_row]<\/p>\n","protected":false},"author":12,"featured_media":0,"parent":2174,"menu_order":0,"comment_status":"closed","ping_status":"closed","template":"","meta":{"footnotes":""},"class_list":["post-2355","page","type-page","status-publish","hentry"],"_links":{"self":[{"href":"https:\/\/blog.cofan.es\/esteticabelenalberca\/wp-json\/wp\/v2\/pages\/2355","targetHints":{"allow":["GET"]}}],"collection":[{"href":"https:\/\/blog.cofan.es\/esteticabelenalberca\/wp-json\/wp\/v2\/pages"}],"about":[{"href":"https:\/\/blog.cofan.es\/esteticabelenalberca\/wp-json\/wp\/v2\/types\/page"}],"author":[{"embeddable":true,"href":"https:\/\/blog.cofan.es\/esteticabelenalberca\/wp-json\/wp\/v2\/users\/12"}],"replies":[{"embeddable":true,"href":"https:\/\/blog.cofan.es\/esteticabelenalberca\/wp-json\/wp\/v2\/comments?post=2355"}],"version-history":[{"count":3,"href":"https:\/\/blog.cofan.es\/esteticabelenalberca\/wp-json\/wp\/v2\/pages\/2355\/revisions"}],"predecessor-version":[{"id":3759,"href":"https:\/\/blog.cofan.es\/esteticabelenalberca\/wp-json\/wp\/v2\/pages\/2355\/revisions\/3759"}],"up":[{"embeddable":true,"href":"https:\/\/blog.cofan.es\/esteticabelenalberca\/wp-json\/wp\/v2\/pages\/2174"}],"wp:attachment":[{"href":"https:\/\/blog.cofan.es\/esteticabelenalberca\/wp-json\/wp\/v2\/media?parent=2355"}],"curies":[{"name":"wp","href":"https:\/\/api.w.org\/{rel}","templated":true}]}}