{"id":2342,"date":"2014-12-23T15:35:43","date_gmt":"2014-12-23T15:35:43","guid":{"rendered":"http:\/\/blog.cofan.es\/esteticabelenalberca-es\/?page_id=2342"},"modified":"2017-01-11T12:04:45","modified_gmt":"2017-01-11T12:04:45","slug":"skin-comfort","status":"publish","type":"page","link":"https:\/\/blog.cofan.es\/esteticabelenalberca\/tratamientos\/tratamientos-faciales\/skin-comfort\/","title":{"rendered":"Skin Comfort"},"content":{"rendered":"<div class=\"wpb-content-wrapper\"><p>[vc_row css_animation=&#8221;&#8221; row_type=&#8221;row&#8221; use_row_as_full_screen_section=&#8221;no&#8221; type=&#8221;full_width&#8221; angled_section=&#8221;no&#8221; text_align=&#8221;left&#8221; background_image_as_pattern=&#8221;without_pattern&#8221; css=&#8221;.vc_custom_1484136282249{margin-bottom: 30px !important;}&#8221;][vc_column][vc_column_text]<b>La soluci\u00f3n definitiva para las pieles sensibles y reactivas que presentan alteraciones como rojeces, dilataci\u00f3n de capilares o inflamaci\u00f3n.<\/b><\/p>\n<p>Centro de Est\u00e9tica Bel\u00e9n Alberca os ofrece este tratamiento que combina ingredientes reparadores y descongestivos gracias a sus agentes bot\u00e1nicos altamente suavizantes. Calma visiblemente la piel proporcionando m\u00e1ximo alivio y confort cut\u00e1neo.<\/p>\n<p>Mejora visiblemente la apariencia del cutis congestionado y refuerza sus mecanismos de auto-defensa frente a las agresiones externas.<br \/>\nCon este tratamiento reparador de cosm\u00e9tica vanguardista conseguir\u00e1s restaurar el equilibrio de tu piel.<\/p>\n<p>La gran calidad de este tratamiento viene destaca por la experiencia y efectividad que ofrecen los productos de <strong>Natura Biss\u00e9<\/strong>.<\/p>\n<p><img loading=\"lazy\" decoding=\"async\" class=\"img-border aligncenter wp-image-3277 size-full\" src=\"\/wp-content\/uploads\/sites\/120\/2014\/12\/thumb-skin-comfort-2.jpg\" alt=\"thumb-skin-comfort-2\" width=\"770\" height=\"433\" srcset=\"https:\/\/blog.cofan.es\/esteticabelenalberca\/wp-content\/uploads\/sites\/120\/2014\/12\/thumb-skin-comfort-2.jpg 770w, https:\/\/blog.cofan.es\/esteticabelenalberca\/wp-content\/uploads\/sites\/120\/2014\/12\/thumb-skin-comfort-2-300x169.jpg 300w\" sizes=\"auto, (max-width: 770px) 100vw, 770px\" \/><\/p>\n<p>Skin Comfort Natura Biss\u00e9[\/vc_column_text][\/vc_column][\/vc_row]<\/p>\n<\/div>","protected":false},"excerpt":{"rendered":"<p>[vc_row css_animation=&#8221;&#8221; row_type=&#8221;row&#8221; use_row_as_full_screen_section=&#8221;no&#8221; type=&#8221;full_width&#8221; angled_section=&#8221;no&#8221; text_align=&#8221;left&#8221; background_image_as_pattern=&#8221;without_pattern&#8221; css=&#8221;.vc_custom_1484136282249{margin-bottom: 30px !important;}&#8221;][vc_column][vc_column_text]La soluci\u00f3n definitiva para las pieles sensibles y reactivas que presentan alteraciones como rojeces, dilataci\u00f3n de capilares o inflamaci\u00f3n. Centro de Est\u00e9tica Bel\u00e9n Alberca os ofrece este tratamiento que combina ingredientes reparadores y descongestivos gracias&#8230;<\/p>\n","protected":false},"author":12,"featured_media":0,"parent":2174,"menu_order":0,"comment_status":"closed","ping_status":"closed","template":"","meta":{"footnotes":""},"class_list":["post-2342","page","type-page","status-publish","hentry"],"_links":{"self":[{"href":"https:\/\/blog.cofan.es\/esteticabelenalberca\/wp-json\/wp\/v2\/pages\/2342","targetHints":{"allow":["GET"]}}],"collection":[{"href":"https:\/\/blog.cofan.es\/esteticabelenalberca\/wp-json\/wp\/v2\/pages"}],"about":[{"href":"https:\/\/blog.cofan.es\/esteticabelenalberca\/wp-json\/wp\/v2\/types\/page"}],"author":[{"embeddable":true,"href":"https:\/\/blog.cofan.es\/esteticabelenalberca\/wp-json\/wp\/v2\/users\/12"}],"replies":[{"embeddable":true,"href":"https:\/\/blog.cofan.es\/esteticabelenalberca\/wp-json\/wp\/v2\/comments?post=2342"}],"version-history":[{"count":3,"href":"https:\/\/blog.cofan.es\/esteticabelenalberca\/wp-json\/wp\/v2\/pages\/2342\/revisions"}],"predecessor-version":[{"id":3756,"href":"https:\/\/blog.cofan.es\/esteticabelenalberca\/wp-json\/wp\/v2\/pages\/2342\/revisions\/3756"}],"up":[{"embeddable":true,"href":"https:\/\/blog.cofan.es\/esteticabelenalberca\/wp-json\/wp\/v2\/pages\/2174"}],"wp:attachment":[{"href":"https:\/\/blog.cofan.es\/esteticabelenalberca\/wp-json\/wp\/v2\/media?parent=2342"}],"curies":[{"name":"wp","href":"https:\/\/api.w.org\/{rel}","templated":true}]}}