{"id":2340,"date":"2014-12-23T15:34:31","date_gmt":"2014-12-23T15:34:31","guid":{"rendered":"http:\/\/blog.cofan.es\/esteticabelenalberca-es\/?page_id=2340"},"modified":"2017-01-11T12:03:53","modified_gmt":"2017-01-11T12:03:53","slug":"carboxi-express","status":"publish","type":"page","link":"https:\/\/blog.cofan.es\/esteticabelenalberca\/tratamientos\/tratamientos-faciales\/carboxi-express\/","title":{"rendered":"Carboxi-Express"},"content":{"rendered":"<div class=\"wpb-content-wrapper\"><p>[vc_row css_animation=&#8221;&#8221; row_type=&#8221;row&#8221; use_row_as_full_screen_section=&#8221;no&#8221; type=&#8221;full_width&#8221; angled_section=&#8221;no&#8221; text_align=&#8221;left&#8221; background_image_as_pattern=&#8221;without_pattern&#8221; css=&#8221;.vc_custom_1484136225688{margin-bottom: 30px !important;}&#8221;][vc_column][vc_column_text]<b>Estrenar una piel pura y reluciente es f\u00e1cil y r\u00e1pido en Centro de Est\u00e9tica Bel\u00e9n Alberca con este sorprendente tratamiento expr\u00e9s que revitaliza la piel.<\/b><\/p>\n<p>Un novedoso concepto en tratamientos cut\u00e1neos que incorpora una t\u00e9cnica de probada eficacia en medicina est\u00e9tica: la carboxiterapia. Este sistema combate los signos de envejecimiento cut\u00e1neo a trav\u00e9s de la aplicaci\u00f3n de CO2 produciendo una efervescente explosi\u00f3n que da como resultado una piel visiblemente revitalizada.<\/p>\n<p>Este renovador tratamiento regenera la superficie cut\u00e1nea de manera intensa y segura aportando m\u00e1xima luminosidad y frescura a tu piel.<\/p>\n<p>La gran calidad de este tratamiento viene destaca por la experiencia y efectividad que ofrecen los productos de <strong>Natura Biss\u00e9<\/strong>.<\/p>\n<p><img loading=\"lazy\" decoding=\"async\" class=\"img-border aligncenter wp-image-3274 size-full\" src=\"\/wp-content\/uploads\/sites\/120\/2014\/12\/thumb-carboxi-express-2.jpg\" alt=\"thumb-carboxi-express-2\" width=\"770\" height=\"397\" srcset=\"https:\/\/blog.cofan.es\/esteticabelenalberca\/wp-content\/uploads\/sites\/120\/2014\/12\/thumb-carboxi-express-2.jpg 770w, https:\/\/blog.cofan.es\/esteticabelenalberca\/wp-content\/uploads\/sites\/120\/2014\/12\/thumb-carboxi-express-2-300x155.jpg 300w\" sizes=\"auto, (max-width: 770px) 100vw, 770px\" \/><\/p>\n<p>Carboxi Express Natura Biss\u00e9[\/vc_column_text][\/vc_column][\/vc_row]<\/p>\n<\/div>","protected":false},"excerpt":{"rendered":"<p>[vc_row css_animation=&#8221;&#8221; row_type=&#8221;row&#8221; use_row_as_full_screen_section=&#8221;no&#8221; type=&#8221;full_width&#8221; angled_section=&#8221;no&#8221; text_align=&#8221;left&#8221; background_image_as_pattern=&#8221;without_pattern&#8221; css=&#8221;.vc_custom_1484136225688{margin-bottom: 30px !important;}&#8221;][vc_column][vc_column_text]Estrenar una piel pura y reluciente es f\u00e1cil y r\u00e1pido en Centro de Est\u00e9tica Bel\u00e9n Alberca con este sorprendente tratamiento expr\u00e9s que revitaliza la piel. Un novedoso concepto en tratamientos cut\u00e1neos que incorpora una t\u00e9cnica&#8230;<\/p>\n","protected":false},"author":12,"featured_media":0,"parent":2174,"menu_order":0,"comment_status":"closed","ping_status":"closed","template":"","meta":{"footnotes":""},"class_list":["post-2340","page","type-page","status-publish","hentry"],"_links":{"self":[{"href":"https:\/\/blog.cofan.es\/esteticabelenalberca\/wp-json\/wp\/v2\/pages\/2340","targetHints":{"allow":["GET"]}}],"collection":[{"href":"https:\/\/blog.cofan.es\/esteticabelenalberca\/wp-json\/wp\/v2\/pages"}],"about":[{"href":"https:\/\/blog.cofan.es\/esteticabelenalberca\/wp-json\/wp\/v2\/types\/page"}],"author":[{"embeddable":true,"href":"https:\/\/blog.cofan.es\/esteticabelenalberca\/wp-json\/wp\/v2\/users\/12"}],"replies":[{"embeddable":true,"href":"https:\/\/blog.cofan.es\/esteticabelenalberca\/wp-json\/wp\/v2\/comments?post=2340"}],"version-history":[{"count":3,"href":"https:\/\/blog.cofan.es\/esteticabelenalberca\/wp-json\/wp\/v2\/pages\/2340\/revisions"}],"predecessor-version":[{"id":3755,"href":"https:\/\/blog.cofan.es\/esteticabelenalberca\/wp-json\/wp\/v2\/pages\/2340\/revisions\/3755"}],"up":[{"embeddable":true,"href":"https:\/\/blog.cofan.es\/esteticabelenalberca\/wp-json\/wp\/v2\/pages\/2174"}],"wp:attachment":[{"href":"https:\/\/blog.cofan.es\/esteticabelenalberca\/wp-json\/wp\/v2\/media?parent=2340"}],"curies":[{"name":"wp","href":"https:\/\/api.w.org\/{rel}","templated":true}]}}