{"id":2338,"date":"2014-12-23T15:33:59","date_gmt":"2014-12-23T15:33:59","guid":{"rendered":"http:\/\/blog.cofan.es\/esteticabelenalberca-es\/?page_id=2338"},"modified":"2017-01-11T12:03:17","modified_gmt":"2017-01-11T12:03:17","slug":"la-alternativa-sonoliftin","status":"publish","type":"page","link":"https:\/\/blog.cofan.es\/esteticabelenalberca\/tratamientos\/tratamientos-faciales\/la-alternativa-sonoliftin\/","title":{"rendered":"La Alternativa Sonoliftin"},"content":{"rendered":"<div class=\"wpb-content-wrapper\"><p>[vc_row css_animation=&#8221;&#8221; row_type=&#8221;row&#8221; use_row_as_full_screen_section=&#8221;no&#8221; type=&#8221;full_width&#8221; angled_section=&#8221;no&#8221; text_align=&#8221;left&#8221; background_image_as_pattern=&#8221;without_pattern&#8221;][vc_column][vc_column_text css=&#8221;.vc_custom_1484136188453{margin-bottom: 30px !important;}&#8221;]<b>Este potente y novedoso tratamiento es la respuesta para aquellos que desean eliminar las arrugas y los signos de expresi\u00f3n de su rostro.<\/b><\/p>\n<p>Mediante el activo de \u00faltima generaci\u00f3n OCTAMIOXYL, en Centro de Est\u00e9tica Bel\u00e9n Alberca trabajamos en este innovador tratamiento que logra la relajaci\u00f3n de las contracciones cut\u00e1neas faciales proporcionando un espectacular efecto tensor.<\/p>\n<p>Este protocolo incluye la efectiva t\u00e9cnica Sonolift con diapas\u00f3n, basada en un micro-masaje facial que activa la producci\u00f3n de las fibras responsables de mantener la piel tersa y firme.<\/p>\n<p><img loading=\"lazy\" decoding=\"async\" class=\"img-border aligncenter wp-image-3271 size-full\" src=\"\/wp-content\/uploads\/sites\/120\/2014\/12\/thumb-alternativa-sonoliftin-2.jpg\" alt=\"thumb-alternativa-sonoliftin-2\" width=\"770\" height=\"433\" srcset=\"https:\/\/blog.cofan.es\/esteticabelenalberca\/wp-content\/uploads\/sites\/120\/2014\/12\/thumb-alternativa-sonoliftin-2.jpg 770w, https:\/\/blog.cofan.es\/esteticabelenalberca\/wp-content\/uploads\/sites\/120\/2014\/12\/thumb-alternativa-sonoliftin-2-300x169.jpg 300w\" sizes=\"auto, (max-width: 770px) 100vw, 770px\" \/><\/p>\n<p>La Alternativa Sonoliftin Natura Biss\u00e9<\/p>\n<p>Gracias a su excepcional combinaci\u00f3n de componentes de relleno, el resultado de este tratamiento es una piel sin arrugas y un \u00f3valo facial definido.<\/p>\n<p>La gran calidad de este tratamiento viene destaca por la experiencia y efectividad que ofrecen los productos de <strong>Natura Biss\u00e9<\/strong>.[\/vc_column_text][\/vc_column][\/vc_row]<\/p>\n<\/div>","protected":false},"excerpt":{"rendered":"<p>[vc_row css_animation=&#8221;&#8221; row_type=&#8221;row&#8221; use_row_as_full_screen_section=&#8221;no&#8221; type=&#8221;full_width&#8221; angled_section=&#8221;no&#8221; text_align=&#8221;left&#8221; background_image_as_pattern=&#8221;without_pattern&#8221;][vc_column][vc_column_text css=&#8221;.vc_custom_1484136188453{margin-bottom: 30px !important;}&#8221;]Este potente y novedoso tratamiento es la respuesta para aquellos que desean eliminar las arrugas y los signos de expresi\u00f3n de su rostro. Mediante el activo de \u00faltima generaci\u00f3n OCTAMIOXYL, en Centro de Est\u00e9tica Bel\u00e9n&#8230;<\/p>\n","protected":false},"author":12,"featured_media":0,"parent":2174,"menu_order":0,"comment_status":"closed","ping_status":"closed","template":"","meta":{"footnotes":""},"class_list":["post-2338","page","type-page","status-publish","hentry"],"_links":{"self":[{"href":"https:\/\/blog.cofan.es\/esteticabelenalberca\/wp-json\/wp\/v2\/pages\/2338","targetHints":{"allow":["GET"]}}],"collection":[{"href":"https:\/\/blog.cofan.es\/esteticabelenalberca\/wp-json\/wp\/v2\/pages"}],"about":[{"href":"https:\/\/blog.cofan.es\/esteticabelenalberca\/wp-json\/wp\/v2\/types\/page"}],"author":[{"embeddable":true,"href":"https:\/\/blog.cofan.es\/esteticabelenalberca\/wp-json\/wp\/v2\/users\/12"}],"replies":[{"embeddable":true,"href":"https:\/\/blog.cofan.es\/esteticabelenalberca\/wp-json\/wp\/v2\/comments?post=2338"}],"version-history":[{"count":3,"href":"https:\/\/blog.cofan.es\/esteticabelenalberca\/wp-json\/wp\/v2\/pages\/2338\/revisions"}],"predecessor-version":[{"id":3754,"href":"https:\/\/blog.cofan.es\/esteticabelenalberca\/wp-json\/wp\/v2\/pages\/2338\/revisions\/3754"}],"up":[{"embeddable":true,"href":"https:\/\/blog.cofan.es\/esteticabelenalberca\/wp-json\/wp\/v2\/pages\/2174"}],"wp:attachment":[{"href":"https:\/\/blog.cofan.es\/esteticabelenalberca\/wp-json\/wp\/v2\/media?parent=2338"}],"curies":[{"name":"wp","href":"https:\/\/api.w.org\/{rel}","templated":true}]}}