{"id":2336,"date":"2014-12-23T15:33:30","date_gmt":"2014-12-23T15:33:30","guid":{"rendered":"http:\/\/blog.cofan.es\/esteticabelenalberca-es\/?page_id=2336"},"modified":"2017-01-11T12:02:01","modified_gmt":"2017-01-11T12:02:01","slug":"aqua-inmersion","status":"publish","type":"page","link":"https:\/\/blog.cofan.es\/esteticabelenalberca\/tratamientos\/tratamientos-faciales\/aqua-inmersion\/","title":{"rendered":"Aqua Inmersion"},"content":{"rendered":"<div class=\"wpb-content-wrapper\"><p>[vc_row css_animation=&#8221;&#8221; row_type=&#8221;row&#8221; use_row_as_full_screen_section=&#8221;no&#8221; type=&#8221;full_width&#8221; angled_section=&#8221;no&#8221; text_align=&#8221;left&#8221; background_image_as_pattern=&#8221;without_pattern&#8221; css=&#8221;.vc_custom_1484136117501{margin-bottom: 30px !important;}&#8221;][vc_column][vc_column_text]<b>En Centro de Est\u00e9tica Bel\u00e9n Alberca trabajamos para que las pieles que han perdido la hidrataci\u00f3n y luminosidad encuentren en este tratamiento la respuesta a sus necesidades.<\/b><\/p>\n<p>Este eficaz protocolo rompe el ciclo de deshidrataci\u00f3n de la piel devolvi\u00e9ndole toda su belleza gracias a la filosof\u00eda de las tres R: Renovaci\u00f3n, Recuperaci\u00f3n y Reparaci\u00f3n. Ingredientes como el Factor Natural de Hidrataci\u00f3n y la vitamina A aportan jugosidad a la piel y mantienen el balance \u00f3ptimo de hidrataci\u00f3n y protecci\u00f3n.<\/p>\n<p>El resultado que ofrecemos en Centro de Est\u00e9tica Bel\u00e9n Alberca con este tratamiento es una piel totalmente revitalizada y luminosa con una agradable sensaci\u00f3n de frescura y suavidad.<\/p>\n<p>La gran calidad de este tratamiento viene destaca por la experiencia y efectividad que ofrecen los productos de <strong>Natura Biss\u00e9<\/strong>.<\/p>\n<p><img loading=\"lazy\" decoding=\"async\" class=\"img-border aligncenter wp-image-3268 size-full\" src=\"\/wp-content\/uploads\/sites\/120\/2014\/12\/thumb-aqua-inmersion-2.jpg\" alt=\"thumb-aqua-inmersion-2\" width=\"770\" height=\"433\" srcset=\"https:\/\/blog.cofan.es\/esteticabelenalberca\/wp-content\/uploads\/sites\/120\/2014\/12\/thumb-aqua-inmersion-2.jpg 770w, https:\/\/blog.cofan.es\/esteticabelenalberca\/wp-content\/uploads\/sites\/120\/2014\/12\/thumb-aqua-inmersion-2-300x169.jpg 300w\" sizes=\"auto, (max-width: 770px) 100vw, 770px\" \/><\/p>\n<p>Aqua Inmersion Natura Biss\u00e9[\/vc_column_text][\/vc_column][\/vc_row]<\/p>\n<\/div>","protected":false},"excerpt":{"rendered":"<p>[vc_row css_animation=&#8221;&#8221; row_type=&#8221;row&#8221; use_row_as_full_screen_section=&#8221;no&#8221; type=&#8221;full_width&#8221; angled_section=&#8221;no&#8221; text_align=&#8221;left&#8221; background_image_as_pattern=&#8221;without_pattern&#8221; css=&#8221;.vc_custom_1484136117501{margin-bottom: 30px !important;}&#8221;][vc_column][vc_column_text]En Centro de Est\u00e9tica Bel\u00e9n Alberca trabajamos para que las pieles que han perdido la hidrataci\u00f3n y luminosidad encuentren en este tratamiento la respuesta a sus necesidades. Este eficaz protocolo rompe el ciclo de deshidrataci\u00f3n&#8230;<\/p>\n","protected":false},"author":12,"featured_media":0,"parent":2174,"menu_order":0,"comment_status":"closed","ping_status":"closed","template":"","meta":{"footnotes":""},"class_list":["post-2336","page","type-page","status-publish","hentry"],"_links":{"self":[{"href":"https:\/\/blog.cofan.es\/esteticabelenalberca\/wp-json\/wp\/v2\/pages\/2336","targetHints":{"allow":["GET"]}}],"collection":[{"href":"https:\/\/blog.cofan.es\/esteticabelenalberca\/wp-json\/wp\/v2\/pages"}],"about":[{"href":"https:\/\/blog.cofan.es\/esteticabelenalberca\/wp-json\/wp\/v2\/types\/page"}],"author":[{"embeddable":true,"href":"https:\/\/blog.cofan.es\/esteticabelenalberca\/wp-json\/wp\/v2\/users\/12"}],"replies":[{"embeddable":true,"href":"https:\/\/blog.cofan.es\/esteticabelenalberca\/wp-json\/wp\/v2\/comments?post=2336"}],"version-history":[{"count":4,"href":"https:\/\/blog.cofan.es\/esteticabelenalberca\/wp-json\/wp\/v2\/pages\/2336\/revisions"}],"predecessor-version":[{"id":3753,"href":"https:\/\/blog.cofan.es\/esteticabelenalberca\/wp-json\/wp\/v2\/pages\/2336\/revisions\/3753"}],"up":[{"embeddable":true,"href":"https:\/\/blog.cofan.es\/esteticabelenalberca\/wp-json\/wp\/v2\/pages\/2174"}],"wp:attachment":[{"href":"https:\/\/blog.cofan.es\/esteticabelenalberca\/wp-json\/wp\/v2\/media?parent=2336"}],"curies":[{"name":"wp","href":"https:\/\/api.w.org\/{rel}","templated":true}]}}