{"id":2331,"date":"2014-12-23T15:31:22","date_gmt":"2014-12-23T15:31:22","guid":{"rendered":"http:\/\/blog.cofan.es\/esteticabelenalberca-es\/?page_id=2331"},"modified":"2017-01-11T12:01:18","modified_gmt":"2017-01-11T12:01:18","slug":"acne-solution","status":"publish","type":"page","link":"https:\/\/blog.cofan.es\/esteticabelenalberca\/tratamientos\/tratamientos-faciales\/acne-solution\/","title":{"rendered":"Acne Solution"},"content":{"rendered":"<div class=\"wpb-content-wrapper\"><p>[vc_row css_animation=&#8221;&#8221; row_type=&#8221;row&#8221; use_row_as_full_screen_section=&#8221;no&#8221; type=&#8221;full_width&#8221; angled_section=&#8221;no&#8221; text_align=&#8221;left&#8221; background_image_as_pattern=&#8221;without_pattern&#8221; css=&#8221;.vc_custom_1484136075047{margin-bottom: 30px !important;}&#8221;][vc_column][vc_column_text]<b>En Centro de Est\u00e9tica Bel\u00e9n Alberca le ofrecemos un exclusivo y completo tratamiento facial para las pieles seborreicas y con tendencia al acn\u00e9.<\/b><\/p>\n<p>Incluye una limpieza profunda de la piel y una profunda exfoliaci\u00f3n combinada con \u00c1cido Glic\u00f3lico y Salic\u00edlico seguida del aporte de Oxigeno Activo para combatir las alteraciones cut\u00e1neas de la piel. Todo ello asociado a una excelente selecci\u00f3n de activos naturales y extracto bot\u00e1nicos con propiedades sebo regulador, hidratante y anti- microbacterianas.<\/p>\n<p>La gran calidad de este tratamiento viene destaca por la experiencia y efectividad que ofrecen los productos de <strong>Natura Biss\u00e9<\/strong>.<\/p>\n<p><img loading=\"lazy\" decoding=\"async\" class=\"img-border aligncenter wp-image-3264 size-full\" src=\"\/wp-content\/uploads\/sites\/120\/2014\/12\/thumb-acne-solution-2.jpg\" alt=\"thumb-acne-solution-2\" width=\"770\" height=\"433\" srcset=\"https:\/\/blog.cofan.es\/esteticabelenalberca\/wp-content\/uploads\/sites\/120\/2014\/12\/thumb-acne-solution-2.jpg 770w, https:\/\/blog.cofan.es\/esteticabelenalberca\/wp-content\/uploads\/sites\/120\/2014\/12\/thumb-acne-solution-2-300x169.jpg 300w\" sizes=\"auto, (max-width: 770px) 100vw, 770px\" \/><\/p>\n<p>Acne Solution Natura Biss\u00e9[\/vc_column_text][\/vc_column][\/vc_row]<\/p>\n<\/div>","protected":false},"excerpt":{"rendered":"<p>[vc_row css_animation=&#8221;&#8221; row_type=&#8221;row&#8221; use_row_as_full_screen_section=&#8221;no&#8221; type=&#8221;full_width&#8221; angled_section=&#8221;no&#8221; text_align=&#8221;left&#8221; background_image_as_pattern=&#8221;without_pattern&#8221; css=&#8221;.vc_custom_1484136075047{margin-bottom: 30px !important;}&#8221;][vc_column][vc_column_text]En Centro de Est\u00e9tica Bel\u00e9n Alberca le ofrecemos un exclusivo y completo tratamiento facial para las pieles seborreicas y con tendencia al acn\u00e9. Incluye una limpieza profunda de la piel y una profunda exfoliaci\u00f3n combinada&#8230;<\/p>\n","protected":false},"author":12,"featured_media":0,"parent":2174,"menu_order":0,"comment_status":"closed","ping_status":"closed","template":"","meta":{"footnotes":""},"class_list":["post-2331","page","type-page","status-publish","hentry"],"_links":{"self":[{"href":"https:\/\/blog.cofan.es\/esteticabelenalberca\/wp-json\/wp\/v2\/pages\/2331","targetHints":{"allow":["GET"]}}],"collection":[{"href":"https:\/\/blog.cofan.es\/esteticabelenalberca\/wp-json\/wp\/v2\/pages"}],"about":[{"href":"https:\/\/blog.cofan.es\/esteticabelenalberca\/wp-json\/wp\/v2\/types\/page"}],"author":[{"embeddable":true,"href":"https:\/\/blog.cofan.es\/esteticabelenalberca\/wp-json\/wp\/v2\/users\/12"}],"replies":[{"embeddable":true,"href":"https:\/\/blog.cofan.es\/esteticabelenalberca\/wp-json\/wp\/v2\/comments?post=2331"}],"version-history":[{"count":3,"href":"https:\/\/blog.cofan.es\/esteticabelenalberca\/wp-json\/wp\/v2\/pages\/2331\/revisions"}],"predecessor-version":[{"id":3752,"href":"https:\/\/blog.cofan.es\/esteticabelenalberca\/wp-json\/wp\/v2\/pages\/2331\/revisions\/3752"}],"up":[{"embeddable":true,"href":"https:\/\/blog.cofan.es\/esteticabelenalberca\/wp-json\/wp\/v2\/pages\/2174"}],"wp:attachment":[{"href":"https:\/\/blog.cofan.es\/esteticabelenalberca\/wp-json\/wp\/v2\/media?parent=2331"}],"curies":[{"name":"wp","href":"https:\/\/api.w.org\/{rel}","templated":true}]}}