{"id":2314,"date":"2014-12-23T15:23:09","date_gmt":"2014-12-23T15:23:09","guid":{"rendered":"http:\/\/blog.cofan.es\/esteticabelenalberca-es\/?page_id=2314"},"modified":"2017-01-11T11:55:07","modified_gmt":"2017-01-11T11:55:07","slug":"diamond-life-infusion","status":"publish","type":"page","link":"https:\/\/blog.cofan.es\/esteticabelenalberca\/tratamientos\/tratamientos-faciales\/diamond-life-infusion\/","title":{"rendered":"Diamond Life Infusion"},"content":{"rendered":"<div class=\"wpb-content-wrapper\"><p>[vc_row css_animation=&#8221;&#8221; row_type=&#8221;row&#8221; use_row_as_full_screen_section=&#8221;no&#8221; type=&#8221;full_width&#8221; angled_section=&#8221;no&#8221; text_align=&#8221;left&#8221; background_image_as_pattern=&#8221;without_pattern&#8221; css=&#8221;.vc_custom_1484135703885{margin-bottom: 30px !important;}&#8221;][vc_column][vc_column_text]<b>Centro de Est\u00e9tica Bel\u00e9n Alberca te ofrece una revolucionaria experiencia que proporciona una acci\u00f3n rejuvenecedora sin precedentes a trav\u00e9s de la regulaci\u00f3n de los Biomarcadores, claves de la Edad de la Pie.<\/b><\/p>\n<p>Diamond Life Infusion es un tratamiento intensivo global que proporciona una piel m\u00e1s firme, luminosa y visiblemente m\u00e1s joven. Disminuye arrugas y l\u00edneas de expresi\u00f3n en tan solo una sesi\u00f3n.<\/p>\n<p>La gran calidad de este tratamiento viene destacada por la experiencia y efectividad que ofrecen los productos de <strong>Natura Biss\u00e9.<\/strong><\/p>\n<p><img loading=\"lazy\" decoding=\"async\" class=\"img-border aligncenter wp-image-3246 size-full\" src=\"\/wp-content\/uploads\/sites\/120\/2014\/12\/thumb-diamond-life-infusion-2.jpg\" alt=\"thumb-diamond-life-infusion-2\" width=\"770\" height=\"430\" srcset=\"https:\/\/blog.cofan.es\/esteticabelenalberca\/wp-content\/uploads\/sites\/120\/2014\/12\/thumb-diamond-life-infusion-2.jpg 770w, https:\/\/blog.cofan.es\/esteticabelenalberca\/wp-content\/uploads\/sites\/120\/2014\/12\/thumb-diamond-life-infusion-2-300x168.jpg 300w\" sizes=\"auto, (max-width: 770px) 100vw, 770px\" \/><\/p>\n<p>Diamond Life Infusion Natura Biss\u00e9[\/vc_column_text][\/vc_column][\/vc_row]<\/p>\n<\/div>","protected":false},"excerpt":{"rendered":"<p>[vc_row css_animation=&#8221;&#8221; row_type=&#8221;row&#8221; use_row_as_full_screen_section=&#8221;no&#8221; type=&#8221;full_width&#8221; angled_section=&#8221;no&#8221; text_align=&#8221;left&#8221; background_image_as_pattern=&#8221;without_pattern&#8221; css=&#8221;.vc_custom_1484135703885{margin-bottom: 30px !important;}&#8221;][vc_column][vc_column_text]Centro de Est\u00e9tica Bel\u00e9n Alberca te ofrece una revolucionaria experiencia que proporciona una acci\u00f3n rejuvenecedora sin precedentes a trav\u00e9s de la regulaci\u00f3n de los Biomarcadores, claves de la Edad de la Pie. Diamond Life Infusion&#8230;<\/p>\n","protected":false},"author":12,"featured_media":0,"parent":2174,"menu_order":0,"comment_status":"closed","ping_status":"closed","template":"","meta":{"footnotes":""},"class_list":["post-2314","page","type-page","status-publish","hentry"],"_links":{"self":[{"href":"https:\/\/blog.cofan.es\/esteticabelenalberca\/wp-json\/wp\/v2\/pages\/2314","targetHints":{"allow":["GET"]}}],"collection":[{"href":"https:\/\/blog.cofan.es\/esteticabelenalberca\/wp-json\/wp\/v2\/pages"}],"about":[{"href":"https:\/\/blog.cofan.es\/esteticabelenalberca\/wp-json\/wp\/v2\/types\/page"}],"author":[{"embeddable":true,"href":"https:\/\/blog.cofan.es\/esteticabelenalberca\/wp-json\/wp\/v2\/users\/12"}],"replies":[{"embeddable":true,"href":"https:\/\/blog.cofan.es\/esteticabelenalberca\/wp-json\/wp\/v2\/comments?post=2314"}],"version-history":[{"count":3,"href":"https:\/\/blog.cofan.es\/esteticabelenalberca\/wp-json\/wp\/v2\/pages\/2314\/revisions"}],"predecessor-version":[{"id":3746,"href":"https:\/\/blog.cofan.es\/esteticabelenalberca\/wp-json\/wp\/v2\/pages\/2314\/revisions\/3746"}],"up":[{"embeddable":true,"href":"https:\/\/blog.cofan.es\/esteticabelenalberca\/wp-json\/wp\/v2\/pages\/2174"}],"wp:attachment":[{"href":"https:\/\/blog.cofan.es\/esteticabelenalberca\/wp-json\/wp\/v2\/media?parent=2314"}],"curies":[{"name":"wp","href":"https:\/\/api.w.org\/{rel}","templated":true}]}}