{"id":2312,"date":"2014-12-23T15:22:33","date_gmt":"2014-12-23T15:22:33","guid":{"rendered":"http:\/\/blog.cofan.es\/esteticabelenalberca-es\/?page_id=2312"},"modified":"2017-01-11T11:55:41","modified_gmt":"2017-01-11T11:55:41","slug":"diamond-lifing-multisensorial","status":"publish","type":"page","link":"https:\/\/blog.cofan.es\/esteticabelenalberca\/tratamientos\/tratamientos-faciales\/diamond-lifing-multisensorial\/","title":{"rendered":"Diamond Lifing Multisensorial"},"content":{"rendered":"<div class=\"wpb-content-wrapper\"><p>[vc_row css_animation=&#8221;&#8221; row_type=&#8221;row&#8221; use_row_as_full_screen_section=&#8221;no&#8221; type=&#8221;full_width&#8221; angled_section=&#8221;no&#8221; text_align=&#8221;left&#8221; background_image_as_pattern=&#8221;without_pattern&#8221; css=&#8221;.vc_custom_1484135621495{margin-bottom: 30px !important;}&#8221;][vc_column][vc_column_text]<b>Desde Centro de Est\u00e9tica Bel\u00e9n Alberca os ofrecemos un efectivo protocolo especialmente indicado para recuperar la firmeza y definici\u00f3n de las zonas m\u00e1s delicadas y afectadas por la flacidez.<\/b><\/p>\n<p>Act\u00faa a trav\u00e9s de un novedoso sistema de cintas reafirmantes inspiradas en m\u00e9todos utilizados en la kinesiolog\u00eda, que junto a un innovador concentrado vitam\u00ednico, revitalizan y tonifican la piel, atenuando la formaci\u00f3n y el aspecto de las estr\u00edas.<\/p>\n<p>Consigue en Centro de Est\u00e9tica Bel\u00e9n Alberca un cuerpo firme y remodelado con este adictivo tratamiento de excelentes resultados inmediatos y durabilidad prolongada.<\/p>\n<p>La gran calidad de este tratamiento viene destaca por la experiencia y efectividad que ofrecen los productos de <strong>Natura Biss\u00e9<\/strong>.<\/p>\n<p><img loading=\"lazy\" decoding=\"async\" class=\"img-border aligncenter wp-image-3243 size-full\" src=\"\/wp-content\/uploads\/sites\/120\/2014\/12\/thumb-diamond-lifing-multi-2.jpg\" alt=\"thumb-diamond-lifing-multi-2\" width=\"770\" height=\"433\" srcset=\"https:\/\/blog.cofan.es\/esteticabelenalberca\/wp-content\/uploads\/sites\/120\/2014\/12\/thumb-diamond-lifing-multi-2.jpg 770w, https:\/\/blog.cofan.es\/esteticabelenalberca\/wp-content\/uploads\/sites\/120\/2014\/12\/thumb-diamond-lifing-multi-2-300x169.jpg 300w\" sizes=\"auto, (max-width: 770px) 100vw, 770px\" \/><\/p>\n<p>Diamond Lifing Multisensorial Natura Biss\u00e9[\/vc_column_text][\/vc_column][\/vc_row]<\/p>\n<\/div>","protected":false},"excerpt":{"rendered":"<p>[vc_row css_animation=&#8221;&#8221; row_type=&#8221;row&#8221; use_row_as_full_screen_section=&#8221;no&#8221; type=&#8221;full_width&#8221; angled_section=&#8221;no&#8221; text_align=&#8221;left&#8221; background_image_as_pattern=&#8221;without_pattern&#8221; css=&#8221;.vc_custom_1484135621495{margin-bottom: 30px !important;}&#8221;][vc_column][vc_column_text]Desde Centro de Est\u00e9tica Bel\u00e9n Alberca os ofrecemos un efectivo protocolo especialmente indicado para recuperar la firmeza y definici\u00f3n de las zonas m\u00e1s delicadas y afectadas por la flacidez. Act\u00faa a trav\u00e9s de un novedoso&#8230;<\/p>\n","protected":false},"author":12,"featured_media":0,"parent":2174,"menu_order":0,"comment_status":"closed","ping_status":"closed","template":"","meta":{"footnotes":""},"class_list":["post-2312","page","type-page","status-publish","hentry"],"_links":{"self":[{"href":"https:\/\/blog.cofan.es\/esteticabelenalberca\/wp-json\/wp\/v2\/pages\/2312","targetHints":{"allow":["GET"]}}],"collection":[{"href":"https:\/\/blog.cofan.es\/esteticabelenalberca\/wp-json\/wp\/v2\/pages"}],"about":[{"href":"https:\/\/blog.cofan.es\/esteticabelenalberca\/wp-json\/wp\/v2\/types\/page"}],"author":[{"embeddable":true,"href":"https:\/\/blog.cofan.es\/esteticabelenalberca\/wp-json\/wp\/v2\/users\/12"}],"replies":[{"embeddable":true,"href":"https:\/\/blog.cofan.es\/esteticabelenalberca\/wp-json\/wp\/v2\/comments?post=2312"}],"version-history":[{"count":3,"href":"https:\/\/blog.cofan.es\/esteticabelenalberca\/wp-json\/wp\/v2\/pages\/2312\/revisions"}],"predecessor-version":[{"id":3745,"href":"https:\/\/blog.cofan.es\/esteticabelenalberca\/wp-json\/wp\/v2\/pages\/2312\/revisions\/3745"}],"up":[{"embeddable":true,"href":"https:\/\/blog.cofan.es\/esteticabelenalberca\/wp-json\/wp\/v2\/pages\/2174"}],"wp:attachment":[{"href":"https:\/\/blog.cofan.es\/esteticabelenalberca\/wp-json\/wp\/v2\/media?parent=2312"}],"curies":[{"name":"wp","href":"https:\/\/api.w.org\/{rel}","templated":true}]}}