{"id":2260,"date":"2014-12-22T17:23:22","date_gmt":"2014-12-22T17:23:22","guid":{"rendered":"http:\/\/blog.cofan.es\/esteticabelenalberca-es\/?page_id=2260"},"modified":"2015-11-03T09:11:14","modified_gmt":"2015-11-03T09:11:14","slug":"criolipolisis","status":"publish","type":"page","link":"https:\/\/blog.cofan.es\/esteticabelenalberca\/tratamientos\/tratamientos-corporales\/criolipolisis\/","title":{"rendered":"Criolipolisis"},"content":{"rendered":"<div class=\"wpb-content-wrapper\"><p>[vc_row][vc_column][vc_column_text]<b>Es un innovador tratamiento originario de Estados Unidos que ha sido desarrollado en el hospital General de Massachussets en Boston, de EEUU y que se est\u00e1 extendiendo su aplicaci\u00f3n a nivel mundial. En Estados Unidos se denomina \u201cCoolsculpting\u201d y en t\u00e9rminos cl\u00ednicos europeos se conoce como criolipolisis, esto es, \u201ccrio\u201d significa fr\u00edo y \u201clipolisis\u201d destrucci\u00f3n de la grasa. En t\u00e9rminos vulgares significa eliminar la grasa usando el fr\u00edo. Se trata de la aplicaci\u00f3n de un fr\u00edo intenso en las zonas que se desee tratar por su acumulaci\u00f3n de grasa.<\/b>[\/vc_column_text][vc_empty_space height=&#8221;10px&#8221;][\/vc_column][\/vc_row][vc_row][vc_column][vc_column_text]<img loading=\"lazy\" decoding=\"async\" class=\"img-border aligncenter wp-image-3213 size-full\" src=\"\/wp-content\/uploads\/sites\/120\/2014\/12\/thumb-criolipolisis.jpg\" alt=\"thumb-criolipolisis\" width=\"400\" height=\"266\" srcset=\"https:\/\/blog.cofan.es\/esteticabelenalberca\/wp-content\/uploads\/sites\/120\/2014\/12\/thumb-criolipolisis.jpg 400w, https:\/\/blog.cofan.es\/esteticabelenalberca\/wp-content\/uploads\/sites\/120\/2014\/12\/thumb-criolipolisis-300x200.jpg 300w\" sizes=\"auto, (max-width: 400px) 100vw, 400px\" \/>[\/vc_column_text][vc_empty_space height=&#8221;10px&#8221;][\/vc_column][\/vc_row][vc_row][vc_column][vc_column_text]Centro de Est\u00e9tica Bel\u00e9n Alberca ofrece este tratamiento que aplica la maquina sobre las zonas donde est\u00e1 depositada la grasa por un determinado espacio de tiempo y se aplica el frio a temperaturas entre 5 y -10 grados cent\u00edgrados.<\/p>\n<p>Este tratamiento se realiza de forma ambulatoria en las cl\u00ednicas. Lo recomendable es realizar dos o tres sesiones por cada zona tratada y los efectos se visualizan a partir del tercer mes.<\/p>\n<p>En la consulta el especialista marca las zonas a tratar dependiendo de la morfolog\u00eda del paciente y aplica sobre la zona una membrana anticongelante para que el fr\u00edo se transmita a los adipocitos grasientos y as\u00ed la dermis de la piel no sufra ning\u00fan da\u00f1o por la exposici\u00f3n al fr\u00edo.<\/p>\n<p>Se aplica una crema sobre la zona a tratar del paciente y se coloca la maquina que aplica el fr\u00edo intenso sobre la zona adiposa por un espacio temporal de 30 minutos a 60 minutos.[\/vc_column_text][\/vc_column][\/vc_row]<\/p>\n<\/div>","protected":false},"excerpt":{"rendered":"<p>[vc_row][vc_column][vc_column_text]Es un innovador tratamiento originario de Estados Unidos que ha sido desarrollado en el hospital General de Massachussets en Boston, de EEUU y que se est\u00e1 extendiendo su aplicaci\u00f3n a nivel mundial. En Estados Unidos se denomina \u201cCoolsculpting\u201d y en t\u00e9rminos cl\u00ednicos europeos se conoce&#8230;<\/p>\n","protected":false},"author":12,"featured_media":0,"parent":2172,"menu_order":0,"comment_status":"closed","ping_status":"closed","template":"","meta":{"footnotes":""},"class_list":["post-2260","page","type-page","status-publish","hentry"],"_links":{"self":[{"href":"https:\/\/blog.cofan.es\/esteticabelenalberca\/wp-json\/wp\/v2\/pages\/2260","targetHints":{"allow":["GET"]}}],"collection":[{"href":"https:\/\/blog.cofan.es\/esteticabelenalberca\/wp-json\/wp\/v2\/pages"}],"about":[{"href":"https:\/\/blog.cofan.es\/esteticabelenalberca\/wp-json\/wp\/v2\/types\/page"}],"author":[{"embeddable":true,"href":"https:\/\/blog.cofan.es\/esteticabelenalberca\/wp-json\/wp\/v2\/users\/12"}],"replies":[{"embeddable":true,"href":"https:\/\/blog.cofan.es\/esteticabelenalberca\/wp-json\/wp\/v2\/comments?post=2260"}],"version-history":[{"count":3,"href":"https:\/\/blog.cofan.es\/esteticabelenalberca\/wp-json\/wp\/v2\/pages\/2260\/revisions"}],"predecessor-version":[{"id":3215,"href":"https:\/\/blog.cofan.es\/esteticabelenalberca\/wp-json\/wp\/v2\/pages\/2260\/revisions\/3215"}],"up":[{"embeddable":true,"href":"https:\/\/blog.cofan.es\/esteticabelenalberca\/wp-json\/wp\/v2\/pages\/2172"}],"wp:attachment":[{"href":"https:\/\/blog.cofan.es\/esteticabelenalberca\/wp-json\/wp\/v2\/media?parent=2260"}],"curies":[{"name":"wp","href":"https:\/\/api.w.org\/{rel}","templated":true}]}}