{"id":2258,"date":"2014-12-22T17:22:33","date_gmt":"2014-12-22T17:22:33","guid":{"rendered":"http:\/\/blog.cofan.es\/esteticabelenalberca-es\/?page_id=2258"},"modified":"2023-03-27T15:13:01","modified_gmt":"2023-03-27T15:13:01","slug":"presoterapia","status":"publish","type":"page","link":"https:\/\/blog.cofan.es\/esteticabelenalberca\/tratamientos\/tratamientos-corporales\/presoterapia\/","title":{"rendered":"Presoterapia"},"content":{"rendered":"<div class=\"wpb-content-wrapper\"><p>[vc_row css_animation=&#8221;&#8221; row_type=&#8221;row&#8221; use_row_as_full_screen_section=&#8221;no&#8221; type=&#8221;full_width&#8221; angled_section=&#8221;no&#8221; text_align=&#8221;left&#8221; background_image_as_pattern=&#8221;without_pattern&#8221;][vc_column][vc_column_text]<b>Centro de Est\u00e9tica Bel\u00e9n Alberca les ofrece la presoterapia, un tratamiento corporal que se utiliza normalmente para reducir o eliminar la celulitis. Es una t\u00e9cnica de renovaci\u00f3n c\u00f3moda y natural que ha ganado seguidores por su sencillez, eficacia y coste. La presoterapia ofrece resultados inmediatos, sensaci\u00f3n de alivio y descanso.<\/b><\/p>\n<p>La presoterapia se puede utilizar en conjunto con algas marinas para desintoxicar, reafirmar, tonificar, mejorar la circulaci\u00f3n y aumentar el drenaje linf\u00e1tico. Es una gran alternativa a la liposucci\u00f3n, y puede ir asociada con los tratamientos vacuomobilizaci\u00f3n de resultados excepcionales.[\/vc_column_text][vc_empty_space height=&#8221;10px&#8221;][\/vc_column][\/vc_row][vc_row css_animation=&#8221;&#8221; row_type=&#8221;row&#8221; use_row_as_full_screen_section=&#8221;no&#8221; type=&#8221;full_width&#8221; angled_section=&#8221;no&#8221; text_align=&#8221;left&#8221; background_image_as_pattern=&#8221;without_pattern&#8221;][vc_column][vc_single_image image=&#8221;3902&#8243; img_size=&#8221;full&#8221; qode_css_animation=&#8221;&#8221;][vc_empty_space height=&#8221;10px&#8221;][vc_gallery type=&#8221;image_grid&#8221; images=&#8221;3903,3904,3905&#8243; img_size=&#8221;large&#8221; column_number=&#8221;3&#8243; grayscale=&#8221;no&#8221; images_space=&#8221;gallery_with_space&#8221; el_class=&#8221;imagenes-presoterapia&#8221;][vc_empty_space height=&#8221;10px&#8221;][vc_gallery type=&#8221;image_grid&#8221; images=&#8221;3984,3985,3986&#8243; img_size=&#8221;large&#8221; column_number=&#8221;3&#8243; grayscale=&#8221;no&#8221; images_space=&#8221;gallery_with_space&#8221; el_class=&#8221;imagenes-presoterapia&#8221;][vc_empty_space height=&#8221;10px&#8221;][\/vc_column][\/vc_row][vc_row css_animation=&#8221;&#8221; row_type=&#8221;row&#8221; use_row_as_full_screen_section=&#8221;no&#8221; type=&#8221;full_width&#8221; angled_section=&#8221;no&#8221; text_align=&#8221;left&#8221; background_image_as_pattern=&#8221;without_pattern&#8221;][vc_column width=&#8221;1\/4&#8243;][vc_single_image image=&#8221;3941&#8243; img_size=&#8221;large&#8221; alignment=&#8221;center&#8221; qode_css_animation=&#8221;&#8221;][vc_empty_space height=&#8221;50px&#8221;][\/vc_column][vc_column width=&#8221;3\/4&#8243;][vc_column_text]Los defensores de la presoterapia creen que la presi\u00f3n de la piel y la estimulaci\u00f3n profunda pueden ayudar a promover un flujo sangu\u00edneo adecuado. Si la sangre fluye correctamente a trav\u00e9s del cuerpo, se cree que es posible prevenir la hinchaz\u00f3n de los tejidos internos del cuerpo, asegurando que est\u00e1n expuestos a tanto ox\u00edgeno como les es posible. Recibir suficiente ox\u00edgeno puede ayudar a restaurar los tejidos da\u00f1ados y hacer que la piel se sienta m\u00e1s tersa y evitar que la piel quede floja o suelta.<\/p>\n<p>Adem\u00e1s de ser utilizada con fines cosm\u00e9ticos para suavizar la textura de la piel, la presoterapia tambi\u00e9n puede ser implementada como una opci\u00f3n para ciertas afecciones m\u00e9dicas. En Centro de Est\u00e9tica Bel\u00e9n Alberca trabajamos con la base de que las personas que tienen condiciones m\u00e9dicas que causan mala circulaci\u00f3n sangu\u00ednea, como la hipertensi\u00f3n o la diabetes, pueden someterse a este tratamiento para tratar de promover un mejor flujo sangu\u00edneo. El flujo sangu\u00edneo adecuado puede ayudar a aliviar el entumecimiento o dolor en las extremidades y prevenir la decoloraci\u00f3n de la piel por la falta de flujo sangu\u00edneo.[\/vc_column_text][vc_empty_space height=&#8221;50px&#8221;][\/vc_column][\/vc_row][vc_row css_animation=&#8221;&#8221; row_type=&#8221;row&#8221; use_row_as_full_screen_section=&#8221;no&#8221; type=&#8221;full_width&#8221; angled_section=&#8221;no&#8221; text_align=&#8221;left&#8221; background_image_as_pattern=&#8221;without_pattern&#8221;][vc_column width=&#8221;2\/3&#8243;][vc_column_text]Realizar actividad f\u00edsica ligera, como caminar o nadar, puede ayudar a reducir la grasa corporal y disminuir la aparici\u00f3n de zonas con bultos de la superficie de la piel. El ejercicio tambi\u00e9n puede mejorar la circulaci\u00f3n sangu\u00ednea con deficiente bombeo constante de la sangre por todo el cuerpo. Cambios en la dieta, como reducir la cantidad de sodio, tambi\u00e9n puede evitar que el cuerpo retenga agua en exceso y promover el flujo de la sangre y conseguir apretar la piel.[\/vc_column_text][vc_column_text]Adem\u00e1s, la presoterapia es un tratamiento exclusivo de desintoxicaci\u00f3n, que a trav\u00e9s de un drenaje linf\u00e1tico eficaz, ayuda a promover el cuerpo de las funciones naturales de compensaci\u00f3n toxina. La oxigenaci\u00f3n y revitalizaci\u00f3n del tejido ayuda a adelgazar y redefinir las piernas, el est\u00f3mago y los brazos al tiempo que mejora el tono de la piel.<\/p>\n<ul class=\"list-pages\">\n<li>La presoterapia est\u00e1 recomendada para el tratamiento de la celulitis.<\/li>\n<li>Adelgazamiento y desintoxicantes. La presoterapia es una alternativa segura a la liposucci\u00f3n.<\/li>\n<li>Est\u00e1 aconsejada para perfilar y remodelar el cuerpo.<\/li>\n<li>La presoterapia alivia el dolor y la inflamaci\u00f3n, y proporciona un confort inmediato.<\/li>\n<li>Redefine las piernas, el est\u00f3mago y los brazos al tiempo que mejora el tono de piel.<\/li>\n<\/ul>\n<p>[\/vc_column_text][vc_empty_space height=&#8221;10px&#8221;][\/vc_column][vc_column width=&#8221;1\/3&#8243;][vc_single_image image=&#8221;3940&#8243; img_size=&#8221;large&#8221; qode_css_animation=&#8221;&#8221;][vc_empty_space height=&#8221;10px&#8221;][\/vc_column][\/vc_row][vc_row css_animation=&#8221;&#8221; row_type=&#8221;row&#8221; use_row_as_full_screen_section=&#8221;no&#8221; type=&#8221;full_width&#8221; angled_section=&#8221;no&#8221; text_align=&#8221;left&#8221; background_image_as_pattern=&#8221;without_pattern&#8221;][vc_column][vc_empty_space height=&#8221;60px&#8221;][\/vc_column][\/vc_row]<\/p>\n<\/div>","protected":false},"excerpt":{"rendered":"<p>[vc_row css_animation=&#8221;&#8221; row_type=&#8221;row&#8221; use_row_as_full_screen_section=&#8221;no&#8221; type=&#8221;full_width&#8221; angled_section=&#8221;no&#8221; text_align=&#8221;left&#8221; background_image_as_pattern=&#8221;without_pattern&#8221;][vc_column][vc_column_text]Centro de Est\u00e9tica Bel\u00e9n Alberca les ofrece la presoterapia, un tratamiento corporal que se utiliza normalmente para reducir o eliminar la celulitis. Es una t\u00e9cnica de renovaci\u00f3n c\u00f3moda y natural que ha ganado seguidores por su sencillez, eficacia&#8230;<\/p>\n","protected":false},"author":12,"featured_media":0,"parent":2172,"menu_order":0,"comment_status":"closed","ping_status":"closed","template":"","meta":{"footnotes":""},"class_list":["post-2258","page","type-page","status-publish","hentry"],"_links":{"self":[{"href":"https:\/\/blog.cofan.es\/esteticabelenalberca\/wp-json\/wp\/v2\/pages\/2258","targetHints":{"allow":["GET"]}}],"collection":[{"href":"https:\/\/blog.cofan.es\/esteticabelenalberca\/wp-json\/wp\/v2\/pages"}],"about":[{"href":"https:\/\/blog.cofan.es\/esteticabelenalberca\/wp-json\/wp\/v2\/types\/page"}],"author":[{"embeddable":true,"href":"https:\/\/blog.cofan.es\/esteticabelenalberca\/wp-json\/wp\/v2\/users\/12"}],"replies":[{"embeddable":true,"href":"https:\/\/blog.cofan.es\/esteticabelenalberca\/wp-json\/wp\/v2\/comments?post=2258"}],"version-history":[{"count":6,"href":"https:\/\/blog.cofan.es\/esteticabelenalberca\/wp-json\/wp\/v2\/pages\/2258\/revisions"}],"predecessor-version":[{"id":3989,"href":"https:\/\/blog.cofan.es\/esteticabelenalberca\/wp-json\/wp\/v2\/pages\/2258\/revisions\/3989"}],"up":[{"embeddable":true,"href":"https:\/\/blog.cofan.es\/esteticabelenalberca\/wp-json\/wp\/v2\/pages\/2172"}],"wp:attachment":[{"href":"https:\/\/blog.cofan.es\/esteticabelenalberca\/wp-json\/wp\/v2\/media?parent=2258"}],"curies":[{"name":"wp","href":"https:\/\/api.w.org\/{rel}","templated":true}]}}