{"id":2253,"date":"2014-12-22T17:18:51","date_gmt":"2014-12-22T17:18:51","guid":{"rendered":"http:\/\/blog.cofan.es\/esteticabelenalberca-es\/?page_id=2253"},"modified":"2015-11-03T08:48:19","modified_gmt":"2015-11-03T08:48:19","slug":"bamboo-scrub","status":"publish","type":"page","link":"https:\/\/blog.cofan.es\/esteticabelenalberca\/tratamientos\/tratamientos-corporales\/bamboo-scrub\/","title":{"rendered":"Bamboo Scrub"},"content":{"rendered":"<div class=\"wpb-content-wrapper\"><p>[vc_row][vc_column][vc_column_text]<b>Centro de Est\u00e9tica Bel\u00e9n Alberca les ofrece este exquisito ritual para aquellas pieles que precisan despojarse de toxinas y c\u00e9lulas muertas, combatiendo la sequedad y los signos de envejecimiento cut\u00e1neo.<\/b><\/p>\n<p>Este delicado exfoliante corporal act\u00faa a trav\u00e9s de micro-part\u00edculas de bamb\u00fa especialmente escogidas para masajear y exfoliar la piel, purificando y eliminando las impurezas de la superficie cut\u00e1nea.<\/p>\n<p>Gracias a sus extraordinarias propiedades antinflamatorias, cicatrizantes, calmantes, protectoras e hidratantes lucir\u00e1s una piel suave, luminosa y totalmente renovada.[\/vc_column_text][vc_empty_space height=&#8221;10px&#8221;][\/vc_column][\/vc_row][vc_row][vc_column][vc_column_text]<img loading=\"lazy\" decoding=\"async\" class=\"img-border aligncenter wp-image-3198 size-full\" src=\"\/wp-content\/uploads\/sites\/120\/2014\/12\/bamboo_scrub1.jpg\" alt=\"bamboo_scrub1\" width=\"747\" height=\"420\" srcset=\"https:\/\/blog.cofan.es\/esteticabelenalberca\/wp-content\/uploads\/sites\/120\/2014\/12\/bamboo_scrub1.jpg 747w, https:\/\/blog.cofan.es\/esteticabelenalberca\/wp-content\/uploads\/sites\/120\/2014\/12\/bamboo_scrub1-300x169.jpg 300w\" sizes=\"auto, (max-width: 747px) 100vw, 747px\" \/>[\/vc_column_text][vc_empty_space height=&#8221;10px&#8221;][\/vc_column][\/vc_row][vc_row][vc_column][vc_column_text]Bamboo Scrub Natura Biss\u00e9[\/vc_column_text][\/vc_column][\/vc_row]<\/p>\n<\/div>","protected":false},"excerpt":{"rendered":"<p>[vc_row][vc_column][vc_column_text]Centro de Est\u00e9tica Bel\u00e9n Alberca les ofrece este exquisito ritual para aquellas pieles que precisan despojarse de toxinas y c\u00e9lulas muertas, combatiendo la sequedad y los signos de envejecimiento cut\u00e1neo. Este delicado exfoliante corporal act\u00faa a trav\u00e9s de micro-part\u00edculas de bamb\u00fa especialmente escogidas para masajear&#8230;<\/p>\n","protected":false},"author":12,"featured_media":0,"parent":2172,"menu_order":0,"comment_status":"closed","ping_status":"closed","template":"","meta":{"footnotes":""},"class_list":["post-2253","page","type-page","status-publish","hentry"],"_links":{"self":[{"href":"https:\/\/blog.cofan.es\/esteticabelenalberca\/wp-json\/wp\/v2\/pages\/2253","targetHints":{"allow":["GET"]}}],"collection":[{"href":"https:\/\/blog.cofan.es\/esteticabelenalberca\/wp-json\/wp\/v2\/pages"}],"about":[{"href":"https:\/\/blog.cofan.es\/esteticabelenalberca\/wp-json\/wp\/v2\/types\/page"}],"author":[{"embeddable":true,"href":"https:\/\/blog.cofan.es\/esteticabelenalberca\/wp-json\/wp\/v2\/users\/12"}],"replies":[{"embeddable":true,"href":"https:\/\/blog.cofan.es\/esteticabelenalberca\/wp-json\/wp\/v2\/comments?post=2253"}],"version-history":[{"count":4,"href":"https:\/\/blog.cofan.es\/esteticabelenalberca\/wp-json\/wp\/v2\/pages\/2253\/revisions"}],"predecessor-version":[{"id":3202,"href":"https:\/\/blog.cofan.es\/esteticabelenalberca\/wp-json\/wp\/v2\/pages\/2253\/revisions\/3202"}],"up":[{"embeddable":true,"href":"https:\/\/blog.cofan.es\/esteticabelenalberca\/wp-json\/wp\/v2\/pages\/2172"}],"wp:attachment":[{"href":"https:\/\/blog.cofan.es\/esteticabelenalberca\/wp-json\/wp\/v2\/media?parent=2253"}],"curies":[{"name":"wp","href":"https:\/\/api.w.org\/{rel}","templated":true}]}}