{"id":2251,"date":"2014-12-22T17:17:58","date_gmt":"2014-12-22T17:17:58","guid":{"rendered":"http:\/\/blog.cofan.es\/esteticabelenalberca-es\/?page_id=2251"},"modified":"2015-11-03T08:28:11","modified_gmt":"2015-11-03T08:28:11","slug":"meso-sculpting","status":"publish","type":"page","link":"https:\/\/blog.cofan.es\/esteticabelenalberca\/tratamientos\/tratamientos-corporales\/meso-sculpting\/","title":{"rendered":"Meso Sculpting"},"content":{"rendered":"<div class=\"wpb-content-wrapper\"><p>[vc_row][vc_column][vc_column_text]<b>Centro de Est\u00e9tica Bel\u00e9n Alberca les ofrece este potente y efectivo tratamiento cuida tu piel para lucir un cuerpo perfecto. Eliminar y prevenir celulitis y grasa localizada ya es un objetivo alcanzable.<\/b><\/p>\n<p>Revolucionarios ultraconcentrados de acci\u00f3n reductora o anticelul\u00edtica act\u00faan en sinergia con la termoterapia para activar la circulaci\u00f3n de las \u00e1reas tratadas. Exclusivas t\u00e9cnicas de masaje compatibles con la tecnolog\u00eda m\u00e9dico-est\u00e9tica m\u00e1s vanguardista completan la eficacia de este innovador protocolo.<\/p>\n<p>El resultado es una figura completamente estilizada y una piel tonificada, hidratada y con mayor elasticidad.[\/vc_column_text][vc_empty_space height=&#8221;10px&#8221;][\/vc_column][\/vc_row][vc_row][vc_column][vc_column_text]<img loading=\"lazy\" decoding=\"async\" class=\"img-border aligncenter wp-image-3195 size-full\" src=\"\/wp-content\/uploads\/sites\/120\/2014\/12\/MESO-SCULPTING-1.jpg\" alt=\"MESO-SCULPTING (1)\" width=\"747\" height=\"420\" srcset=\"https:\/\/blog.cofan.es\/esteticabelenalberca\/wp-content\/uploads\/sites\/120\/2014\/12\/MESO-SCULPTING-1.jpg 747w, https:\/\/blog.cofan.es\/esteticabelenalberca\/wp-content\/uploads\/sites\/120\/2014\/12\/MESO-SCULPTING-1-300x169.jpg 300w\" sizes=\"auto, (max-width: 747px) 100vw, 747px\" \/>[\/vc_column_text][\/vc_column][\/vc_row]<\/p>\n<\/div>","protected":false},"excerpt":{"rendered":"<p>[vc_row][vc_column][vc_column_text]Centro de Est\u00e9tica Bel\u00e9n Alberca les ofrece este potente y efectivo tratamiento cuida tu piel para lucir un cuerpo perfecto. Eliminar y prevenir celulitis y grasa localizada ya es un objetivo alcanzable. Revolucionarios ultraconcentrados de acci\u00f3n reductora o anticelul\u00edtica act\u00faan en sinergia con la termoterapia&#8230;<\/p>\n","protected":false},"author":12,"featured_media":0,"parent":2172,"menu_order":0,"comment_status":"closed","ping_status":"closed","template":"","meta":{"footnotes":""},"class_list":["post-2251","page","type-page","status-publish","hentry"],"_links":{"self":[{"href":"https:\/\/blog.cofan.es\/esteticabelenalberca\/wp-json\/wp\/v2\/pages\/2251","targetHints":{"allow":["GET"]}}],"collection":[{"href":"https:\/\/blog.cofan.es\/esteticabelenalberca\/wp-json\/wp\/v2\/pages"}],"about":[{"href":"https:\/\/blog.cofan.es\/esteticabelenalberca\/wp-json\/wp\/v2\/types\/page"}],"author":[{"embeddable":true,"href":"https:\/\/blog.cofan.es\/esteticabelenalberca\/wp-json\/wp\/v2\/users\/12"}],"replies":[{"embeddable":true,"href":"https:\/\/blog.cofan.es\/esteticabelenalberca\/wp-json\/wp\/v2\/comments?post=2251"}],"version-history":[{"count":3,"href":"https:\/\/blog.cofan.es\/esteticabelenalberca\/wp-json\/wp\/v2\/pages\/2251\/revisions"}],"predecessor-version":[{"id":3197,"href":"https:\/\/blog.cofan.es\/esteticabelenalberca\/wp-json\/wp\/v2\/pages\/2251\/revisions\/3197"}],"up":[{"embeddable":true,"href":"https:\/\/blog.cofan.es\/esteticabelenalberca\/wp-json\/wp\/v2\/pages\/2172"}],"wp:attachment":[{"href":"https:\/\/blog.cofan.es\/esteticabelenalberca\/wp-json\/wp\/v2\/media?parent=2251"}],"curies":[{"name":"wp","href":"https:\/\/api.w.org\/{rel}","templated":true}]}}