{"id":2248,"date":"2014-12-22T17:16:45","date_gmt":"2014-12-22T17:16:45","guid":{"rendered":"http:\/\/blog.cofan.es\/esteticabelenalberca-es\/?page_id=2248"},"modified":"2015-11-03T08:18:57","modified_gmt":"2015-11-03T08:18:57","slug":"o2-body-perfection","status":"publish","type":"page","link":"https:\/\/blog.cofan.es\/esteticabelenalberca\/tratamientos\/tratamientos-corporales\/o2-body-perfection\/","title":{"rendered":"O2 Body Perfection"},"content":{"rendered":"<div class=\"wpb-content-wrapper\"><p>[vc_row][vc_column][vc_column_text]<b>Centro de Est\u00e9tica Bel\u00e9n Alberca les ofrece un tratamiento corporal de acci\u00f3n hidratante, nutritiva y tonificante que envuelve tu cuerpo en una fresca fragancia frutal. Previene la sequedad cut\u00e1nea, trata la falta de firmeza y aporta un potente efecto antioxidante.<\/b><\/p>\n<p>Incorpora una innovadora exfoliaci\u00f3n que asegura una renovaci\u00f3n cut\u00e1nea intensiva a trav\u00e9s de una f\u00f3rmula de \u00faltima generaci\u00f3n, la cual es ideal incluso para la piel m\u00e1s sensible y delicada.<\/p>\n<p>A continuaci\u00f3n, una deliciosa mascarilla oxigenante de textura souffl\u00e9 cubre todo el cuerpo, nutriendo intensamente la piel y aportando un potente efecto detox. Un aceite seco purificante desvela una piel espectacularmente satinada, suave y sedosa.[\/vc_column_text][vc_empty_space height=&#8221;10px&#8221;][\/vc_column][\/vc_row][vc_row][vc_column][vc_column_text]<img loading=\"lazy\" decoding=\"async\" class=\"img-border aligncenter wp-image-3191 size-full\" src=\"\/wp-content\/uploads\/sites\/120\/2014\/12\/O2_BODYRELAX.jpg\" alt=\"O2_BODYRELAX\" width=\"747\" height=\"420\" srcset=\"https:\/\/blog.cofan.es\/esteticabelenalberca\/wp-content\/uploads\/sites\/120\/2014\/12\/O2_BODYRELAX.jpg 747w, https:\/\/blog.cofan.es\/esteticabelenalberca\/wp-content\/uploads\/sites\/120\/2014\/12\/O2_BODYRELAX-300x169.jpg 300w\" sizes=\"auto, (max-width: 747px) 100vw, 747px\" \/>[\/vc_column_text][\/vc_column][\/vc_row]<\/p>\n<\/div>","protected":false},"excerpt":{"rendered":"<p>[vc_row][vc_column][vc_column_text]Centro de Est\u00e9tica Bel\u00e9n Alberca les ofrece un tratamiento corporal de acci\u00f3n hidratante, nutritiva y tonificante que envuelve tu cuerpo en una fresca fragancia frutal. Previene la sequedad cut\u00e1nea, trata la falta de firmeza y aporta un potente efecto antioxidante. Incorpora una innovadora exfoliaci\u00f3n que&#8230;<\/p>\n","protected":false},"author":12,"featured_media":0,"parent":2172,"menu_order":0,"comment_status":"closed","ping_status":"closed","template":"","meta":{"footnotes":""},"class_list":["post-2248","page","type-page","status-publish","hentry"],"_links":{"self":[{"href":"https:\/\/blog.cofan.es\/esteticabelenalberca\/wp-json\/wp\/v2\/pages\/2248","targetHints":{"allow":["GET"]}}],"collection":[{"href":"https:\/\/blog.cofan.es\/esteticabelenalberca\/wp-json\/wp\/v2\/pages"}],"about":[{"href":"https:\/\/blog.cofan.es\/esteticabelenalberca\/wp-json\/wp\/v2\/types\/page"}],"author":[{"embeddable":true,"href":"https:\/\/blog.cofan.es\/esteticabelenalberca\/wp-json\/wp\/v2\/users\/12"}],"replies":[{"embeddable":true,"href":"https:\/\/blog.cofan.es\/esteticabelenalberca\/wp-json\/wp\/v2\/comments?post=2248"}],"version-history":[{"count":3,"href":"https:\/\/blog.cofan.es\/esteticabelenalberca\/wp-json\/wp\/v2\/pages\/2248\/revisions"}],"predecessor-version":[{"id":3193,"href":"https:\/\/blog.cofan.es\/esteticabelenalberca\/wp-json\/wp\/v2\/pages\/2248\/revisions\/3193"}],"up":[{"embeddable":true,"href":"https:\/\/blog.cofan.es\/esteticabelenalberca\/wp-json\/wp\/v2\/pages\/2172"}],"wp:attachment":[{"href":"https:\/\/blog.cofan.es\/esteticabelenalberca\/wp-json\/wp\/v2\/media?parent=2248"}],"curies":[{"name":"wp","href":"https:\/\/api.w.org\/{rel}","templated":true}]}}