{"id":2237,"date":"2014-12-22T15:41:30","date_gmt":"2014-12-22T15:41:30","guid":{"rendered":"http:\/\/blog.cofan.es\/esteticabelenalberca-es\/?page_id=2237"},"modified":"2017-01-11T09:19:46","modified_gmt":"2017-01-11T09:19:46","slug":"diamond-sublime","status":"publish","type":"page","link":"https:\/\/blog.cofan.es\/esteticabelenalberca\/rituales\/diamond-sublime\/","title":{"rendered":"Diamond Sublime"},"content":{"rendered":"<div class=\"wpb-content-wrapper\"><p>[vc_row css_animation=&#8221;&#8221; row_type=&#8221;row&#8221; use_row_as_full_screen_section=&#8221;no&#8221; type=&#8221;full_width&#8221; angled_section=&#8221;no&#8221; text_align=&#8221;left&#8221; background_image_as_pattern=&#8221;without_pattern&#8221;][vc_column][vc_column_text]<b>En Centro de Est\u00e9tica Bel\u00e9n Alberca le ofrecemos un novedoso concepto de belleza facial y corporal que contrarresta los efectos negativos de la poluci\u00f3n electromagn\u00e9tica y del estr\u00e9s diario aportando adem\u00e1s un espectacular efecto lifting sin precedentes.<\/b>[\/vc_column_text][vc_empty_space height=&#8221;10px&#8221;][\/vc_column][\/vc_row][vc_row css_animation=&#8221;&#8221; row_type=&#8221;row&#8221; use_row_as_full_screen_section=&#8221;no&#8221; type=&#8221;full_width&#8221; angled_section=&#8221;no&#8221; text_align=&#8221;left&#8221; background_image_as_pattern=&#8221;without_pattern&#8221;][vc_column][vc_video link=&#8221;http:\/\/vimeo.com\/90521221&#8243;][vc_empty_space height=&#8221;10px&#8221;][\/vc_column][\/vc_row][vc_row css_animation=&#8221;&#8221; row_type=&#8221;row&#8221; use_row_as_full_screen_section=&#8221;no&#8221; type=&#8221;full_width&#8221; angled_section=&#8221;no&#8221; text_align=&#8221;left&#8221; background_image_as_pattern=&#8221;without_pattern&#8221; css=&#8221;.vc_custom_1484126375463{margin-bottom: 30px !important;}&#8221;][vc_column][vc_column_text]Las innovadoras propiedades magn\u00e9ticas de este tratamiento se ven potenciadas con un masaje que ayuda a activar la energ\u00eda vital y a suavizar la tensi\u00f3n acumulada. Sofisticados ingredientes con propiedades anti-edad penetran en las capas m\u00e1s profundas de la piel, reafirmando, regenerando y reforzando el sistema natural de defensa cut\u00e1neo. Mantiene un nivel de hidrataci\u00f3n de larga duraci\u00f3n y mejora la elasticidad y el tono.<\/p>\n<p>Esta sublime experiencia que unifica magnoterapia y acci\u00f3n antiarrugas proporciona a la piel aut\u00e9nticos beneficios rejuvenecedores para que luzca en todo su esplendor.<\/p>\n<p>La gran calidad de este tratamiento viene destaca por la experiencia y efectividad que ofrecen los productos de <strong>Natura Biss\u00e9<\/strong>.[\/vc_column_text][\/vc_column][\/vc_row]<\/p>\n<\/div>","protected":false},"excerpt":{"rendered":"<p>[vc_row css_animation=&#8221;&#8221; row_type=&#8221;row&#8221; use_row_as_full_screen_section=&#8221;no&#8221; type=&#8221;full_width&#8221; angled_section=&#8221;no&#8221; text_align=&#8221;left&#8221; background_image_as_pattern=&#8221;without_pattern&#8221;][vc_column][vc_column_text]En Centro de Est\u00e9tica Bel\u00e9n Alberca le ofrecemos un novedoso concepto de belleza facial y corporal que contrarresta los efectos negativos de la poluci\u00f3n electromagn\u00e9tica y del estr\u00e9s diario aportando adem\u00e1s un espectacular efecto lifting sin precedentes.[\/vc_column_text][vc_empty_space height=&#8221;10px&#8221;][\/vc_column][\/vc_row][vc_row&#8230;<\/p>\n","protected":false},"author":12,"featured_media":0,"parent":2209,"menu_order":0,"comment_status":"closed","ping_status":"closed","template":"","meta":{"footnotes":""},"class_list":["post-2237","page","type-page","status-publish","hentry"],"_links":{"self":[{"href":"https:\/\/blog.cofan.es\/esteticabelenalberca\/wp-json\/wp\/v2\/pages\/2237","targetHints":{"allow":["GET"]}}],"collection":[{"href":"https:\/\/blog.cofan.es\/esteticabelenalberca\/wp-json\/wp\/v2\/pages"}],"about":[{"href":"https:\/\/blog.cofan.es\/esteticabelenalberca\/wp-json\/wp\/v2\/types\/page"}],"author":[{"embeddable":true,"href":"https:\/\/blog.cofan.es\/esteticabelenalberca\/wp-json\/wp\/v2\/users\/12"}],"replies":[{"embeddable":true,"href":"https:\/\/blog.cofan.es\/esteticabelenalberca\/wp-json\/wp\/v2\/comments?post=2237"}],"version-history":[{"count":3,"href":"https:\/\/blog.cofan.es\/esteticabelenalberca\/wp-json\/wp\/v2\/pages\/2237\/revisions"}],"predecessor-version":[{"id":3605,"href":"https:\/\/blog.cofan.es\/esteticabelenalberca\/wp-json\/wp\/v2\/pages\/2237\/revisions\/3605"}],"up":[{"embeddable":true,"href":"https:\/\/blog.cofan.es\/esteticabelenalberca\/wp-json\/wp\/v2\/pages\/2209"}],"wp:attachment":[{"href":"https:\/\/blog.cofan.es\/esteticabelenalberca\/wp-json\/wp\/v2\/media?parent=2237"}],"curies":[{"name":"wp","href":"https:\/\/api.w.org\/{rel}","templated":true}]}}