{"id":2235,"date":"2014-12-22T15:40:01","date_gmt":"2014-12-22T15:40:01","guid":{"rendered":"http:\/\/blog.cofan.es\/esteticabelenalberca-es\/?page_id=2235"},"modified":"2017-01-11T09:18:28","modified_gmt":"2017-01-11T09:18:28","slug":"lomi-juma-massage-ritual","status":"publish","type":"page","link":"https:\/\/blog.cofan.es\/esteticabelenalberca\/rituales\/lomi-juma-massage-ritual\/","title":{"rendered":"Lomi \u2013 Juma Massage Ritual"},"content":{"rendered":"<div class=\"wpb-content-wrapper\"><p>[vc_row css_animation=&#8221;&#8221; row_type=&#8221;row&#8221; use_row_as_full_screen_section=&#8221;no&#8221; type=&#8221;full_width&#8221; angled_section=&#8221;no&#8221; text_align=&#8221;left&#8221; background_image_as_pattern=&#8221;without_pattern&#8221;][vc_column][vc_column_text]<b>En Centro de Est\u00e9tica Bel\u00e9n Alberca le ofrecemos una fusi\u00f3n de t\u00e9cnicas de masaje inspiradas en antiguas costumbres del Pac\u00edfico y en el masaje tradicional mediterr\u00e1neo.<\/b><\/p>\n<p>Libera el flujo de la energ\u00eda y restaura el balance entre la mente y el cuerpo, despertando un sentimiento de paz, relajaci\u00f3n y confort. Est\u00e1 especialmente recomendado para desbloquear las articulaciones y la tensi\u00f3n muscular, principales causantes de dificultar el flujo de la energ\u00eda. La clave de la efectividad de este masaje es la t\u00e9cnica Lomi-Juma, basada en tres maniobras meticulosamente dise\u00f1adas por Natura Biss\u00e9.<\/p>\n<p>Este exclusivo ritual proporciona una experiencia sensorial inolvidable a todo aquel que desee trasladarse a un profundo estado de relajaci\u00f3n.<\/p>\n<p>La gran calidad de este tratamiento viene destaca por la experiencia y efectividad que ofrecen los productos de <strong>Natura Biss\u00e9<\/strong>.[\/vc_column_text][vc_empty_space height=&#8221;10px&#8221;][\/vc_column][\/vc_row][vc_row css_animation=&#8221;&#8221; row_type=&#8221;row&#8221; use_row_as_full_screen_section=&#8221;no&#8221; type=&#8221;full_width&#8221; angled_section=&#8221;no&#8221; text_align=&#8221;left&#8221; background_image_as_pattern=&#8221;without_pattern&#8221; css=&#8221;.vc_custom_1484126294061{margin-top: 20px !important;margin-bottom: 30px !important;}&#8221;][vc_column][vc_video link=&#8221;http:\/\/vimeo.com\/90521561&#8243;][\/vc_column][\/vc_row]<\/p>\n<\/div>","protected":false},"excerpt":{"rendered":"<p>[vc_row css_animation=&#8221;&#8221; row_type=&#8221;row&#8221; use_row_as_full_screen_section=&#8221;no&#8221; type=&#8221;full_width&#8221; angled_section=&#8221;no&#8221; text_align=&#8221;left&#8221; background_image_as_pattern=&#8221;without_pattern&#8221;][vc_column][vc_column_text]En Centro de Est\u00e9tica Bel\u00e9n Alberca le ofrecemos una fusi\u00f3n de t\u00e9cnicas de masaje inspiradas en antiguas costumbres del Pac\u00edfico y en el masaje tradicional mediterr\u00e1neo. Libera el flujo de la energ\u00eda y restaura el balance entre la&#8230;<\/p>\n","protected":false},"author":12,"featured_media":0,"parent":2209,"menu_order":0,"comment_status":"closed","ping_status":"closed","template":"","meta":{"footnotes":""},"class_list":["post-2235","page","type-page","status-publish","hentry"],"_links":{"self":[{"href":"https:\/\/blog.cofan.es\/esteticabelenalberca\/wp-json\/wp\/v2\/pages\/2235","targetHints":{"allow":["GET"]}}],"collection":[{"href":"https:\/\/blog.cofan.es\/esteticabelenalberca\/wp-json\/wp\/v2\/pages"}],"about":[{"href":"https:\/\/blog.cofan.es\/esteticabelenalberca\/wp-json\/wp\/v2\/types\/page"}],"author":[{"embeddable":true,"href":"https:\/\/blog.cofan.es\/esteticabelenalberca\/wp-json\/wp\/v2\/users\/12"}],"replies":[{"embeddable":true,"href":"https:\/\/blog.cofan.es\/esteticabelenalberca\/wp-json\/wp\/v2\/comments?post=2235"}],"version-history":[{"count":13,"href":"https:\/\/blog.cofan.es\/esteticabelenalberca\/wp-json\/wp\/v2\/pages\/2235\/revisions"}],"predecessor-version":[{"id":3604,"href":"https:\/\/blog.cofan.es\/esteticabelenalberca\/wp-json\/wp\/v2\/pages\/2235\/revisions\/3604"}],"up":[{"embeddable":true,"href":"https:\/\/blog.cofan.es\/esteticabelenalberca\/wp-json\/wp\/v2\/pages\/2209"}],"wp:attachment":[{"href":"https:\/\/blog.cofan.es\/esteticabelenalberca\/wp-json\/wp\/v2\/media?parent=2235"}],"curies":[{"name":"wp","href":"https:\/\/api.w.org\/{rel}","templated":true}]}}