{"id":2233,"date":"2014-12-22T15:37:22","date_gmt":"2014-12-22T15:37:22","guid":{"rendered":"http:\/\/blog.cofan.es\/esteticabelenalberca-es\/?page_id=2233"},"modified":"2017-01-11T09:17:05","modified_gmt":"2017-01-11T09:17:05","slug":"quirogolf-massage","status":"publish","type":"page","link":"https:\/\/blog.cofan.es\/esteticabelenalberca\/rituales\/quirogolf-massage\/","title":{"rendered":"Quirogolf Massage"},"content":{"rendered":"<div class=\"wpb-content-wrapper\"><p>[vc_row css_animation=&#8221;&#8221; row_type=&#8221;row&#8221; use_row_as_full_screen_section=&#8221;no&#8221; type=&#8221;full_width&#8221; angled_section=&#8221;no&#8221; text_align=&#8221;left&#8221; background_image_as_pattern=&#8221;without_pattern&#8221;][vc_column][vc_column_text]<b>En Centro de Est\u00e9tica Bel\u00e9n Alberca le ofrecemos una \u00faltima innovaci\u00f3n en masajes terap\u00e9uticos excelente para aliviar tensiones, calmar molestias musculares, mejorar la flexibilidad, eliminar el estr\u00e9s y recuperar la energ\u00eda f\u00edsica y an\u00edmica.<\/b><\/p>\n<p><img loading=\"lazy\" decoding=\"async\" class=\"img-border aligncenter wp-image-3370 size-full\" src=\"\/wp-content\/uploads\/sites\/120\/2014\/12\/quirogolf-massaje-b1.jpg\" alt=\"quirogolf-massaje-b1\" width=\"650\" height=\"431\" srcset=\"https:\/\/blog.cofan.es\/esteticabelenalberca\/wp-content\/uploads\/sites\/120\/2014\/12\/quirogolf-massaje-b1.jpg 650w, https:\/\/blog.cofan.es\/esteticabelenalberca\/wp-content\/uploads\/sites\/120\/2014\/12\/quirogolf-massaje-b1-300x199.jpg 300w\" sizes=\"auto, (max-width: 650px) 100vw, 650px\" \/><\/p>\n<p>Este generoso ritual relaja tu musculatura de la cabeza a los pies a trav\u00e9s de un excelente masaje terap\u00e9utico realizado con bolas de golf, favoreciendo la circulaci\u00f3n y reduciendo el dolor articular.<\/p>\n<p>Sus innovadoras t\u00e9cnicas terap\u00e9uticas mejoran la flexibilidad corporal y recuperan el equilibrio f\u00edsico y an\u00edmico liber\u00e1ndote de toda tensi\u00f3n y contractura muscular. El resultado es una piel totalmente revitalizada, tersa, con mayor firmeza y elasticidad garantizando un descanso absoluto.<\/p>\n<p>La gran calidad de este tratamiento viene destaca por la experiencia y efectividad que ofrecen los productos de <strong>Natura Biss\u00e9<\/strong>.[\/vc_column_text][vc_empty_space height=&#8221;10px&#8221;][\/vc_column][\/vc_row][vc_row css_animation=&#8221;&#8221; row_type=&#8221;row&#8221; use_row_as_full_screen_section=&#8221;no&#8221; type=&#8221;full_width&#8221; angled_section=&#8221;no&#8221; text_align=&#8221;left&#8221; background_image_as_pattern=&#8221;without_pattern&#8221; css=&#8221;.vc_custom_1484126218385{margin-top: 20px !important;margin-bottom: 30px !important;}&#8221;][vc_column][vc_video link=&#8221;http:\/\/vimeo.com\/90521560&#8243;][\/vc_column][\/vc_row]<\/p>\n<\/div>","protected":false},"excerpt":{"rendered":"<p>[vc_row css_animation=&#8221;&#8221; row_type=&#8221;row&#8221; use_row_as_full_screen_section=&#8221;no&#8221; type=&#8221;full_width&#8221; angled_section=&#8221;no&#8221; text_align=&#8221;left&#8221; background_image_as_pattern=&#8221;without_pattern&#8221;][vc_column][vc_column_text]En Centro de Est\u00e9tica Bel\u00e9n Alberca le ofrecemos una \u00faltima innovaci\u00f3n en masajes terap\u00e9uticos excelente para aliviar tensiones, calmar molestias musculares, mejorar la flexibilidad, eliminar el estr\u00e9s y recuperar la energ\u00eda f\u00edsica y an\u00edmica. Este generoso ritual relaja&#8230;<\/p>\n","protected":false},"author":12,"featured_media":0,"parent":2209,"menu_order":0,"comment_status":"closed","ping_status":"closed","template":"","meta":{"footnotes":""},"class_list":["post-2233","page","type-page","status-publish","hentry"],"_links":{"self":[{"href":"https:\/\/blog.cofan.es\/esteticabelenalberca\/wp-json\/wp\/v2\/pages\/2233","targetHints":{"allow":["GET"]}}],"collection":[{"href":"https:\/\/blog.cofan.es\/esteticabelenalberca\/wp-json\/wp\/v2\/pages"}],"about":[{"href":"https:\/\/blog.cofan.es\/esteticabelenalberca\/wp-json\/wp\/v2\/types\/page"}],"author":[{"embeddable":true,"href":"https:\/\/blog.cofan.es\/esteticabelenalberca\/wp-json\/wp\/v2\/users\/12"}],"replies":[{"embeddable":true,"href":"https:\/\/blog.cofan.es\/esteticabelenalberca\/wp-json\/wp\/v2\/comments?post=2233"}],"version-history":[{"count":6,"href":"https:\/\/blog.cofan.es\/esteticabelenalberca\/wp-json\/wp\/v2\/pages\/2233\/revisions"}],"predecessor-version":[{"id":3603,"href":"https:\/\/blog.cofan.es\/esteticabelenalberca\/wp-json\/wp\/v2\/pages\/2233\/revisions\/3603"}],"up":[{"embeddable":true,"href":"https:\/\/blog.cofan.es\/esteticabelenalberca\/wp-json\/wp\/v2\/pages\/2209"}],"wp:attachment":[{"href":"https:\/\/blog.cofan.es\/esteticabelenalberca\/wp-json\/wp\/v2\/media?parent=2233"}],"curies":[{"name":"wp","href":"https:\/\/api.w.org\/{rel}","templated":true}]}}