{"id":2231,"date":"2014-12-22T15:31:35","date_gmt":"2014-12-22T15:31:35","guid":{"rendered":"http:\/\/blog.cofan.es\/esteticabelenalberca-es\/?page_id=2231"},"modified":"2017-01-11T09:15:19","modified_gmt":"2017-01-11T09:15:19","slug":"diamond-experience-magnetic-ritual","status":"publish","type":"page","link":"https:\/\/blog.cofan.es\/esteticabelenalberca\/rituales\/diamond-experience-magnetic-ritual\/","title":{"rendered":"Diamond Experience Magnetic Ritual"},"content":{"rendered":"<div class=\"wpb-content-wrapper\"><p>[vc_row css_animation=&#8221;&#8221; row_type=&#8221;row&#8221; use_row_as_full_screen_section=&#8221;no&#8221; type=&#8221;full_width&#8221; angled_section=&#8221;no&#8221; text_align=&#8221;left&#8221; background_image_as_pattern=&#8221;without_pattern&#8221; css=&#8221;.vc_custom_1484126052755{margin-bottom: 30px !important;}&#8221;][vc_column][vc_column_text]<b>En Centro de Est\u00e9tica Bel\u00e9n Alberca le ofrecemos una inigualable y lujosa experiencia que purifica tu cuerpo ayudando a liberar tensiones y a eliminar los efectos de la contaminaci\u00f3n electromagn\u00e9tica.<\/b><\/p>\n<p>Este viaje a trav\u00e9s de los sentidos utiliza las m\u00e1s exclusivas terapias, los aromas m\u00e1s delicados y las t\u00e9cnicas de masaje m\u00e1s efectivas que se inician mediante un equilibrio de chakras con gemas semipreciosas. La aplicaci\u00f3n de un barro luminoso a base de polvo de diamante, seguido de un minucioso masaje movilizador de las articulaciones, alivia las tensiones dejando como resultado una sorprendente sensaci\u00f3n de descanso y una piel notablemente m\u00e1s luminosa e hidratada.<\/p>\n<p>Este excepcional ritual magn\u00e9tico te transportar\u00e1 a un estado de m\u00e1xima relajaci\u00f3n proporcionando absoluto bienestar y equilibrio en tu cuerpo.<\/p>\n<p>La gran calidad de este tratamiento viene destaca por la experiencia y efectividad que ofrecen los productos de <strong>Natura Biss\u00e9<\/strong>.<\/p>\n<p><img loading=\"lazy\" decoding=\"async\" class=\"img-border aligncenter wp-image-3367 size-full\" src=\"\/wp-content\/uploads\/sites\/120\/2014\/12\/diamond-experience-magnetic-ritual-b.jpg\" alt=\"diamond-experience-magnetic-ritual-b\" width=\"770\" height=\"433\" srcset=\"https:\/\/blog.cofan.es\/esteticabelenalberca\/wp-content\/uploads\/sites\/120\/2014\/12\/diamond-experience-magnetic-ritual-b.jpg 770w, https:\/\/blog.cofan.es\/esteticabelenalberca\/wp-content\/uploads\/sites\/120\/2014\/12\/diamond-experience-magnetic-ritual-b-300x169.jpg 300w\" sizes=\"auto, (max-width: 770px) 100vw, 770px\" \/><\/p>\n<p>Diamond Experience Magnetic Ritual \u2013 Natura Biss\u00e9[\/vc_column_text][\/vc_column][\/vc_row]<\/p>\n<\/div>","protected":false},"excerpt":{"rendered":"<p>[vc_row css_animation=&#8221;&#8221; row_type=&#8221;row&#8221; use_row_as_full_screen_section=&#8221;no&#8221; type=&#8221;full_width&#8221; angled_section=&#8221;no&#8221; text_align=&#8221;left&#8221; background_image_as_pattern=&#8221;without_pattern&#8221; css=&#8221;.vc_custom_1484126052755{margin-bottom: 30px !important;}&#8221;][vc_column][vc_column_text]En Centro de Est\u00e9tica Bel\u00e9n Alberca le ofrecemos una inigualable y lujosa experiencia que purifica tu cuerpo ayudando a liberar tensiones y a eliminar los efectos de la contaminaci\u00f3n electromagn\u00e9tica. Este viaje a trav\u00e9s de&#8230;<\/p>\n","protected":false},"author":12,"featured_media":0,"parent":2209,"menu_order":0,"comment_status":"closed","ping_status":"closed","template":"","meta":{"footnotes":""},"class_list":["post-2231","page","type-page","status-publish","hentry"],"_links":{"self":[{"href":"https:\/\/blog.cofan.es\/esteticabelenalberca\/wp-json\/wp\/v2\/pages\/2231","targetHints":{"allow":["GET"]}}],"collection":[{"href":"https:\/\/blog.cofan.es\/esteticabelenalberca\/wp-json\/wp\/v2\/pages"}],"about":[{"href":"https:\/\/blog.cofan.es\/esteticabelenalberca\/wp-json\/wp\/v2\/types\/page"}],"author":[{"embeddable":true,"href":"https:\/\/blog.cofan.es\/esteticabelenalberca\/wp-json\/wp\/v2\/users\/12"}],"replies":[{"embeddable":true,"href":"https:\/\/blog.cofan.es\/esteticabelenalberca\/wp-json\/wp\/v2\/comments?post=2231"}],"version-history":[{"count":3,"href":"https:\/\/blog.cofan.es\/esteticabelenalberca\/wp-json\/wp\/v2\/pages\/2231\/revisions"}],"predecessor-version":[{"id":3602,"href":"https:\/\/blog.cofan.es\/esteticabelenalberca\/wp-json\/wp\/v2\/pages\/2231\/revisions\/3602"}],"up":[{"embeddable":true,"href":"https:\/\/blog.cofan.es\/esteticabelenalberca\/wp-json\/wp\/v2\/pages\/2209"}],"wp:attachment":[{"href":"https:\/\/blog.cofan.es\/esteticabelenalberca\/wp-json\/wp\/v2\/media?parent=2231"}],"curies":[{"name":"wp","href":"https:\/\/api.w.org\/{rel}","templated":true}]}}