{"id":2229,"date":"2014-12-22T15:30:51","date_gmt":"2014-12-22T15:30:51","guid":{"rendered":"http:\/\/blog.cofan.es\/esteticabelenalberca-es\/?page_id=2229"},"modified":"2017-01-11T09:15:25","modified_gmt":"2017-01-11T09:15:25","slug":"royal-citrus-experience","status":"publish","type":"page","link":"https:\/\/blog.cofan.es\/esteticabelenalberca\/rituales\/royal-citrus-experience\/","title":{"rendered":"Royal Citrus Experience"},"content":{"rendered":"<div class=\"wpb-content-wrapper\"><p>[vc_row css_animation=&#8221;&#8221; row_type=&#8221;row&#8221; use_row_as_full_screen_section=&#8221;no&#8221; type=&#8221;full_width&#8221; angled_section=&#8221;no&#8221; text_align=&#8221;left&#8221; background_image_as_pattern=&#8221;without_pattern&#8221; css=&#8221;.vc_custom_1484126001503{margin-bottom: 30px !important;}&#8221;][vc_column][vc_column_text]<b>En Centro de Est\u00e9tica Bel\u00e9n Alberca le ofrecemos un exquisito ritual para vivir una experiencia capaz de vitalizar la piel de tu rostro y cuerpo con todos los beneficios de la vitamina C.<\/b><\/p>\n<p>La sofisticaci\u00f3n y el cuidado global de este tratamiento enriquecen la piel con un aporte extra de vitaminas necesarias para el d\u00eda a d\u00eda. Sus innovadores activos antioxidantes, reafirmantes y revitalizantes redensifican y rellenan el tejido cut\u00e1neo, mostrando una piel radiante con tono uniforme.<\/p>\n<p>La gran calidad de este tratamiento viene destaca por la experiencia y efectividad que ofrecen los productos de <strong>Natura Biss\u00e9<\/strong>.<\/p>\n<p><img loading=\"lazy\" decoding=\"async\" class=\"img-border aligncenter wp-image-3363 size-full\" src=\"\/wp-content\/uploads\/sites\/120\/2014\/12\/royal-citrus-experience-b.jpg\" alt=\"royal-citrus-experience-b\" width=\"770\" height=\"433\" srcset=\"https:\/\/blog.cofan.es\/esteticabelenalberca\/wp-content\/uploads\/sites\/120\/2014\/12\/royal-citrus-experience-b.jpg 770w, https:\/\/blog.cofan.es\/esteticabelenalberca\/wp-content\/uploads\/sites\/120\/2014\/12\/royal-citrus-experience-b-300x169.jpg 300w\" sizes=\"auto, (max-width: 770px) 100vw, 770px\" \/><\/p>\n<p>Royal Citrus Experience \u2013 Natura Biss\u00e9[\/vc_column_text][\/vc_column][\/vc_row]<\/p>\n<\/div>","protected":false},"excerpt":{"rendered":"<p>[vc_row css_animation=&#8221;&#8221; row_type=&#8221;row&#8221; use_row_as_full_screen_section=&#8221;no&#8221; type=&#8221;full_width&#8221; angled_section=&#8221;no&#8221; text_align=&#8221;left&#8221; background_image_as_pattern=&#8221;without_pattern&#8221; css=&#8221;.vc_custom_1484126001503{margin-bottom: 30px !important;}&#8221;][vc_column][vc_column_text]En Centro de Est\u00e9tica Bel\u00e9n Alberca le ofrecemos un exquisito ritual para vivir una experiencia capaz de vitalizar la piel de tu rostro y cuerpo con todos los beneficios de la vitamina C. La sofisticaci\u00f3n&#8230;<\/p>\n","protected":false},"author":12,"featured_media":0,"parent":2209,"menu_order":0,"comment_status":"closed","ping_status":"closed","template":"","meta":{"footnotes":""},"class_list":["post-2229","page","type-page","status-publish","hentry"],"_links":{"self":[{"href":"https:\/\/blog.cofan.es\/esteticabelenalberca\/wp-json\/wp\/v2\/pages\/2229","targetHints":{"allow":["GET"]}}],"collection":[{"href":"https:\/\/blog.cofan.es\/esteticabelenalberca\/wp-json\/wp\/v2\/pages"}],"about":[{"href":"https:\/\/blog.cofan.es\/esteticabelenalberca\/wp-json\/wp\/v2\/types\/page"}],"author":[{"embeddable":true,"href":"https:\/\/blog.cofan.es\/esteticabelenalberca\/wp-json\/wp\/v2\/users\/12"}],"replies":[{"embeddable":true,"href":"https:\/\/blog.cofan.es\/esteticabelenalberca\/wp-json\/wp\/v2\/comments?post=2229"}],"version-history":[{"count":3,"href":"https:\/\/blog.cofan.es\/esteticabelenalberca\/wp-json\/wp\/v2\/pages\/2229\/revisions"}],"predecessor-version":[{"id":3601,"href":"https:\/\/blog.cofan.es\/esteticabelenalberca\/wp-json\/wp\/v2\/pages\/2229\/revisions\/3601"}],"up":[{"embeddable":true,"href":"https:\/\/blog.cofan.es\/esteticabelenalberca\/wp-json\/wp\/v2\/pages\/2209"}],"wp:attachment":[{"href":"https:\/\/blog.cofan.es\/esteticabelenalberca\/wp-json\/wp\/v2\/media?parent=2229"}],"curies":[{"name":"wp","href":"https:\/\/api.w.org\/{rel}","templated":true}]}}