{"id":2209,"date":"2014-12-22T12:21:43","date_gmt":"2014-12-22T12:21:43","guid":{"rendered":"http:\/\/blog.cofan.es\/esteticabelenalberca-es\/?page_id=2209"},"modified":"2017-01-10T17:38:38","modified_gmt":"2017-01-10T17:38:38","slug":"rituales","status":"publish","type":"page","link":"https:\/\/blog.cofan.es\/esteticabelenalberca\/rituales\/","title":{"rendered":"Rituales"},"content":{"rendered":"<div class=\"wpb-content-wrapper\"><p>[vc_row css_animation=&#8221;&#8221; row_type=&#8221;row&#8221; use_row_as_full_screen_section=&#8221;no&#8221; type=&#8221;full_width&#8221; angled_section=&#8221;no&#8221; text_align=&#8221;left&#8221; background_image_as_pattern=&#8221;without_pattern&#8221;][vc_column width=&#8221;1\/3&#8243;][vc_column_text]<\/p>\n<h4><strong><a href=\"\/rituales\/royal-citrus-experience\/\">Royal Citrus Experience<\/a><\/strong><\/h4>\n<p>&nbsp;<\/p>\n<p><a href=\"\/rituales\/royal-citrus-experience\/\"><img loading=\"lazy\" decoding=\"async\" class=\"img-border aligncenter wp-image-3355 size-full\" src=\"\/wp-content\/uploads\/sites\/120\/2014\/12\/royal-citrus-experience.jpg\" alt=\"royal-citrus-experience\" width=\"370\" height=\"265\" srcset=\"https:\/\/blog.cofan.es\/esteticabelenalberca\/wp-content\/uploads\/sites\/120\/2014\/12\/royal-citrus-experience.jpg 370w, https:\/\/blog.cofan.es\/esteticabelenalberca\/wp-content\/uploads\/sites\/120\/2014\/12\/royal-citrus-experience-300x215.jpg 300w, https:\/\/blog.cofan.es\/esteticabelenalberca\/wp-content\/uploads\/sites\/120\/2014\/12\/royal-citrus-experience-70x50.jpg 70w\" sizes=\"auto, (max-width: 370px) 100vw, 370px\" \/><\/a><\/p>\n<p>Le ofrecemos un exquisito ritual para vivir una experiencia capaz de vitalizar la piel de tu rostro y cuerpo con todos los beneficios de la vitamina C.[\/vc_column_text][vc_empty_space height=&#8221;10px&#8221;][\/vc_column][vc_column width=&#8221;1\/3&#8243;][vc_column_text]<\/p>\n<h4><strong><a href=\"\/rituales\/diamond-experience-magnetic-ritual\/\">Diamond Experience Magnetic Ritual<\/a><\/strong><\/h4>\n<p>&nbsp;<\/p>\n<p><a href=\"\/rituales\/diamond-experience-magnetic-ritual\/\"><img loading=\"lazy\" decoding=\"async\" class=\"img-border aligncenter wp-image-3356 size-full\" src=\"\/wp-content\/uploads\/sites\/120\/2014\/12\/diamond-experience-magnetic-ritual.jpg\" alt=\"diamond-experience-magnetic-ritual\" width=\"370\" height=\"265\" srcset=\"https:\/\/blog.cofan.es\/esteticabelenalberca\/wp-content\/uploads\/sites\/120\/2014\/12\/diamond-experience-magnetic-ritual.jpg 370w, https:\/\/blog.cofan.es\/esteticabelenalberca\/wp-content\/uploads\/sites\/120\/2014\/12\/diamond-experience-magnetic-ritual-300x215.jpg 300w, https:\/\/blog.cofan.es\/esteticabelenalberca\/wp-content\/uploads\/sites\/120\/2014\/12\/diamond-experience-magnetic-ritual-70x50.jpg 70w\" sizes=\"auto, (max-width: 370px) 100vw, 370px\" \/><\/a><\/p>\n<p>Este viaje a trav\u00e9s de los sentidos utiliza las m\u00e1s exclusivas terapias, los aromas m\u00e1s delicados y las t\u00e9cnicas de masaje m\u00e1s efectivas que se inician mediante un equilibrio de chakras con gemas semipreciosas.[\/vc_column_text][vc_empty_space height=&#8221;10px&#8221;][\/vc_column][vc_column width=&#8221;1\/3&#8243;][vc_column_text]<\/p>\n<h4><strong><a href=\"\/rituales\/quirogolf-massage\/\">Quirogolf Massage<\/a><\/strong><\/h4>\n<p>&nbsp;<\/p>\n<p><a href=\"\/rituales\/quirogolf-massage\/\"><img loading=\"lazy\" decoding=\"async\" class=\"img-border aligncenter wp-image-3357 size-full\" src=\"\/wp-content\/uploads\/sites\/120\/2014\/12\/quirogolf-massage.jpg\" alt=\"quirogolf-massage\" width=\"370\" height=\"265\" srcset=\"https:\/\/blog.cofan.es\/esteticabelenalberca\/wp-content\/uploads\/sites\/120\/2014\/12\/quirogolf-massage.jpg 370w, https:\/\/blog.cofan.es\/esteticabelenalberca\/wp-content\/uploads\/sites\/120\/2014\/12\/quirogolf-massage-300x215.jpg 300w, https:\/\/blog.cofan.es\/esteticabelenalberca\/wp-content\/uploads\/sites\/120\/2014\/12\/quirogolf-massage-70x50.jpg 70w\" sizes=\"auto, (max-width: 370px) 100vw, 370px\" \/><\/a><\/p>\n<p>Este generoso ritual relaja tu musculatura de la cabeza a los pies a trav\u00e9s de un excelente masaje terap\u00e9utico realizado con bolas de golf, favoreciendo la circulaci\u00f3n y reduciendo el dolor articular.[\/vc_column_text][vc_empty_space height=&#8221;10px&#8221;][\/vc_column][\/vc_row][vc_row css_animation=&#8221;&#8221; row_type=&#8221;row&#8221; use_row_as_full_screen_section=&#8221;no&#8221; type=&#8221;full_width&#8221; angled_section=&#8221;no&#8221; text_align=&#8221;left&#8221; background_image_as_pattern=&#8221;without_pattern&#8221; css=&#8221;.vc_custom_1484069884858{margin-top: 30px !important;margin-bottom: 30px !important;}&#8221;][vc_column width=&#8221;1\/3&#8243;][vc_column_text]<\/p>\n<h4><strong><a href=\"\/rituales\/lomi-juma-massage-ritual\/\">Lomi &#8211; Juma Massage Ritual<\/a><\/strong><\/h4>\n<p>&nbsp;<\/p>\n<p><a href=\"\/rituales\/lomi-juma-massage-ritual\/\"><img loading=\"lazy\" decoding=\"async\" class=\"img-border aligncenter wp-image-3358 size-full\" src=\"\/wp-content\/uploads\/sites\/120\/2014\/12\/lomi-massage-ritual.jpg\" alt=\"lomi-massage-ritual\" width=\"370\" height=\"265\" srcset=\"https:\/\/blog.cofan.es\/esteticabelenalberca\/wp-content\/uploads\/sites\/120\/2014\/12\/lomi-massage-ritual.jpg 370w, https:\/\/blog.cofan.es\/esteticabelenalberca\/wp-content\/uploads\/sites\/120\/2014\/12\/lomi-massage-ritual-300x215.jpg 300w, https:\/\/blog.cofan.es\/esteticabelenalberca\/wp-content\/uploads\/sites\/120\/2014\/12\/lomi-massage-ritual-70x50.jpg 70w\" sizes=\"auto, (max-width: 370px) 100vw, 370px\" \/><\/a><\/p>\n<p>Fusi\u00f3n de t\u00e9cnicas de masaje inspiradas en antiguas costumbres del Pac\u00edfico y en el masaje tradicional mediterr\u00e1neo.[\/vc_column_text][vc_empty_space height=&#8221;10px&#8221;][\/vc_column][vc_column width=&#8221;1\/3&#8243;][vc_column_text]<\/p>\n<h4><strong><a href=\"\/rituales\/diamond-sublime\/\">Diamond Sublime<\/a><\/strong><\/h4>\n<p>&nbsp;<\/p>\n<p><a href=\"\/rituales\/diamond-sublime\/\"><img loading=\"lazy\" decoding=\"async\" class=\"img-border aligncenter wp-image-3359 size-full\" src=\"\/wp-content\/uploads\/sites\/120\/2014\/12\/diamond-sublime.jpg\" alt=\"diamond-sublime\" width=\"370\" height=\"265\" srcset=\"https:\/\/blog.cofan.es\/esteticabelenalberca\/wp-content\/uploads\/sites\/120\/2014\/12\/diamond-sublime.jpg 370w, https:\/\/blog.cofan.es\/esteticabelenalberca\/wp-content\/uploads\/sites\/120\/2014\/12\/diamond-sublime-300x215.jpg 300w, https:\/\/blog.cofan.es\/esteticabelenalberca\/wp-content\/uploads\/sites\/120\/2014\/12\/diamond-sublime-70x50.jpg 70w\" sizes=\"auto, (max-width: 370px) 100vw, 370px\" \/><\/a><\/p>\n<p>Te ofrecemos un novedoso concepto de belleza facial y corporal que contrarresta los efectos negativos de la poluci\u00f3n electromagn\u00e9tica y del estr\u00e9s diario.[\/vc_column_text][vc_empty_space height=&#8221;10px&#8221;][\/vc_column][vc_column width=&#8221;1\/3&#8243;][\/vc_column][\/vc_row]<\/p>\n<\/div>","protected":false},"excerpt":{"rendered":"<p>[vc_row css_animation=&#8221;&#8221; row_type=&#8221;row&#8221; use_row_as_full_screen_section=&#8221;no&#8221; type=&#8221;full_width&#8221; angled_section=&#8221;no&#8221; text_align=&#8221;left&#8221; background_image_as_pattern=&#8221;without_pattern&#8221;][vc_column width=&#8221;1\/3&#8243;][vc_column_text] Royal Citrus Experience &nbsp; Le ofrecemos un exquisito ritual para vivir una experiencia capaz de vitalizar la piel de tu rostro y cuerpo con todos los beneficios de la vitamina C.[\/vc_column_text][vc_empty_space height=&#8221;10px&#8221;][\/vc_column][vc_column width=&#8221;1\/3&#8243;][vc_column_text] Diamond Experience Magnetic&#8230;<\/p>\n","protected":false},"author":11,"featured_media":0,"parent":0,"menu_order":0,"comment_status":"closed","ping_status":"closed","template":"","meta":{"footnotes":""},"class_list":["post-2209","page","type-page","status-publish","hentry"],"_links":{"self":[{"href":"https:\/\/blog.cofan.es\/esteticabelenalberca\/wp-json\/wp\/v2\/pages\/2209","targetHints":{"allow":["GET"]}}],"collection":[{"href":"https:\/\/blog.cofan.es\/esteticabelenalberca\/wp-json\/wp\/v2\/pages"}],"about":[{"href":"https:\/\/blog.cofan.es\/esteticabelenalberca\/wp-json\/wp\/v2\/types\/page"}],"author":[{"embeddable":true,"href":"https:\/\/blog.cofan.es\/esteticabelenalberca\/wp-json\/wp\/v2\/users\/11"}],"replies":[{"embeddable":true,"href":"https:\/\/blog.cofan.es\/esteticabelenalberca\/wp-json\/wp\/v2\/comments?post=2209"}],"version-history":[{"count":6,"href":"https:\/\/blog.cofan.es\/esteticabelenalberca\/wp-json\/wp\/v2\/pages\/2209\/revisions"}],"predecessor-version":[{"id":3568,"href":"https:\/\/blog.cofan.es\/esteticabelenalberca\/wp-json\/wp\/v2\/pages\/2209\/revisions\/3568"}],"wp:attachment":[{"href":"https:\/\/blog.cofan.es\/esteticabelenalberca\/wp-json\/wp\/v2\/media?parent=2209"}],"curies":[{"name":"wp","href":"https:\/\/api.w.org\/{rel}","templated":true}]}}