{"id":2186,"date":"2014-12-22T08:07:29","date_gmt":"2014-12-22T08:07:29","guid":{"rendered":"http:\/\/blog.cofan.es\/esteticabelenalberca-es\/?page_id=2186"},"modified":"2023-01-04T08:16:47","modified_gmt":"2023-01-04T08:16:47","slug":"depilacion","status":"publish","type":"page","link":"https:\/\/blog.cofan.es\/esteticabelenalberca\/tratamientos\/depilacion\/","title":{"rendered":"Depilaci\u00f3n"},"content":{"rendered":"<div class=\"wpb-content-wrapper\"><p>[vc_row css_animation=&#8221;&#8221; row_type=&#8221;row&#8221; use_row_as_full_screen_section=&#8221;no&#8221; type=&#8221;full_width&#8221; angled_section=&#8221;no&#8221; text_align=&#8221;left&#8221; background_image_as_pattern=&#8221;without_pattern&#8221;][vc_column][vc_column_text]<b>Centro de Est\u00e9tica Bel\u00e9n Alberca dispone del servicio de depilaci\u00f3n con cera caliente o cera fr\u00eda\/tibia, para cubrir todas las necesidades.<\/b><\/p>\n<p><strong><span style=\"color: #88cccb;\">Depilaci\u00f3n Luz Pulsada (Tecnolog\u00eda IPL)<\/span><\/strong><\/p>\n<p>Centro de Est\u00e9tica Bel\u00e9n Alberca ofrece este tratamiento, \u00fanico en la zona, que usa una metodolog\u00eda de tratamiento conocida como Fototermolosis Selectiva, tambi\u00e9n usada con l\u00e1sers para llegar a los crom\u00f3foros espec\u00edficos de la epidermis.<\/p>\n<p>El sistema de IPL Ellipse se usa para tratar una gran variedad de condiciones de la piel, incluyendo la eliminaci\u00f3n de vello no deseado, lesiones vasculares, lesiones pigmentarias epid\u00e9rmicas, piel da\u00f1ada por el sol y acn\u00e9 vulgar.[\/vc_column_text][vc_empty_space height=&#8221;10px&#8221;][\/vc_column][\/vc_row][vc_row css_animation=&#8221;&#8221; row_type=&#8221;row&#8221; use_row_as_full_screen_section=&#8221;no&#8221; type=&#8221;full_width&#8221; angled_section=&#8221;no&#8221; text_align=&#8221;left&#8221; background_image_as_pattern=&#8221;without_pattern&#8221;][vc_column][vc_gallery type=&#8221;image_grid&#8221; images=&#8221;3932,3937,3935,3934,3936,3933&#8243; img_size=&#8221;200&#215;200&#8243; column_number=&#8221;4&#8243; grayscale=&#8221;no&#8221; images_space=&#8221;gallery_without_space&#8221;][vc_empty_space height=&#8221;10px&#8221;][\/vc_column][\/vc_row][vc_row css_animation=&#8221;&#8221; row_type=&#8221;row&#8221; use_row_as_full_screen_section=&#8221;no&#8221; type=&#8221;full_width&#8221; angled_section=&#8221;no&#8221; text_align=&#8221;left&#8221; background_image_as_pattern=&#8221;without_pattern&#8221; css=&#8221;.vc_custom_1484125910895{margin-bottom: 30px !important;}&#8221;][vc_column][vc_column_text]<strong>Tecnolog\u00eda de Ellipse IPL<\/strong><\/p>\n<p>Para obtener tratamientos efectivos, las longitudes de onda usadas deben corresponderse con el espectro de absorci\u00f3n del crom\u00f3foro a tratar, debido a que las longitudes de onda tienen distintas energ\u00edas la luz de una longitud de onda en concreto puede penetrar en la piel s\u00f3lo una cierta distancia; esto se conoce como capacidad de penetraci\u00f3n.<\/p>\n<p>&nbsp;<\/p>\n<p><strong>\u00bfQu\u00e9 es la Luz Pulsada Intensa?<\/strong><\/p>\n<p>A diferencia del l\u00e1ser, la luz generada por un sistema de Luz Pulsada Intensa es una amplia banda de ondas. La banda de ondas de la luz emitida por un sistema Ellipse se selecciona para que tenga la correcta capacidad de penetraci\u00f3n, el crom\u00f3foro a tratar obtenga una \u00f3ptima absorci\u00f3n y el resto de crom\u00f3foros tengan muy poca absorci\u00f3n. Los cortos flashes de luz duran el tiempo justo para que el objetivo a tratar alcance la temperatura necesaria sin da\u00f1ar el tejido circundante.<\/p>\n<p>&nbsp;<\/p>\n<p><strong>\u00bfC\u00f3mo puede usarse la luz para realizar un tratamiento?<\/strong><\/p>\n<p>El uso de la correcta banda de onda de luz y la selectiva fototermolosis significa que los pigmentos naturales, la hemoglobina y\/o la melanina absorben la luz transmitida a la piel. Para aumentar la penetraci\u00f3n de la luz se usa un gel de acoplamiento \u00f3ptico. Ambos, la energ\u00eda y la duraci\u00f3n del pulso est\u00e1n controlados por ordenador para que el objetivo se caliente hasta 70\u00baC durante 1 ms. Este es tiempo suficiente para asegurar la destrucci\u00f3n selectiva del objetivo sin da\u00f1ar la piel circundante y el agua de la piel.<\/p>\n<p>&nbsp;<\/p>\n<p><strong>\u00bfCu\u00e1les son las posibilidades del tratamiento?<\/strong><\/p>\n<p>La luz absorbida por la melanina y la hemoglobinaes absorbida en la epidermis. Afortunadamente esta distancia permite alsistema Ellipse I\u00b2PL tratar la mayor\u00eda de las alteraciones m\u00e1s comunes y molestas de la piel:<\/p>\n<ul class=\"list-pages\">\n<li>Eliminar el exceso de vello de cualquier parte del cuerpo<\/li>\n<li>Reducci\u00f3n de arrugas<\/li>\n<li>Lesiones vasculares: venitas, manchas de Vino de Oporto,( haemangioma)<\/li>\n<li>Acn\u00e9 vulgar<\/li>\n<li>Lesiones pigmentarias epid\u00e9rmicas<\/li>\n<li>Alteraciones por la exposici\u00f3n solar<\/li>\n<\/ul>\n<p>&nbsp;<\/p>\n<p><strong>La importancia de la energ\u00eda y el control del pulso<\/strong><\/p>\n<p>La cantidad de energ\u00eda es importante para asegurarque el objetivo a tratar recibe la energ\u00eda necesaria para obtener el resultado deseado sin da\u00f1ar tejido circundante.<br \/>\nLa duraci\u00f3n del pulso es importante porque controla la rapidez con que se entrega la energ\u00eda. Esto se determina con el Tiempo de Relajaci\u00f3n Termal (Thermal Relaxation Time) (TRT) del objetivo a tratar. Para un mayor ajuste el usuario puede modificarlos.<\/p>\n<p>La forma del pulso es tan importante como su duraci\u00f3n. Debido a que la energ\u00eda se mide seg\u00fan toda la longitud del pulso es importante que el pulso sea lo m\u00e1s cuadrado posible. Es lo mismo que decir que la intensidad del pulso deber\u00eda ser constante durante toda su vida.<\/p>\n<p>Un pulso no constante significa que la piel recibe distintos niveles de ener\u00eda durante el pulso. Tambi\u00e9n significa que el espectro de luz variar\u00e1 sus par\u00e1metros durante el pulso (similar al efecto de un regulador de luz)<\/p>\n<p>A diferencia de otros productos que hay en el mercado Ellipse controla cuidadosamente tanto la cantidad de energ\u00eda como el pulso obteniendo los mejores resultados posibles.[\/vc_column_text][\/vc_column][\/vc_row]<\/p>\n<\/div>","protected":false},"excerpt":{"rendered":"<p>[vc_row css_animation=&#8221;&#8221; row_type=&#8221;row&#8221; use_row_as_full_screen_section=&#8221;no&#8221; type=&#8221;full_width&#8221; angled_section=&#8221;no&#8221; text_align=&#8221;left&#8221; background_image_as_pattern=&#8221;without_pattern&#8221;][vc_column][vc_column_text]Centro de Est\u00e9tica Bel\u00e9n Alberca dispone del servicio de depilaci\u00f3n con cera caliente o cera fr\u00eda\/tibia, para cubrir todas las necesidades. Depilaci\u00f3n Luz Pulsada (Tecnolog\u00eda IPL) Centro de Est\u00e9tica Bel\u00e9n Alberca ofrece este tratamiento, \u00fanico en la zona,&#8230;<\/p>\n","protected":false},"author":12,"featured_media":0,"parent":2141,"menu_order":0,"comment_status":"closed","ping_status":"closed","template":"","meta":{"footnotes":""},"class_list":["post-2186","page","type-page","status-publish","hentry"],"_links":{"self":[{"href":"https:\/\/blog.cofan.es\/esteticabelenalberca\/wp-json\/wp\/v2\/pages\/2186","targetHints":{"allow":["GET"]}}],"collection":[{"href":"https:\/\/blog.cofan.es\/esteticabelenalberca\/wp-json\/wp\/v2\/pages"}],"about":[{"href":"https:\/\/blog.cofan.es\/esteticabelenalberca\/wp-json\/wp\/v2\/types\/page"}],"author":[{"embeddable":true,"href":"https:\/\/blog.cofan.es\/esteticabelenalberca\/wp-json\/wp\/v2\/users\/12"}],"replies":[{"embeddable":true,"href":"https:\/\/blog.cofan.es\/esteticabelenalberca\/wp-json\/wp\/v2\/comments?post=2186"}],"version-history":[{"count":10,"href":"https:\/\/blog.cofan.es\/esteticabelenalberca\/wp-json\/wp\/v2\/pages\/2186\/revisions"}],"predecessor-version":[{"id":3939,"href":"https:\/\/blog.cofan.es\/esteticabelenalberca\/wp-json\/wp\/v2\/pages\/2186\/revisions\/3939"}],"up":[{"embeddable":true,"href":"https:\/\/blog.cofan.es\/esteticabelenalberca\/wp-json\/wp\/v2\/pages\/2141"}],"wp:attachment":[{"href":"https:\/\/blog.cofan.es\/esteticabelenalberca\/wp-json\/wp\/v2\/media?parent=2186"}],"curies":[{"name":"wp","href":"https:\/\/api.w.org\/{rel}","templated":true}]}}