{"id":2182,"date":"2014-12-22T08:05:32","date_gmt":"2014-12-22T08:05:32","guid":{"rendered":"http:\/\/blog.cofan.es\/esteticabelenalberca-es\/?page_id=2182"},"modified":"2017-01-11T08:48:28","modified_gmt":"2017-01-11T08:48:28","slug":"pestanas-postizas","status":"publish","type":"page","link":"https:\/\/blog.cofan.es\/esteticabelenalberca\/tratamientos\/pestanas-postizas\/","title":{"rendered":"Pesta\u00f1as Postizas"},"content":{"rendered":"<div class=\"wpb-content-wrapper\"><p>[vc_row css_animation=&#8221;&#8221; row_type=&#8221;row&#8221; use_row_as_full_screen_section=&#8221;no&#8221; type=&#8221;full_width&#8221; angled_section=&#8221;no&#8221; text_align=&#8221;left&#8221; background_image_as_pattern=&#8221;without_pattern&#8221; css=&#8221;.vc_custom_1484124500325{margin-bottom: 30px !important;}&#8221;][vc_column][vc_column_text]<b>Las pesta\u00f1as juegan un papel muy importante en la mirada de las personas.<\/b><\/p>\n<p>Todos sabemos que la mirada dice mucho de una persona, por eso dentro del rostro es una de las cosas que m\u00e1s nos llama la atenci\u00f3n.<\/p>\n<p>Con Centro de Est\u00e9tica Bel\u00e9n Alberca puedes lucir una mirada incre\u00edble con las pesta\u00f1as postizas.<\/p>\n<p><img loading=\"lazy\" decoding=\"async\" class=\"img-border aligncenter wp-image-3309 size-full\" src=\"\/wp-content\/uploads\/sites\/120\/2014\/12\/pestanas-postizas-pg1.jpg\" alt=\"pestanas-postizas-pg\" width=\"770\" height=\"513\" srcset=\"https:\/\/blog.cofan.es\/esteticabelenalberca\/wp-content\/uploads\/sites\/120\/2014\/12\/pestanas-postizas-pg1.jpg 770w, https:\/\/blog.cofan.es\/esteticabelenalberca\/wp-content\/uploads\/sites\/120\/2014\/12\/pestanas-postizas-pg1-300x200.jpg 300w\" sizes=\"auto, (max-width: 770px) 100vw, 770px\" \/><\/p>\n<p>Pesta\u00f1as Postizas \u2013 Centro de Est\u00e9tica Bel\u00e9n Alberca[\/vc_column_text][\/vc_column][\/vc_row]<\/p>\n<\/div>","protected":false},"excerpt":{"rendered":"<p>[vc_row css_animation=&#8221;&#8221; row_type=&#8221;row&#8221; use_row_as_full_screen_section=&#8221;no&#8221; type=&#8221;full_width&#8221; angled_section=&#8221;no&#8221; text_align=&#8221;left&#8221; background_image_as_pattern=&#8221;without_pattern&#8221; css=&#8221;.vc_custom_1484124500325{margin-bottom: 30px !important;}&#8221;][vc_column][vc_column_text]Las pesta\u00f1as juegan un papel muy importante en la mirada de las personas. Todos sabemos que la mirada dice mucho de una persona, por eso dentro del rostro es una de las cosas que m\u00e1s&#8230;<\/p>\n","protected":false},"author":12,"featured_media":0,"parent":2141,"menu_order":0,"comment_status":"closed","ping_status":"closed","template":"","meta":{"footnotes":""},"class_list":["post-2182","page","type-page","status-publish","hentry"],"_links":{"self":[{"href":"https:\/\/blog.cofan.es\/esteticabelenalberca\/wp-json\/wp\/v2\/pages\/2182","targetHints":{"allow":["GET"]}}],"collection":[{"href":"https:\/\/blog.cofan.es\/esteticabelenalberca\/wp-json\/wp\/v2\/pages"}],"about":[{"href":"https:\/\/blog.cofan.es\/esteticabelenalberca\/wp-json\/wp\/v2\/types\/page"}],"author":[{"embeddable":true,"href":"https:\/\/blog.cofan.es\/esteticabelenalberca\/wp-json\/wp\/v2\/users\/12"}],"replies":[{"embeddable":true,"href":"https:\/\/blog.cofan.es\/esteticabelenalberca\/wp-json\/wp\/v2\/comments?post=2182"}],"version-history":[{"count":3,"href":"https:\/\/blog.cofan.es\/esteticabelenalberca\/wp-json\/wp\/v2\/pages\/2182\/revisions"}],"predecessor-version":[{"id":3590,"href":"https:\/\/blog.cofan.es\/esteticabelenalberca\/wp-json\/wp\/v2\/pages\/2182\/revisions\/3590"}],"up":[{"embeddable":true,"href":"https:\/\/blog.cofan.es\/esteticabelenalberca\/wp-json\/wp\/v2\/pages\/2141"}],"wp:attachment":[{"href":"https:\/\/blog.cofan.es\/esteticabelenalberca\/wp-json\/wp\/v2\/media?parent=2182"}],"curies":[{"name":"wp","href":"https:\/\/api.w.org\/{rel}","templated":true}]}}