{"id":2180,"date":"2014-12-22T08:03:54","date_gmt":"2014-12-22T08:03:54","guid":{"rendered":"http:\/\/blog.cofan.es\/esteticabelenalberca-es\/?page_id=2180"},"modified":"2017-01-11T08:47:24","modified_gmt":"2017-01-11T08:47:24","slug":"pedicura-manicura","status":"publish","type":"page","link":"https:\/\/blog.cofan.es\/esteticabelenalberca\/tratamientos\/pedicura-manicura\/","title":{"rendered":"Pedicura &#8211; Manicura"},"content":{"rendered":"<div class=\"wpb-content-wrapper\"><p>[vc_row css_animation=&#8221;&#8221; row_type=&#8221;row&#8221; use_row_as_full_screen_section=&#8221;no&#8221; type=&#8221;full_width&#8221; angled_section=&#8221;no&#8221; text_align=&#8221;left&#8221; background_image_as_pattern=&#8221;without_pattern&#8221; css=&#8221;.vc_custom_1484124437996{margin-bottom: 30px !important;}&#8221;][vc_column][vc_column_text]<b>La manicura y la pedicura te ayudar\u00e1n a tener unos pies bonitos y unas manos bonitas.<\/b><\/p>\n<p>Las manos forman parte de nuestra carta de presentaci\u00f3n ante los dem\u00e1s, por lo que hay que cuidarlas. Las u\u00f1as y la piel de tus manos necesitan de especial cuidado.<\/p>\n<p>Hacerse una pedicura requiere su tiempo y paciencia, pero te ayudar\u00e1n a obtener buenos resultados y tener m\u00e1s cuidados nuestros dedos de los pies y las u\u00f1as.<\/p>\n<p>Centro de Est\u00e9tica Bel\u00e9n Alberca te ofrece las siguientes opciones:<\/p>\n<ul class=\"list-pages\">\n<li>Tratamiento SPA \u2013 Manos y Pies<\/li>\n<li>Esmaltado permanente con SHELLAC<\/li>\n<li>Pedicura y manicura francesa<\/li>\n<\/ul>\n<p><img loading=\"lazy\" decoding=\"async\" class=\"img-border aligncenter wp-image-3304 size-full\" src=\"\/wp-content\/uploads\/sites\/120\/2014\/12\/pedicura-manicura1.jpg\" alt=\"pedicura-manicura1\" width=\"900\" height=\"675\" srcset=\"https:\/\/blog.cofan.es\/esteticabelenalberca\/wp-content\/uploads\/sites\/120\/2014\/12\/pedicura-manicura1.jpg 900w, https:\/\/blog.cofan.es\/esteticabelenalberca\/wp-content\/uploads\/sites\/120\/2014\/12\/pedicura-manicura1-300x225.jpg 300w\" sizes=\"auto, (max-width: 900px) 100vw, 900px\" \/><\/p>\n<p>Pedicura y Manicura \u2013 Centro de Est\u00e9tica Bel\u00e9n Alberca[\/vc_column_text][\/vc_column][\/vc_row]<\/p>\n<\/div>","protected":false},"excerpt":{"rendered":"<p>[vc_row css_animation=&#8221;&#8221; row_type=&#8221;row&#8221; use_row_as_full_screen_section=&#8221;no&#8221; type=&#8221;full_width&#8221; angled_section=&#8221;no&#8221; text_align=&#8221;left&#8221; background_image_as_pattern=&#8221;without_pattern&#8221; css=&#8221;.vc_custom_1484124437996{margin-bottom: 30px !important;}&#8221;][vc_column][vc_column_text]La manicura y la pedicura te ayudar\u00e1n a tener unos pies bonitos y unas manos bonitas. Las manos forman parte de nuestra carta de presentaci\u00f3n ante los dem\u00e1s, por lo que hay que cuidarlas. Las&#8230;<\/p>\n","protected":false},"author":12,"featured_media":0,"parent":2141,"menu_order":0,"comment_status":"closed","ping_status":"closed","template":"","meta":{"footnotes":""},"class_list":["post-2180","page","type-page","status-publish","hentry"],"_links":{"self":[{"href":"https:\/\/blog.cofan.es\/esteticabelenalberca\/wp-json\/wp\/v2\/pages\/2180","targetHints":{"allow":["GET"]}}],"collection":[{"href":"https:\/\/blog.cofan.es\/esteticabelenalberca\/wp-json\/wp\/v2\/pages"}],"about":[{"href":"https:\/\/blog.cofan.es\/esteticabelenalberca\/wp-json\/wp\/v2\/types\/page"}],"author":[{"embeddable":true,"href":"https:\/\/blog.cofan.es\/esteticabelenalberca\/wp-json\/wp\/v2\/users\/12"}],"replies":[{"embeddable":true,"href":"https:\/\/blog.cofan.es\/esteticabelenalberca\/wp-json\/wp\/v2\/comments?post=2180"}],"version-history":[{"count":3,"href":"https:\/\/blog.cofan.es\/esteticabelenalberca\/wp-json\/wp\/v2\/pages\/2180\/revisions"}],"predecessor-version":[{"id":3589,"href":"https:\/\/blog.cofan.es\/esteticabelenalberca\/wp-json\/wp\/v2\/pages\/2180\/revisions\/3589"}],"up":[{"embeddable":true,"href":"https:\/\/blog.cofan.es\/esteticabelenalberca\/wp-json\/wp\/v2\/pages\/2141"}],"wp:attachment":[{"href":"https:\/\/blog.cofan.es\/esteticabelenalberca\/wp-json\/wp\/v2\/media?parent=2180"}],"curies":[{"name":"wp","href":"https:\/\/api.w.org\/{rel}","templated":true}]}}