{"id":2174,"date":"2014-12-22T08:01:16","date_gmt":"2014-12-22T08:01:16","guid":{"rendered":"http:\/\/blog.cofan.es\/esteticabelenalberca-es\/?page_id=2174"},"modified":"2023-03-30T16:22:23","modified_gmt":"2023-03-30T16:22:23","slug":"tratamientos-faciales","status":"publish","type":"page","link":"https:\/\/blog.cofan.es\/esteticabelenalberca\/tratamientos\/tratamientos-faciales\/","title":{"rendered":"Tratamientos Faciales"},"content":{"rendered":"<div class=\"wpb-content-wrapper\"><p>[vc_row css_animation=&#8221;&#8221; row_type=&#8221;row&#8221; use_row_as_full_screen_section=&#8221;no&#8221; type=&#8221;full_width&#8221; angled_section=&#8221;no&#8221; text_align=&#8221;left&#8221; background_image_as_pattern=&#8221;without_pattern&#8221;][vc_column][vc_column_text]<\/p>\n<h4>Para el lujo supremo nada m\u00e1s exquisito que los tratamientos faciales de natura biss\u00e9<\/h4>\n<hr \/>\n<p>[\/vc_column_text][vc_empty_space height=&#8221;20px&#8221;][\/vc_column][\/vc_row][vc_row css_animation=&#8221;&#8221; row_type=&#8221;row&#8221; use_row_as_full_screen_section=&#8221;no&#8221; type=&#8221;full_width&#8221; angled_section=&#8221;no&#8221; text_align=&#8221;left&#8221; background_image_as_pattern=&#8221;without_pattern&#8221;][vc_column width=&#8221;2\/3&#8243;][vc_gallery interval=&#8221;3&#8243; images=&#8221;4043,4044,4045&#8243; img_size=&#8221;full&#8221; onclick=&#8221;img_link_large&#8221; custom_links_target=&#8221;_blank&#8221;][\/vc_column][vc_column width=&#8221;1\/3&#8243;][vc_column_text]El secreto de un buen resultado de un tratamiento facial, est\u00e1 en conocer la piel a trav\u00e9s de un minucioso diagn\u00f3stico que permita valorar la forma m\u00e1s \u00f3ptima de mejorar o resaltar la belleza de cada persona.<\/p>\n<p>&nbsp;<\/p>\n<p>Nuestros profesionales siempre recomendar\u00e1n el tratamiento facial m\u00e1s adecuado, tratando la piel individualmente dando a cada persona lo que necesita, y sobre todo, cuando lo necesita.<\/p>\n<p>&nbsp;<\/p>\n<p>Trabajamos tu piel de forma personalizada para cubrir sus necesidades en cada momento. Utilizamos las mejores marcas para tratar con profesionalidad tu piel.[\/vc_column_text][vc_empty_space height=&#8221;10px&#8221;][\/vc_column][\/vc_row][vc_row css_animation=&#8221;&#8221; row_type=&#8221;row&#8221; use_row_as_full_screen_section=&#8221;no&#8221; type=&#8221;full_width&#8221; angled_section=&#8221;no&#8221; text_align=&#8221;left&#8221; background_image_as_pattern=&#8221;without_pattern&#8221; css=&#8221;.vc_custom_1484123703066{margin-top: 30px !important;}&#8221;][vc_column width=&#8221;1\/6&#8243;][vc_column_text]<a href=\"\/tratamientos\/tratamientos-faciales\/diamond-lifing-multisensorial\/\"><img loading=\"lazy\" decoding=\"async\" class=\"img-border aligncenter wp-image-3218 size-full\" src=\"\/wp-content\/uploads\/sites\/120\/2014\/12\/thumb-diamond-lifing-multi.jpg\" alt=\"thumb-diamond-lifing-multi\" width=\"262\" height=\"140\" \/><\/a><\/p>\n<p><strong><a href=\"\/tratamientos\/tratamientos-faciales\/diamond-lifing-multisensorial\/\">Diamon Lifing Multisensorial<\/a><\/strong><\/p>\n<p>Efectivo protocolo indicado para recuperar la firmeza y definici\u00f3n\u2026[\/vc_column_text][vc_empty_space height=&#8221;10px&#8221;][\/vc_column][vc_column width=&#8221;1\/6&#8243;][vc_column_text]<a href=\"\/tratamientos\/tratamientos-faciales\/diamond-life-infusion\/\"><img loading=\"lazy\" decoding=\"async\" class=\"img-border aligncenter wp-image-3219 size-full\" src=\"\/wp-content\/uploads\/sites\/120\/2014\/12\/thumb-diamond-life-infusion.jpg\" alt=\"thumb-diamond-life-infusion\" width=\"262\" height=\"140\" \/><\/a><\/p>\n<p><strong><a href=\"\/tratamientos\/tratamientos-faciales\/diamond-life-infusion\/\">Diamond Life Infusion<\/a><\/strong><\/p>\n<p>Proporciona una acci\u00f3n rejuvenecedora sin precedentes a trav\u00e9s\u2026[\/vc_column_text][vc_empty_space height=&#8221;10px&#8221;][\/vc_column][vc_column width=&#8221;1\/6&#8243;][vc_column_text]<a href=\"\/tratamientos\/tratamientos-faciales\/diamond-whitening-system\/\"><img loading=\"lazy\" decoding=\"async\" class=\"img-border aligncenter wp-image-3220 size-full\" src=\"\/wp-content\/uploads\/sites\/120\/2014\/12\/thumb-diamond-whit.jpg\" alt=\"thumb-diamond-whit\" width=\"262\" height=\"140\" \/><\/a><\/p>\n<p><strong><a href=\"\/tratamientos\/tratamientos-faciales\/diamond-whitening-system\/\">Diamond Whitening System<\/a><\/strong><\/p>\n<p>Revolucionario y eficaz tratamiento facial anti-manchas\u2026[\/vc_column_text][vc_empty_space height=&#8221;10px&#8221;][\/vc_column][vc_column width=&#8221;1\/6&#8243;][vc_column_text]<a href=\"\/tratamientos\/tratamientos-faciales\/pyruvic-master-peel\/\"><img loading=\"lazy\" decoding=\"async\" class=\"img-border aligncenter wp-image-3221 size-full\" src=\"\/wp-content\/uploads\/sites\/120\/2014\/12\/thumb-pyruvic-master-peel.jpg\" alt=\"thumb-pyruvic-master-peel\" width=\"262\" height=\"140\" \/><\/a><\/p>\n<p><strong><a href=\"\/tratamientos\/tratamientos-faciales\/pyruvic-master-peel\/\">Pyruvic Master Peel<\/a><\/strong><\/p>\n<p>Est\u00e1 especialmente indicado para todo tipo de pieles con manchas y\/o imperfecciones&#8230;[\/vc_column_text][vc_empty_space height=&#8221;10px&#8221;][\/vc_column][vc_column width=&#8221;1\/6&#8243;][vc_column_text]<a href=\"\/citrus-vita-essence\/\"><img loading=\"lazy\" decoding=\"async\" class=\"img-border aligncenter wp-image-3222 size-full\" src=\"\/wp-content\/uploads\/sites\/120\/2014\/12\/thumb-citrus-vita-essence.jpg\" alt=\"thumb-citrus-vita-essence\" width=\"262\" height=\"140\" \/><\/a><\/p>\n<p><strong><span style=\"color: #333333;\"><a style=\"color: #333333;\" href=\"\/citrus-vita-essence\/\">Citrus Vita Essence<\/a><\/span><\/strong><\/p>\n<p>Para aquellos que buscan recuperar la luminosidad y firmeza de la piel&#8230;[\/vc_column_text][vc_empty_space height=&#8221;10px&#8221;][\/vc_column][vc_column width=&#8221;1\/6&#8243;][vc_column_text]<a href=\"\/tratamientos\/tratamientos-faciales\/o2-relax\/\"><img loading=\"lazy\" decoding=\"async\" class=\"img-border aligncenter wp-image-3223 size-full\" src=\"\/wp-content\/uploads\/sites\/120\/2014\/12\/thumb-o2-relax.jpg\" alt=\"thumb-o2-relax\" width=\"262\" height=\"140\" \/><\/a><\/p>\n<p><strong><a href=\"\/tratamientos\/tratamientos-faciales\/o2-relax\/\">O2 Relax<\/a><\/strong><\/p>\n<p>Este tratamiento libera mol\u00e9culas de ox\u00edgeno puro en la piel\u2026[\/vc_column_text][vc_empty_space height=&#8221;10px&#8221;][\/vc_column][\/vc_row][vc_row css_animation=&#8221;&#8221; row_type=&#8221;row&#8221; use_row_as_full_screen_section=&#8221;no&#8221; type=&#8221;full_width&#8221; angled_section=&#8221;no&#8221; text_align=&#8221;left&#8221; background_image_as_pattern=&#8221;without_pattern&#8221;][vc_column][vc_column_text]<\/p>\n<hr \/>\n<p>[\/vc_column_text][vc_empty_space height=&#8221;10px&#8221;][\/vc_column][\/vc_row][vc_row css_animation=&#8221;&#8221; row_type=&#8221;row&#8221; use_row_as_full_screen_section=&#8221;no&#8221; type=&#8221;full_width&#8221; angled_section=&#8221;no&#8221; text_align=&#8221;left&#8221; background_image_as_pattern=&#8221;without_pattern&#8221;][vc_column width=&#8221;1\/6&#8243;][vc_column_text]<a href=\"\/tratamientos\/tratamientos-faciales\/gentlemens-facial-hombre\/\"><img loading=\"lazy\" decoding=\"async\" class=\"img-border aligncenter wp-image-3224 size-full\" src=\"\/wp-content\/uploads\/sites\/120\/2014\/12\/thumb-gentlemen-facial.jpg\" alt=\"thumb-gentlemen-facial\" width=\"262\" height=\"140\" \/><\/a><\/p>\n<p><strong><a href=\"\/tratamientos\/tratamientos-faciales\/gentlemens-facial-hombre\/\">Gentleman&#8217;S Facial<\/a><\/strong><\/p>\n<p>No solo pensamos en el cuidado de las mujeres, ofrecemos este tratamiento facial\u2026[\/vc_column_text][vc_empty_space height=&#8221;10px&#8221;][\/vc_column][vc_column width=&#8221;1\/6&#8243;][vc_column_text]<a href=\"\/tratamientos\/tratamientos-faciales\/acne-solution\/\"><img loading=\"lazy\" decoding=\"async\" class=\"img-border aligncenter\" src=\"\/wp-content\/uploads\/sites\/120\/2014\/12\/thumb-acne-solution.jpg\" alt=\"thumb-acne-solution\" width=\"262\" height=\"140\" \/><\/a><\/p>\n<p><strong><a href=\"\/tratamientos\/tratamientos-faciales\/acne-solution\/\">Acne Solution<\/a><\/strong><\/p>\n<p>Exclusivo y completo tratamiento facial para las pieles seborreicas y con tendencia al acn\u00e9.[\/vc_column_text][vc_empty_space height=&#8221;10px&#8221;][\/vc_column][vc_column width=&#8221;1\/6&#8243;][vc_column_text]<a href=\"\/tratamientos\/tratamientos-faciales\/aqua-inmersion\/\"><img loading=\"lazy\" decoding=\"async\" class=\"img-border aligncenter wp-image-3226 size-full\" src=\"\/wp-content\/uploads\/sites\/120\/2014\/12\/thumb-aqua-inmersion.jpg\" alt=\"thumb-aqua-inmersion\" width=\"262\" height=\"140\" \/><\/a><\/p>\n<p><strong><a href=\"\/tratamientos\/tratamientos-faciales\/aqua-inmersion\/\">Aqua Inmersion<\/a><\/strong><\/p>\n<p>Trabajamos para que las pieles que han perdido la hidrataci\u00f3n y luminosidad encuentren&#8230;[\/vc_column_text][vc_empty_space height=&#8221;10px&#8221;][\/vc_column][vc_column width=&#8221;1\/6&#8243;][vc_column_text]<a href=\"\/tratamientos\/tratamientos-faciales\/la-alternativa-sonoliftin\/\"><img loading=\"lazy\" decoding=\"async\" class=\"img-border aligncenter wp-image-3227 size-full\" src=\"\/wp-content\/uploads\/sites\/120\/2014\/12\/thumb-alternativa-sonoliftin.jpg\" alt=\"thumb-alternativa-sonoliftin\" width=\"262\" height=\"140\" \/><\/a><\/p>\n<p><strong><a href=\"\/tratamientos\/tratamientos-faciales\/la-alternativa-sonoliftin\/\">La Alternativa Sonoliftin<\/a><\/strong><\/p>\n<p>Este potente y novedoso tratamiento es la respuesta para&#8230;[\/vc_column_text][vc_empty_space height=&#8221;10px&#8221;][\/vc_column][vc_column width=&#8221;1\/6&#8243;][vc_column_text]<a href=\"\/tratamientos\/tratamientos-faciales\/carboxi-express\/\"><img loading=\"lazy\" decoding=\"async\" class=\"img-border aligncenter wp-image-3228 size-full\" src=\"\/wp-content\/uploads\/sites\/120\/2014\/12\/thumb-carboxi-express.jpg\" alt=\"thumb-carboxi-express\" width=\"262\" height=\"140\" \/><\/a><\/p>\n<p><strong><a href=\"\/tratamientos\/tratamientos-faciales\/carboxi-express\/\">Carboxi-Express<\/a><\/strong><\/p>\n<p>Estrenar una piel pura y reluciente es f\u00e1cil y r\u00e1pido con este tratamiento.[\/vc_column_text][vc_empty_space height=&#8221;10px&#8221;][\/vc_column][vc_column width=&#8221;1\/6&#8243;][vc_column_text]<a href=\"\/tratamientos\/tratamientos-faciales\/skin-comfort\/\"><img loading=\"lazy\" decoding=\"async\" class=\"img-border aligncenter wp-image-3229 size-full\" src=\"\/wp-content\/uploads\/sites\/120\/2014\/12\/thumb-skin-comfort.jpg\" alt=\"thumb-skin-comfort\" width=\"262\" height=\"140\" \/><\/a><\/p>\n<p><strong><a href=\"\/tratamientos\/tratamientos-faciales\/skin-comfort\/\">Skin Comfort<\/a><\/strong><\/p>\n<p>La soluci\u00f3n definitiva para las pieles sensibles y reactivas que\u2026[\/vc_column_text][vc_empty_space height=&#8221;10px&#8221;][\/vc_column][\/vc_row][vc_row css_animation=&#8221;&#8221; row_type=&#8221;row&#8221; use_row_as_full_screen_section=&#8221;no&#8221; type=&#8221;full_width&#8221; angled_section=&#8221;no&#8221; text_align=&#8221;left&#8221; background_image_as_pattern=&#8221;without_pattern&#8221;][vc_column][vc_column_text]<\/p>\n<hr \/>\n<p>[\/vc_column_text][vc_empty_space height=&#8221;10px&#8221;][\/vc_column][\/vc_row][vc_row css_animation=&#8221;&#8221; row_type=&#8221;row&#8221; use_row_as_full_screen_section=&#8221;no&#8221; type=&#8221;full_width&#8221; angled_section=&#8221;no&#8221; text_align=&#8221;left&#8221; background_image_as_pattern=&#8221;without_pattern&#8221;][vc_column width=&#8221;1\/6&#8243;][vc_column_text]<a href=\"\/tratamientos\/tratamientos-faciales\/la-cura-detox-facial\/\"><img loading=\"lazy\" decoding=\"async\" class=\"img-border aligncenter wp-image-3230 size-full\" src=\"\/wp-content\/uploads\/sites\/120\/2014\/12\/thumb-cura-detoxfacial.jpg\" alt=\"thumb-cura-detoxfacial\" width=\"262\" height=\"140\" \/><\/a><\/p>\n<p><strong><a href=\"\/tratamientos\/tratamientos-faciales\/la-cura-detox-facial\/\">La cura Detox-Facial<\/a><\/strong><\/p>\n<p>Efectivo tratamiento que limpia la piel en profundidad, detoxific\u00e1ndola y \u2026[\/vc_column_text][vc_empty_space height=&#8221;10px&#8221;][\/vc_column][vc_column width=&#8221;1\/6&#8243;][vc_column_text]<a href=\"\/tratamientos\/tratamientos-faciales\/desafio-anti-edad-intense\/\"><img loading=\"lazy\" decoding=\"async\" class=\"img-border aligncenter wp-image-3231 size-full\" src=\"\/wp-content\/uploads\/sites\/120\/2014\/12\/thumb-diamond-lifing-multi-1.jpg\" alt=\"thumb-diamond-lifing-multi (1)\" width=\"262\" height=\"140\" \/><\/a><\/p>\n<p><strong><a href=\"\/tratamientos\/tratamientos-faciales\/desafio-anti-edad-intense\/\">Desaf\u00edo Anti-Edad Intense<\/a><\/strong><\/p>\n<p>Altamente recomendado para aquellas personas que desean desafiar\u2026[\/vc_column_text][vc_empty_space height=&#8221;10px&#8221;][\/vc_column][vc_column width=&#8221;1\/6&#8243;][vc_column_text]<a href=\"\/tratamientos\/tratamientos-faciales\/carboxiterapia\/\"><img loading=\"lazy\" decoding=\"async\" class=\"img-border aligncenter wp-image-3232 size-full\" src=\"\/wp-content\/uploads\/sites\/120\/2014\/12\/thumb-carboxiterapia.jpg\" alt=\"thumb-carboxiterapia\" width=\"262\" height=\"140\" \/><\/a><\/p>\n<p><strong><a href=\"\/tratamientos\/tratamientos-faciales\/carboxiterapia\/\">Carboxiterapia<\/a><\/strong><\/p>\n<p>Estrenar una piel pura y reluciente de una manera f\u00e1cil, r\u00e1pida y econ\u00f3mica, gracias a..[\/vc_column_text][vc_empty_space height=&#8221;10px&#8221;][\/vc_column][vc_column width=&#8221;1\/6&#8243;][vc_column_text]<a href=\"\/tratamientos\/tratamientos-faciales\/higiene-facial-basica\/\"><img loading=\"lazy\" decoding=\"async\" class=\"img-border aligncenter wp-image-3233 size-full\" src=\"\/wp-content\/uploads\/sites\/120\/2014\/12\/thumb-higiene-facial.jpg\" alt=\"thumb-higiene-facial\" width=\"262\" height=\"140\" \/><\/a><\/p>\n<p><strong><a href=\"\/tratamientos\/tratamientos-faciales\/higiene-facial-basica\/\">Higiene Facial B\u00e1sica<\/a><\/strong><\/p>\n<p>Limpieza de la piel en profundidad que conjunta su sencillez y\u2026[\/vc_column_text][vc_empty_space height=&#8221;10px&#8221;][\/vc_column][vc_column width=&#8221;1\/6&#8243;][vc_column_text]<a href=\"\/tratamientos\/tratamientos-faciales\/fotorejuvenecimiento-con-ipl\/\"><img loading=\"lazy\" decoding=\"async\" class=\"img-border aligncenter wp-image-3234 size-full\" src=\"\/wp-content\/uploads\/sites\/120\/2014\/12\/fotorejuvenecimiento-t.jpg\" alt=\"fotorejuvenecimiento-t\" width=\"262\" height=\"140\" \/><\/a><\/p>\n<p><strong><a href=\"\/tratamientos\/tratamientos-faciales\/fotorejuvenecimiento-con-ipl\/\">Fotorejuvenecimiento con IPL<\/a><\/strong><\/p>\n<p>Novedoso tratamiento que m\u00e1s aceptaci\u00f3n est\u00e1 teniendo entre..[\/vc_column_text][vc_empty_space height=&#8221;10px&#8221;][\/vc_column][vc_column width=&#8221;1\/6&#8243;][vc_column_text]<a href=\"https:\/\/www.esteticabelenalberca.es\/tratamientos\/tratamientos-faciales\/radiofrecuencia\/\"><img loading=\"lazy\" decoding=\"async\" class=\"img-border aligncenter wp-image-3900 size-full\" src=\"https:\/\/blog.cofan.es\/esteticabelenalberca\/wp-content\/uploads\/sites\/120\/2022\/12\/radiofrecuencia-2-262x140-1.jpg\" alt=\"\" width=\"262\" height=\"140\" \/><\/a><\/p>\n<p><strong><a href=\"\/tratamientos\/tratamientos-faciales\/radiofrecuencia\/\">Radiofrecuencia<\/a><\/strong><\/p>\n<p>Tratamiento que mediante un sofisticado sistema electr\u00f3nico logra&#8230;[\/vc_column_text][vc_empty_space height=&#8221;10px&#8221;][\/vc_column][\/vc_row]<\/p>\n<\/div>","protected":false},"excerpt":{"rendered":"<p>[vc_row css_animation=&#8221;&#8221; row_type=&#8221;row&#8221; use_row_as_full_screen_section=&#8221;no&#8221; type=&#8221;full_width&#8221; angled_section=&#8221;no&#8221; text_align=&#8221;left&#8221; background_image_as_pattern=&#8221;without_pattern&#8221;][vc_column][vc_column_text] Para el lujo supremo nada m\u00e1s exquisito que los tratamientos faciales de natura biss\u00e9 [\/vc_column_text][vc_empty_space height=&#8221;20px&#8221;][\/vc_column][\/vc_row][vc_row css_animation=&#8221;&#8221; row_type=&#8221;row&#8221; use_row_as_full_screen_section=&#8221;no&#8221; type=&#8221;full_width&#8221; angled_section=&#8221;no&#8221; text_align=&#8221;left&#8221; background_image_as_pattern=&#8221;without_pattern&#8221;][vc_column width=&#8221;2\/3&#8243;][vc_gallery interval=&#8221;3&#8243; images=&#8221;4043,4044,4045&#8243; img_size=&#8221;full&#8221; onclick=&#8221;img_link_large&#8221; custom_links_target=&#8221;_blank&#8221;][\/vc_column][vc_column width=&#8221;1\/3&#8243;][vc_column_text]El secreto de un buen resultado de un&#8230;<\/p>\n","protected":false},"author":12,"featured_media":0,"parent":2141,"menu_order":0,"comment_status":"closed","ping_status":"closed","template":"","meta":{"footnotes":""},"class_list":["post-2174","page","type-page","status-publish","hentry"],"_links":{"self":[{"href":"https:\/\/blog.cofan.es\/esteticabelenalberca\/wp-json\/wp\/v2\/pages\/2174","targetHints":{"allow":["GET"]}}],"collection":[{"href":"https:\/\/blog.cofan.es\/esteticabelenalberca\/wp-json\/wp\/v2\/pages"}],"about":[{"href":"https:\/\/blog.cofan.es\/esteticabelenalberca\/wp-json\/wp\/v2\/types\/page"}],"author":[{"embeddable":true,"href":"https:\/\/blog.cofan.es\/esteticabelenalberca\/wp-json\/wp\/v2\/users\/12"}],"replies":[{"embeddable":true,"href":"https:\/\/blog.cofan.es\/esteticabelenalberca\/wp-json\/wp\/v2\/comments?post=2174"}],"version-history":[{"count":15,"href":"https:\/\/blog.cofan.es\/esteticabelenalberca\/wp-json\/wp\/v2\/pages\/2174\/revisions"}],"predecessor-version":[{"id":3216,"href":"https:\/\/blog.cofan.es\/esteticabelenalberca\/wp-json\/wp\/v2\/pages\/2174\/revisions\/3216"}],"up":[{"embeddable":true,"href":"https:\/\/blog.cofan.es\/esteticabelenalberca\/wp-json\/wp\/v2\/pages\/2141"}],"wp:attachment":[{"href":"https:\/\/blog.cofan.es\/esteticabelenalberca\/wp-json\/wp\/v2\/media?parent=2174"}],"curies":[{"name":"wp","href":"https:\/\/api.w.org\/{rel}","templated":true}]}}