{"id":2172,"date":"2014-12-22T07:58:48","date_gmt":"2014-12-22T07:58:48","guid":{"rendered":"http:\/\/blog.cofan.es\/esteticabelenalberca-es\/?page_id=2172"},"modified":"2022-12-27T16:25:02","modified_gmt":"2022-12-27T16:25:02","slug":"tratamientos-corporales","status":"publish","type":"page","link":"https:\/\/blog.cofan.es\/esteticabelenalberca\/tratamientos\/tratamientos-corporales\/","title":{"rendered":"Tratamientos Corporales"},"content":{"rendered":"<div class=\"wpb-content-wrapper\"><p>[vc_row css_animation=&#8221;&#8221; row_type=&#8221;row&#8221; use_row_as_full_screen_section=&#8221;no&#8221; type=&#8221;full_width&#8221; angled_section=&#8221;no&#8221; text_align=&#8221;left&#8221; background_image_as_pattern=&#8221;without_pattern&#8221;][vc_column][vc_column_text]<\/p>\n<h4>SABEMOS DE LA IMPORTANCIA DE SENTIRSE GUAPA Y SEGURA DE S\u00cd MISMA<\/h4>\n<hr \/>\n<p>[\/vc_column_text][vc_empty_space height=&#8221;5px&#8221;][\/vc_column][\/vc_row][vc_row css_animation=&#8221;&#8221; row_type=&#8221;row&#8221; use_row_as_full_screen_section=&#8221;no&#8221; type=&#8221;full_width&#8221; angled_section=&#8221;no&#8221; text_align=&#8221;left&#8221; background_image_as_pattern=&#8221;without_pattern&#8221; css=&#8221;.vc_custom_1484123034289{margin-top: 30px !important;margin-bottom: 30px !important;}&#8221;][vc_column][vc_column_text]Nuestros tratamientos son la soluci\u00f3n a las distintas necesidades de la piel a trav\u00e9s de las herramientas m\u00e1s adecuadas y siempre desde el punto de vista de la excelencia.<\/p>\n<p>&nbsp;<\/p>\n<p>Nuestro objetivo es ofrecer la eficiencia de las mejores t\u00e9cnicas m\u00e9dico-est\u00e9ticas, y el bienestar de las experiencias de un <strong><em>SPA URBANO<\/em><\/strong>.[\/vc_column_text][vc_empty_space height=&#8221;10px&#8221;][\/vc_column][\/vc_row][vc_row css_animation=&#8221;&#8221; row_type=&#8221;row&#8221; use_row_as_full_screen_section=&#8221;no&#8221; type=&#8221;full_width&#8221; angled_section=&#8221;no&#8221; text_align=&#8221;left&#8221; background_image_as_pattern=&#8221;without_pattern&#8221;][vc_column width=&#8221;1\/4&#8243;][vc_column_text]<a href=\"https:\/\/www.esteticabelenalberca.es\/zionic-la-combinacion-de-tratamientos-esteticos-definitiva\/\"><img loading=\"lazy\" decoding=\"async\" class=\"img-border aligncenter wp-image-3875 size-full\" src=\"https:\/\/blog.cofan.es\/esteticabelenalberca\/wp-content\/uploads\/sites\/120\/2022\/12\/fondo-zionic-min.jpg\" alt=\"\" width=\"262\" height=\"140\" \/><\/a><\/p>\n<p>&nbsp;<\/p>\n<h4><strong><a href=\"https:\/\/www.esteticabelenalberca.es\/zionic-la-combinacion-de-tratamientos-esteticos-definitiva\/\">Zionic<\/a><\/strong><\/h4>\n<p>&nbsp;<\/p>\n<p>Sistema que combina las tecnolog\u00edas avanzadas de radiofrecuencia resistiva y masaje activo rotacional profundo[\/vc_column_text][vc_empty_space height=&#8221;10px&#8221;]<a  itemprop=\"url\" href=\"https:\/\/www.esteticabelenalberca.es\/zionic-la-combinacion-de-tratamientos-esteticos-definitiva\/\" target=\"_self\"  class=\"qbutton  center default\" style=\"\">Leer m\u00e1s<\/a>[\/vc_column][vc_column width=&#8221;1\/4&#8243;][vc_column_text]<a href=\"\/tratamientos\/tratamientos-corporales\/maxi-firm-body-citric\/\"><img loading=\"lazy\" decoding=\"async\" class=\"img-border aligncenter wp-image-3175 size-full\" src=\"\/wp-content\/uploads\/sites\/120\/2014\/12\/maxi-firm-body-citric.jpg\" alt=\"maxi-firm-body-citric\" width=\"262\" height=\"140\" \/><\/a><\/p>\n<p>&nbsp;<\/p>\n<h4><strong><a href=\"\/tratamientos\/tratamientos-corporales\/maxi-firm-body-citric\/\">Maxi-Firm Body Citric<\/a><\/strong><\/h4>\n<p>&nbsp;<\/p>\n<p>Efectivo protocolo indicado para recuperar la firmeza y definici\u00f3n de las zonas m\u00e1s delicadas y afectadas por la flacidez\u2026[\/vc_column_text][vc_empty_space height=&#8221;10px&#8221;]<a  itemprop=\"url\" href=\"\/tratamientos\/tratamientos-corporales\/maxi-firm-body-citric\/\" target=\"_self\"  class=\"qbutton  center default\" style=\"\">Leer m\u00e1s<\/a>[\/vc_column][vc_column width=&#8221;1\/4&#8243;][vc_column_text]<a href=\"\/tratamientos\/tratamientos-corporales\/o2-body-perfection\/\"><img loading=\"lazy\" decoding=\"async\" class=\"img-border aligncenter wp-image-3176 size-full\" src=\"\/wp-content\/uploads\/sites\/120\/2014\/12\/o2-body-perfection.jpg\" alt=\"o2-body-perfection\" width=\"262\" height=\"140\" \/><\/a><\/p>\n<p>&nbsp;<\/p>\n<h4><strong><a href=\"\/tratamientos\/tratamientos-corporales\/o2-body-perfection\/\">O2 Body Perfection<\/a><\/strong><\/h4>\n<p>&nbsp;<\/p>\n<p>Tratamiento corporal de acci\u00f3n hidratante, nutritiva y tonificante que envuelve tu cuerpo en una fresca fragancia frutal.[\/vc_column_text][vc_empty_space height=&#8221;10px&#8221;]<a  itemprop=\"url\" href=\"\/tratamientos\/tratamientos-corporales\/o2-body-perfection\/\" target=\"_self\"  class=\"qbutton  center default\" style=\"\">Leer m\u00e1s<\/a>[\/vc_column][vc_column width=&#8221;1\/4&#8243;][vc_column_text]<a href=\"\/tratamientos\/tratamientos-corporales\/meso-sculpting\/\"><img loading=\"lazy\" decoding=\"async\" class=\"img-border aligncenter wp-image-3177 size-full\" src=\"\/wp-content\/uploads\/sites\/120\/2014\/12\/meso-sculpting.jpg\" alt=\"meso-sculpting\" width=\"262\" height=\"140\" \/><\/a><\/p>\n<p>&nbsp;<\/p>\n<h4><strong><a href=\"\/tratamientos\/tratamientos-corporales\/meso-sculpting\/\">Meso Sculpting<\/a><\/strong><\/h4>\n<p>&nbsp;<\/p>\n<p>Cuida tu piel para lucir un cuerpo perfecto. Eliminar y prevenir celulitis y grasa localizada ya es un objetivo alcanzable.[\/vc_column_text][vc_empty_space height=&#8221;10px&#8221;]<a  itemprop=\"url\" href=\"\/tratamientos\/tratamientos-corporales\/meso-sculpting\/\" target=\"_self\"  class=\"qbutton  center default\" style=\"\">Leer m\u00e1s<\/a>[\/vc_column][\/vc_row][vc_row css_animation=&#8221;&#8221; row_type=&#8221;row&#8221; use_row_as_full_screen_section=&#8221;no&#8221; type=&#8221;full_width&#8221; angled_section=&#8221;no&#8221; text_align=&#8221;left&#8221; background_image_as_pattern=&#8221;without_pattern&#8221; css=&#8221;.vc_custom_1484123524998{margin-top: 30px !important;margin-bottom: 30px !important;}&#8221;][vc_column width=&#8221;1\/4&#8243;][vc_column_text]<a href=\"\/tratamientos\/tratamientos-corporales\/bamboo-scrub\/\"><img loading=\"lazy\" decoding=\"async\" class=\"img-border aligncenter wp-image-3178 size-full\" src=\"\/wp-content\/uploads\/sites\/120\/2014\/12\/bamboo_scrub_thumb.jpg\" alt=\"bamboo_scrub_thumb\" width=\"262\" height=\"140\" \/><\/a><\/p>\n<p>&nbsp;<\/p>\n<h4><strong><a href=\"\/tratamientos\/tratamientos-corporales\/bamboo-scrub\/\">Bamboo Scrub<\/a><\/strong><\/h4>\n<p>&nbsp;<\/p>\n<p>Exquisito ritual para aquellas pieles que precisan despojarse de toxinas y c\u00e9lulas muertas.[\/vc_column_text][vc_empty_space height=&#8221;10px&#8221;]<a  itemprop=\"url\" href=\"\/tratamientos\/tratamientos-corporales\/bamboo-scrub\/\" target=\"_self\"  class=\"qbutton  center default\" style=\"\">Leer m\u00e1s<\/a>[\/vc_column][vc_column width=&#8221;1\/4&#8243;][vc_column_text]<a href=\"\/tratamientos\/tratamientos-corporales\/cavitacion\/\"><img loading=\"lazy\" decoding=\"async\" class=\"img-border aligncenter wp-image-3179 size-full\" src=\"\/wp-content\/uploads\/sites\/120\/2014\/12\/cavitacion.jpg\" alt=\"cavitacion\" width=\"262\" height=\"140\" \/><\/a><\/p>\n<p>&nbsp;<\/p>\n<h4><strong><a href=\"\/tratamientos\/tratamientos-corporales\/cavitacion\/\">Cavitaci\u00f3n<\/a><\/strong><\/h4>\n<p>&nbsp;<\/p>\n<p>Tratamiento en el cual se generan de forma controlada peque\u00f1as burbujas, que acaban con las c\u00e9lulas grasas sin da\u00f1ar el sistema sangu\u00edneo.[\/vc_column_text][vc_empty_space height=&#8221;10px&#8221;]<a  itemprop=\"url\" href=\"\/tratamientos\/tratamientos-corporales\/cavitacion\/\" target=\"_self\"  class=\"qbutton  center default\" style=\"\">Leer m\u00e1s<\/a>[\/vc_column][vc_column width=&#8221;1\/4&#8243;][vc_column_text]<a href=\"https:\/\/www.esteticabelenalberca.es\/tratamientos\/tratamientos-corporales\/presoterapia\/\"><img loading=\"lazy\" decoding=\"async\" class=\"img-border aligncenter wp-image-3907 size-full\" src=\"https:\/\/blog.cofan.es\/esteticabelenalberca\/wp-content\/uploads\/sites\/120\/2022\/12\/presoterapia-4-262-140.jpg\" alt=\"\" width=\"262\" height=\"140\" \/><\/a><\/p>\n<p>&nbsp;<\/p>\n<h4><strong><a href=\"\/tratamientos\/tratamientos-corporales\/presoterapia\/\">Presoterapia<\/a><\/strong><\/h4>\n<p>&nbsp;<\/p>\n<p>La presoterapia es un tratamiento corporal que se utiliza normalmente para reducir o eliminar la celulitis ofreciendo resultados inmediatos.[\/vc_column_text][vc_empty_space height=&#8221;10px&#8221;]<a  itemprop=\"url\" href=\"\/tratamientos\/tratamientos-corporales\/presoterapia\/\" target=\"_self\"  class=\"qbutton  center default\" style=\"\">Leer m\u00e1s<\/a>[\/vc_column][vc_column width=&#8221;1\/4&#8243;][vc_column_text]<a href=\"\/tratamientos\/tratamientos-corporales\/criolipolisis\/\"><img loading=\"lazy\" decoding=\"async\" class=\"img-border aligncenter wp-image-3181 size-full\" src=\"\/wp-content\/uploads\/sites\/120\/2014\/12\/criolipolisis.jpg\" alt=\"criolipolisis\" width=\"262\" height=\"140\" \/><\/a><\/p>\n<p>&nbsp;<\/p>\n<h4><strong><a href=\"\/tratamientos\/tratamientos-corporales\/criolipolisis\/\">Criolipolisis<\/a><\/strong><\/h4>\n<p>&nbsp;<\/p>\n<p>Innovador tratamiento originario de Estados Unidos que ha sido desarrollado en el hospital General de Massachussets en Boston, de EEUU.[\/vc_column_text][vc_empty_space height=&#8221;10px&#8221;]<a  itemprop=\"url\" href=\"\/tratamientos\/tratamientos-corporales\/criolipolisis\/\" target=\"_self\"  class=\"qbutton  center default\" style=\"\">Leer m\u00e1s<\/a>[\/vc_column][\/vc_row]<\/p>\n<\/div>","protected":false},"excerpt":{"rendered":"<p>[vc_row css_animation=&#8221;&#8221; row_type=&#8221;row&#8221; use_row_as_full_screen_section=&#8221;no&#8221; type=&#8221;full_width&#8221; angled_section=&#8221;no&#8221; text_align=&#8221;left&#8221; background_image_as_pattern=&#8221;without_pattern&#8221;][vc_column][vc_column_text] SABEMOS DE LA IMPORTANCIA DE SENTIRSE GUAPA Y SEGURA DE S\u00cd MISMA [\/vc_column_text][vc_empty_space height=&#8221;5px&#8221;][\/vc_column][\/vc_row][vc_row css_animation=&#8221;&#8221; row_type=&#8221;row&#8221; use_row_as_full_screen_section=&#8221;no&#8221; type=&#8221;full_width&#8221; angled_section=&#8221;no&#8221; text_align=&#8221;left&#8221; background_image_as_pattern=&#8221;without_pattern&#8221; css=&#8221;.vc_custom_1484123034289{margin-top: 30px !important;margin-bottom: 30px !important;}&#8221;][vc_column][vc_column_text]Nuestros tratamientos son la soluci\u00f3n a las distintas necesidades de la piel&#8230;<\/p>\n","protected":false},"author":11,"featured_media":0,"parent":2141,"menu_order":0,"comment_status":"closed","ping_status":"closed","template":"","meta":{"footnotes":""},"class_list":["post-2172","page","type-page","status-publish","hentry"],"_links":{"self":[{"href":"https:\/\/blog.cofan.es\/esteticabelenalberca\/wp-json\/wp\/v2\/pages\/2172","targetHints":{"allow":["GET"]}}],"collection":[{"href":"https:\/\/blog.cofan.es\/esteticabelenalberca\/wp-json\/wp\/v2\/pages"}],"about":[{"href":"https:\/\/blog.cofan.es\/esteticabelenalberca\/wp-json\/wp\/v2\/types\/page"}],"author":[{"embeddable":true,"href":"https:\/\/blog.cofan.es\/esteticabelenalberca\/wp-json\/wp\/v2\/users\/11"}],"replies":[{"embeddable":true,"href":"https:\/\/blog.cofan.es\/esteticabelenalberca\/wp-json\/wp\/v2\/comments?post=2172"}],"version-history":[{"count":14,"href":"https:\/\/blog.cofan.es\/esteticabelenalberca\/wp-json\/wp\/v2\/pages\/2172\/revisions"}],"predecessor-version":[{"id":3915,"href":"https:\/\/blog.cofan.es\/esteticabelenalberca\/wp-json\/wp\/v2\/pages\/2172\/revisions\/3915"}],"up":[{"embeddable":true,"href":"https:\/\/blog.cofan.es\/esteticabelenalberca\/wp-json\/wp\/v2\/pages\/2141"}],"wp:attachment":[{"href":"https:\/\/blog.cofan.es\/esteticabelenalberca\/wp-json\/wp\/v2\/media?parent=2172"}],"curies":[{"name":"wp","href":"https:\/\/api.w.org\/{rel}","templated":true}]}}