{"id":203,"date":"2011-09-14T09:45:02","date_gmt":"2011-09-14T09:45:02","guid":{"rendered":"http:\/\/192.168.9.29\/Development\/TB\/?page_id=203"},"modified":"2025-06-13T12:51:06","modified_gmt":"2025-06-13T12:51:06","slug":"inicio","status":"publish","type":"page","link":"https:\/\/blog.cofan.es\/esteticabelenalberca\/","title":{"rendered":"Inicio"},"content":{"rendered":"<div class=\"wpb-content-wrapper\"><p>[vc_row css_animation=&#8221;&#8221; row_type=&#8221;row&#8221; use_row_as_full_screen_section=&#8221;no&#8221; type=&#8221;grid&#8221; angled_section=&#8221;no&#8221; text_align=&#8221;left&#8221; background_image_as_pattern=&#8221;without_pattern&#8221; bg_repeat=&#8221;repeat&#8221; top_padding=&#8221;20&#8243; bottom_padding=&#8221;20&#8243; class=&#8221;capa-slider&#8221; z_index=&#8221;&#8221;][vc_column width=&#8221;3\/4&#8243;][rev_slider_vc alias=&#8221;slider1&#8243;][\/vc_column][vc_column width=&#8221;1\/4&#8243;][vc_empty_space height=&#8221;20px&#8221;][vc_row_inner row_type=&#8221;row&#8221; type=&#8221;full_width&#8221; text_align=&#8221;left&#8221; css_animation=&#8221;&#8221; css=&#8221;.vc_custom_1672217707412{border: 6px double #805801 !important;}&#8221;][vc_column_inner][vc_empty_space height=&#8221;15px&#8221;][vc_column_text]<\/p>\n<h3 style=\"text-align: center;\"><span style=\"color: #805801;\"><a style=\"color: #805801;\" href=\"\/tratamientos\/maquillaje\/\">SERVICIOS PARA BODAS<\/a><\/span><\/h3>\n<p><a href=\"\/tratamientos\/maquillaje\/\"><img loading=\"lazy\" decoding=\"async\" class=\"size-full wp-image-3058 aligncenter\" src=\"\/wp-content\/uploads\/sites\/120\/2011\/09\/arrow.png\" alt=\"arrow\" width=\"27\" height=\"28\" \/><\/a>[\/vc_column_text][vc_empty_space height=&#8221;15px&#8221;][\/vc_column_inner][\/vc_row_inner][vc_empty_space height=&#8221;10px&#8221;][vc_row_inner row_type=&#8221;row&#8221; type=&#8221;full_width&#8221; text_align=&#8221;left&#8221; css_animation=&#8221;&#8221; css=&#8221;.vc_custom_1672217743085{border: 6px double #805801 !important;}&#8221;][vc_column_inner][vc_empty_space height=&#8221;15px&#8221;][vc_column_text]<\/p>\n<h3 style=\"text-align: center;\"><span style=\"color: #805801;\"><a style=\"color: #805801;\" href=\"\/tratamientos\/maquillaje\/talleres-de-automaquillaje\/\">MAKEUP PARTY&#8217;S<\/a><\/span><\/h3>\n<p><a href=\"\/tratamientos\/maquillaje\/talleres-de-automaquillaje\/\"><img loading=\"lazy\" decoding=\"async\" class=\"size-full wp-image-3058 aligncenter\" src=\"\/wp-content\/uploads\/sites\/120\/2011\/09\/arrow.png\" alt=\"arrow\" width=\"27\" height=\"28\" \/><\/a>[\/vc_column_text][vc_empty_space height=&#8221;15px&#8221;][\/vc_column_inner][\/vc_row_inner][vc_empty_space height=&#8221;10px&#8221;][vc_row_inner row_type=&#8221;row&#8221; type=&#8221;full_width&#8221; text_align=&#8221;left&#8221; css_animation=&#8221;&#8221; css=&#8221;.vc_custom_1672217765132{border: 6px double #805801 !important;}&#8221;][vc_column_inner][vc_empty_space height=&#8221;15px&#8221;][vc_column_text]<\/p>\n<h3 style=\"text-align: center;\"><span style=\"color: #805801;\"><a style=\"color: #805801;\" href=\"https:\/\/wa.me\/34638738122\">PIDE TU CITA<\/a><\/span><\/h3>\n<p><a href=\"https:\/\/wa.me\/34638738122\"><img loading=\"lazy\" decoding=\"async\" class=\"aligncenter wp-image-3058 size-full\" src=\"https:\/\/blog.cofan.es\/esteticabelenalberca\/wp-content\/uploads\/sites\/120\/2011\/09\/arrow.png\" alt=\"arrow\" width=\"27\" height=\"28\" \/><\/a>[\/vc_column_text][vc_empty_space height=&#8221;15px&#8221;][\/vc_column_inner][\/vc_row_inner][\/vc_column][\/vc_row][vc_row css_animation=&#8221;&#8221; row_type=&#8221;row&#8221; use_row_as_full_screen_section=&#8221;no&#8221; type=&#8221;grid&#8221; in_content_menu=&#8221;in_content_menu&#8221; content_menu_icon=&#8221;&#8221; angled_section=&#8221;no&#8221; text_align=&#8221;left&#8221; background_image_as_pattern=&#8221;without_pattern&#8221; bg_repeat=&#8221;repeat&#8221; top_padding=&#8221;20&#8243; bottom_padding=&#8221;20&#8243; class=&#8221;capa-enlaces-index&#8221; css=&#8221;.vc_custom_1484065272375{padding-top: 30px !important;padding-bottom: 30px !important;background: #f6e4d8 url(\/wp-content\/uploads\/sites\/120\/2011\/09\/bg-middle-cnf-2.png?id=3065) !important;}&#8221;][vc_column width=&#8221;1\/3&#8243;][vc_row_inner row_type=&#8221;row&#8221; type=&#8221;full_width&#8221; text_align=&#8221;left&#8221; css_animation=&#8221;&#8221;][vc_column_inner width=&#8221;1\/4&#8243;][vc_column_text]<img loading=\"lazy\" decoding=\"async\" class=\"size-full wp-image-3069 aligncenter\" src=\"\/wp-content\/uploads\/sites\/120\/2011\/09\/icon1.png\" alt=\"icon1\" width=\"63\" height=\"61\" srcset=\"https:\/\/blog.cofan.es\/esteticabelenalberca\/wp-content\/uploads\/sites\/120\/2011\/09\/icon1.png 63w, https:\/\/blog.cofan.es\/esteticabelenalberca\/wp-content\/uploads\/sites\/120\/2011\/09\/icon1-36x36.png 36w\" sizes=\"auto, (max-width: 63px) 100vw, 63px\" \/>[\/vc_column_text][\/vc_column_inner][vc_column_inner width=&#8221;3\/4&#8243;][vc_column_text]<\/p>\n<h2><span style=\"color: #000000;\">Depilaci\u00f3n Luz Pulsada<\/span><\/h2>\n<p><span style=\"font-size: 12px;\">Depilaci\u00f3n Luz Pulsada (Tecnolog\u00eda IPL)<\/span><\/p>\n<p><strong><span style=\"color: #7d3e2c;\"><a style=\"color: #7d3e2c; font-size: 11px;\" href=\"\/tratamientos\/depilacion\/\">LEER M\u00c1S<\/a><\/span><\/strong>[\/vc_column_text][\/vc_column_inner][\/vc_row_inner][\/vc_column][vc_column width=&#8221;1\/3&#8243;][vc_row_inner row_type=&#8221;row&#8221; type=&#8221;full_width&#8221; text_align=&#8221;left&#8221; css_animation=&#8221;&#8221;][vc_column_inner width=&#8221;1\/4&#8243;][vc_column_text]<img loading=\"lazy\" decoding=\"async\" class=\"size-full wp-image-3075 aligncenter\" src=\"\/wp-content\/uploads\/sites\/120\/2011\/09\/icon2.png\" alt=\"icon2\" width=\"62\" height=\"62\" srcset=\"https:\/\/blog.cofan.es\/esteticabelenalberca\/wp-content\/uploads\/sites\/120\/2011\/09\/icon2.png 62w, https:\/\/blog.cofan.es\/esteticabelenalberca\/wp-content\/uploads\/sites\/120\/2011\/09\/icon2-36x36.png 36w\" sizes=\"auto, (max-width: 62px) 100vw, 62px\" \/>[\/vc_column_text][\/vc_column_inner][vc_column_inner width=&#8221;3\/4&#8243;][vc_column_text]<\/p>\n<h2><span style=\"color: #000000;\">Book De Maquillaje<\/span><\/h2>\n<p><span style=\"font-size: 12px;\">Book de maquillaje m\u00e1s book fotogr\u00e1fico<\/span><\/p>\n<p><span style=\"color: #7d3e2c;\"><strong><span style=\"font-size: 11px;\"><a style=\"color: #7d3e2c;\" href=\"\/tratamientos\/maquillaje\/\">LEER M\u00c1S<\/a><\/span><\/strong><\/span>[\/vc_column_text][\/vc_column_inner][\/vc_row_inner][\/vc_column][vc_column width=&#8221;1\/3&#8243;][vc_row_inner row_type=&#8221;row&#8221; type=&#8221;full_width&#8221; text_align=&#8221;left&#8221; css_animation=&#8221;&#8221;][vc_column_inner width=&#8221;1\/4&#8243;][vc_column_text]<img loading=\"lazy\" decoding=\"async\" class=\"size-full wp-image-3076 aligncenter\" src=\"\/wp-content\/uploads\/sites\/120\/2011\/09\/icon3.png\" alt=\"icon3\" width=\"62\" height=\"62\" srcset=\"https:\/\/blog.cofan.es\/esteticabelenalberca\/wp-content\/uploads\/sites\/120\/2011\/09\/icon3.png 62w, https:\/\/blog.cofan.es\/esteticabelenalberca\/wp-content\/uploads\/sites\/120\/2011\/09\/icon3-36x36.png 36w\" sizes=\"auto, (max-width: 62px) 100vw, 62px\" \/>[\/vc_column_text][\/vc_column_inner][vc_column_inner width=&#8221;3\/4&#8243;][vc_column_text]<\/p>\n<h2><span style=\"color: #000000;\">Talleres De Automaquillaje<\/span><\/h2>\n<p><span style=\"font-size: 12px;\">Todo a vuestro gusto<\/span><\/p>\n<p><strong><span style=\"color: #7d3e2c; font-size: 11px;\"><a style=\"color: #7d3e2c;\" href=\"\/tratamientos\/maquillaje\/talleres-de-automaquillaje\/\">LEER M\u00c1S<\/a><\/span><\/strong>[\/vc_column_text][\/vc_column_inner][\/vc_row_inner][\/vc_column][\/vc_row][vc_row css_animation=&#8221;&#8221; row_type=&#8221;row&#8221; use_row_as_full_screen_section=&#8221;no&#8221; type=&#8221;grid&#8221; angled_section=&#8221;no&#8221; text_align=&#8221;left&#8221; background_image_as_pattern=&#8221;without_pattern&#8221; top_padding=&#8221;20&#8243; bottom_padding=&#8221;20&#8243; class=&#8221;float-width&#8221; css=&#8221;.vc_custom_1484065351624{margin-top: 30px !important;}&#8221;][vc_column][vc_column_text]<\/p>\n<h1 style=\"font: bold italic 30px Open Sans !important;\">\u00a1Bienvenidos a Centro de Est\u00e9tica Bel\u00e9n Alberca!<\/h1>\n<hr \/>\n<p>[\/vc_column_text][\/vc_column][\/vc_row][vc_row css_animation=&#8221;&#8221; row_type=&#8221;row&#8221; use_row_as_full_screen_section=&#8221;no&#8221; type=&#8221;grid&#8221; angled_section=&#8221;no&#8221; text_align=&#8221;left&#8221; background_image_as_pattern=&#8221;without_pattern&#8221; top_padding=&#8221;20&#8243; bottom_padding=&#8221;20&#8243; class=&#8221;float-width&#8221;][vc_column width=&#8221;5\/6&#8243; css=&#8221;.vc_custom_1484065853652{margin-top: 30px !important;margin-bottom: 30px !important;}&#8221;][vc_column_text]Centro de Est\u00e9tica Bel\u00e9n Alberca dispone de los \u00faltimos avances tecnol\u00f3gicos en tratamientos m\u00e9dicos y est\u00e9ticos, garantizando profesionalidad y calidad en la ejecuci\u00f3n de los mismos, gracias a la continua formaci\u00f3n del personal que realiza dichos tratamientos y a la calidad de los productos utilizados en los mismos (Natura, Bisse, Alquimia).<\/p>\n<p>Desde el primer momento, nuestro prop\u00f3sito ha sido innovar en el \u00e1mbito del cuidado de la piel, aport\u00e1ndoles a nuestros clientes un amplio abanico de posibilidades donde elegir, haciendo que cada tratamiento sea espec\u00edfico y personalizado.[\/vc_column_text][\/vc_column][vc_column width=&#8221;1\/6&#8243; css=&#8221;.vc_custom_1484065865974{margin-top: 30px !important;margin-bottom: 30px !important;}&#8221;][vc_empty_space height=&#8221;40px&#8221;]<a  itemprop=\"url\" href=\"\/empresa\/quienes-somos\/\" target=\"_self\"  class=\"qbutton  center default\" style=\"\">CON\u00d3CENOS<\/a>[vc_empty_space height=&#8221;10px&#8221;][\/vc_column][\/vc_row][vc_row css_animation=&#8221;&#8221; row_type=&#8221;row&#8221; use_row_as_full_screen_section=&#8221;no&#8221; type=&#8221;grid&#8221; angled_section=&#8221;no&#8221; text_align=&#8221;left&#8221; background_image_as_pattern=&#8221;without_pattern&#8221; top_padding=&#8221;20&#8243; bottom_padding=&#8221;20&#8243; class=&#8221;float-width&#8221;][vc_column width=&#8221;1\/2&#8243;][vc_column_text]<\/p>\n<h4><strong>ZIONIC, LA COMBINACI\u00d3N DE TRATAMIENTOS EST\u00c9TICOS DEFINITIVA.<\/strong><\/h4>\n<hr \/>\n<p>[\/vc_column_text][vc_column_text css=&#8221;.vc_custom_1671612627534{margin-top: 30px !important;margin-bottom: 30px !important;}&#8221;]Sistema \u00fanico y el primer tratamiento que combina las tecnolog\u00edas avanzadas de radiofrecuencia resistiva (RF) y masaje activo rotacional profundo (MARP) en un mismo dispositivo.<\/p>\n<p>Consulta nuestra gran variedad de tratamientos[\/vc_column_text]<a  itemprop=\"url\" href=\"\/tratamientos\/\" target=\"_self\"  class=\"qbutton  center default\" style=\"\">Ver tratamientos<\/a>[vc_empty_space height=&#8221;10px&#8221;][\/vc_column][vc_column width=&#8221;1\/2&#8243;][vc_column_text]<a href=\"https:\/\/blog.cofan.es\/esteticabelenalberca\/wp-content\/uploads\/sites\/120\/2022\/12\/fondo-zionic.jpg\"><img loading=\"lazy\" decoding=\"async\" class=\"wp-image-3857 size-full aligncenter\" src=\"https:\/\/blog.cofan.es\/esteticabelenalberca\/wp-content\/uploads\/sites\/120\/2022\/12\/fondo-zionic.jpg\" alt=\"\" width=\"570\" height=\"275\" srcset=\"https:\/\/blog.cofan.es\/esteticabelenalberca\/wp-content\/uploads\/sites\/120\/2022\/12\/fondo-zionic.jpg 570w, https:\/\/blog.cofan.es\/esteticabelenalberca\/wp-content\/uploads\/sites\/120\/2022\/12\/fondo-zionic-300x145.jpg 300w\" sizes=\"auto, (max-width: 570px) 100vw, 570px\" \/><\/a>[\/vc_column_text][\/vc_column][\/vc_row][vc_row css_animation=&#8221;&#8221; row_type=&#8221;row&#8221; use_row_as_full_screen_section=&#8221;no&#8221; type=&#8221;grid&#8221; angled_section=&#8221;no&#8221; text_align=&#8221;left&#8221; background_image_as_pattern=&#8221;without_pattern&#8221; css=&#8221;.vc_custom_1680183806849{background-image: url(https:\/\/blog.cofan.es\/esteticabelenalberca\/wp-content\/uploads\/sites\/120\/2023\/03\/DSC_8411.jpg?id=4025) !important;}&#8221; z_index=&#8221;&#8221;][vc_column][vc_empty_space height=&#8221;50px&#8221;][vc_row_inner row_type=&#8221;row&#8221; type=&#8221;full_width&#8221; text_align=&#8221;left&#8221; css_animation=&#8221;&#8221; css=&#8221;.vc_custom_1680183851696{background-color: #ffffff !important;}&#8221;][vc_column_inner width=&#8221;1\/2&#8243;][vc_empty_space height=&#8221;50px&#8221;][vc_column_text]<\/p>\n<h4><span style=\"color: #333333;\">Servicios para bodas<\/span><\/h4>\n<hr \/>\n<p>[\/vc_column_text][\/vc_column_inner][vc_column_inner width=&#8221;1\/2&#8243;][vc_empty_space height=&#8221;50px&#8221;][vc_column_text]<\/p>\n<h4>Talleres de Automaquillaje<\/h4>\n<hr \/>\n<p>[\/vc_column_text][\/vc_column_inner][\/vc_row_inner][vc_row_inner row_type=&#8221;row&#8221; type=&#8221;full_width&#8221; text_align=&#8221;left&#8221; css_animation=&#8221;&#8221; css=&#8221;.vc_custom_1680183833656{background-color: #ffffff !important;}&#8221;][vc_column_inner width=&#8221;1\/4&#8243;][vc_column_text]<img loading=\"lazy\" decoding=\"async\" class=\"img-border aligncenter wp-image-3095 size-full\" src=\"\/wp-content\/uploads\/sites\/120\/2011\/09\/novias.jpg\" alt=\"servicio-bodas-home\" width=\"270\" height=\"270\" \/>[\/vc_column_text][\/vc_column_inner][vc_column_inner width=&#8221;1\/4&#8243;][vc_column_text css=&#8221;.vc_custom_1484066414021{margin-top: 20px !important;margin-bottom: 10px !important;}&#8221;]<span style=\"color: #88cccb;\"><strong>Novias y Novios<\/strong><\/span><\/p>\n<p><span style=\"color: #8f9090;\"><strong>Invitadas e Invitados<\/strong><\/span>[\/vc_column_text][vc_column_text]Que el maquillaje de tu boda no sea tu preocupaci\u00f3n, desde EST\u00c9TICA BEL\u00c9N ALBERCA nos desplazamos hasta el lugar que nos indiqu\u00e9is (domicilio, hotel\u2026)[\/vc_column_text]<a  itemprop=\"url\" href=\"\/tratamientos\/maquillaje\/\" target=\"_self\"  class=\"qbutton  center default\" style=\"margin: 15px 0px 15px 0px; \">Leer m\u00e1s<\/a>[vc_empty_space height=&#8221;10px&#8221;][\/vc_column_inner][vc_column_inner width=&#8221;1\/4&#8243;][vc_column_text]<img loading=\"lazy\" decoding=\"async\" class=\"img-border aligncenter wp-image-3096 size-full\" src=\"\/wp-content\/uploads\/sites\/120\/2011\/09\/talleres-automaquillaje-home.jpg\" alt=\"talleres-automaquillaje-home\" width=\"270\" height=\"270\" srcset=\"https:\/\/blog.cofan.es\/esteticabelenalberca\/wp-content\/uploads\/sites\/120\/2011\/09\/talleres-automaquillaje-home.jpg 270w, https:\/\/blog.cofan.es\/esteticabelenalberca\/wp-content\/uploads\/sites\/120\/2011\/09\/talleres-automaquillaje-home-150x150.jpg 150w, https:\/\/blog.cofan.es\/esteticabelenalberca\/wp-content\/uploads\/sites\/120\/2011\/09\/talleres-automaquillaje-home-36x36.jpg 36w\" sizes=\"auto, (max-width: 270px) 100vw, 270px\" \/>[\/vc_column_text][\/vc_column_inner][vc_column_inner width=&#8221;1\/4&#8243;][vc_column_text css=&#8221;.vc_custom_1484066427026{margin-top: 20px !important;margin-bottom: 10px !important;}&#8221;]Aprender\u00e9is a maquillaros en un ambiente de diversi\u00f3n de una forma muy sencilla y f\u00e1cilmente, podr\u00e9is incluir lunch, sesi\u00f3n de photocall\u2026 todo a vuestro gusto.<\/p>\n<p>Fiestas, Eventos Especiales..<\/p>\n<p>Cumplea\u00f1os, despedida de soltera..[\/vc_column_text]<a  itemprop=\"url\" href=\"\/tratamientos\/maquillaje\/talleres-de-automaquillaje\/\" target=\"_self\"  class=\"qbutton  center default\" style=\"margin: 15px 0px 15px 0px; \">Leer m\u00e1s<\/a>[vc_empty_space height=&#8221;10px&#8221;][\/vc_column_inner][\/vc_row_inner][vc_row_inner row_type=&#8221;row&#8221; type=&#8221;full_width&#8221; text_align=&#8221;left&#8221; css_animation=&#8221;&#8221;][vc_column_inner][vc_empty_space height=&#8221;70px&#8221;][\/vc_column_inner][\/vc_row_inner][vc_row_inner row_type=&#8221;row&#8221; type=&#8221;full_width&#8221; text_align=&#8221;left&#8221; css_animation=&#8221;&#8221; css=&#8221;.vc_custom_1680185311424{padding-top: 25px !important;padding-bottom: 0px !important;background-color: #ffffff !important;}&#8221;][vc_column_inner width=&#8221;2\/3&#8243;][vc_column_text]<\/p>\n<h4><span style=\"color: #333333;\">Tratamientos corporales<\/span><\/h4>\n<hr \/>\n<p>[\/vc_column_text][vc_gallery interval=&#8221;3&#8243; images=&#8221;4029,4003,4034,3997&#8243; img_size=&#8221;full&#8221;][vc_empty_space height=&#8221;10px&#8221;][\/vc_column_inner][vc_column_inner width=&#8221;1\/3&#8243;][vc_empty_space][vc_column_text]<\/p>\n<h5><strong><a href=\"https:\/\/www.esteticabelenalberca.es\/zionic-la-combinacion-de-tratamientos-esteticos-definitiva\/\">Zionic<\/a><\/strong><\/h5>\n<p>&nbsp;<\/p>\n<h5><strong><a href=\"https:\/\/www.esteticabelenalberca.es\/tratamientos\/tratamientos-corporales\/presoterapia\/\">Presoterapia<\/a><\/strong><\/h5>\n<p>&nbsp;<\/p>\n<h5><strong><a href=\"https:\/\/www.esteticabelenalberca.es\/tratamientos\/tratamientos-corporales\/cavitacion\/\">Cavitaci\u00f3n<\/a><\/strong><\/h5>\n<p>&nbsp;<\/p>\n<h5><strong><a href=\"https:\/\/www.esteticabelenalberca.es\/tratamientos\/tratamientos-corporales\/criolipolisis\/\">Criolipolisis<\/a><\/strong><\/h5>\n<p>&nbsp;<\/p>\n<h5><strong><a href=\"https:\/\/www.esteticabelenalberca.es\/tratamientos\/tratamientos-corporales\/meso-sculpting\/\">Meso Sculpting<\/a><\/strong><\/h5>\n<p>[\/vc_column_text][vc_empty_space]<a  itemprop=\"url\" href=\"\/tratamientos\/tratamientos-corporales\/\" target=\"_self\"  class=\"qbutton  center default\" style=\"\">Ver m\u00e1s<\/a>[vc_empty_space][\/vc_column_inner][\/vc_row_inner][vc_empty_space height=&#8221;70px&#8221;][vc_row_inner row_type=&#8221;row&#8221; type=&#8221;full_width&#8221; text_align=&#8221;left&#8221; css_animation=&#8221;&#8221; css=&#8221;.vc_custom_1680185311424{padding-top: 25px !important;padding-bottom: 0px !important;background-color: #ffffff !important;}&#8221;][vc_column_inner width=&#8221;1\/3&#8243;][vc_empty_space][vc_column_text]<\/p>\n<h5><strong><a href=\"https:\/\/www.esteticabelenalberca.es\/tratamientos\/tratamientos-faciales\/radiofrecuencia\/\">Radiofrecuencia<\/a><\/strong><\/h5>\n<p>&nbsp;<\/p>\n<h5><strong><a href=\"https:\/\/www.esteticabelenalberca.es\/tratamientos\/tratamientos-faciales\/fotorejuvenecimiento-con-ipl\/\">Fotorejuvenecimiento con IPL<\/a><\/strong><\/h5>\n<p>&nbsp;<\/p>\n<h5><strong><a href=\"https:\/\/www.esteticabelenalberca.es\/tratamientos\/tratamientos-faciales\/carboxiterapia\/\">Carboxiterapia<\/a><\/strong><\/h5>\n<p>&nbsp;<\/p>\n<h5><strong><a href=\"https:\/\/www.esteticabelenalberca.es\/tratamientos\/tratamientos-faciales\/aqua-inmersion\/\">Aqua Inmersion<\/a><\/strong><\/h5>\n<p>&nbsp;<\/p>\n<h5><strong><a href=\"https:\/\/www.esteticabelenalberca.es\/tratamientos\/tratamientos-faciales\/diamond-life-infusion\/\">Diamond Life Infusion<\/a><\/strong><\/h5>\n<p>[\/vc_column_text][vc_empty_space]<a  itemprop=\"url\" href=\"\/tratamientos\/tratamientos-faciales\/\" target=\"_self\"  class=\"qbutton  center default\" style=\"\">Ver m\u00e1s<\/a>[vc_empty_space][\/vc_column_inner][vc_column_inner width=&#8221;2\/3&#8243;][vc_column_text]<\/p>\n<h4><span style=\"color: #333333;\">Tratamientos Faciales<\/span><\/h4>\n<hr \/>\n<p>[\/vc_column_text][vc_gallery interval=&#8221;5&#8243; images=&#8221;4039,3992,4040&#8243; img_size=&#8221;1920&#215;1080&#8243; onclick=&#8221;img_link_large&#8221; custom_links_target=&#8221;_blank&#8221;][vc_empty_space height=&#8221;10px&#8221;][\/vc_column_inner][\/vc_row_inner][vc_empty_space][\/vc_column][\/vc_row][vc_row css_animation=&#8221;&#8221; row_type=&#8221;row&#8221; use_row_as_full_screen_section=&#8221;no&#8221; type=&#8221;full_width&#8221; angled_section=&#8221;no&#8221; text_align=&#8221;left&#8221; background_image_as_pattern=&#8221;without_pattern&#8221; css=&#8221;.vc_custom_1637933448514{margin-top: 50px !important;margin-bottom: 50px !important;}&#8221; z_index=&#8221;&#8221;][vc_column width=&#8221;1\/4&#8243;][\/vc_column][vc_column width=&#8221;1\/2&#8243;][vc_row_inner row_type=&#8221;row&#8221; type=&#8221;full_width&#8221; text_align=&#8221;left&#8221; css_animation=&#8221;&#8221;][vc_column_inner css=&#8221;.vc_custom_1637933473129{margin-left: 30px !important;}&#8221;][vc_column_text css=&#8221;.vc_custom_1637933686899{padding-bottom: 30px !important;}&#8221;]<\/p>\n<h4 style=\"text-align: center;\">Empresa beneficiaria de las subvenciones de la Junta de Comunidades de Castilla-La Mancha:<\/h4>\n<p>[\/vc_column_text][\/vc_column_inner][\/vc_row_inner][vc_row_inner row_type=&#8221;row&#8221; type=&#8221;full_width&#8221; text_align=&#8221;left&#8221; css_animation=&#8221;&#8221;][vc_column_inner width=&#8221;1\/2&#8243;][vc_single_image image=&#8221;3841&#8243; img_size=&#8221;medium&#8221; alignment=&#8221;center&#8221; onclick=&#8221;custom_link&#8221; img_link_target=&#8221;_blank&#8221; qode_css_animation=&#8221;&#8221; link=&#8221;https:\/\/blog.cofan.es\/esteticabelenalberca\/wp-content\/uploads\/sites\/120\/2021\/11\/feder-inversion.pdf&#8221;][\/vc_column_inner][vc_column_inner width=&#8221;1\/2&#8243;][vc_single_image image=&#8221;4062&#8243; img_size=&#8221;medium&#8221; alignment=&#8221;center&#8221; onclick=&#8221;custom_link&#8221; css=&#8221;&#8221; qode_css_animation=&#8221;&#8221; link=&#8221;https:\/\/blog.cofan.es\/esteticabelenalberca\/wp-content\/uploads\/sites\/120\/2025\/06\/8_cartel_FIE.pdf&#8221;][\/vc_column_inner][\/vc_row_inner][\/vc_column][vc_column width=&#8221;1\/4&#8243;][\/vc_column][\/vc_row]<\/p>\n<\/div>","protected":false},"excerpt":{"rendered":"<p>[vc_row css_animation=&#8221;&#8221; row_type=&#8221;row&#8221; use_row_as_full_screen_section=&#8221;no&#8221; type=&#8221;grid&#8221; angled_section=&#8221;no&#8221; text_align=&#8221;left&#8221; background_image_as_pattern=&#8221;without_pattern&#8221; bg_repeat=&#8221;repeat&#8221; top_padding=&#8221;20&#8243; bottom_padding=&#8221;20&#8243; class=&#8221;capa-slider&#8221; z_index=&#8221;&#8221;][vc_column width=&#8221;3\/4&#8243;][rev_slider_vc alias=&#8221;slider1&#8243;][\/vc_column][vc_column width=&#8221;1\/4&#8243;][vc_empty_space height=&#8221;20px&#8221;][vc_row_inner row_type=&#8221;row&#8221; type=&#8221;full_width&#8221; text_align=&#8221;left&#8221; css_animation=&#8221;&#8221; css=&#8221;.vc_custom_1672217707412{border: 6px double #805801 !important;}&#8221;][vc_column_inner][vc_empty_space height=&#8221;15px&#8221;][vc_column_text] SERVICIOS PARA BODAS [\/vc_column_text][vc_empty_space height=&#8221;15px&#8221;][\/vc_column_inner][\/vc_row_inner][vc_empty_space height=&#8221;10px&#8221;][vc_row_inner row_type=&#8221;row&#8221; type=&#8221;full_width&#8221; text_align=&#8221;left&#8221; css_animation=&#8221;&#8221; css=&#8221;.vc_custom_1672217743085{border: 6px double #805801 !important;}&#8221;][vc_column_inner][vc_empty_space height=&#8221;15px&#8221;][vc_column_text] MAKEUP PARTY&#8217;S&#8230;<\/p>\n","protected":false},"author":12,"featured_media":0,"parent":0,"menu_order":0,"comment_status":"closed","ping_status":"closed","template":"full_width.php","meta":{"footnotes":""},"class_list":["post-203","page","type-page","status-publish","hentry"],"_links":{"self":[{"href":"https:\/\/blog.cofan.es\/esteticabelenalberca\/wp-json\/wp\/v2\/pages\/203","targetHints":{"allow":["GET"]}}],"collection":[{"href":"https:\/\/blog.cofan.es\/esteticabelenalberca\/wp-json\/wp\/v2\/pages"}],"about":[{"href":"https:\/\/blog.cofan.es\/esteticabelenalberca\/wp-json\/wp\/v2\/types\/page"}],"author":[{"embeddable":true,"href":"https:\/\/blog.cofan.es\/esteticabelenalberca\/wp-json\/wp\/v2\/users\/12"}],"replies":[{"embeddable":true,"href":"https:\/\/blog.cofan.es\/esteticabelenalberca\/wp-json\/wp\/v2\/comments?post=203"}],"version-history":[{"count":102,"href":"https:\/\/blog.cofan.es\/esteticabelenalberca\/wp-json\/wp\/v2\/pages\/203\/revisions"}],"predecessor-version":[{"id":4064,"href":"https:\/\/blog.cofan.es\/esteticabelenalberca\/wp-json\/wp\/v2\/pages\/203\/revisions\/4064"}],"wp:attachment":[{"href":"https:\/\/blog.cofan.es\/esteticabelenalberca\/wp-json\/wp\/v2\/media?parent=203"}],"curies":[{"name":"wp","href":"https:\/\/api.w.org\/{rel}","templated":true}]}}