{"id":103,"date":"2011-07-14T20:57:09","date_gmt":"2011-07-14T20:57:09","guid":{"rendered":"http:\/\/192.168.9.29\/Development\/TB\/?page_id=103"},"modified":"2017-01-11T09:21:52","modified_gmt":"2017-01-11T09:21:52","slug":"blog","status":"publish","type":"page","link":"https:\/\/blog.cofan.es\/esteticabelenalberca\/blog\/","title":{"rendered":"Blog"},"content":{"rendered":"<div class=\"wpb-content-wrapper\"><p>[vc_row css_animation=&#8221;&#8221; row_type=&#8221;row&#8221; use_row_as_full_screen_section=&#8221;no&#8221; type=&#8221;full_width&#8221; angled_section=&#8221;no&#8221; text_align=&#8221;left&#8221; background_image_as_pattern=&#8221;without_pattern&#8221;][vc_column]<div class='q_masonry_blog'><div class=\"q_masonry_blog_grid_sizer\"><\/div><div class=\"q_masonry_blog_grid_gutter\"><\/div><article class=\"post-3778 post type-post status-publish format-standard has-post-thumbnail hentry category-noticias tag-27abril tag-beautyloversday tag-diamondcollection tag-diamondwhitespf50 tag-limitededition tag-savethedate\"><div class=\"q_masonry_blog_post_image\"><a itemprop=\"url\" href=\"https:\/\/blog.cofan.es\/esteticabelenalberca\/2017\/04\/19\/beauty-lovers-day-2017\/\" target=\"_self\"><img decoding=\"async\" itemprop=\"image\" src=\"https:\/\/blog.cofan.es\/esteticabelenalberca\/wp-content\/uploads\/sites\/120\/2017\/04\/BeautyLoverDay1.jpg\" alt=\"\" \/><\/a><\/div><div class=\"q_masonry_blog_post_text\"><h5 itemprop=\"name\" class=\"q_masonry_blog_title entry_title\"><a itemprop=\"url\" href=\"https:\/\/blog.cofan.es\/esteticabelenalberca\/2017\/04\/19\/beauty-lovers-day-2017\/\">Beauty Lovers Day 2017<\/a><\/h5><p itemprop=\"description\" class=\"q_masonry_blog_excerpt\">[vc_row css_animation=&#8221;&#8221; row_type=&#8221;row&#8221; use_row_as_full_screen_section=&#8221;no&#8221; type=&#8221;full_width&#8221; angled_section=&#8221;no&#8221; text_align=&#8221;left&#8221; background_image_as_pattern=&#8221;without_pattern&#8221;][vc_column][vc_column_text]El 27 de abril celebraremos junto a #NaturaBiss\u00e9 #BeautyLoversDay. Ya nos hemos vestido de rojo para la ocasi\u00f3n. Y t\u00fa\u2026 \u00bfte lo vas a perder?[\/vc_column_text][vc_separator type=&#8221;normal&#8221; down=&#8221;15px&#8221;][\/vc_column][\/vc_row][vc_row css_animation=&#8221;&#8221; row_type=&#8221;row&#8221; use_row_as_full_screen_section=&#8221;no&#8221; type=&#8221;full_width&#8221; angled_section=&#8221;no&#8221; text_align=&#8221;left&#8221; background_image_as_pattern=&#8221;without_pattern&#8221;][vc_column][vc_gallery type=&#8221;image_grid&#8221; images=&#8221;3799,3800,3801,3802,3803,3804&#8243; img_size=&#8221;150&#215;150&#8243; column_number=&#8221;4&#8243;......<\/p><div class=\"q_masonry_blog_post_info\"><span itemprop=\"dateCreated\" class=\"time entry_date updated\">19 abril, 2017<meta itemprop=\"interactionCount\" content=\"UserComments:0\"\/><\/span> \/ <a itemprop=\"url\" class=\"post_comments\" href=\"https:\/\/blog.cofan.es\/esteticabelenalberca\/2017\/04\/19\/beauty-lovers-day-2017\/#respond\">No comment<\/a><\/div><\/div><\/article><article class=\"post-3690 post type-post status-publish format-standard has-post-thumbnail hentry category-sin-categoria\"><div class=\"q_masonry_blog_post_image\"><a itemprop=\"url\" href=\"https:\/\/blog.cofan.es\/esteticabelenalberca\/2016\/10\/26\/maquillaje-con-diana\/\" target=\"_self\"><img decoding=\"async\" itemprop=\"image\" src=\"https:\/\/blog.cofan.es\/esteticabelenalberca\/wp-content\/uploads\/sites\/120\/2016\/10\/DSC_1707-1.jpg\" alt=\"\" \/><\/a><\/div><div class=\"q_masonry_blog_post_text\"><h5 itemprop=\"name\" class=\"q_masonry_blog_title entry_title\"><a itemprop=\"url\" href=\"https:\/\/blog.cofan.es\/esteticabelenalberca\/2016\/10\/26\/maquillaje-con-diana\/\">MAQUILLAJE CON DIANA<\/a><\/h5><p itemprop=\"description\" class=\"q_masonry_blog_excerpt\">[vc_row css_animation=&#8221;&#8221; row_type=&#8221;row&#8221; use_row_as_full_screen_section=&#8221;no&#8221; type=&#8221;full_width&#8221; angled_section=&#8221;no&#8221; text_align=&#8221;left&#8221; background_image_as_pattern=&#8221;without_pattern&#8221;][vc_column][vc_gallery type=&#8221;image_grid&#8221; images=&#8221;3733,3734,3735,3736,3737,3738,3739,3740,3741,3742,3743&#8243; img_size=&#8221;120&#215;120&#8243; column_number=&#8221;5&#8243; grayscale=&#8221;no&#8221; images_space=&#8221;gallery_without_space&#8221;][\/vc_column][\/vc_row]...<\/p><div class=\"q_masonry_blog_post_info\"><span itemprop=\"dateCreated\" class=\"time entry_date updated\">26 octubre, 2016<meta itemprop=\"interactionCount\" content=\"UserComments:0\"\/><\/span> \/ <a itemprop=\"url\" class=\"post_comments\" href=\"https:\/\/blog.cofan.es\/esteticabelenalberca\/2016\/10\/26\/maquillaje-con-diana\/#respond\">No comment<\/a><\/div><\/div><\/article><article class=\"post-3647 post type-post status-publish format-standard has-post-thumbnail hentry category-sin-categoria\"><div class=\"q_masonry_blog_post_image\"><a itemprop=\"url\" href=\"https:\/\/blog.cofan.es\/esteticabelenalberca\/2016\/10\/21\/tendencias-de-maquillaje-2017-de-mari-flor\/\" target=\"_self\"><img decoding=\"async\" itemprop=\"image\" src=\"https:\/\/blog.cofan.es\/esteticabelenalberca\/wp-content\/uploads\/sites\/120\/2016\/10\/DSC_1555-1.jpg\" alt=\"\" \/><\/a><\/div><div class=\"q_masonry_blog_post_text\"><h5 itemprop=\"name\" class=\"q_masonry_blog_title entry_title\"><a itemprop=\"url\" href=\"https:\/\/blog.cofan.es\/esteticabelenalberca\/2016\/10\/21\/tendencias-de-maquillaje-2017-de-mari-flor\/\">TENDENCIAS DE MAQUILLAJE 2017 CON MARI FLOR<\/a><\/h5><p itemprop=\"description\" class=\"q_masonry_blog_excerpt\">[vc_row css_animation=&#8221;&#8221; row_type=&#8221;row&#8221; use_row_as_full_screen_section=&#8221;no&#8221; type=&#8221;full_width&#8221; angled_section=&#8221;no&#8221; text_align=&#8221;left&#8221; background_image_as_pattern=&#8221;without_pattern&#8221;][vc_column][\/vc_column][\/vc_row][vc_row css_animation=&#8221;&#8221; row_type=&#8221;row&#8221; use_row_as_full_screen_section=&#8221;no&#8221; type=&#8221;full_width&#8221; angled_section=&#8221;no&#8221; text_align=&#8221;left&#8221; background_image_as_pattern=&#8221;without_pattern&#8221;][vc_column][vc_gallery type=&#8221;image_grid&#8221; images=&#8221;3706,3707,3708,3709,3710,3711,3712,3713,3714,3715,3716,3717,3718,3719&#8243; img_size=&#8221;120&#215;120&#8243; column_number=&#8221;5&#8243; grayscale=&#8221;no&#8221; images_space=&#8221;gallery_without_space&#8221;][\/vc_column][\/vc_row]...<\/p><div class=\"q_masonry_blog_post_info\"><span itemprop=\"dateCreated\" class=\"time entry_date updated\">21 octubre, 2016<meta itemprop=\"interactionCount\" content=\"UserComments:0\"\/><\/span> \/ <a itemprop=\"url\" class=\"post_comments\" href=\"https:\/\/blog.cofan.es\/esteticabelenalberca\/2016\/10\/21\/tendencias-de-maquillaje-2017-de-mari-flor\/#respond\">No comment<\/a><\/div><\/div><\/article><article class=\"post-3609 post type-post status-publish format-standard has-post-thumbnail hentry category-sin-categoria\"><div class=\"q_masonry_blog_post_image\"><a itemprop=\"url\" href=\"https:\/\/blog.cofan.es\/esteticabelenalberca\/2016\/10\/20\/tendencia-de-maquillaje-otono-invierno-2017-con-laura\/\" target=\"_self\"><img decoding=\"async\" itemprop=\"image\" src=\"https:\/\/blog.cofan.es\/esteticabelenalberca\/wp-content\/uploads\/sites\/120\/2016\/10\/DSC_2502.jpg\" alt=\"\" \/><\/a><\/div><div class=\"q_masonry_blog_post_text\"><h5 itemprop=\"name\" class=\"q_masonry_blog_title entry_title\"><a itemprop=\"url\" href=\"https:\/\/blog.cofan.es\/esteticabelenalberca\/2016\/10\/20\/tendencia-de-maquillaje-otono-invierno-2017-con-laura\/\">TENDENCIA DE MAQUILLAJE OTO\u00d1O INVIERNO 2017 CON LAURA<\/a><\/h5><p itemprop=\"description\" class=\"q_masonry_blog_excerpt\">[vc_row css_animation=&#8221;&#8221; row_type=&#8221;row&#8221; use_row_as_full_screen_section=&#8221;no&#8221; type=&#8221;full_width&#8221; angled_section=&#8221;no&#8221; text_align=&#8221;left&#8221; background_image_as_pattern=&#8221;without_pattern&#8221;][vc_column][vc_gallery type=&#8221;image_grid&#8221; images=&#8221;3726,3727,3728,3729,3730&#8243; img_size=&#8221;120&#215;120&#8243; column_number=&#8221;5&#8243; grayscale=&#8221;no&#8221; images_space=&#8221;gallery_without_space&#8221;][\/vc_column][\/vc_row]...<\/p><div class=\"q_masonry_blog_post_info\"><span itemprop=\"dateCreated\" class=\"time entry_date updated\">20 octubre, 2016<meta itemprop=\"interactionCount\" content=\"UserComments:0\"\/><\/span> \/ <a itemprop=\"url\" class=\"post_comments\" href=\"https:\/\/blog.cofan.es\/esteticabelenalberca\/2016\/10\/20\/tendencia-de-maquillaje-otono-invierno-2017-con-laura\/#respond\">No comment<\/a><\/div><\/div><\/article><article class=\"post-3608 post type-post status-publish format-standard has-post-thumbnail hentry category-sin-categoria\"><div class=\"q_masonry_blog_post_image\"><a itemprop=\"url\" href=\"https:\/\/blog.cofan.es\/esteticabelenalberca\/2016\/10\/05\/maquillaje-de-fotos-para-bodas-y-eventos\/\" target=\"_self\"><img decoding=\"async\" itemprop=\"image\" src=\"https:\/\/blog.cofan.es\/esteticabelenalberca\/wp-content\/uploads\/sites\/120\/2014\/12\/maq2.jpg\" alt=\"\" \/><\/a><\/div><div class=\"q_masonry_blog_post_text\"><h5 itemprop=\"name\" class=\"q_masonry_blog_title entry_title\"><a itemprop=\"url\" href=\"https:\/\/blog.cofan.es\/esteticabelenalberca\/2016\/10\/05\/maquillaje-de-fotos-para-bodas-y-eventos\/\">MAQUILLAJE DE FOTOS PARA BODAS Y EVENTOS.<\/a><\/h5><p itemprop=\"description\" class=\"q_masonry_blog_excerpt\">[vc_row css_animation=&#8221;&#8221; row_type=&#8221;row&#8221; use_row_as_full_screen_section=&#8221;no&#8221; type=&#8221;full_width&#8221; angled_section=&#8221;no&#8221; text_align=&#8221;left&#8221; background_image_as_pattern=&#8221;without_pattern&#8221;][vc_column][vc_gallery type=&#8221;image_grid&#8221; images=&#8221;3483,3485,3489,3490&#8243; img_size=&#8221;120&#215;120&#8243; column_number=&#8221;5&#8243; grayscale=&#8221;no&#8221; images_space=&#8221;gallery_without_space&#8221;][\/vc_column][\/vc_row]...<\/p><div class=\"q_masonry_blog_post_info\"><span itemprop=\"dateCreated\" class=\"time entry_date updated\">05 octubre, 2016<meta itemprop=\"interactionCount\" content=\"UserComments:2\"\/><\/span> \/ <a itemprop=\"url\" class=\"post_comments\" href=\"https:\/\/blog.cofan.es\/esteticabelenalberca\/2016\/10\/05\/maquillaje-de-fotos-para-bodas-y-eventos\/#comments\">2 Comments<\/a><\/div><\/div><\/article><article class=\"post-3467 post type-post status-publish format-standard has-post-thumbnail hentry category-noticias\"><div class=\"q_masonry_blog_post_image\"><a itemprop=\"url\" href=\"https:\/\/blog.cofan.es\/esteticabelenalberca\/2016\/04\/12\/beauty-lovers-day-2\/\" target=\"_self\"><img decoding=\"async\" itemprop=\"image\" src=\"https:\/\/blog.cofan.es\/esteticabelenalberca\/wp-content\/uploads\/sites\/120\/2016\/04\/beauty-lovers-day-invitation.jpg\" alt=\"\" \/><\/a><\/div><div class=\"q_masonry_blog_post_text\"><h5 itemprop=\"name\" class=\"q_masonry_blog_title entry_title\"><a itemprop=\"url\" href=\"https:\/\/blog.cofan.es\/esteticabelenalberca\/2016\/04\/12\/beauty-lovers-day-2\/\">BEAUTY LOVERS DAY<\/a><\/h5><p itemprop=\"description\" class=\"q_masonry_blog_excerpt\">[vc_row css_animation=&#8221;&#8221; row_type=&#8221;row&#8221; use_row_as_full_screen_section=&#8221;no&#8221; type=&#8221;full_width&#8221; angled_section=&#8221;no&#8221; text_align=&#8221;left&#8221; background_image_as_pattern=&#8221;without_pattern&#8221;][vc_column][vc_gallery type=&#8221;image_grid&#8221; images=&#8221;3464,3469,3471,3472&#8243; img_size=&#8221;150&#215;150&#8243; column_number=&#8221;4&#8243; grayscale=&#8221;no&#8221; images_space=&#8221;gallery_without_space&#8221;][\/vc_column][\/vc_row]...<\/p><div class=\"q_masonry_blog_post_info\"><span itemprop=\"dateCreated\" class=\"time entry_date updated\">12 abril, 2016<meta itemprop=\"interactionCount\" content=\"UserComments:0\"\/><\/span> \/ <a itemprop=\"url\" class=\"post_comments\" href=\"https:\/\/blog.cofan.es\/esteticabelenalberca\/2016\/04\/12\/beauty-lovers-day-2\/#respond\">No comment<\/a><\/div><\/div><\/article><article class=\"post-3450 post type-post status-publish format-standard has-post-thumbnail hentry category-noticias\"><div class=\"q_masonry_blog_post_image\"><a itemprop=\"url\" href=\"https:\/\/blog.cofan.es\/esteticabelenalberca\/2016\/01\/29\/nuevas-instalaciones-2\/\" target=\"_self\"><img decoding=\"async\" itemprop=\"image\" src=\"https:\/\/blog.cofan.es\/esteticabelenalberca\/wp-content\/uploads\/sites\/120\/2016\/01\/ESTETICA-8.jpg\" alt=\"\" \/><\/a><\/div><div class=\"q_masonry_blog_post_text\"><h5 itemprop=\"name\" class=\"q_masonry_blog_title entry_title\"><a itemprop=\"url\" href=\"https:\/\/blog.cofan.es\/esteticabelenalberca\/2016\/01\/29\/nuevas-instalaciones-2\/\">NUEVAS INSTALACIONES<\/a><\/h5><p itemprop=\"description\" class=\"q_masonry_blog_excerpt\">[vc_row css_animation=&#8221;&#8221; row_type=&#8221;row&#8221; use_row_as_full_screen_section=&#8221;no&#8221; type=&#8221;full_width&#8221; angled_section=&#8221;no&#8221; text_align=&#8221;left&#8221; background_image_as_pattern=&#8221;without_pattern&#8221;][vc_column][vc_gallery type=&#8221;image_grid&#8221; images=&#8221;3445,3446,3493,3505&#8243; img_size=&#8221;150&#215;150&#8243; column_number=&#8221;4&#8243; grayscale=&#8221;no&#8221; images_space=&#8221;gallery_without_space&#8221;][\/vc_column][\/vc_row]...<\/p><div class=\"q_masonry_blog_post_info\"><span itemprop=\"dateCreated\" class=\"time entry_date updated\">29 enero, 2016<meta itemprop=\"interactionCount\" content=\"UserComments:0\"\/><\/span> \/ <a itemprop=\"url\" class=\"post_comments\" href=\"https:\/\/blog.cofan.es\/esteticabelenalberca\/2016\/01\/29\/nuevas-instalaciones-2\/#respond\">No comment<\/a><\/div><\/div><\/article><article class=\"post-3431 post type-post status-publish format-standard has-post-thumbnail hentry category-sin-categoria\"><div class=\"q_masonry_blog_post_image\"><a itemprop=\"url\" href=\"https:\/\/blog.cofan.es\/esteticabelenalberca\/2016\/01\/29\/nuevas-instalaciones\/\" target=\"_self\"><img decoding=\"async\" itemprop=\"image\" src=\"https:\/\/blog.cofan.es\/esteticabelenalberca\/wp-content\/uploads\/sites\/120\/2016\/01\/ESTETICA-3.jpg\" alt=\"\" \/><\/a><\/div><div class=\"q_masonry_blog_post_text\"><h5 itemprop=\"name\" class=\"q_masonry_blog_title entry_title\"><a itemprop=\"url\" href=\"https:\/\/blog.cofan.es\/esteticabelenalberca\/2016\/01\/29\/nuevas-instalaciones\/\">NUEVO CENTRO DE ESTETICA EN CALLE REINA CRISTINA 27<\/a><\/h5><p itemprop=\"description\" class=\"q_masonry_blog_excerpt\">...<\/p><div class=\"q_masonry_blog_post_info\"><span itemprop=\"dateCreated\" class=\"time entry_date updated\">29 enero, 2016<meta itemprop=\"interactionCount\" content=\"UserComments:0\"\/><\/span> \/ <a itemprop=\"url\" class=\"post_comments\" href=\"https:\/\/blog.cofan.es\/esteticabelenalberca\/2016\/01\/29\/nuevas-instalaciones\/#respond\">No comment<\/a><\/div><\/div><\/article><article class=\"post-2893 post type-post status-publish format-standard has-post-thumbnail hentry category-noticias\"><div class=\"q_masonry_blog_post_image\"><a itemprop=\"url\" href=\"https:\/\/blog.cofan.es\/esteticabelenalberca\/2015\/04\/22\/campana-novias-2015-3\/\" target=\"_self\"><img decoding=\"async\" itemprop=\"image\" src=\"https:\/\/blog.cofan.es\/esteticabelenalberca\/wp-content\/uploads\/sites\/120\/2015\/11\/DSC_0085-copia.jpg\" alt=\"\" \/><\/a><\/div><div class=\"q_masonry_blog_post_text\"><h5 itemprop=\"name\" class=\"q_masonry_blog_title entry_title\"><a itemprop=\"url\" href=\"https:\/\/blog.cofan.es\/esteticabelenalberca\/2015\/04\/22\/campana-novias-2015-3\/\">CAMPA\u00d1A NOVIAS 2015<\/a><\/h5><p itemprop=\"description\" class=\"q_masonry_blog_excerpt\">...<\/p><div class=\"q_masonry_blog_post_info\"><span itemprop=\"dateCreated\" class=\"time entry_date updated\">22 abril, 2015<meta itemprop=\"interactionCount\" content=\"UserComments:2\"\/><\/span> \/ <a itemprop=\"url\" class=\"post_comments\" href=\"https:\/\/blog.cofan.es\/esteticabelenalberca\/2015\/04\/22\/campana-novias-2015-3\/#comments\">2 Comments<\/a><\/div><\/div><\/article><article class=\"post-2888 post type-post status-publish format-standard has-post-thumbnail hentry category-noticias\"><div class=\"q_masonry_blog_post_image\"><a itemprop=\"url\" href=\"https:\/\/blog.cofan.es\/esteticabelenalberca\/2015\/04\/22\/campana-novias-2015-2\/\" target=\"_self\"><img decoding=\"async\" itemprop=\"image\" src=\"https:\/\/blog.cofan.es\/esteticabelenalberca\/wp-content\/uploads\/sites\/120\/2015\/04\/DSC_0285-copia-763x3621.jpg\" alt=\"\" \/><\/a><\/div><div class=\"q_masonry_blog_post_text\"><h5 itemprop=\"name\" class=\"q_masonry_blog_title entry_title\"><a itemprop=\"url\" href=\"https:\/\/blog.cofan.es\/esteticabelenalberca\/2015\/04\/22\/campana-novias-2015-2\/\">CAMPA\u00d1A NOVIAS 2015<\/a><\/h5><p itemprop=\"description\" class=\"q_masonry_blog_excerpt\">...<\/p><div class=\"q_masonry_blog_post_info\"><span itemprop=\"dateCreated\" class=\"time entry_date updated\">22 abril, 2015<meta itemprop=\"interactionCount\" content=\"UserComments:0\"\/><\/span> \/ <a itemprop=\"url\" class=\"post_comments\" href=\"https:\/\/blog.cofan.es\/esteticabelenalberca\/2015\/04\/22\/campana-novias-2015-2\/#respond\">No comment<\/a><\/div><\/div><\/article><article class=\"post-2885 post type-post status-publish format-standard has-post-thumbnail hentry category-noticias\"><div class=\"q_masonry_blog_post_image\"><a itemprop=\"url\" href=\"https:\/\/blog.cofan.es\/esteticabelenalberca\/2015\/04\/22\/campana-novias-2015\/\" target=\"_self\"><img decoding=\"async\" itemprop=\"image\" src=\"https:\/\/blog.cofan.es\/esteticabelenalberca\/wp-content\/uploads\/sites\/120\/2015\/04\/DSC_0081-copia.jpg\" alt=\"\" \/><\/a><\/div><div class=\"q_masonry_blog_post_text\"><h5 itemprop=\"name\" class=\"q_masonry_blog_title entry_title\"><a itemprop=\"url\" href=\"https:\/\/blog.cofan.es\/esteticabelenalberca\/2015\/04\/22\/campana-novias-2015\/\">CAMPA\u00d1A NOVIAS 2015<\/a><\/h5><p itemprop=\"description\" class=\"q_masonry_blog_excerpt\">...<\/p><div class=\"q_masonry_blog_post_info\"><span itemprop=\"dateCreated\" class=\"time entry_date updated\">22 abril, 2015<meta itemprop=\"interactionCount\" content=\"UserComments:1\"\/><\/span> \/ <a itemprop=\"url\" class=\"post_comments\" href=\"https:\/\/blog.cofan.es\/esteticabelenalberca\/2015\/04\/22\/campana-novias-2015\/#comments\">1 Comment<\/a><\/div><\/div><\/article><article class=\"post-2871 post type-post status-publish format-standard has-post-thumbnail hentry category-bonos\"><div class=\"q_masonry_blog_post_image\"><a itemprop=\"url\" href=\"https:\/\/blog.cofan.es\/esteticabelenalberca\/2015\/03\/31\/bono-cavitacion-presoterapia\/\" target=\"_self\"><img decoding=\"async\" itemprop=\"image\" src=\"https:\/\/blog.cofan.es\/esteticabelenalberca\/wp-content\/uploads\/sites\/120\/2015\/04\/bono-cavitacion-presoterapia.jpg\" alt=\"\" \/><\/a><\/div><div class=\"q_masonry_blog_post_text\"><h5 itemprop=\"name\" class=\"q_masonry_blog_title entry_title\"><a itemprop=\"url\" href=\"https:\/\/blog.cofan.es\/esteticabelenalberca\/2015\/03\/31\/bono-cavitacion-presoterapia\/\">Bono Cavitaci\u00f3n + Presoterapia<\/a><\/h5><p itemprop=\"description\" class=\"q_masonry_blog_excerpt\">Descargar Bono...<\/p><div class=\"q_masonry_blog_post_info\"><span itemprop=\"dateCreated\" class=\"time entry_date updated\">31 marzo, 2015<meta itemprop=\"interactionCount\" content=\"UserComments:0\"\/><\/span> \/ <a itemprop=\"url\" class=\"post_comments\" href=\"https:\/\/blog.cofan.es\/esteticabelenalberca\/2015\/03\/31\/bono-cavitacion-presoterapia\/#respond\">No comment<\/a><\/div><\/div><\/article><article class=\"post-2868 post type-post status-publish format-standard has-post-thumbnail hentry category-cupones\"><div class=\"q_masonry_blog_post_image\"><a itemprop=\"url\" href=\"https:\/\/blog.cofan.es\/esteticabelenalberca\/2015\/03\/31\/cupon-50-de-descuento-sesion-luz-pulsada\/\" target=\"_self\"><img decoding=\"async\" itemprop=\"image\" src=\"https:\/\/blog.cofan.es\/esteticabelenalberca\/wp-content\/uploads\/sites\/120\/2015\/04\/cupon-descuento-luz-pulsada.jpg\" alt=\"\" \/><\/a><\/div><div class=\"q_masonry_blog_post_text\"><h5 itemprop=\"name\" class=\"q_masonry_blog_title entry_title\"><a itemprop=\"url\" href=\"https:\/\/blog.cofan.es\/esteticabelenalberca\/2015\/03\/31\/cupon-50-de-descuento-sesion-luz-pulsada\/\">Cup\u00f3n 50% de descuento sesi\u00f3n luz pulsada<\/a><\/h5><p itemprop=\"description\" class=\"q_masonry_blog_excerpt\">Descargar Cup\u00f3n...<\/p><div class=\"q_masonry_blog_post_info\"><span itemprop=\"dateCreated\" class=\"time entry_date updated\">31 marzo, 2015<meta itemprop=\"interactionCount\" content=\"UserComments:0\"\/><\/span> \/ <a itemprop=\"url\" class=\"post_comments\" href=\"https:\/\/blog.cofan.es\/esteticabelenalberca\/2015\/03\/31\/cupon-50-de-descuento-sesion-luz-pulsada\/#respond\">No comment<\/a><\/div><\/div><\/article><article class=\"post-2859 post type-post status-publish format-standard has-post-thumbnail hentry category-cupones\"><div class=\"q_masonry_blog_post_image\"><a itemprop=\"url\" href=\"https:\/\/blog.cofan.es\/esteticabelenalberca\/2015\/03\/31\/cupon-10-descuento\/\" target=\"_self\"><img decoding=\"async\" itemprop=\"image\" src=\"https:\/\/blog.cofan.es\/esteticabelenalberca\/wp-content\/uploads\/sites\/120\/2015\/04\/cupon-descuento-10-2.jpg\" alt=\"\" \/><\/a><\/div><div class=\"q_masonry_blog_post_text\"><h5 itemprop=\"name\" class=\"q_masonry_blog_title entry_title\"><a itemprop=\"url\" href=\"https:\/\/blog.cofan.es\/esteticabelenalberca\/2015\/03\/31\/cupon-10-descuento\/\">Cup\u00f3n 10% descuento<\/a><\/h5><p itemprop=\"description\" class=\"q_masonry_blog_excerpt\">Descargar Cup\u00f3n...<\/p><div class=\"q_masonry_blog_post_info\"><span itemprop=\"dateCreated\" class=\"time entry_date updated\">31 marzo, 2015<meta itemprop=\"interactionCount\" content=\"UserComments:0\"\/><\/span> \/ <a itemprop=\"url\" class=\"post_comments\" href=\"https:\/\/blog.cofan.es\/esteticabelenalberca\/2015\/03\/31\/cupon-10-descuento\/#respond\">No comment<\/a><\/div><\/div><\/article><article class=\"post-2842 post type-post status-publish format-standard has-post-thumbnail hentry category-noticias tag-belleza tag-estrellas-hollywood tag-hollywood tag-ritual\"><div class=\"q_masonry_blog_post_image\"><a itemprop=\"url\" href=\"https:\/\/blog.cofan.es\/esteticabelenalberca\/2015\/03\/04\/ritual-belleza-estrellas-hollywood\/\" target=\"_self\"><img decoding=\"async\" itemprop=\"image\" src=\"https:\/\/blog.cofan.es\/esteticabelenalberca\/wp-content\/uploads\/sites\/120\/2015\/04\/ritual-belleza.jpg\" alt=\"\" \/><\/a><\/div><div class=\"q_masonry_blog_post_text\"><h5 itemprop=\"name\" class=\"q_masonry_blog_title entry_title\"><a itemprop=\"url\" href=\"https:\/\/blog.cofan.es\/esteticabelenalberca\/2015\/03\/04\/ritual-belleza-estrellas-hollywood\/\">El ritual de belleza de las estrellas de Hollywood cuesta 120 euros<\/a><\/h5><p itemprop=\"description\" class=\"q_masonry_blog_excerpt\">Una nominaci\u00f3n al Oscar no es solo un reconocimiento al trabajo bien hecho en el s\u00e9ptimo arte, tambi\u00e9n lleva impl\u00edcita la invitaci\u00f3n al evento m\u00e1s medi\u00e1tico del a\u00f1o. Y eso, supone a su vez para las actrices la necesidad de estar perfectas en la fecha......<\/p><div class=\"q_masonry_blog_post_info\"><span itemprop=\"dateCreated\" class=\"time entry_date updated\">04 marzo, 2015<meta itemprop=\"interactionCount\" content=\"UserComments:0\"\/><\/span> \/ <a itemprop=\"url\" class=\"post_comments\" href=\"https:\/\/blog.cofan.es\/esteticabelenalberca\/2015\/03\/04\/ritual-belleza-estrellas-hollywood\/#respond\">No comment<\/a><\/div><\/div><\/article><article class=\"post-2575 post type-post status-publish format-standard has-post-thumbnail hentry category-noticias tag-alquimia tag-belen-alberca tag-campo-de-criptana tag-estetica tag-natura-bisse tag-nueva-web\"><div class=\"q_masonry_blog_post_image\"><a itemprop=\"url\" href=\"https:\/\/blog.cofan.es\/esteticabelenalberca\/2014\/12\/26\/nueva-pagina-web\/\" target=\"_self\"><img decoding=\"async\" itemprop=\"image\" src=\"https:\/\/blog.cofan.es\/esteticabelenalberca\/wp-content\/uploads\/sites\/120\/2014\/12\/Propuesta1.jpg\" alt=\"\" \/><\/a><\/div><div class=\"q_masonry_blog_post_text\"><h5 itemprop=\"name\" class=\"q_masonry_blog_title entry_title\"><a itemprop=\"url\" href=\"https:\/\/blog.cofan.es\/esteticabelenalberca\/2014\/12\/26\/nueva-pagina-web\/\">\u00a1Nueva P\u00e1gina Web!<\/a><\/h5><p itemprop=\"description\" class=\"q_masonry_blog_excerpt\">Bienvenidos a Centro de Est\u00e9tica Bel\u00e9n Alberca. Despu\u00e9s de mucho tiempo trabajando, lanzamos nuestra nueva p\u00e1gina web. Desde aqu\u00ed podr\u00e9is seguir todas nuestras novedades, productos y tratamientos en promoci\u00f3n. Para quien no nos conozca, estamos situados en Campo de Criptana, Ciudad Real. Desde el primer......<\/p><div class=\"q_masonry_blog_post_info\"><span itemprop=\"dateCreated\" class=\"time entry_date updated\">26 diciembre, 2014<meta itemprop=\"interactionCount\" content=\"UserComments:0\"\/><\/span> \/ <a itemprop=\"url\" class=\"post_comments\" href=\"https:\/\/blog.cofan.es\/esteticabelenalberca\/2014\/12\/26\/nueva-pagina-web\/#respond\">No comment<\/a><\/div><\/div><\/article><\/div>[\/vc_column][\/vc_row]<\/p>\n<\/div>","protected":false},"excerpt":{"rendered":"<p>[vc_row css_animation=&#8221;&#8221; row_type=&#8221;row&#8221; use_row_as_full_screen_section=&#8221;no&#8221; type=&#8221;full_width&#8221; angled_section=&#8221;no&#8221; text_align=&#8221;left&#8221; background_image_as_pattern=&#8221;without_pattern&#8221;][vc_column][\/vc_column][\/vc_row]<\/p>\n","protected":false},"author":11,"featured_media":0,"parent":0,"menu_order":2,"comment_status":"open","ping_status":"open","template":"","meta":{"footnotes":""},"class_list":["post-103","page","type-page","status-publish","hentry"],"_links":{"self":[{"href":"https:\/\/blog.cofan.es\/esteticabelenalberca\/wp-json\/wp\/v2\/pages\/103","targetHints":{"allow":["GET"]}}],"collection":[{"href":"https:\/\/blog.cofan.es\/esteticabelenalberca\/wp-json\/wp\/v2\/pages"}],"about":[{"href":"https:\/\/blog.cofan.es\/esteticabelenalberca\/wp-json\/wp\/v2\/types\/page"}],"author":[{"embeddable":true,"href":"https:\/\/blog.cofan.es\/esteticabelenalberca\/wp-json\/wp\/v2\/users\/11"}],"replies":[{"embeddable":true,"href":"https:\/\/blog.cofan.es\/esteticabelenalberca\/wp-json\/wp\/v2\/comments?post=103"}],"version-history":[{"count":3,"href":"https:\/\/blog.cofan.es\/esteticabelenalberca\/wp-json\/wp\/v2\/pages\/103\/revisions"}],"predecessor-version":[{"id":3606,"href":"https:\/\/blog.cofan.es\/esteticabelenalberca\/wp-json\/wp\/v2\/pages\/103\/revisions\/3606"}],"wp:attachment":[{"href":"https:\/\/blog.cofan.es\/esteticabelenalberca\/wp-json\/wp\/v2\/media?parent=103"}],"curies":[{"name":"wp","href":"https:\/\/api.w.org\/{rel}","templated":true}]}}